{"id":15457,"date":"2025-10-28T21:28:48","date_gmt":"2025-10-28T18:28:48","guid":{"rendered":"https:\/\/excursionsworld.com\/?post_type=product&#038;p=15457"},"modified":"2026-04-24T00:21:00","modified_gmt":"2026-04-23T21:21:00","slug":"suluada-ile-bateau-antalya","status":"publish","type":"product","link":"https:\/\/excursionsworld.com\/tours\/suluada-island-boat-antalya\/","title":{"rendered":"Excursion en Bateau Suluada depuis Antalya \u2013 Maldives Turques"},"content":{"rendered":"<h2 dir=\"ltr\" data-pm-slice=\"1 1 []\"><strong>\ud83c\udfdd\ufe0f Vue d'ensemble<\/strong><\/h2>\n<p dir=\"ltr\">Embarquez pour un voyage maritime inoubliable vers l'\u00eele de Suluada \u00e0 partir de <a href=\"https:\/\/en.wikipedia.org\/wiki\/Antalya\" target=\"_blank\" rel=\"noopener\">Antalya<\/a>, connu comme les \u201c Maldives turques \u201d, avec ses plages de sable blanc et ses eaux cristallines. Cette excursion offre des moments uniques au c\u0153ur de la nature m\u00e9diterran\u00e9enne avec trois arr\u00eats baignade, un d\u00e9jeuner barbecue et des vues fantastiques. Parfait pour les amoureux de la nature et les familles !<\/p>\n<h3 dir=\"ltr\"><strong>Inclus :<\/strong><\/h3>\n<p dir=\"ltr\"><span style=\"color: #00ff00;\"><strong>\u2713<\/strong><\/span> Prise en charge et retour \u00e0 l'h\u00f4tel<br \/>\n<span style=\"color: #00ff00;\"><strong>\u2713 <\/strong><\/span>Assurance<br \/>\n<span style=\"color: #00ff00;\"><strong>\u2713 <\/strong><\/span>Guide<br \/>\n<span style=\"color: #00ff00;\"><strong>\u2713 <\/strong><\/span>D\u00e9jeuner et fruits frais<br \/>\n<span style=\"color: #00ff00;\"><strong>\u2713 <\/strong><\/span>Th\u00e9<\/p>\n<h3 dir=\"ltr\"><strong>Non inclus :<\/strong><\/h3>\n<p dir=\"ltr\"><span style=\"color: #ff0000;\"><strong>\u2717<\/strong><\/span> Boissons<br \/>\n<span style=\"color: #ff0000;\"><strong>\u2717 <\/strong><\/span>D\u00e9penses personnelles<br \/>\n<span style=\"color: #ff0000;\"><strong>\u2717 <\/strong><\/span>Photos et vid\u00e9os<\/p>\n<h2 dir=\"ltr\">\ud83c\udf1f <strong>Points forts de la visite<\/strong><\/h2>\n<p dir=\"ltr\">\ud83d\udd39 Explorer les plages cach\u00e9es de Suluada aux eaux cristallines<br \/>\n\ud83d\udd39 Nager dans la baie des Maldives au sable blanc et doux<br \/>\n\ud83d\udd39 Des photos \u00e9poustouflantes \u00e0 la grotte de l'amour<br \/>\n\ud83d\udd39 D\u00e9jeuner barbecue \u00e0 bord avec meze turc<br \/>\n\ud83d\udd39 Id\u00e9al pour les familles et les personnes \u00e0 la recherche d'une escapade relaxante<br \/>\n\ud83d\udd39 Vues inspirantes sur les monts Taurus et le littoral<br \/>\n\ud83d\udd39 Possibilit\u00e9 de choisir un circuit pour petits ou grands groupes<\/p>\n<h2 dir=\"ltr\">\ud83d\udcd6 <strong>Description compl\u00e8te<\/strong><\/h2>\n<div>L'excursion commence par un transfert depuis votre h\u00f4tel dans la r\u00e9gion d'Antalya jusqu'au port d'Adrasan, o\u00f9 vous embarquerez \u00e0 bord d'un catamaran pour un voyage unique le long de la c\u00f4te turque. Pendant la croisi\u00e8re, vous profiterez de vues pittoresques sur les montagnes et les rivages vierges, avec trois arr\u00eats pour la baignade : <strong>Baie des Maldives<\/strong>: Parfait pour nager et faire de la plong\u00e9e avec masque et tuba dans des eaux turquoises et du sable blanc.<br \/>\n<strong>Plages cach\u00e9es de Suluada<\/strong>: Plages isol\u00e9es pour la d\u00e9tente et les bains de soleil. <strong>La grotte de l'amour<\/strong>: Une grotte naturelle pittoresque, id\u00e9ale pour la baignade et la photographie. A bord, d\u00e9jeuner de poisson, de poulet et de mezz\u00e9s turcs traditionnels. Apr\u00e8s le d\u00e9jeuner, un th\u00e9 sera servi avant le retour au port d'Adrasan.<\/div>\n<h3 dir=\"ltr\">\ud83d\uddfa\ufe0f <strong>Itin\u00e9raire de la visite<\/strong><\/h3>\n<p dir=\"ltr\">\ud83d\udd39 Prise en charge dans les h\u00f4tels de la r\u00e9gion d'Antalya<br \/>\n\ud83d\udd39 D\u00e9part du port d'Adrasan<br \/>\n\ud83d\udd39 Arr\u00eat baignade dans la baie des Maldives<br \/>\n\ud83d\udd39 Baignade sur les plages cach\u00e9es de Suluada<br \/>\n\ud83d\udd39 Arr\u00eat \u00e0 la grotte de l'amour pour les photos<br \/>\nD\u00e9jeuner \u00e0 bord<br \/>\n\ud83d\udd39 Th\u00e9 et d\u00e9tente<br \/>\n\ud83d\udd39 Retour au port d'Adrasan<br \/>\nTransfert de retour \u00e0 l'h\u00f4tel<\/p>\n<h3 dir=\"ltr\">\u2139\ufe0f <strong>Informations utiles<\/strong><\/h3>\n<p dir=\"ltr\">Dur\u00e9e de la visite : environ 8 heures<br \/>\n\ud83d\udd39 L'itin\u00e9raire peut \u00eatre modifi\u00e9 en raison des conditions m\u00e9t\u00e9orologiques ou maritimes.<br \/>\n\ud83d\udd39 Activit\u00e9 physique mod\u00e9r\u00e9e (natation\/marche)<br \/>\n\ud83d\udd39 Les enfants de moins de 6 ans voyageant gratuitement n'ont pas de si\u00e8ge s\u00e9par\u00e9 dans le bus. Si le bus est plein, ils s'assoient sur les genoux d'un adulte, ou un si\u00e8ge s\u00e9par\u00e9 peut \u00eatre r\u00e9serv\u00e9<\/p>\n<h2 dir=\"ltr\">\ud83c\udf92 <strong>Ce qu'il faut apporter<\/strong><\/h2>\n<p dir=\"ltr\">\ud83d\udd39 Chapeau et lunettes de soleil<br \/>\nMaillot de bain et serviette de bain<br \/>\n\ud83d\udd39 Cr\u00e8me solaire<br \/>\n\ud83d\udd39 Appareil photo ou t\u00e9l\u00e9phone \u00e9tanche<br \/>\n\ud83d\udd39 Un peu d'argent liquide pour les d\u00e9penses personnelles<\/p>\n<h3 dir=\"ltr\">\ud83d\udeab <strong>Ne convient pas<\/strong><\/h3>\n<p dir=\"ltr\">\ud83d\udd39 Personnes \u00e0 mobilit\u00e9 r\u00e9duite<br \/>\n\ud83d\udd39 Voyageurs souffrant de troubles m\u00e9dicaux graves<\/p>\n<h2 dir=\"ltr\">\ud83d\udcb8 <strong>Prix et r\u00e9servation<\/strong><\/h2>\n<p dir=\"ltr\"><strong>\ud83d\udd39 R\u00e9server maintenant, payer le jour de la visite<\/strong><br \/>\n\ud83d\udd39 Contactez-nous via WhatsApp, Telegram, Viber, ou remplissez le formulaire de r\u00e9servation ci-dessous. \ud83d\udc47\ud83c\udffc<\/p>\n<p>\u00c0 la recherche d'alternatives ? Parcourir <a href=\"https:\/\/excursionsworld.com\/fr\/excursions-a-antalya\/\">plus de visites \u00e0 Antalya<\/a>.<\/p>","protected":false},"excerpt":{"rendered":"<p>D\u00e9couvrez les <b>Turc Maldives<\/b>! Ultime <b>Excursion en bateau \u00e0 Suluada<\/b> de <b>Antalya<\/b> offre des eaux cristallines, de la natation et un d\u00e9jeuner BBQ inclus. <b>Excursion d'une journ\u00e9e\/transfert<\/b> inclus.<\/p>","protected":false},"featured_media":12423,"comment_status":"open","ping_status":"closed","template":"","meta":[],"product_brand":[],"product_cat":[125],"product_tag":[107],"class_list":{"0":"post-15457","1":"product","2":"type-product","3":"status-publish","4":"has-post-thumbnail","6":"tour_phys-antalya-tours","7":"tour_phys-boat-tours","8":"product_cat-antalya-tours","9":"product_tag-antalya","10":"pa_destination-antalya-tours","11":"pa_kategori-boat-tours","13":"first","14":"instock","15":"sale","16":"shipping-taxable","17":"purchasable","18":"product-type-tour_phys"},"aioseo_notices":[],"_links":{"self":[{"href":"https:\/\/excursionsworld.com\/fr\/wp-json\/wp\/v2\/product\/15457","targetHints":{"allow":["GET"]}}],"collection":[{"href":"https:\/\/excursionsworld.com\/fr\/wp-json\/wp\/v2\/product"}],"about":[{"href":"https:\/\/excursionsworld.com\/fr\/wp-json\/wp\/v2\/types\/product"}],"replies":[{"embeddable":true,"href":"https:\/\/excursionsworld.com\/fr\/wp-json\/wp\/v2\/comments?post=15457"}],"wp:featuredmedia":[{"embeddable":true,"href":"https:\/\/excursionsworld.com\/fr\/wp-json\/wp\/v2\/media\/12423"}],"wp:attachment":[{"href":"https:\/\/excursionsworld.com\/fr\/wp-json\/wp\/v2\/media?parent=15457"}],"wp:term":[{"taxonomy":"product_brand","embeddable":true,"href":"https:\/\/excursionsworld.com\/fr\/wp-json\/wp\/v2\/product_brand?post=15457"},{"taxonomy":"product_cat","embeddable":true,"href":"https:\/\/excursionsworld.com\/fr\/wp-json\/wp\/v2\/product_cat?post=15457"},{"taxonomy":"product_tag","embeddable":true,"href":"https:\/\/excursionsworld.com\/fr\/wp-json\/wp\/v2\/product_tag?post=15457"}],"curies":[{"name":"wp","href":"https:\/\/api.w.org\/{rel}","templated":true}]}}