{"id":15472,"date":"2025-10-30T12:32:00","date_gmt":"2025-10-30T09:32:00","guid":{"rendered":"https:\/\/excursionsworld.com\/?post_type=product&#038;p=15472"},"modified":"2026-04-24T00:21:00","modified_gmt":"2026-04-23T21:21:00","slug":"tazi-canyon-rafting-jeep-zipline-side","status":"publish","type":"product","link":"https:\/\/excursionsworld.com\/tours\/tazi-canyon-rafting-jeep-zipline-side\/","title":{"rendered":"Canyon Taz\u0131: Rafting, Safari Jeep &amp; Tyrolienne \u00e0 Side \u2013 Aventure 4-en-1"},"content":{"rendered":"<h2><span style=\"color: #000000;\"><strong>\ud83c\udfde\ufe0f Vue d'ensemble<\/strong><\/span><\/h2>\n<p>Embarquez pour une aventure exaltante avec prise en charge et retour \u00e0 l'h\u00f4tel \u00e0 partir de <strong><a href=\"https:\/\/en.wikipedia.org\/wiki\/Side,_Turkey\" target=\"_blank\" rel=\"noopener\">Side<\/a> et les environs<\/strong>. Profitez d'un safari en jeep palpitant \u00e0 travers les montagnes du Taurus, visitez les superbes paysages de la r\u00e9gion. <strong>Canyon de Taz\u0131<\/strong>, et de faire du rafting (en option) <strong>Canyon de K\u00f6pr\u00fcl\u00fc<\/strong>. Parfait pour les amoureux de la nature et les amateurs de sensations fortes !<\/p>\n<h3 dir=\"ltr\"><span style=\"color: #000000;\"><strong>Inclus :<\/strong><\/span><\/h3>\n<div dir=\"ltr\"><span style=\"color: #00ff00;\"><strong>\u2713<\/strong><\/span> Prise en charge et retour \u00e0 l'h\u00f4tel<br \/>\n<span style=\"color: #00ff00;\"><strong>\u2713 <\/strong><\/span>Bus confortable et climatis\u00e9<br \/>\n<span style=\"color: #00ff00;\"><strong>\u2713 <\/strong><\/span>Safari en jeep<br \/>\n<span style=\"color: #00ff00;\"><strong>\u2713 <\/strong><\/span>Rafting sur des radeaux de 10 personnes<br \/>\n<span style=\"color: #00ff00;\"><strong>\u2713 <\/strong><\/span>Assurance<br \/>\n<span style=\"color: #00ff00;\"><strong>\u2713 <\/strong><\/span>Guide<br \/>\n<span style=\"color: #00ff00;\"><strong>\u2713 <\/strong><\/span>D\u00e9jeuner<\/div>\n<div dir=\"ltr\"><span style=\"color: #00ff00;\"><strong>\u2713 <\/strong><\/span>Zipline<\/div>\n<h3 dir=\"ltr\"><span style=\"color: #000000;\"><strong>Non inclus :<\/strong><\/span><\/h3>\n<p dir=\"ltr\"><span style=\"color: #ff0000;\"><strong>\u2717<\/strong><\/span> Kayaks pour 2 personnes (en suppl\u00e9ment)<br \/>\n<span style=\"color: #ff0000;\"><strong>\u2717 <\/strong><\/span>Photos et vid\u00e9os<br \/>\n<span style=\"color: #ff0000;\"><strong>\u2717 <\/strong><\/span>Boissons<\/p>\n<h2><span style=\"color: #000000;\"><strong>\ud83c\udf1f Points forts de la visite<\/strong><\/span><\/h2>\n<p>\ud83d\udd39 Safari en jeep dans les montagnes du Taurus<br \/>Vue imprenable sur le canyon de Taz\u0131 (\u201cEagle's Nest\u201d)<br \/>\ud83d\udd39 Rafting facultatif dans les rapides du canyon de K\u00f6pr\u00fcl\u00fc<br \/>\ud83d\udd39 Arr\u00eats photos panoramiques<br \/>\ud83d\udd39 D\u00e9licieux d\u00e9jeuner au bord de la rivi\u00e8re<br \/>\ud83d\udd39 Transferts pratiques \u00e0 partir de Side<\/p>\n<h2><span style=\"color: #000000;\"><strong>\ud83d\udcd6 Description compl\u00e8te<\/strong><\/span><\/h2>\n<p>Votre aventure inoubliable commence par un transfert depuis votre h\u00f4tel \u00e0 <strong>C\u00f4t\u00e9 ou r\u00e9gions avoisinantes<\/strong>. Profitez d'une <strong>safari en jeep<\/strong> \u00e0 travers les montagnes du Taurus avant d'arriver \u00e0 la base du canyon de K\u00f6pr\u00fcl\u00fc, au bord de la rivi\u00e8re. Ici, vous pouvez soit vous d\u00e9tendre au bord de l'eau, soit vous joindre \u00e0 l'exp\u00e9dition. <strong>aventure en rafting<\/strong> avec un \u00e9quipement complet et un briefing sur la s\u00e9curit\u00e9 - aucune exp\u00e9rience n'est requise. Ensuite, prenez un <strong>jeep d\u00e9capotable<\/strong> se rendre \u00e0 <strong>Canyon de Taz\u0131<\/strong>, Si vous optez pour le rafting, vous poursuivrez votre aventure dans les rapides du canyon de K\u00f6pr\u00fcl\u00fc, avec des pauses pour nager et prendre des photos. (Si vous optez pour le rafting, vous poursuivrez votre aventure dans les rapides du canyon de K\u00f6pr\u00fcl\u00fc, avec des pauses pour nager et prendre des photos. Ensuite, profitez d'un <strong>d\u00e9licieux d\u00e9jeuner au bord de la rivi\u00e8re<\/strong> avant de retourner \u00e0 l'h\u00f4tel.<\/p>\n<h3><span style=\"color: #000000;\"><strong>\ud83d\uddfa\ufe0f Itin\u00e9raire de la visite<\/strong><\/span><\/h3>\n<p>\ud83d\udd39 Prise en charge \u00e0 partir des h\u00f4tels de Side et des environs<br \/>\ud83d\udd39 Safari en jeep dans les montagnes du Taurus<br \/>\ud83d\udd39 Arr\u00eat au canyon de K\u00f6pr\u00fcl\u00fc (option rafting ou relaxation)<br \/>1F539\u21a9 Excursion en jeep dans le canyon de Taz\u0131<br \/>Temps libre au point de vue du canyon de Taz\u0131<br \/>\ud83d\udd39 Rafting principal dans le canyon de K\u00f6pr\u00fcl\u00fc (si choisi)<br \/>\ud83d\udd39 D\u00e9jeuner au bord de l'eau<br \/>Retour \u00e0 l'h\u00f4tel<\/p>\n<h3><span style=\"color: #000000;\"><strong>\u2139\ufe0f Informations utiles<\/strong><\/span><\/h3>\n<p>Dur\u00e9e : ~8-9 heures<br \/>\ud83d\udd39 Aucune comp\u00e9tence en natation n'est requise pour le rafting<br \/>\ud83d\udd39 Radeaux de 10 personnes inclus ; kayaks de 2 personnes moyennant un suppl\u00e9ment.<br \/>\ud83d\udd39 Des chaussures d'eau, des sangles pour lunettes et des \u00e9tuis imperm\u00e9ables peuvent \u00eatre achet\u00e9s \u00e0 la base.<br \/>\ud83d\udd39 Les enfants b\u00e9n\u00e9ficiant de billets gratuits n'ont pas de si\u00e8ge s\u00e9par\u00e9 dans le bus et doivent s'asseoir sur les genoux d'un adulte.<br \/>\ud83d\udd39 Activit\u00e9 physique mod\u00e9r\u00e9e \u00e0 \u00e9lev\u00e9e (rafting et marche)<br \/>\ud83d\udd39 Les enfants de moins de 6 ans voyageant gratuitement n'ont pas de si\u00e8ge s\u00e9par\u00e9 dans le bus. Si le bus est plein, ils s'assoient sur les genoux d'un adulte, ou un si\u00e8ge s\u00e9par\u00e9 peut \u00eatre r\u00e9serv\u00e9<\/p>\n<h2><span style=\"color: #000000;\"><strong>\ud83c\udf92 Ce qu'il faut apporter<\/strong><\/span><\/h2>\n<p>Maillot de bain et serviette de bain<br \/>\ud83d\udd39 Cr\u00e8me solaire et chaussures d'eau<br \/>\ud83d\udd39 V\u00eatements de rechange pour la post-transplantation<br \/>\ud83d\udd39 Argent liquide pour les d\u00e9penses personnelles<\/p>\n<h3><span style=\"color: #000000;\"><strong>\ud83d\udeab Ne convient pas pour<\/strong><\/span><\/h3>\n<p>\ud83d\udd39 Les personnes souffrant de troubles cardiaques<br \/>\ud83d\udd39 Voyageurs de plus de 70 ans<br \/>\ud83d\udd39 Femmes enceintes<br \/>\ud83d\udd39 Enfants de moins de 4 ans<br \/>\ud83d\udd39 Les utilisateurs de fauteuils roulants ou les personnes \u00e0 mobilit\u00e9 r\u00e9duite<\/p>\n<h2 dir=\"ltr\">\ud83d\udcb8\u00a0<strong>Prix et r\u00e9servation<\/strong><\/h2>\n<p dir=\"ltr\"><strong>\ud83d\udd39 R\u00e9server maintenant, payer le jour de la visite<\/strong><br \/>\n\ud83d\udd39 Contactez-nous via WhatsApp, Telegram, Viber, ou remplissez le formulaire de r\u00e9servation ci-dessous. \ud83d\udc47\ud83c\udffc<\/p>\n<p>\u00c0 la recherche d'alternatives ? Parcourir <a href=\"https:\/\/excursionsworld.com\/fr\/excursions-a-side\/\">plus d'excursions<\/a>.<\/p>","protected":false},"excerpt":{"rendered":"<p>D\u00e9couvrez l'aventure avec notre Side Rafting &amp; Taz\u0131 Canyon Tour ! D\u00e9couvrez le safari en jeep, le rafting et l'une des meilleures excursions en Turquie.<\/p>","protected":false},"featured_media":12667,"comment_status":"open","ping_status":"closed","template":"","meta":[],"product_brand":[],"product_cat":[127],"product_tag":[122],"class_list":{"0":"post-15472","1":"product","2":"type-product","3":"status-publish","4":"has-post-thumbnail","6":"tour_phys-side-tours","7":"product_cat-side-tours","8":"product_tag-side","9":"pa_destination-side-tours","11":"first","12":"instock","13":"sale","14":"shipping-taxable","15":"purchasable","16":"product-type-tour_phys"},"aioseo_notices":[],"_links":{"self":[{"href":"https:\/\/excursionsworld.com\/fr\/wp-json\/wp\/v2\/product\/15472","targetHints":{"allow":["GET"]}}],"collection":[{"href":"https:\/\/excursionsworld.com\/fr\/wp-json\/wp\/v2\/product"}],"about":[{"href":"https:\/\/excursionsworld.com\/fr\/wp-json\/wp\/v2\/types\/product"}],"replies":[{"embeddable":true,"href":"https:\/\/excursionsworld.com\/fr\/wp-json\/wp\/v2\/comments?post=15472"}],"wp:featuredmedia":[{"embeddable":true,"href":"https:\/\/excursionsworld.com\/fr\/wp-json\/wp\/v2\/media\/12667"}],"wp:attachment":[{"href":"https:\/\/excursionsworld.com\/fr\/wp-json\/wp\/v2\/media?parent=15472"}],"wp:term":[{"taxonomy":"product_brand","embeddable":true,"href":"https:\/\/excursionsworld.com\/fr\/wp-json\/wp\/v2\/product_brand?post=15472"},{"taxonomy":"product_cat","embeddable":true,"href":"https:\/\/excursionsworld.com\/fr\/wp-json\/wp\/v2\/product_cat?post=15472"},{"taxonomy":"product_tag","embeddable":true,"href":"https:\/\/excursionsworld.com\/fr\/wp-json\/wp\/v2\/product_tag?post=15472"}],"curies":[{"name":"wp","href":"https:\/\/api.w.org\/{rel}","templated":true}]}}