{"id":15473,"date":"2025-10-30T12:49:13","date_gmt":"2025-10-30T09:49:13","guid":{"rendered":"https:\/\/excursionsworld.com\/?post_type=product&#038;p=15473"},"modified":"2026-04-24T00:21:01","modified_gmt":"2026-04-23T21:21:01","slug":"rafting-koprulu-canyon-side","status":"publish","type":"product","link":"https:\/\/excursionsworld.com\/tours\/rafting-koprulu-canyon-side\/","title":{"rendered":"Rafting au Canyon de K\u00f6pr\u00fcl\u00fc depuis Side \u2013 Journ\u00e9e Compl\u00e8te"},"content":{"rendered":"<h2><span style=\"color: #000000;\"><strong>\ud83d\udea3\u200d\u2642\ufe0f Vue d'ensemble<\/strong><\/span><\/h2>\n<p>Exp\u00e9rience a <strong>14 km de rafting dans le canyon de K\u00f6pr\u00fcl\u00fc<\/strong> de <strong><a href=\"https:\/\/en.wikipedia.org\/wiki\/Side,_Turkey\" target=\"_blank\" rel=\"noopener\">Side<\/a><\/strong> et les stations baln\u00e9aires environnantes ! Naviguez \u00e0 travers 10 rapides, nagez dans des sections calmes de la rivi\u00e8re et profitez d'un d\u00e9jeuner au bord de la rivi\u00e8re - le m\u00e9lange parfait d'adr\u00e9naline et de nature.<\/p>\n<h3><span style=\"color: #000000;\"><strong>Inclus :<\/strong><\/span><\/h3>\n<p><span style=\"color: #00ff00;\"><strong>\u2713<\/strong> <\/span>Prise en charge et retour \u00e0 l'h\u00f4tel<br \/><span style=\"color: #00ff00;\"><strong>\u2713<\/strong> <\/span>Transport climatis\u00e9<br \/><span style=\"color: #00ff00;\"><strong>\u2713<\/strong> <\/span>Radeaux de 10 personnes<br \/><span style=\"color: #00ff00;\"><strong>\u2713<\/strong> <\/span>Guide et assurance<br \/><span style=\"color: #00ff00;\"><strong>\u2713<\/strong> <\/span>D\u00e9jeuner<\/p>\n<h3><span style=\"color: #000000;\"><strong>Non inclus :<\/strong><\/span><\/h3>\n<p><strong><span style=\"color: #ff0000;\">\u2717<\/span> <\/strong>Radeaux pour deux personnes (en suppl\u00e9ment)<br \/><strong><span style=\"color: #ff0000;\">\u2717<\/span> <\/strong>Photos et vid\u00e9os<br \/><strong><span style=\"color: #ff0000;\">\u2717<\/span> <\/strong>Boissons<br \/><strong><span style=\"color: #ff0000;\">\u2717<\/span> <\/strong>Zipline (facultatif)<br \/><strong><span style=\"color: #ff0000;\">\u2717<\/span> <\/strong>D\u00e9penses personnelles<\/p>\n<h2><span style=\"color: #000000;\"><strong>\ud83c\udf1f Points forts de la visite<\/strong><\/span><\/h2>\n<p>\ud83d\udd39 14 km d'aventure en rafting avec 10 rapides<br \/>\ud83d\udd39 Paysages du canyon de K\u00f6pr\u00fcl\u00fc<br \/>\ud83d\udd39 Nager dans des rivi\u00e8res turquoises<br \/>\ud83d\udd39 D\u00e9jeuner et haltes en bord de rivi\u00e8re<br \/>\ud83d\udd39 Activit\u00e9s optionnelles de zipline ou de plong\u00e9e<\/p>\n<h2><span style=\"color: #000000;\"><strong>\ud83d\udcd6 Description compl\u00e8te<\/strong><\/span><\/h2>\n<p>L'aventure commence par la prise en charge \u00e0 l'h\u00f4tel depuis Side et les environs. Apr\u00e8s avoir travers\u00e9 les montagnes du Taurus, vous atteindrez le canyon de K\u00f6pr\u00fcl\u00fc, la destination de rafting la plus c\u00e9l\u00e8bre de Turquie. Munissez-vous de votre \u00e9quipement, suivez votre instructeur et commencez un parcours de rafting passionnant \u00e0 travers 10 rapides entour\u00e9s d'une nature sauvage. Profitez de pauses baignades, d'une tyrolienne en option et d'un d\u00e9jeuner au bord de la rivi\u00e8re avant de rentrer \u00e0 votre h\u00f4tel.<\/p>\n<h3><span style=\"color: #000000;\"><strong>\ud83d\uddfa\ufe0f Itin\u00e9raire de la visite<\/strong><\/span><\/h3>\n<p>\ud83d\udd39 Pickup de la r\u00e9gion lat\u00e9rale<br \/>\ud83d\udd39 Arriv\u00e9e au canyon de K\u00f6pr\u00fcl\u00fc<br \/>Aventure en rafting (14 km)<br \/>\ud83d\udd39 Natation &amp; arr\u00eats photos<br \/>\ud83d\udd39 D\u00e9jeuner au bord de l'eau<br \/>\ud83d\udd39 Transfert de retour<\/p>\n<h3><span style=\"color: #000000;\"><strong>\u2139\ufe0f Informations utiles<\/strong><\/span><\/h3>\n<p>Dur\u00e9e : 7-8 heures<br \/>\ud83d\udd39 Visite adapt\u00e9e aux d\u00e9butants<br \/>\ud83d\udd39 Radeaux pour 2 personnes disponibles en option<br \/>\ud83d\udd39 Apportez de l'argent liquide pour les extras<br \/>\ud83d\udd39 Les enfants de moins de 5 ans voyagent gratuitement (si\u00e8ge partag\u00e9)<\/p>\n<h2><span style=\"color: #000000;\"><strong>\ud83c\udf92 Ce qu'il faut apporter<\/strong><\/span><\/h2>\n<p>Maillot de bain, serviette, cr\u00e8me solaire<br \/>\ud83d\udd39 Chaussures d'eau<br \/>\ud83d\udd39 V\u00eatements suppl\u00e9mentaires<br \/>\ud83d\udd39 Argent liquide<\/p>\n<h3><span style=\"color: #000000;\"><strong>\ud83d\udeab Ne convient pas pour<\/strong><\/span><\/h3>\n<p>\ud83d\udd39 Femmes enceintes<br \/>\ud83d\udd39 Patients cardiaques<br \/>\ud83d\udd39 Enfants de moins de 4 ans<br \/>\ud83d\udd39 Utilisateurs de fauteuils roulants<\/p>\n<h2 dir=\"ltr\">\ud83d\udcb8\u00a0<strong>Prix et r\u00e9servation<\/strong><\/h2>\n<p dir=\"ltr\"><strong>\ud83d\udd39 R\u00e9server maintenant, payer le jour de la visite<\/strong><br \/>\n\ud83d\udd39 Contactez-nous via WhatsApp, Telegram, Viber, ou remplissez le formulaire de r\u00e9servation ci-dessous. \ud83d\udc47\ud83c\udffc<\/p>\n<p>\u00c0 la recherche d'alternatives ? Parcourir <a href=\"https:\/\/excursionsworld.com\/fr\/excursions-a-side\/\">plus d'excursions<\/a>.<\/p>","protected":false},"excerpt":{"rendered":"<p>R\u00e9server le <b>Excursion en rafting lat\u00e9ral<\/b>! Journ\u00e9e enti\u00e8re <b>aventure<\/b> sur les rapides du K\u00f6pr\u00fcl\u00fc Canyon (14 km). Comprend le bord de la rivi\u00e8re <b>d\u00e9jeuner et transfert<\/b>. Zipline en option !<\/p>","protected":false},"featured_media":12670,"comment_status":"open","ping_status":"closed","template":"","meta":[],"product_brand":[],"product_cat":[127],"product_tag":[122],"class_list":{"0":"post-15473","1":"product","2":"type-product","3":"status-publish","4":"has-post-thumbnail","6":"tour_phys-side-tours","7":"product_cat-side-tours","8":"product_tag-side","9":"pa_destination-side-tours","11":"first","12":"instock","13":"sale","14":"shipping-taxable","15":"purchasable","16":"product-type-tour_phys"},"aioseo_notices":[],"_links":{"self":[{"href":"https:\/\/excursionsworld.com\/fr\/wp-json\/wp\/v2\/product\/15473","targetHints":{"allow":["GET"]}}],"collection":[{"href":"https:\/\/excursionsworld.com\/fr\/wp-json\/wp\/v2\/product"}],"about":[{"href":"https:\/\/excursionsworld.com\/fr\/wp-json\/wp\/v2\/types\/product"}],"replies":[{"embeddable":true,"href":"https:\/\/excursionsworld.com\/fr\/wp-json\/wp\/v2\/comments?post=15473"}],"wp:featuredmedia":[{"embeddable":true,"href":"https:\/\/excursionsworld.com\/fr\/wp-json\/wp\/v2\/media\/12670"}],"wp:attachment":[{"href":"https:\/\/excursionsworld.com\/fr\/wp-json\/wp\/v2\/media?parent=15473"}],"wp:term":[{"taxonomy":"product_brand","embeddable":true,"href":"https:\/\/excursionsworld.com\/fr\/wp-json\/wp\/v2\/product_brand?post=15473"},{"taxonomy":"product_cat","embeddable":true,"href":"https:\/\/excursionsworld.com\/fr\/wp-json\/wp\/v2\/product_cat?post=15473"},{"taxonomy":"product_tag","embeddable":true,"href":"https:\/\/excursionsworld.com\/fr\/wp-json\/wp\/v2\/product_tag?post=15473"}],"curies":[{"name":"wp","href":"https:\/\/api.w.org\/{rel}","templated":true}]}}