{"id":15477,"date":"2025-10-30T12:55:52","date_gmt":"2025-10-30T09:55:52","guid":{"rendered":"https:\/\/excursionsworld.com\/?post_type=product&#038;p=15477"},"modified":"2026-04-24T00:21:02","modified_gmt":"2026-04-23T21:21:02","slug":"relax-bateau-alanya","status":"publish","type":"product","link":"https:\/\/excursionsworld.com\/tours\/relax-boat-alanya\/","title":{"rendered":"Excursion Relax Boat \u00e0 Alanya \u2013 Sortie en mer en petit groupe"},"content":{"rendered":"<h2><span style=\"color: #000000;\"><strong>\ud83c\udfdd\ufe0f Vue d'ensemble<\/strong><\/span><\/h2>\n<p>Profitez d'une escapade paisible sur le <strong><a href=\"https:\/\/en.wikipedia.org\/wiki\/Alanya\" target=\"_blank\" rel=\"noopener\">Alanya<\/a> Excursion D\u00e9tente en Bateau<\/strong>, La croisi\u00e8re en bateau \u00e0 moteur, con\u00e7ue pour ceux qui pr\u00e9f\u00e8rent la tranquillit\u00e9 aux bateaux festifs. Naviguez le long de la magnifique c\u00f4te d'Alanya sur un petit bateau en bois silencieux, sans musique forte ni f\u00eates en mousse - juste le bruit de la mer et la beaut\u00e9 de la M\u00e9diterran\u00e9e. Parfait pour les couples, les familles ou toute personne souhaitant se d\u00e9tendre.<\/p>\n<h3><span style=\"color: #000000;\"><strong>\u00a0Inclus :<\/strong><\/span><\/h3>\n<p><span style=\"color: #00ff00;\"><strong>\u2713<\/strong> <\/span>Prise en charge et retour \u00e0 l'h\u00f4tel\u00a0<br \/><span style=\"color: #00ff00;\"><strong>\u2713<\/strong> <\/span>Service de guide professionnel<br \/><span style=\"color: #00ff00;\"><strong>\u2713<\/strong> <\/span>D\u00e9jeuner \u00e0 bord (poulet grill\u00e9, riz, salade)<br \/><span style=\"color: #00ff00;\"><strong>\u2713<\/strong> <\/span>Boissons non alcoolis\u00e9es (eau, cola, fanta, eau min\u00e9rale)<br \/><span style=\"color: #00ff00;\"><strong>\u2713<\/strong> <\/span>Assurance compl\u00e8te<\/p>\n<h3>\u00a0<span style=\"color: #000000;\"><strong>Non inclus :<\/strong><\/span><\/h3>\n<p><strong><span style=\"color: #ff0000;\">\u2717<\/span><\/strong> Boissons alcoolis\u00e9es<br \/><strong><span style=\"color: #ff0000;\">\u2717<\/span><\/strong>Glaces, photos et d\u00e9penses personnelles<br \/><strong><span style=\"color: #ff0000;\">\u2717 <\/span><\/strong>\u00c9quipement de plong\u00e9e avec tuba<\/p>\n<h2><span style=\"color: #000000;\"><strong>\ud83c\udf1f Points forts de la visite<\/strong><\/span><\/h2>\n<p>\ud83d\udd39 Bateau paisible et sans musique avec un nombre limit\u00e9 de passagers (max. 40-45)<br \/>\ud83d\udd39 Sail past <strong>Tour rouge<\/strong>, <strong>Chantier naval d'Alanya<\/strong>, et les c\u00e9l\u00e8bres grottes marines - <strong>Pirates<\/strong>, <strong>Amoureux<\/strong>, et <strong>Grotte \u00e0 phosphore<\/strong><br \/>\ud83d\udd39 Profitez des pauses baignades \u00e0 proximit\u00e9 <strong>Plage de Cl\u00e9op\u00e2tre<\/strong> et <strong>Baie d'Ula\u015f<\/strong><br \/>\ud83d\udd39 Possibilit\u00e9 d'apercevoir des dauphins et d'explorer des eaux turquoise claires<\/p>\n<h2><span style=\"color: #000000;\"><strong>\ud83d\udcd6 Description compl\u00e8te<\/strong><\/span><\/h2>\n<p>Votre aventure relaxante commence par une prise en charge \u00e0 l'h\u00f4tel et un transfert vers le port d'Alanya. Montez \u00e0 bord de votre confortable bateau en bois et naviguez le long de la c\u00f4te pittoresque de la ville. Admirez les monuments historiques tels que le <strong>Tour rouge<\/strong> et <strong>Ch\u00e2teau d'Alanya<\/strong>, Les visiteurs peuvent \u00e9galement explorer les grottes marines naturelles cach\u00e9es sous les falaises. Profitez de plusieurs arr\u00eats prolong\u00e9s pour vous baigner dans des baies cristallines, notamment <strong>Plage de Cl\u00e9op\u00e2tre<\/strong> et <strong>Baie d'Ula\u015f<\/strong>, Vous aurez le temps de bronzer et de faire de la plong\u00e9e avec masque et tuba. Un d\u00e9licieux d\u00e9jeuner est servi \u00e0 bord avant le retour au port dans l'apr\u00e8s-midi, cl\u00f4turant une journ\u00e9e de mer calme et rafra\u00eechissante.<\/p>\n<h3><span style=\"color: #000000;\"><strong>\ud83d\uddfa\ufe0f Itin\u00e9raire de la visite<\/strong><\/span><\/h3>\n<p>\ud83d\udd39 Prise en charge dans les h\u00f4tels de la r\u00e9gion d'Alanya<br \/>\ud83d\udd39 Transfert vers le port d'Alanya<br \/>\ud83d\udd39 Naviguer devant la Tour rouge et le chantier naval d'Alanya<br \/>\ud83d\udd39 Visitez les pirates, les amoureux et les grottes de phosphore<br \/>\ud83d\udd39 Pause baignade pr\u00e8s de la plage de Cleopatra<br \/>\ud83d\udd39 D\u00e9jeuner servi sur le bateau<br \/>\ud83d\udd39 Pause baignade \u00e0 la plage d'Ula\u015f<br \/>\ud83d\udd39 Retour au port d'Alanya et d\u00e9p\u00f4t \u00e0 l'h\u00f4tel<\/p>\n<h3><span style=\"color: #000000;\"><strong>\u2139\ufe0f Informations utiles<\/strong><\/span><\/h3>\n<p>Dur\u00e9e : 5-6 heures au total<br \/>\ud83d\udd39 Capacit\u00e9 du bateau : 40-45 passagers<br \/>\ud83d\udd39 Ambiance familiale et sans musique<br \/>\ud83d\udd39 Apportez : Maillot de bain, serviette, cr\u00e8me solaire, \u00e9quipement de plong\u00e9e avec tuba si vous le souhaitez.<\/p>\n<h2><span style=\"color: #000000;\"><strong>\ud83c\udf92 Ce qu'il faut apporter<\/strong><\/span><\/h2>\n<p>Maillot de bain et serviette de bain<br \/>Lunettes de soleil et cr\u00e8me solaire<br \/>Masque de plong\u00e9e (facultatif)<br \/>\ud83d\udd39 Petite somme d'argent pour les d\u00e9penses personnelles<\/p>\n<h3><span style=\"color: #000000;\"><strong>\ud83d\udeab Ne convient pas pour<\/strong><\/span><\/h3>\n<p>\ud83d\udd39 Les clients recherchant des excursions en bateau de type festif ou d'animation<\/p>\n<h2 dir=\"ltr\">\ud83d\udcb8\u00a0<strong>Prix et r\u00e9servation<\/strong><\/h2>\n<p dir=\"ltr\"><strong>\ud83d\udd39 R\u00e9server maintenant, payer le jour de la visite<\/strong><br \/>\n\ud83d\udd39 Contactez-nous via WhatsApp, Telegram, Viber, ou remplissez le formulaire de r\u00e9servation ci-dessous. \ud83d\udc47\ud83c\udffc<\/p>\n<p>\u00c0 la recherche d'alternatives ? Parcourir <a href=\"https:\/\/excursionsworld.com\/fr\/excursions-a-alanya\/\">plus de visites \u00e0 Alanya<\/a>.<\/p>","protected":false},"excerpt":{"rendered":"<p>R\u00e9server le <b>Alanya Relax Boat Tour<\/b>! Silencieux, sans musique <b>excursion<\/b> le long de la c\u00f4te. Voir les grottes, <b>Tour rouge<\/b>, et de profiter <b>3-4 pauses de natation<\/b>. <b>Transfert inclus<\/b>.<\/p>","protected":false},"featured_media":15215,"comment_status":"open","ping_status":"closed","template":"","meta":[],"product_brand":[],"product_cat":[128],"product_tag":[107],"class_list":{"0":"post-15477","1":"product","2":"type-product","3":"status-publish","4":"has-post-thumbnail","6":"tour_phys-alanya-tours","7":"product_cat-alanya-tours","8":"product_tag-antalya","9":"pa_destination-alanya-tours","11":"first","12":"instock","13":"sale","14":"shipping-taxable","15":"purchasable","16":"product-type-tour_phys"},"aioseo_notices":[],"_links":{"self":[{"href":"https:\/\/excursionsworld.com\/fr\/wp-json\/wp\/v2\/product\/15477","targetHints":{"allow":["GET"]}}],"collection":[{"href":"https:\/\/excursionsworld.com\/fr\/wp-json\/wp\/v2\/product"}],"about":[{"href":"https:\/\/excursionsworld.com\/fr\/wp-json\/wp\/v2\/types\/product"}],"replies":[{"embeddable":true,"href":"https:\/\/excursionsworld.com\/fr\/wp-json\/wp\/v2\/comments?post=15477"}],"wp:featuredmedia":[{"embeddable":true,"href":"https:\/\/excursionsworld.com\/fr\/wp-json\/wp\/v2\/media\/15215"}],"wp:attachment":[{"href":"https:\/\/excursionsworld.com\/fr\/wp-json\/wp\/v2\/media?parent=15477"}],"wp:term":[{"taxonomy":"product_brand","embeddable":true,"href":"https:\/\/excursionsworld.com\/fr\/wp-json\/wp\/v2\/product_brand?post=15477"},{"taxonomy":"product_cat","embeddable":true,"href":"https:\/\/excursionsworld.com\/fr\/wp-json\/wp\/v2\/product_cat?post=15477"},{"taxonomy":"product_tag","embeddable":true,"href":"https:\/\/excursionsworld.com\/fr\/wp-json\/wp\/v2\/product_tag?post=15477"}],"curies":[{"name":"wp","href":"https:\/\/api.w.org\/{rel}","templated":true}]}}