{"id":15478,"date":"2025-10-30T12:57:14","date_gmt":"2025-10-30T09:57:14","guid":{"rendered":"https:\/\/excursionsworld.com\/?post_type=product&#038;p=15478"},"modified":"2026-04-24T00:21:02","modified_gmt":"2026-04-23T21:21:02","slug":"starcraft-bateau-alanya","status":"publish","type":"product","link":"https:\/\/excursionsworld.com\/tours\/starcraft-boat-alanya\/","title":{"rendered":"Croisi\u00e8re Starcraft \u00e0 Alanya \u2013 Tout inclus"},"content":{"rendered":"<h2><strong>\ud83d\udee5\ufe0f Vue d'ensemble<\/strong><\/h2>\n<p>Faites l'exp\u00e9rience du luxe en mer avec le <strong><a href=\"https:\/\/en.wikipedia.org\/wiki\/Alanya\" target=\"_blank\" rel=\"noopener\">Alanya<\/a> Visite en bateau Starcraft<\/strong> - la fa\u00e7on la plus \u00e9l\u00e9gante d'explorer le littoral d'Alanya ! Naviguez \u00e0 bord du <strong>Yacht Starcraft de classe A<\/strong>, Cette excursion en bateau de luxe est une exp\u00e9rience inoubliable, avec de la musique, des divertissements et des pauses baignades dans la M\u00e9diterran\u00e9e turquoise. Si vous recherchez le confort, l'amusement et une touche d'\u00e9l\u00e9gance, cette excursion en bateau de luxe est le choix id\u00e9al.<\/p>\n<h3><span style=\"color: #000000;\"><strong>Inclus :<\/strong><\/span><\/h3>\n<p><span style=\"color: #00ff00;\"><strong>\u2713<\/strong> <\/span>Prise en charge et retour \u00e0 l'h\u00f4tel\u00a0<br \/><span style=\"color: #00ff00;\"><strong>\u2713<\/strong> <\/span>Guide professionnel<br \/><span style=\"color: #00ff00;\"><strong>\u2713<\/strong> <\/span>D\u00e9jeuner (poulet grill\u00e9, riz et salades)<br \/><span style=\"color: #00ff00;\"><strong>\u2713<\/strong> <\/span>Boissons non alcoolis\u00e9es (eau, Coca, Fanta, etc.)<br \/><span style=\"color: #00ff00;\"><strong>\u2713<\/strong> <\/span>F\u00eate de la mousse et spectacle en direct<br \/><span style=\"color: #00ff00;\"><strong>\u2713<\/strong> <\/span>Gilets de sauvetage<br \/><span style=\"color: #00ff00;\"><strong>\u2713<\/strong> <\/span>Assurance<\/p>\n<h3><span style=\"color: #000000;\"><strong>Non inclus :<\/strong><\/span><\/h3>\n<p><span style=\"color: #ff0000;\"><strong>\u2717<\/strong> <\/span>Boissons alcoolis\u00e9es<br \/><span style=\"color: #ff0000;\"><strong>\u2717<\/strong> <\/span>Photos et vid\u00e9os<\/p>\n<h2><span style=\"color: #000000;\"><strong>\ud83c\udf1f Points forts de la visite<\/strong><\/span><\/h2>\n<p>\ud83d\udd39 Sail on the <strong>Yacht de luxe Starcraft<\/strong>, L'un des bateaux les plus grands et les plus confortables d'Alanya<br \/>\ud83d\udd39 Profitez d'une exp\u00e9rience de premier ordre avec de la musique, des animations et une f\u00eate de la mousse.<br \/>\ud83d\udd39 Voir la Tour rouge, l'ancien chantier naval et les remparts du ch\u00e2teau d'Alanya depuis la mer<br \/>\ud83d\udd39 Visite des c\u00e9l\u00e8bres grottes des Pirates, des Amoureux, du Phosphore et du Diable<br \/>\ud83d\udd39 Nager dans les eaux turquoise de la plage d'Ula\u015f et d'autres baies pittoresques.<br \/>\ud83d\udd39 Parfait pour les couples, les familles et les h\u00f4tes \u00e0 la recherche d'une exp\u00e9rience de luxe<\/p>\n<h2><span style=\"color: #000000;\"><strong>\ud83d\udcd6 Description compl\u00e8te<\/strong><\/span><\/h2>\n<div>Montez \u00e0 bord du <strong>Starcraft<\/strong>, Le bateau le plus luxueux et le plus spacieux d'Alanya offre une journ\u00e9e en mer de premi\u00e8re qualit\u00e9. L'excursion commence \u00e0 <strong>Port d'Alanya vers 10h00<\/strong>, o\u00f9 l'\u00e9l\u00e9gant yacht l\u00e8ve l'ancre devant l'h\u00f4tel de ville. <strong>Tour rouge<\/strong>, <strong>Ancien chantier naval<\/strong>, et <strong>Les murs du ch\u00e2teau d'Alanya<\/strong>.<\/div>\n<div>Tout au long de l'excursion, vous verrez les c\u00e9l\u00e8bres <strong>Pirates, amants, phosphore et grottes du diable<\/strong>, s'arr\u00eatant \u00e0 <strong>Plage d'Ula\u015f<\/strong> et d'autres baies magnifiques pour nager dans la M\u00e9diterran\u00e9e cristalline. \u00c0 bord, d\u00e9tendez-vous sur des chaises longues ou dans des salons ombrag\u00e9s tout en profitant de <strong>de la musique, des divertissements et une f\u00eate de la mousse<\/strong>. A <strong>D\u00e9jeuner d\u00e9licieux avec boissons non alcoolis\u00e9es<\/strong> est incluse, servie dans le plus pur style Starcraft.<\/div>\n<div>Apr\u00e8s une journ\u00e9e de mer, de soleil et d'amusement, le yacht retourne au port d'Alanya aux alentours de <strong>15:00<\/strong>, Vous serez ensuite transf\u00e9r\u00e9 confortablement \u00e0 votre h\u00f4tel.<\/div>\n<h3><span style=\"color: #000000;\"><strong>\ud83d\uddfa\ufe0f Itin\u00e9raire de la visite<\/strong><\/span><\/h3>\n<p>\ud83d\udd39 Prise en charge \u00e0 partir des h\u00f4tels\/appartements d'Alanya<br \/>\ud83d\udd39 Transfert vers le port d'Alanya<br \/>\ud83d\udd39 D\u00e9part \u00e0 10h00<br \/>\ud83d\udd39 Visites guid\u00e9es : Tour rouge, vieux chantier naval et ch\u00e2teau d'Alanya<br \/>\ud83d\udd39 Visite des grottes des Pirates, des Amoureux, du Phosphore et du Diable<br \/>\ud83d\udd39 Pause baignade \u00e0 la plage d'Ula\u015f<br \/>\ud83d\udd39 D\u00e9jeuner et divertissements \u00e0 bord<br \/>\ud83d\udd39 F\u00eate de la mousse au retour<br \/>\ud83d\udd39 Arriv\u00e9e au port d'Alanya (~15:00)<br \/>\ud83d\udd39 D\u00e9pose \u00e0 l'h\u00f4tel<\/p>\n<h3><span style=\"color: #000000;\"><strong>\u2139\ufe0f Informations utiles<\/strong><\/span><\/h3>\n<p>Dur\u00e9e : environ 5-6 heures<br \/>\ud83d\udd39 \u00c9quipage et guides anglophones<br \/>\ud83d\udd39 Convient \u00e0 tous les \u00e2ges<br \/>\ud83d\udd39 Bateau de luxe confortable de classe A avec plusieurs ponts et des \u00e9quipements modernes<br \/>\ud83d\udd39 Les enfants de moins de 5 ans voyagent gratuitement (ils partagent le m\u00eame si\u00e8ge que leurs parents)<\/p>\n<h2><span style=\"color: #000000;\"><strong>\ud83c\udf92 Ce qu'il faut apporter<\/strong><\/span><\/h2>\n<p>Maillot de bain et serviette de bain<br \/>Cr\u00e8me solaire, lunettes de soleil et chapeau<br \/>Appareil photo ou t\u00e9l\u00e9phone<br \/>\ud83d\udd39 Un peu d'argent pour les extras<\/p>\n<h3><span style=\"color: #000000;\"><strong>\ud83d\udeab Ne convient pas pour<\/strong><\/span><\/h3>\n<p>\ud83d\udd39 Les h\u00f4tes souffrant d'un grave mal des transports<br \/>\ud83d\udd39 Femmes enceintes<\/p>\n<h2 dir=\"ltr\">\ud83d\udcb8\u00a0<strong>Prix et r\u00e9servation<\/strong><\/h2>\n<p dir=\"ltr\"><strong>\ud83d\udd39 R\u00e9server maintenant, payer le jour de la visite<\/strong><br \/>\n\ud83d\udd39 Contactez-nous via WhatsApp, Telegram, Viber, ou remplissez le formulaire de r\u00e9servation ci-dessous. \ud83d\udc47\ud83c\udffc<\/p>\n<p>\u00c0 la recherche d'alternatives ? Parcourir <a href=\"https:\/\/excursionsworld.com\/fr\/excursions-a-alanya\/\">plus de visites \u00e0 Alanya<\/a>.<\/p>","protected":false},"excerpt":{"rendered":"<p>R\u00e9server le <b>Alanya Starcraft Boat Tour<\/b>! Profitez d'une journ\u00e9e compl\u00e8te <b>croisi\u00e8re<\/b>, Des arr\u00eats baignades, des soir\u00e9es mousse et la d\u00e9couverte des fameuses grottes des pirates. Amusement <b>excursion d'une journ\u00e9e<\/b>!<\/p>","protected":false},"featured_media":15431,"comment_status":"open","ping_status":"closed","template":"","meta":[],"product_brand":[],"product_cat":[128],"product_tag":[111],"class_list":{"0":"post-15478","1":"product","2":"type-product","3":"status-publish","4":"has-post-thumbnail","6":"tour_phys-alanya-tours","7":"product_cat-alanya-tours","8":"product_tag-alanya","9":"pa_destination-alanya-tours","10":"pa_kategori-pirate-boat-tours","12":"first","13":"instock","14":"sale","15":"shipping-taxable","16":"purchasable","17":"product-type-tour_phys"},"aioseo_notices":[],"_links":{"self":[{"href":"https:\/\/excursionsworld.com\/fr\/wp-json\/wp\/v2\/product\/15478","targetHints":{"allow":["GET"]}}],"collection":[{"href":"https:\/\/excursionsworld.com\/fr\/wp-json\/wp\/v2\/product"}],"about":[{"href":"https:\/\/excursionsworld.com\/fr\/wp-json\/wp\/v2\/types\/product"}],"replies":[{"embeddable":true,"href":"https:\/\/excursionsworld.com\/fr\/wp-json\/wp\/v2\/comments?post=15478"}],"wp:featuredmedia":[{"embeddable":true,"href":"https:\/\/excursionsworld.com\/fr\/wp-json\/wp\/v2\/media\/15431"}],"wp:attachment":[{"href":"https:\/\/excursionsworld.com\/fr\/wp-json\/wp\/v2\/media?parent=15478"}],"wp:term":[{"taxonomy":"product_brand","embeddable":true,"href":"https:\/\/excursionsworld.com\/fr\/wp-json\/wp\/v2\/product_brand?post=15478"},{"taxonomy":"product_cat","embeddable":true,"href":"https:\/\/excursionsworld.com\/fr\/wp-json\/wp\/v2\/product_cat?post=15478"},{"taxonomy":"product_tag","embeddable":true,"href":"https:\/\/excursionsworld.com\/fr\/wp-json\/wp\/v2\/product_tag?post=15478"}],"curies":[{"name":"wp","href":"https:\/\/api.w.org\/{rel}","templated":true}]}}