{"id":15481,"date":"2025-10-30T13:00:50","date_gmt":"2025-10-30T10:00:50","guid":{"rendered":"https:\/\/excursionsworld.com\/?post_type=product&#038;p=15481"},"modified":"2026-04-24T00:21:02","modified_gmt":"2026-04-23T21:21:02","slug":"rafting-koprulu-canyon-alanya","status":"publish","type":"product","link":"https:\/\/excursionsworld.com\/tours\/rafting-koprulu-canyon-alanya\/","title":{"rendered":"Excursion Rafting dans le Canyon K\u00f6pr\u00fcl\u00fc depuis Alanya \u2013 Journ\u00e9e compl\u00e8te"},"content":{"rendered":"<h2><span style=\"color: #000000;\"><strong>\ud83d\udea3\u200d\u2642\ufe0f Vue d'ensemble<\/strong><\/span><\/h2>\n<p>Rejoignez une \u00e9quipe passionnante <strong>Rafting dans le canyon de K\u00f6pr\u00fcl\u00fc<\/strong> de <strong><a href=\"https:\/\/en.wikipedia.org\/wiki\/Alanya\" target=\"_blank\" rel=\"noopener\">Alanya<\/a> et les environs (Oba, Tosmur, Kestel, Mahmutlar, Konakl\u0131, Avsallar, T\u00fcrkler, Okurcalar)<\/strong>! Conqu\u00e9rir 10 rapides sur 14 km, nager dans des rivi\u00e8res cristallines, et profiter d'un d\u00e9jeuner au bord de la rivi\u00e8re au c\u0153ur de la nature.<\/p>\n<h3><span style=\"color: #000000;\"><strong>Inclus :<\/strong><\/span><\/h3>\n<p><span style=\"color: #00ff00;\"><strong>\u2713<\/strong> <\/span>Prise en charge et retour \u00e0 l'h\u00f4tel<br \/><span style=\"color: #00ff00;\"><strong>\u2713<\/strong> <\/span>Radeaux de 10 personnes<br \/><span style=\"color: #00ff00;\"><strong>\u2713<\/strong> <\/span>Guide professionnel<br \/><span style=\"color: #00ff00;\"><strong>\u2713<\/strong> <\/span>Assurance<br \/><span style=\"color: #00ff00;\"><strong>\u2713<\/strong> <\/span>D\u00e9jeuner<\/p>\n<h3><span style=\"color: #000000;\"><strong>Non inclus :<\/strong><\/span><\/h3>\n<p><span style=\"color: #ff0000;\"><strong>\u2717<\/strong> <\/span>Boissons<br \/><span style=\"color: #ff0000;\"><strong>\u2717<\/strong> <\/span>Photos et vid\u00e9os<br \/><span style=\"color: #ff0000;\"><strong>\u2717<\/strong> <\/span>Radeau pour deux personnes (en suppl\u00e9ment)<br \/><span style=\"color: #ff0000;\"><strong>\u2717<\/strong> <\/span>Activit\u00e9 de zipline en option<\/p>\n<h2><span style=\"color: #000000;\"><strong>\ud83c\udf1f Points forts de la visite<\/strong><\/span><\/h2>\n<p>\ud83d\udd39 14 km d'aventure en rafting dans le canyon de K\u00f6pr\u00fcl\u00fc<br \/>\ud83d\udd39 Magnifiques paysages de montagnes et de for\u00eats<br \/>\ud83d\udd39 Pauses de natation dans les sections calmes<br \/>\ud83d\udd39 Riverside lunch stop<br \/>\ud83d\udd39 Plaisir de la zipline ou de la plong\u00e9e en option<\/p>\n<h2><span style=\"color: #000000;\"><strong>\ud83d\udcd6 Description compl\u00e8te<\/strong><\/span><\/h2>\n<p>Commencez votre aventure par un trajet pittoresque d'Alanya au parc national du canyon de K\u00f6pr\u00fcl\u00fc. \u00c0 votre arriv\u00e9e, vous serez \u00e9quip\u00e9 et inform\u00e9 par des guides professionnels, puis vous commencerez votre aventure en rafting sur la rivi\u00e8re turquoise.<br \/>Entre les rapides, vous pourrez vous baigner, vous d\u00e9tendre ou faire de la tyrolienne (en option). Ensuite, vous pourrez d\u00e9guster un d\u00e9licieux d\u00e9jeuner au bord de la rivi\u00e8re avant de retourner \u00e0 votre h\u00f4tel d'Alanya.<\/p>\n<h3><span style=\"color: #000000;\"><strong>\ud83d\uddfa\ufe0f Itin\u00e9raire de la visite<\/strong><\/span><\/h3>\n<p>\ud83d\udd39 Prise en charge \u00e0 partir de la r\u00e9gion d'Alanya<br \/>\ud83d\udd39 Conduite vers le canyon de K\u00f6pr\u00fcl\u00fc<br \/>\ud83d\udd39 Briefing sur la s\u00e9curit\u00e9<br \/>\ud83d\udd39 14 km de parcours de rafting (10 rapides)<br \/>\ud83d\udd39 Pause d\u00e9jeuner au bord de la rivi\u00e8re<br \/>\ud83d\udd39 Retour aux h\u00f4tels d'Alanya<\/p>\n<h3><span style=\"color: #000000;\"><strong>\u2139\ufe0f Informations utiles<\/strong><\/span><\/h3>\n<p>Dur\u00e9e : ~7-8 heures<br \/>\ud83d\udd39 Convient \u00e0 tous les niveaux<br \/>\ud83d\udd39 Chaussures d'eau disponibles \u00e0 l'achat<br \/>\ud83d\udd39 Les enfants de moins de 5 ans voyagent gratuitement (si\u00e8ge partag\u00e9)<\/p>\n<h2><span style=\"color: #000000;\"><strong>\ud83c\udf92 Ce qu'il faut apporter<\/strong><\/span><\/h2>\n<p>Maillot de bain, serviette, cr\u00e8me solaire<br \/>\ud83d\udd39 Chaussures d'eau<br \/>\ud83d\udd39 V\u00eatements suppl\u00e9mentaires<br \/>\ud83d\udd39 Argent liquide pour les besoins personnels<\/p>\n<h3><span style=\"color: #000000;\"><strong>\ud83d\udeab Ne convient pas pour<\/strong><\/span><\/h3>\n<p>\ud83d\udd39 Femmes enceintes<br \/>\ud83d\udd39 Patients cardiaques<br \/>\ud83d\udd39 Enfants de moins de 4 ans<br \/>\ud83d\udd39 Utilisateurs de fauteuils roulants<\/p>\n<h2 dir=\"ltr\">\ud83d\udcb8\u00a0<strong>Prix et r\u00e9servation<\/strong><\/h2>\n<p dir=\"ltr\"><strong>\ud83d\udd39 R\u00e9server maintenant, payer le jour de la visite<\/strong><br \/>\n\ud83d\udd39 Contactez-nous via WhatsApp, Telegram, Viber, ou remplissez le formulaire de r\u00e9servation ci-dessous. \ud83d\udc47\ud83c\udffc<\/p>\n<p>\u00c0 la recherche d'alternatives ? Parcourir <a href=\"https:\/\/excursionsworld.com\/fr\/excursions-a-alanya\/\">plus de visites \u00e0 Alanya<\/a>.<\/p>","protected":false},"excerpt":{"rendered":"<p>R\u00e9server le <b>Alanya Rafting Tour<\/b>! Journ\u00e9e enti\u00e8re <b>aventure<\/b> sur les 14 km de rapides du K\u00f6pr\u00fcl\u00fc Canyon. <b>Transfert inclus<\/b> d'Alanya. Un plaisir pour les d\u00e9butants !<\/p>","protected":false},"featured_media":12670,"comment_status":"open","ping_status":"closed","template":"","meta":[],"product_brand":[],"product_cat":[128],"product_tag":[111],"class_list":{"0":"post-15481","1":"product","2":"type-product","3":"status-publish","4":"has-post-thumbnail","6":"tour_phys-alanya-tours","7":"product_cat-alanya-tours","8":"product_tag-alanya","9":"pa_destination-alanya-tours","11":"first","12":"instock","13":"sale","14":"shipping-taxable","15":"purchasable","16":"product-type-tour_phys"},"aioseo_notices":[],"_links":{"self":[{"href":"https:\/\/excursionsworld.com\/fr\/wp-json\/wp\/v2\/product\/15481","targetHints":{"allow":["GET"]}}],"collection":[{"href":"https:\/\/excursionsworld.com\/fr\/wp-json\/wp\/v2\/product"}],"about":[{"href":"https:\/\/excursionsworld.com\/fr\/wp-json\/wp\/v2\/types\/product"}],"replies":[{"embeddable":true,"href":"https:\/\/excursionsworld.com\/fr\/wp-json\/wp\/v2\/comments?post=15481"}],"wp:featuredmedia":[{"embeddable":true,"href":"https:\/\/excursionsworld.com\/fr\/wp-json\/wp\/v2\/media\/12670"}],"wp:attachment":[{"href":"https:\/\/excursionsworld.com\/fr\/wp-json\/wp\/v2\/media?parent=15481"}],"wp:term":[{"taxonomy":"product_brand","embeddable":true,"href":"https:\/\/excursionsworld.com\/fr\/wp-json\/wp\/v2\/product_brand?post=15481"},{"taxonomy":"product_cat","embeddable":true,"href":"https:\/\/excursionsworld.com\/fr\/wp-json\/wp\/v2\/product_cat?post=15481"},{"taxonomy":"product_tag","embeddable":true,"href":"https:\/\/excursionsworld.com\/fr\/wp-json\/wp\/v2\/product_tag?post=15481"}],"curies":[{"name":"wp","href":"https:\/\/api.w.org\/{rel}","templated":true}]}}