{"id":15483,"date":"2025-10-30T13:13:31","date_gmt":"2025-10-30T10:13:31","guid":{"rendered":"https:\/\/excursionsworld.com\/?post_type=product&#038;p=15483"},"modified":"2026-04-24T00:21:03","modified_gmt":"2026-04-23T21:21:03","slug":"bateau-pirate-lara-cascade-belek","status":"publish","type":"product","link":"https:\/\/excursionsworld.com\/tours\/pirate-boat-lara-waterfall-belek\/","title":{"rendered":"Croisi\u00e8re pirate depuis Belek \u2013 Vers la plage et la cascade de Lara"},"content":{"rendered":"<h2>\ud83c\udff4\u200d\u2620\ufe0f Vue d'ensemble<\/h2>\n<p>Embarquez sur le <strong><a href=\"https:\/\/en.wikipedia.org\/wiki\/Belek\" target=\"_blank\" rel=\"noopener\">Belek<\/a> Excursion en bateau pirate<\/strong>, au d\u00e9part de <strong>Plage de Lara<\/strong>, \u00e0 bord du magnifique<strong>\u00a0Bateau pirate<\/strong>! Cette aventure d'une journ\u00e9e combine plaisir, d\u00e9tente et paysages m\u00e9diterran\u00e9ens \u00e9poustouflants. Elle est id\u00e9ale pour les familles, les couples et les groupes. Profitez de nombreux arr\u00eats pour vous baigner, de divertissements anim\u00e9s et de vues \u00e0 couper le souffle sur le littoral d'Antalya.<\/p>\n<h3>Inclus :<\/h3>\n<p><strong><span style=\"color: #00ff00;\">\u2713<\/span><\/strong> Prise en charge et retour \u00e0 l'h\u00f4tel<br \/><strong><span style=\"color: #00ff00;\">\u2713 <\/span><\/strong>Excursion en bateau pirate\u00a0<br \/><strong><span style=\"color: #00ff00;\">\u2713 <\/span><\/strong>D\u00e9jeuner d\u00e9licieux \u00e0 bord<br \/><strong><span style=\"color: #00ff00;\">\u2713 <\/span><\/strong>Divertissement, f\u00eate de la mousse et animations<br \/><strong><span style=\"color: #00ff00;\">\u2713 <\/span><\/strong>Multiples pauses baignades (Turtle Bay, Waterfalls, etc.)<br \/><strong><span style=\"color: #00ff00;\">\u2713 <\/span><\/strong>Assurance<\/p>\n<h3>Non inclus :<\/h3>\n<p><span style=\"color: #ff0000;\"><strong>\u2717<\/strong><\/span> Boissons\u00a0<br \/><span style=\"color: #ff0000;\"><strong>\u2717 <\/strong><\/span>D\u00e9penses personnelles<\/p>\n<h2>\ud83c\udf1f Points forts de cette excursion en bateau pirate \u00e0 Belek<\/h2>\n<p>\ud83d\udd39 Croisi\u00e8re panoramique le long de la magnifique c\u00f4te d'Antalya<br \/>Points d'int\u00e9r\u00eat : Petite et grande cascade de D\u00fcden, Kalei\u00e7i et plage de Konyaalt\u0131<br \/>Nager dans les eaux cristallines de Turtle Bay<br \/>\ud83d\udd39 Animation sur le th\u00e8me des pirates et f\u00eate de la mousse<br \/>\ud83d\udd39 Une journ\u00e9e en mer parfaite pour les enfants et les adultes<br \/>\ud83d\udd39 Bateau spacieux \u00e0 plusieurs ponts avec transats et \u00e9quipements<\/p>\n<h2>\ud83d\udcd6 Description compl\u00e8te : Votre exp\u00e9rience de sortie en bateau pirate \u00e0 Belek<\/h2>\n<div>Commencez votre journ\u00e9e par un transfert confortable de votre <strong>H\u00f4tel Belek<\/strong> jusqu'\u00e0 l'embarcad\u00e8re de d\u00e9part pr\u00e8s de <strong>Mardan Palace Hotel \u00e0 Lara<\/strong>. Montez \u00e0 bord du majestueux <strong>\u00a0Bateau pirate<\/strong> et embarquez pour une aventure m\u00e9diterran\u00e9enne inoubliable. Lors de la croisi\u00e8re le long de la c\u00f4te, admirez les sites c\u00e9l\u00e8bres d'Antalya, de l'h\u00f4tel de ville \u00e0 l'h\u00f4tel de ville. <strong>Chute d'eau de D\u00fcden inf\u00e9rieur<\/strong> qui se jettent dans la mer jusqu'\u00e0 la charmante <strong>Vieille ville (Kalei\u00e7i)<\/strong> et <strong>Plage de Konyaalt\u0131<\/strong>. Profitez de plusieurs <strong>pauses natation<\/strong> dans des baies magnifiques telles que <strong>Baie des tortues<\/strong>, Vous pourrez plonger dans les eaux turquoises ou vous d\u00e9tendre au soleil sur le pont. \u00c0 bord, l'\u00e9quipage de pirates vous divertira avec <strong>musique, animations, maquillage et f\u00eate de la mousse anim\u00e9e<\/strong>, Cette visite est donc particuli\u00e8rement agr\u00e9able pour les familles avec enfants. A <strong>d\u00e9jeuner savoureux<\/strong> Des boissons rafra\u00eechissantes sont servies \u00e0 bord, et des boissons non alcoolis\u00e9es sont disponibles \u00e0 la vente au bar. Apr\u00e8s une journ\u00e9e de plaisir et de soleil, d\u00e9tendez-vous pendant que le bateau rentre au port, o\u00f9 votre v\u00e9hicule vous attendra pour vous ramener confortablement \u00e0 votre h\u00f4tel.<\/div>\n<h3>\ud83d\uddfa\ufe0f Itin\u00e9raire de la visite<\/h3>\n<p>\ud83d\udd39 Prise en charge dans les h\u00f4tels de la r\u00e9gion de Belek et d'Antalya<br \/>\ud83d\udd39 D\u00e9part du port de Lara Beach<br \/>\ud83d\udd39 Tourisme le long de la c\u00f4te d'Antalya<br \/>Arr\u00eat baignade \u00e0 Turtle Bay<br \/>\ud83d\udd39 Vue sur les petites et grandes chutes d'eau de D\u00fcden<br \/>D\u00e9jeuner \u00e0 bord<br \/>\ud83d\udd39 Divertissement, f\u00eate de la mousse et musique<br \/>Retour au port et transfert \u00e0 l'h\u00f4tel<\/p>\n<h3>\u2139\ufe0f Informations utiles<\/h3>\n<p>Dur\u00e9e : environ 6-7 heures<br \/>\ud83d\udd39 Familiale avec des zones ombrag\u00e9es et ensoleill\u00e9es \u00e0 bord<br \/>\ud83d\udd39 Repas v\u00e9g\u00e9tarien disponible<br \/>\ud83d\udd39 \u00c9quipage anglophone<br \/>\ud83d\udd39 Les enfants de moins de 5 ans voyagent gratuitement mais partagent un si\u00e8ge dans le bus<\/p>\n<h2>\ud83c\udf92 Ce qu'il faut apporter<\/h2>\n<p>Maillot de bain et serviette de bain<br \/>\ud83d\udd39 Cr\u00e8me solaire et lunettes de soleil<br \/>\ud83d\udd39 Chapeau ou casquette<br \/>Appareil photo ou t\u00e9l\u00e9phone<br \/>\ud83d\udd39 Petite somme d'argent pour les boissons ou les souvenirs<\/p>\n<h3>\ud83d\udeab Ne convient pas pour<\/h3>\n<p>\ud83d\udd39 Guests prone to severe seasickness (invit\u00e9s sujets au mal de mer)<br \/>\ud83d\udd39 Les personnes qui recherchent une visite silencieuse ou sans musique<\/p>\n<h2 dir=\"ltr\">\ud83d\udcb8\u00a0<strong>Prix et r\u00e9servation<\/strong><\/h2>\n<p dir=\"ltr\"><strong>\ud83d\udd39 R\u00e9server maintenant, payer le jour de la visite<\/strong><br \/>\n\ud83d\udd39 Contactez-nous via WhatsApp, Telegram, Viber, ou remplissez le formulaire de r\u00e9servation ci-dessous. \ud83d\udc47\ud83c\udffc<\/p>\n<p>\u00c0 la recherche d'alternatives ? Parcourir <a href=\"https:\/\/excursionsworld.com\/fr\/excursions-a-belek\/\">plus de visites \u00e0 Belek<\/a>.<\/p>","protected":false},"excerpt":{"rendered":"<p>R\u00e9server le <b>Excursion en bateau pirate \u00e0 Belek<\/b>! S'amuser <b>excursion d'une journ\u00e9e<\/b> avec <b>f\u00eate de la mousse<\/b>, La musique et la natation dans les <b>Baie des tortues<\/b>. Voir les chutes d'eau et la c\u00f4te. <b>Transfert inclus<\/b>!<\/p>","protected":false},"featured_media":15244,"comment_status":"open","ping_status":"closed","template":"","meta":[],"product_brand":[],"product_cat":[126,130],"product_tag":[120],"class_list":{"0":"post-15483","1":"product","2":"type-product","3":"status-publish","4":"has-post-thumbnail","6":"tour_phys-belek-tours","7":"tour_phys-pirate-boat-tours","8":"product_cat-belek-tours","9":"product_cat-pirate-boat-tours","10":"product_tag-belek","11":"pa_destination-belek-tours","12":"pa_kategori-pirate-boat-tours","14":"first","15":"instock","16":"sale","17":"featured","18":"shipping-taxable","19":"purchasable","20":"product-type-tour_phys"},"aioseo_notices":[],"_links":{"self":[{"href":"https:\/\/excursionsworld.com\/fr\/wp-json\/wp\/v2\/product\/15483","targetHints":{"allow":["GET"]}}],"collection":[{"href":"https:\/\/excursionsworld.com\/fr\/wp-json\/wp\/v2\/product"}],"about":[{"href":"https:\/\/excursionsworld.com\/fr\/wp-json\/wp\/v2\/types\/product"}],"replies":[{"embeddable":true,"href":"https:\/\/excursionsworld.com\/fr\/wp-json\/wp\/v2\/comments?post=15483"}],"wp:featuredmedia":[{"embeddable":true,"href":"https:\/\/excursionsworld.com\/fr\/wp-json\/wp\/v2\/media\/15244"}],"wp:attachment":[{"href":"https:\/\/excursionsworld.com\/fr\/wp-json\/wp\/v2\/media?parent=15483"}],"wp:term":[{"taxonomy":"product_brand","embeddable":true,"href":"https:\/\/excursionsworld.com\/fr\/wp-json\/wp\/v2\/product_brand?post=15483"},{"taxonomy":"product_cat","embeddable":true,"href":"https:\/\/excursionsworld.com\/fr\/wp-json\/wp\/v2\/product_cat?post=15483"},{"taxonomy":"product_tag","embeddable":true,"href":"https:\/\/excursionsworld.com\/fr\/wp-json\/wp\/v2\/product_tag?post=15483"}],"curies":[{"name":"wp","href":"https:\/\/api.w.org\/{rel}","templated":true}]}}