{"id":15490,"date":"2025-10-30T13:56:06","date_gmt":"2025-10-30T10:56:06","guid":{"rendered":"https:\/\/excursionsworld.com\/?post_type=product&#038;p=15490"},"modified":"2026-04-24T00:21:03","modified_gmt":"2026-04-23T21:21:03","slug":"porto-genoese-lagune-bleue-bateau-kemer","status":"publish","type":"product","link":"https:\/\/excursionsworld.com\/tours\/porto-genoese-blue-lagoon-boat-kemer\/","title":{"rendered":"Croisi\u00e8re Porto Genoese depuis Kemer \u2013 Lagon Bleu"},"content":{"rendered":"<h2>\u26f5 Vue d'ensemble<\/h2>\n<p>Embarquez pour un voyage inoubliable \u00e0 bord d'un yacht au d\u00e9part de <a href=\"https:\/\/en.wikipedia.org\/wiki\/Kemer,_Antalya\" target=\"_blank\" rel=\"noopener\">Kemer<\/a> h\u00f4tels dans les baies pittoresques d'Adrasan \u2014 <strong>Porto Genoese, Akseki Bay, Pirate Bay<\/strong>, et le <strong>grotte phosphorescente<\/strong>. Profitez des plages turquoises, d'un bain d'argile rajeunissant et d'un d\u00e9licieux d\u00e9jeuner \u00e0 bord. <strong>amoureux de la nature et de la mer<\/strong>.<\/p>\n<h3>Inclus :<\/h3>\n<p><span style=\"color: #00ff00;\"><strong>\u2713<\/strong> <\/span>Prise en charge et retour \u00e0 l'h\u00f4tel<br \/><span style=\"color: #00ff00;\"><strong>\u2713<\/strong> <\/span>Bus confortable et climatis\u00e9<br \/><span style=\"color: #00ff00;\"><strong>\u2713<\/strong> <\/span>Assurance<br \/><span style=\"color: #00ff00;\"><strong>\u2713<\/strong> <\/span>Guide<br \/><span style=\"color: #00ff00;\"><strong>\u2713<\/strong> <\/span>D\u00e9jeuner et fruits de saison<br \/><span style=\"color: #00ff00;\"><strong>\u2713<\/strong> <\/span>Th\u00e9 \u00e0 bord<\/p>\n<h3>Non inclus :<\/h3>\n<p><span style=\"color: #ff0000;\"><strong>\u2717<\/strong> <\/span>Boissons<br \/><span style=\"color: #ff0000;\"><strong>\u2717<\/strong> <\/span>D\u00e9penses personnelles<\/p>\n<h2>\ud83c\udfdd\ufe0f Points forts de cette excursion en bateau \u00e0 Kemer Porto Genoise<\/h2>\n<p>\ud83d\udd39 Nager dans les eaux turquoises de <strong>Baie de Porto Genoese<\/strong><br \/>\ud83d\udd39 S'arr\u00eate \u00e0 <strong>Akseki<\/strong> et <strong>Baies des pirates<\/strong><br \/>\ud83d\udd39 Cruise on a stylish <strong>yacht de plaisance<\/strong><br \/>\ud83d\udd39 D\u00e9tente <strong>bain d'argile<\/strong> exp\u00e9rience<br \/>\ud83d\udd39 Visite \u00e0 la <strong>grotte magique phosphorescente<\/strong><br \/>\ud83d\udd39 <strong>D\u00e9jeuner et th\u00e9 d\u00e9licieux<\/strong> \u00e0 bord<\/p>\n<h2>\ud83d\udcdc Description compl\u00e8te : Votre exp\u00e9rience de croisi\u00e8re en bateau g\u00e9nois \u00e0 Kemer Porto<\/h2>\n<div>Votre journ\u00e9e commence par un <strong>transfert depuis votre h\u00f4tel dans la r\u00e9gion de Kemer<\/strong> jusqu'au port d'Adrasan. Une fois \u00e0 bord du yacht, pr\u00e9parez-vous \u00e0 un voyage d'une heure et demie. <strong>une aventure maritime passionnante<\/strong> de beaut\u00e9 et de d\u00e9tente.<\/div>\n<div><strong>Baie d'Akseki :<\/strong> Le premier arr\u00eat est la baie d'Akseki, o\u00f9 vous disposerez d'environ 30 minutes pour nager ou faire de la plong\u00e9e en apn\u00e9e. Veuillez noter la pr\u00e9sence d'oursins - <strong>des chaussures d'eau sont recommand\u00e9es<\/strong>.<\/div>\n<div><strong>Baie de Porto Genoese :<\/strong> Ensuite, vous arriverez dans la c\u00e9l\u00e8bre baie de Porto Genoese pour environ une heure de plaisir en mer. Prenez un <strong>bain d'argile<\/strong>, Le programme d'\u00e9ducation et de formation de l'Union europ\u00e9enne (UE) <strong>d\u00e9jeuner savoureux<\/strong>, Les visiteurs sont invit\u00e9s \u00e0 s'asseoir \u00e0 l'h\u00f4tel et \u00e0 s'impr\u00e9gner du paysage \u00e9poustouflant.<\/div>\n<div><strong>Pirate Bay :<\/strong> Apr\u00e8s une courte croisi\u00e8re de 25 minutes, vous atteindrez la baie des pirates pour 40 minutes de baignade et de pure d\u00e9tente.<\/div>\n<div><strong>Grotte phosphorescente :<\/strong> Si le temps le permet, visite de la grotte phosphorescente, c\u00e9l\u00e8bre pour ses couleurs. <strong>effet lumineux<\/strong> et une atmosph\u00e8re captivante. \u00c0 la fin de l'excursion, vous retournerez au port et profiterez d'un <strong>transfert confortable vers votre h\u00f4tel<\/strong>.<\/div>\n<h3>\ud83d\uddd3\ufe0f Itin\u00e9raire de la visite<\/h3>\n<p>Prise en charge \u00e0 l'h\u00f4tel \u00e0 partir de Kemer et des environs<br \/>Arriv\u00e9e au port d'Adrasan et embarquement sur le yacht<br \/>D\u00e9part du port et d\u00e9but de la croisi\u00e8re en yacht<br \/>Premier arr\u00eat de baignade \u00e0 <strong>Baie d'Akseki<\/strong> (30 minutes)<br \/>Arriv\u00e9e \u00e0 <strong>Baie de Porto Genoese<\/strong> - bain d'argile, baignade et d\u00e9jeuner (1 heure)<br \/>Naviguer vers <strong>Pirate Bay<\/strong> pour la natation et la relaxation (40 minutes)<br \/>Visite de la <strong>Grotte phosphorescente<\/strong> (si les conditions m\u00e9t\u00e9orologiques le permettent)<br \/>Retour au port d'Adrasan<br \/>D\u00e9pose dans les h\u00f4tels de la r\u00e9gion de Kemer<\/p>\n<h3>\u2139\ufe0f Informations utiles<\/h3>\n<p>Dur\u00e9e de la visite : environ 8 heures<br \/>\ud83d\udd39 Capacit\u00e9 du bateau : bateau-boutique de taille moyenne<br \/>\ud83d\udd39 Les conditions m\u00e9t\u00e9orologiques et maritimes peuvent affecter l'itin\u00e9raire<br \/>\ud83d\udd39 Les enfants de moins de 6 ans voyagent gratuitement (pas de si\u00e8ge s\u00e9par\u00e9 dans le bus)<\/p>\n<h2>\ud83c\udf92 Ce qu'il faut apporter<\/h2>\n<p>Maillot de bain et serviette de bain<br \/>\ud83d\udd39 Cr\u00e8me solaire et lunettes de soleil<br \/>\ud83d\udd39 Chaussures d'eau (recommand\u00e9es pour la baie d'Akseki)<br \/>\ud83d\udd39 Appareil photo<\/p>\n<h3>\ud83d\udeab Ne convient pas pour<\/h3>\n<p>\ud83d\udd39 Femmes enceintes<br \/>\ud83d\udd39 Personnes \u00e0 mobilit\u00e9 r\u00e9duite<br \/>\ud83d\udd39 Personnes souffrant de probl\u00e8mes cardiaques<\/p>\n<div class=\"elementor-element elementor-element-884d539 e-con-full e-flex e-con e-child\" data-id=\"884d539\" data-element_type=\"container\">\n<div id=\"description\" class=\"elementor-element elementor-element-337037cc elementor-widget elementor-widget-thim-ekits-tours-content\" data-id=\"337037cc\" data-element_type=\"widget\" data-widget_type=\"thim-ekits-tours-content.default\">\n<div class=\"elementor-widget-container\">\n<div class=\"thim-ekit-single-tour__content\">\n<h2 dir=\"ltr\"><strong>\ud83d\udcb8 Prix et r\u00e9servation<\/strong><\/h2>\n<p dir=\"ltr\"><strong>\ud83d\udd39 R\u00e9server maintenant, payer le jour de la visite<\/strong><br \/>\n\ud83d\udd39 Contactez-nous via WhatsApp, Telegram, Viber, ou remplissez le formulaire de r\u00e9servation ci-dessous. \ud83d\udc47\ud83c\udffc<\/p>\n<\/div>\n<\/div>\n<\/div>\n<\/div>\n<p>\u00c0 la recherche d'alternatives ? Parcourir <a href=\"https:\/\/excursionsworld.com\/fr\/excursions-a-kemer\/\">Plus de visites \u00e0 Kemer<\/a>.<\/p>","protected":false},"excerpt":{"rendered":"<p>R\u00e9servez ce s\u00e9jour inoubliable <b>excursion<\/b> de <strong>Kemer<\/strong>! Cette <b>visite quotidienne<\/b> \u00e0 Porto Genoese &amp; Blue Lagoon offre la baignade, le bain d'argile et le d\u00e9jeuner. La meilleure mer <b>voyage<\/b>!<\/p>","protected":false},"featured_media":12442,"comment_status":"open","ping_status":"closed","template":"","meta":[],"product_brand":[],"product_cat":[124],"product_tag":[105],"class_list":{"0":"post-15490","1":"product","2":"type-product","3":"status-publish","4":"has-post-thumbnail","6":"tour_phys-boat-tours","7":"tour_phys-kemer-tours","8":"product_cat-kemer-tours","9":"product_tag-kemer","10":"pa_destination-kemer-tours","11":"pa_kategori-boat-tours","13":"first","14":"instock","15":"sale","16":"featured","17":"shipping-taxable","18":"purchasable","19":"product-type-tour_phys"},"aioseo_notices":[],"_links":{"self":[{"href":"https:\/\/excursionsworld.com\/fr\/wp-json\/wp\/v2\/product\/15490","targetHints":{"allow":["GET"]}}],"collection":[{"href":"https:\/\/excursionsworld.com\/fr\/wp-json\/wp\/v2\/product"}],"about":[{"href":"https:\/\/excursionsworld.com\/fr\/wp-json\/wp\/v2\/types\/product"}],"replies":[{"embeddable":true,"href":"https:\/\/excursionsworld.com\/fr\/wp-json\/wp\/v2\/comments?post=15490"}],"wp:featuredmedia":[{"embeddable":true,"href":"https:\/\/excursionsworld.com\/fr\/wp-json\/wp\/v2\/media\/12442"}],"wp:attachment":[{"href":"https:\/\/excursionsworld.com\/fr\/wp-json\/wp\/v2\/media?parent=15490"}],"wp:term":[{"taxonomy":"product_brand","embeddable":true,"href":"https:\/\/excursionsworld.com\/fr\/wp-json\/wp\/v2\/product_brand?post=15490"},{"taxonomy":"product_cat","embeddable":true,"href":"https:\/\/excursionsworld.com\/fr\/wp-json\/wp\/v2\/product_cat?post=15490"},{"taxonomy":"product_tag","embeddable":true,"href":"https:\/\/excursionsworld.com\/fr\/wp-json\/wp\/v2\/product_tag?post=15490"}],"curies":[{"name":"wp","href":"https:\/\/api.w.org\/{rel}","templated":true}]}}