{"id":15493,"date":"2025-10-30T14:00:40","date_gmt":"2025-10-30T11:00:40","guid":{"rendered":"https:\/\/excursionsworld.com\/?post_type=product&#038;p=15493"},"modified":"2026-04-24T00:21:04","modified_gmt":"2026-04-23T21:21:04","slug":"green-canyon-croisiere-kemer","status":"publish","type":"product","link":"https:\/\/excursionsworld.com\/tours\/green-canyon-boat-tour-kemer\/","title":{"rendered":"Excursion en bateau dans le canyon vert au d\u00e9part de Kemer | Tout compris"},"content":{"rendered":"<h2 dir=\"ltr\" data-pm-slice=\"1 1 []\"><span style=\"color: #000000;\"><strong>\ud83c\udfdd\ufe0f Vue d'ensemble<\/strong><\/span><\/h2>\n<p dir=\"ltr\">Embarquez pour une visite sereine au Green Canyon depuis <a href=\"https:\/\/en.wikipedia.org\/wiki\/Kemer,_Antalya\" target=\"_blank\" rel=\"noopener\">Kemer<\/a> et ses environs ! Profitez d'une promenade en bateau sur des eaux turquoise, nagez et impr\u00e9gnez-vous de la magnifique scenery des montagnes du Taurus. Parfait pour les familles et les amoureux de la nature, cette visite dure environ 7 \u00e0 8 heures.<\/p>\n<h3 dir=\"ltr\"><span style=\"color: #000000;\"><strong>Inclus :<\/strong><\/span><\/h3>\n<p dir=\"ltr\"><span style=\"color: #00ff00;\"><strong>\u2713<\/strong><\/span> Prise en charge et retour \u00e0 l'h\u00f4tel<br \/>\n<span style=\"color: #00ff00;\"><strong>\u2713 <\/strong><\/span>Promenade en bateau sur le Green Canyon<br \/>\n<span style=\"color: #00ff00;\"><strong>\u2713 <\/strong><\/span>Guide<br \/>\n<span style=\"color: #00ff00;\"><strong>\u2713 <\/strong><\/span>D\u00e9jeuner dans un restaurant au bord du lac<br \/>\n<span style=\"color: #00ff00;\"><strong>\u2713 <\/strong><\/span>Assurance compl\u00e8te<br \/>\n<span style=\"color: #00ff00;\"><strong>\u2713 <\/strong><\/span>Boissons non alcoolis\u00e9es<\/p>\n<h3 dir=\"ltr\"><span style=\"color: #000000;\"><strong>Non inclus :<\/strong><\/span><\/h3>\n<p dir=\"ltr\"><span style=\"color: #ff0000;\"><strong>\u2717<\/strong> <\/span>D\u00e9penses personnelles<br \/>\n<span style=\"color: #ff0000;\"><strong>\u2717 <\/strong><\/span>Photos et vid\u00e9os (facultatif)<\/p>\n<h2 dir=\"ltr\"><span style=\"color: #000000;\"><strong>\ud83d\udea4 Points forts de la visite<\/strong><\/span><\/h2>\n<p dir=\"ltr\">\ud83d\udd39 Croisi\u00e8re en bateau dans le Green Canyon<br \/>\n\ud83d\udd39 Vue imprenable sur les montagnes du Taurus<br \/>\n\ud83d\udd39 Nager dans les eaux rafra\u00eechissantes du canyon<br \/>\n\ud83d\udd39 D\u00e9jeuner d\u00e9licieux au bord du lac<br \/>\n\ud83d\udd39 \u00c9vasion paisible de la ville<\/p>\n<h2 dir=\"ltr\"><span style=\"color: #000000;\"><strong>\ud83d\udcd6 Description compl\u00e8te<\/strong><\/span><\/h2>\n<p dir=\"ltr\">Commencez votre journ\u00e9e par un transfert confortable depuis Kemer ou ses environs, en traversant les montagnes du Taurus jusqu'au Canyon vert. Montez \u00e0 bord d'un bateau confortable et partez pour une croisi\u00e8re relaxante dans des eaux \u00e9meraude, entour\u00e9es de falaises et de verdure luxuriante. Naviguez \u00e0 travers le Petit et le Grand Canyon, en vous arr\u00eatant pour nager dans les eaux cristallines de la Turquie. Profitez d'un d\u00e9jeuner copieux dans un restaurant au bord du lac, en vous immergeant dans la tranquillit\u00e9 de la nature. Cette excursion est un m\u00e9lange parfait de d\u00e9tente et de beaut\u00e9 naturelle, qui vous laissera frais et dispos \u00e0 votre retour \u00e0 l'h\u00f4tel.<\/p>\n<h3 dir=\"ltr\"><span style=\"color: #000000;\"><strong>\ud83d\uddfa\ufe0f Itin\u00e9raire de la visite<\/strong><\/span><\/h3>\n<p dir=\"ltr\">\ud83d\udd39 Prise en charge \u00e0 partir de Kemer et des environs<br \/>\n\ud83d\udd39 Transfert vers le Canyon vert via les monts Taurus<br \/>\n\ud83d\udd39 Croisi\u00e8re en bateau dans le canyon<br \/>\n\ud83d\udd39 Arr\u00eats de baignade<br \/>\nD\u00e9jeuner dans un restaurant au bord du lac<br \/>\n\ud83d\udd39 Croisi\u00e8re retour<br \/>\nTransfert de retour \u00e0 l'h\u00f4tel<\/p>\n<h3 dir=\"ltr\"><span style=\"color: #000000;\"><strong>\u2139\ufe0f Informations utiles<\/strong><\/span><\/h3>\n<div>Dur\u00e9e : ~7-8 heures (journ\u00e9e compl\u00e8te)<br \/>\n\ud83d\udd39 Faible activit\u00e9 physique (croisi\u00e8re et baignade facultative)<br \/>\n\ud83d\udd39 Circuit disponible tous les jours au d\u00e9part de Kemer<br \/>\n\ud83d\udd39 D\u00e9jeuner boissons incluses<\/div>\n<div>\ud83d\udd39 Le bateau dispose de zones ombrag\u00e9es et de toilettes<br \/>\n\ud83d\udd39 Gilets de sauvetage disponibles pour la baignade<\/div>\n<div dir=\"ltr\">\ud83d\udd39 Les enfants de moins de 5 ans voyageant gratuitement n'ont pas de si\u00e8ge s\u00e9par\u00e9 dans le bus. Si le bus est plein, ils s'assoient sur les genoux d'un adulte, ou un si\u00e8ge s\u00e9par\u00e9 peut \u00eatre r\u00e9serv\u00e9<\/div>\n<h2 dir=\"ltr\"><span style=\"color: #000000;\"><strong>\ud83c\udf92 Ce qu'il faut apporter<\/strong><\/span><\/h2>\n<p dir=\"ltr\">Lunettes de soleil et chapeau<br \/>\nMaillot de bain et serviette de bain<br \/>\n\ud83d\udd39 Cr\u00e8me solaire<br \/>\n\ud83d\udd39 Appareil photo ou smartphone<br \/>\n\ud83d\udd39 Argent liquide pour les boissons ou les services suppl\u00e9mentaires<\/p>\n<h3 dir=\"ltr\"><span style=\"color: #000000;\"><strong>\ud83d\udeab Ne convient pas pour<\/strong><\/span><\/h3>\n<p dir=\"ltr\">\ud83d\udd39 Personnes \u00e0 mobilit\u00e9 r\u00e9duite<br \/>\n\ud83d\udd39 Utilisateurs de fauteuils roulants<br \/>\n\ud83d\udd39 Ceux qui sont sujets au mal de mer<\/p>\n<div dir=\"ltr\">\n<h2 dir=\"ltr\"><strong>\ud83d\udcb8 Prix et r\u00e9servation<\/strong><\/h2>\n<p dir=\"ltr\"><strong>\ud83d\udd39 R\u00e9server maintenant, payer le jour de la visite<\/strong><br \/>\n\ud83d\udd39 Contactez-nous via WhatsApp, Telegram, Viber, ou remplissez le formulaire de r\u00e9servation ci-dessous. \ud83d\udc47\ud83c\udffc<\/p>\n<\/div>\n<p>\u00c0 la recherche d'alternatives ? Parcourir <a href=\"https:\/\/excursionsworld.com\/fr\/excursions-a-kemer\/\">Plus de visites \u00e0 Kemer<\/a>.<\/p>","protected":false},"excerpt":{"rendered":"<p>Rejoignez le nec plus ultra <b>Excursion en bateau dans le Green Canyon<\/b> de Kemer ! Cette journ\u00e9e compl\u00e8te <b>tourn\u00e9e<\/b> offre des possibilit\u00e9s de baignade, des eaux \u00e9meraude, une \u00e9chapp\u00e9e paisible dans la nature, un d\u00e9jeuner et des boissons !<\/p>","protected":false},"featured_media":12848,"comment_status":"open","ping_status":"closed","template":"","meta":[],"product_brand":[],"product_cat":[124],"product_tag":[105],"class_list":{"0":"post-15493","1":"product","2":"type-product","3":"status-publish","4":"has-post-thumbnail","6":"tour_phys-kemer-tours","7":"product_cat-kemer-tours","8":"product_tag-kemer","9":"pa_destination-kemer-tours","10":"pa_kategori-boat-tours","12":"first","13":"instock","14":"sale","15":"featured","16":"shipping-taxable","17":"purchasable","18":"product-type-tour_phys"},"aioseo_notices":[],"_links":{"self":[{"href":"https:\/\/excursionsworld.com\/fr\/wp-json\/wp\/v2\/product\/15493","targetHints":{"allow":["GET"]}}],"collection":[{"href":"https:\/\/excursionsworld.com\/fr\/wp-json\/wp\/v2\/product"}],"about":[{"href":"https:\/\/excursionsworld.com\/fr\/wp-json\/wp\/v2\/types\/product"}],"replies":[{"embeddable":true,"href":"https:\/\/excursionsworld.com\/fr\/wp-json\/wp\/v2\/comments?post=15493"}],"wp:featuredmedia":[{"embeddable":true,"href":"https:\/\/excursionsworld.com\/fr\/wp-json\/wp\/v2\/media\/12848"}],"wp:attachment":[{"href":"https:\/\/excursionsworld.com\/fr\/wp-json\/wp\/v2\/media?parent=15493"}],"wp:term":[{"taxonomy":"product_brand","embeddable":true,"href":"https:\/\/excursionsworld.com\/fr\/wp-json\/wp\/v2\/product_brand?post=15493"},{"taxonomy":"product_cat","embeddable":true,"href":"https:\/\/excursionsworld.com\/fr\/wp-json\/wp\/v2\/product_cat?post=15493"},{"taxonomy":"product_tag","embeddable":true,"href":"https:\/\/excursionsworld.com\/fr\/wp-json\/wp\/v2\/product_tag?post=15493"}],"curies":[{"name":"wp","href":"https:\/\/api.w.org\/{rel}","templated":true}]}}