{"id":15498,"date":"2025-10-30T17:10:53","date_gmt":"2025-10-30T14:10:53","guid":{"rendered":"https:\/\/excursionsworld.com\/?post_type=product&#038;p=15498"},"modified":"2026-04-24T00:21:05","modified_gmt":"2026-04-23T21:21:05","slug":"rafting-jeep-baggi-zipline-alanya","status":"publish","type":"product","link":"https:\/\/excursionsworld.com\/tours\/rafting-jeep-baggi-zipline-alanya\/","title":{"rendered":"Excursion 4-en-1: Rafting, Jeep, Buggy &amp; Zipline depuis Alanya"},"content":{"rendered":"<h2><span style=\"color: #000000;\"><strong>\ud83c\udfde\ufe0f Vue d'ensemble<\/strong><\/span><\/h2>\n<p>Rejoindre le <strong><a href=\"https:\/\/en.wikipedia.org\/wiki\/Alanya\" target=\"_blank\" rel=\"noopener\">Alanya<\/a> Rafting, Jeep Safari, Buggy et Tyrolienne 4 en 1<\/strong> et vivez une journ\u00e9e enti\u00e8re d'adr\u00e9naline, de nature et de souvenirs inoubliables dans le magnifique site de la <strong>Parc national du canyon de K\u00f6pr\u00fcl\u00fc<\/strong>! Parfait pour les amateurs de sensations fortes et d'aventure, ce circuit combine <strong>Safari en jeep<\/strong>, <strong>Rafting<\/strong>, <strong>Balade en buggy\/quad<\/strong>, et <strong>Zipline<\/strong> - le tout en une seule exp\u00e9rience \u00e9pique en plein air.<\/p>\n<h3><span style=\"color: #000000;\"><strong>Inclus :<\/strong><\/span><\/h3>\n<div><span style=\"color: #00ff00;\"><strong>\u2713<\/strong> <\/span>Prise en charge et retour \u00e0 l'h\u00f4tel<br \/><span style=\"color: #00ff00;\"><strong>\u2713<\/strong> <\/span>Guide professionnel<br \/><span style=\"color: #00ff00;\"><strong>\u2713<\/strong> <\/span>Safari en jeep<br \/><span style=\"color: #00ff00;\"><strong>\u2713<\/strong> <\/span>Promenade en buggy ou en quad<br \/><span style=\"color: #00ff00;\"><strong>\u2713<\/strong> <\/span>Exp\u00e9rience de zipline<br \/><span style=\"color: #00ff00;\"><strong>\u2713<\/strong> <\/span>D\u00e9jeuner au bord de la rivi\u00e8re<br \/><span style=\"color: #00ff00;\"><strong>\u2713<\/strong> <\/span>Assurance compl\u00e8te<\/div>\n<div><span style=\"color: #00ff00;\"><strong>\u2713<\/strong> <\/span>Rafting avec \u00e9quipement (gilet de sauvetage, casque, pagaies)<\/div>\n<h3><span style=\"color: #000000;\"><strong>Non inclus :<\/strong><\/span><\/h3>\n<p><span style=\"color: #ff0000;\"><strong>\u2717<\/strong> <\/span>Boissons<br \/><span style=\"color: #ff0000;\"><strong>\u2717<\/strong> <\/span>Photos et vid\u00e9os<\/p>\n<h2><span style=\"color: #000000;\"><strong>\ud83c\udf1f Points forts de la visite<\/strong><\/span><\/h2>\n<p>\ud83d\udd39 Une aventure 4 en 1 : <strong>Rafting, Jeep Safari, Buggy\/Quad Ride et Zipline<\/strong><br \/>\ud83d\udd39 Explorer l'ancien <strong>Ponts romains<\/strong> et des routes de montagne accident\u00e9es<br \/>\ud83d\udd39 <strong>Rafting dans les rapides du canyon de K\u00f6pr\u00fcl\u00fc<\/strong> - amusant et rafra\u00eechissant<br \/>\ud83d\udd39 <strong>Zipline au-dessus du canyon<\/strong> - des vues a\u00e9riennes \u00e0 couper le souffle<br \/>\ud83d\udd39 <strong>Promenade en buggy ou en quad<\/strong> \u00e0 travers des for\u00eats de pins et des sentiers pittoresques<br \/>\ud83d\udd39 D\u00e9licieux <strong>d\u00e9jeuner barbecue au bord de l'eau<\/strong><br \/>\ud83d\udd39 S\u00fbr, guid\u00e9 et adapt\u00e9 aux d\u00e9butants<\/p>\n<h2><span style=\"color: #000000;\"><strong>\ud83d\udcd6 Description compl\u00e8te<\/strong><\/span><\/h2>\n<div>Pr\u00e9parez-vous \u00e0 une journ\u00e9e enti\u00e8re de plaisir et d'aventure en plein air ! Votre voyage commence par une prise en charge confortable depuis votre h\u00f4tel \u00e0 <strong>Alanya<\/strong> et un trajet pittoresque de 70 km jusqu'\u00e0 la <strong>Parc national du canyon de K\u00f6pr\u00fcl\u00fc<\/strong>.<\/div>\n<div><strong>Safari en jeep : <\/strong>Commencez votre aventure \u00e0 bord de jeeps \u00e0 toit ouvert, en explorant d'anciens sites arch\u00e9ologiques. <strong>Ponts romains<\/strong> et des paysages de montagne tout en d\u00e9couvrant l'histoire de la r\u00e9gion.<\/div>\n<div><strong>Balade en buggy \/ quad : <\/strong>Ensuite, il faut passer \u00e0 un <strong>Buggy ou Quad (ATV)<\/strong> pour une balade hors route de 50 minutes \u00e0 travers les sentiers forestiers et les berges des rivi\u00e8res - une fa\u00e7on passionnante d'appr\u00e9cier la beaut\u00e9 de la nature.<\/div>\n<div><strong>Aventure en rafting : <\/strong>Apr\u00e8s la randonn\u00e9e tout-terrain, \u00e9quipez-vous et rejoignez votre \u00e9quipe pour une excursion inoubliable. <strong>exp\u00e9rience de rafting<\/strong> le long de la rivi\u00e8re K\u00f6pr\u00fc\u00e7ay. Vous ressentirez l'excitation en naviguant sur la rivi\u00e8re K\u00f6pr\u00fc\u00e7ay. <strong>Parcours de rafting de 12 km<\/strong>, Les enfants ont la possibilit\u00e9 de s'amuser et de s'\u00e9clabousser tout au long de leur parcours.<\/div>\n<div><strong>Zipline : <\/strong>\u00c0 mi-parcours du rafting, arr\u00eatez-vous pour vivre un moment d'adr\u00e9naline ultime : une descente en rafting. <strong>Tyrolienne de 350 m\u00e8tres<\/strong> traversez le canyon ! La vue panoramique d'en haut est absolument spectaculaire.<\/div>\n<div>Une fois la journ\u00e9e remplie d'aventures termin\u00e9e, d\u00e9tendez-vous et profitez d'un repas \u00e0 base de fruits et l\u00e9gumes. <strong>d\u00e9jeuner barbecue au bord de la rivi\u00e8re<\/strong> avant de retourner \u00e0 votre h\u00f4tel \u00e0 Alanya.<\/div>\n<h3><span style=\"color: #000000;\"><strong>\ud83d\uddfa\ufe0f Itin\u00e9raire de la visite<\/strong><\/span><\/h3>\n<p>\ud83d\udd39 Prise en charge \u00e0 partir des h\u00f4tels d'Alanya et des environs<br \/>Transfert vers le centre de rafting de K\u00f6pr\u00fcl\u00fc Canyon<br \/>\ud83d\udd39 Safari en jeep - explorer les ponts romains et les routes de montagne<br \/>\ud83d\udd39 Balade en buggy ou en quad - 50 minutes d'aventure hors des sentiers battus<br \/>\ud83d\udd39 Rafting - piste de 12 km avec rapides et arr\u00eats ludiques<br \/>Zipline - 350 m\u00e8tres \u00e0 travers le canyon<br \/>\ud83d\udd39 D\u00e9jeuner barbecue au bord de la rivi\u00e8re<br \/>\ud83d\udd39 Transfert retour \u00e0 l'h\u00f4tel<\/p>\n<h3><span style=\"color: #000000;\"><strong>\u2139\ufe0f Informations utiles<\/strong><\/span><\/h3>\n<p>Dur\u00e9e : environ <strong>8-9 heures<\/strong><br \/>\ud83d\udd39 Aucune exp\u00e9rience pr\u00e9alable du rafting n'est requise<br \/>\ud83d\udd39 Tous les \u00e9quipements de s\u00e9curit\u00e9 (gilets de sauvetage, casques) sont fournis.<br \/>\ud83d\udd39 Guides parlant anglais, russe et allemand disponibles<br \/>\ud83d\udd39 Chaussures d'eau et \u00e9tuis de t\u00e9l\u00e9phone imperm\u00e9ables disponibles \u00e0 l'achat<br \/>\ud83d\udd39 Les enfants de moins de 6 ans voyageant gratuitement n'ont pas de si\u00e8ge s\u00e9par\u00e9 dans le bus. Si le bus est plein, ils s'assoient sur les genoux d'un adulte, ou un si\u00e8ge s\u00e9par\u00e9 peut \u00eatre r\u00e9serv\u00e9<\/p>\n<h2><strong>\ud83c\udf92 Ce qu'il faut apporter<\/strong><\/h2>\n<p>Maillot de bain et serviette de bain<br \/>\ud83d\udd39 V\u00eatements et chaussures de rechange<br \/>\ud83d\udd39 Cr\u00e8me solaire et lunettes de soleil<br \/>\ud83d\udd39 \u00c9tui \u00e9tanche pour appareil photo ou t\u00e9l\u00e9phone portable<br \/>\ud83d\udd39 Argent liquide pour les boissons, les photos ou les souvenirs<\/p>\n<h3><strong>\ud83d\udeab Ne convient pas pour<\/strong><\/h3>\n<p>\ud83d\udd39 Femmes enceintes<br \/>\ud83d\udd39 Les personnes souffrant de troubles cardiaques<br \/>\ud83d\udd39 Voyageurs \u00e0 mobilit\u00e9 r\u00e9duite<br \/>\ud83d\udd39 Enfants de moins de 4 ans<\/p>\n<h4>\ud83d\udcb8 Prix et r\u00e9servation<\/h4>\n<p><strong>\ud83d\udd39 R\u00e9server maintenant, payer le jour de la visite<\/strong><br \/>\ud83d\udd39 Contactez-nous via <strong>WhatsApp<\/strong>, <strong>T\u00e9l\u00e9gramme<\/strong>, <strong>Viber<\/strong>, ou remplissez le formulaire de r\u00e9servation ci-dessous. \ud83d\udc47\ud83c\udffc<\/p>\n<p>\u00c0 la recherche d'alternatives ? Parcourir <a href=\"https:\/\/excursionsworld.com\/fr\/excursions-a-alanya\/\">plus de visites \u00e0 Alanya<\/a>.<\/p>","protected":false},"excerpt":{"rendered":"<article class=\"text-token-text-primary w-full focus:outline-none [--shadow-height:45px] has-data-writing-block:pointer-events-none has-data-writing-block:-mt-(--shadow-height) has-data-writing-block:pt-(--shadow-height) [&amp;:has([data-writing-block])&gt;*]:pointer-events-auto [content-visibility:auto] supports-[content-visibility:auto]:[contain-intrinsic-size:auto_100lvh] scroll-mt-[calc(var(--header-height)+min(200px,max(70px,20svh)))]\" dir=\"auto\" tabindex=\"-1\" data-turn-id=\"request-68fc9928-d314-8331-9d99-fe0fab624f17-13\" data-testid=\"conversation-turn-96\" data-scroll-anchor=\"true\" data-turn=\"assistant\">\n<div class=\"text-base my-auto mx-auto pb-10 [--thread-content-margin:--spacing(4)] thread-sm:[--thread-content-margin:--spacing(6)] thread-lg:[--thread-content-margin:--spacing(16)] px-(--thread-content-margin)\">\n<div class=\"[--thread-content-max-width:40rem] thread-lg:[--thread-content-max-width:48rem] mx-auto max-w-(--thread-content-max-width) flex-1 group\/turn-messages focus-visible:outline-hidden relative flex w-full min-w-0 flex-col agent-turn\" tabindex=\"-1\">\n<div class=\"flex max-w-full flex-col grow\">\n<div class=\"min-h-8 text-message relative flex w-full flex-col items-end gap-2 text-start break-words whitespace-normal [.text-message+&amp;]:mt-1\" dir=\"auto\" data-message-author-role=\"assistant\" data-message-id=\"7474beb7-4d8c-4a75-963b-0c7ab3c45139\" data-message-model-slug=\"gpt-5\">\n<div class=\"flex w-full flex-col gap-1 empty:hidden first:pt-[1px]\">\n<div class=\"markdown prose dark:prose-invert w-full break-words light markdown-new-styling\">\n<p data-start=\"0\" data-end=\"195\" data-is-last-node=\"\" data-is-only-node=\"\">Experience the ultimate 4-in-1 adventure in Alanya! Join our rafting, buggy, jeep safari &amp; zipline trip in K\u00f6pr\u00fcl\u00fc Canyon \u2014 a full-day outdoor excursion!<\/p>\n<\/div>\n<\/div>\n<\/div>\n<\/div>\n<div class=\"z-0 flex min-h-[46px] justify-start\"><\/div>\n<div class=\"mt-3 w-full empty:hidden\">\n<div class=\"text-center\"><\/div>\n<\/div>\n<\/div>\n<\/div>\n<\/article>\n<div class=\"pointer-events-none h-px w-px\" aria-hidden=\"true\" data-edge=\"true\"><\/div>\n","protected":false},"featured_media":15513,"comment_status":"open","ping_status":"closed","template":"","meta":[],"product_brand":[],"product_cat":[128],"product_tag":[111],"class_list":{"0":"post-15498","1":"product","2":"type-product","3":"status-publish","4":"has-post-thumbnail","6":"tour_phys-alanya-tours","7":"product_cat-alanya-tours","8":"product_tag-alanya","9":"pa_destination-alanya-tours","11":"first","12":"instock","13":"sale","14":"shipping-taxable","15":"purchasable","16":"product-type-tour_phys"},"aioseo_notices":[],"_links":{"self":[{"href":"https:\/\/excursionsworld.com\/fr\/wp-json\/wp\/v2\/product\/15498","targetHints":{"allow":["GET"]}}],"collection":[{"href":"https:\/\/excursionsworld.com\/fr\/wp-json\/wp\/v2\/product"}],"about":[{"href":"https:\/\/excursionsworld.com\/fr\/wp-json\/wp\/v2\/types\/product"}],"replies":[{"embeddable":true,"href":"https:\/\/excursionsworld.com\/fr\/wp-json\/wp\/v2\/comments?post=15498"}],"wp:featuredmedia":[{"embeddable":true,"href":"https:\/\/excursionsworld.com\/fr\/wp-json\/wp\/v2\/media\/15513"}],"wp:attachment":[{"href":"https:\/\/excursionsworld.com\/fr\/wp-json\/wp\/v2\/media?parent=15498"}],"wp:term":[{"taxonomy":"product_brand","embeddable":true,"href":"https:\/\/excursionsworld.com\/fr\/wp-json\/wp\/v2\/product_brand?post=15498"},{"taxonomy":"product_cat","embeddable":true,"href":"https:\/\/excursionsworld.com\/fr\/wp-json\/wp\/v2\/product_cat?post=15498"},{"taxonomy":"product_tag","embeddable":true,"href":"https:\/\/excursionsworld.com\/fr\/wp-json\/wp\/v2\/product_tag?post=15498"}],"curies":[{"name":"wp","href":"https:\/\/api.w.org\/{rel}","templated":true}]}}