{"id":15502,"date":"2025-10-30T19:00:11","date_gmt":"2025-10-30T16:00:11","guid":{"rendered":"https:\/\/excursionsworld.com\/?post_type=product&#038;p=15502"},"modified":"2026-05-01T13:00:21","modified_gmt":"2026-05-01T10:00:21","slug":"rafting-tazi-canyon-buggy-belek","status":"publish","type":"product","link":"https:\/\/excursionsworld.com\/tours\/rafting-tazi-canyon-buggy-belek\/","title":{"rendered":"Rafting, safari en jeep, buggy et tyrolienne au d\u00e9part de Belek - 4+1"},"content":{"rendered":"<h2>\ud83c\udfde\ufe0f Vue d'ensemble<\/h2>\n<p>Rejoindre le <strong><a href=\"https:\/\/en.wikipedia.org\/wiki\/Belek\" target=\"_blank\" rel=\"noopener\">Belek<\/a> Rafting, Jeep Safari, Buggy et Tyrolienne 4 en 1<\/strong> et profitez d'une journ\u00e9e enti\u00e8re d'adr\u00e9naline, de nature et d'amusement dans la magnifique <strong>Parc national du canyon de K\u00f6pr\u00fcl\u00fc<\/strong>! Parfait pour les amateurs d'aventure, ce circuit combine <strong>Safari en jeep, rafting, buggy\/quad et tyrolienne<\/strong> - en une seule exp\u00e9rience inoubliable en plein air.<\/p>\n<h3>Inclus :<\/h3>\n<p><span style=\"color: #00ff00;\"><strong>\u2713<\/strong> <\/span>Prise en charge et retour \u00e0 l'h\u00f4tel<br \/>\n<span style=\"color: #00ff00;\"><strong>\u2713<\/strong> <\/span>Guide professionnel<br \/>\n<span style=\"color: #00ff00;\"><strong>\u2713<\/strong> <\/span>Safari en jeep<br \/>\n<span style=\"color: #00ff00;\"><strong>\u2713<\/strong> <\/span>Rafting avec \u00e9quipement (gilet de sauvetage, casque, pagaies)<br \/>\n<span style=\"color: #00ff00;\"><strong>\u2713<\/strong> <\/span>Promenade en buggy ou en quad<br \/>\n<span style=\"color: #00ff00;\"><strong>\u2713<\/strong> <\/span>Exp\u00e9rience de zipline<br \/>\n<span style=\"color: #00ff00;\"><strong>\u2713<\/strong> <\/span>D\u00e9jeuner au bord de la rivi\u00e8re<br \/>\n<span style=\"color: #00ff00;\"><strong>\u2713<\/strong> <\/span>Assurance compl\u00e8te<\/p>\n<h3>Non inclus :<\/h3>\n<p><span style=\"color: #ff0000;\"><strong>\u2717<\/strong> <\/span>Boissons<br \/>\n<span style=\"color: #ff0000;\"><strong>\u2717<\/strong> <\/span>Photos et vid\u00e9os<\/p>\n<h2>\ud83c\udf1f Aper\u00e7u des points forts de ce rafting, safari en jeep, buggy<\/h2>\n<p>Aventure 4 en 1 : Rafting, Jeep Safari, Buggy\/Quad Ride, et Zipline<br \/>\n\ud83d\udd39 Explorer les anciens ponts romains et les routes de montagne accident\u00e9es<br \/>\n\ud83d\udd39 Rafting dans les rapides du canyon de K\u00f6pr\u00fcl\u00fc - palpitant et rafra\u00eechissant<br \/>\n\ud83d\udd39 Zipline au-dessus du canyon - vues a\u00e9riennes \u00e0 couper le souffle<br \/>\n\ud83d\udd39 Excursion en buggy ou en quad \u00e0 travers les for\u00eats de pins et les sentiers pittoresques<br \/>\n\ud83d\udd39 D\u00e9licieux d\u00e9jeuner barbecue au bord de la rivi\u00e8re<br \/>\n\ud83d\udd39 S\u00fbr, guid\u00e9 et adapt\u00e9 aux d\u00e9butants<\/p>\n<h2>\ud83d\udcd6 Description compl\u00e8te : Votre exp\u00e9rience de rafting, de safari en Jeep et de buggy<\/h2>\n<div>Pr\u00e9parez-vous \u00e0 une journ\u00e9e d'aventure pleine d'action ! Prise en charge \u00e0 votre h\u00f4tel \u00e0 <strong>Belek<\/strong> et profiter d'un trajet pittoresque de 60 km jusqu'\u00e0 <strong>Parc national du canyon de K\u00f6pr\u00fcl\u00fc<\/strong>. <strong>Safari en jeep :<\/strong> Explorez les anciens ponts romains et les paysages de montagne \u00e0 bord de jeeps \u00e0 toit ouvert. Votre guide vous fera part de faits int\u00e9ressants sur l'histoire de la r\u00e9gion. <strong>Balade en buggy \/ quad :<\/strong> Poursuivez avec une balade hors route de 50 minutes \u00e0 travers les sentiers forestiers et les berges des rivi\u00e8res. Aucune exp\u00e9rience n'est n\u00e9cessaire - il suffit de suivre le guide ! <strong>Aventure en rafting :<\/strong> Pr\u00e9parez-vous et rejoignez votre \u00e9quipe pour un rafting inoubliable le long du fleuve. <strong>Rivi\u00e8re K\u00f6pr\u00fc\u00e7ay<\/strong>. Pagayez sur un parcours de 12 km rempli de rapides et d'amusements. <strong>Zipline :<\/strong> \u00c0 mi-parcours du rafting, vous pourrez faire une tyrolienne de 350 m\u00e8tres \u00e0 travers le canyon, avec des vues \u00e0 couper le souffle. En fin de journ\u00e9e, profitez d'un d\u00e9jeuner barbecue au bord de la rivi\u00e8re avant de retourner \u00e0 votre h\u00f4tel \u00e0 Belek.<\/div>\n<h3>\ud83d\uddfa\ufe0f Itin\u00e9raire de la visite<\/h3>\n<p>\ud83d\udd39 Prise en charge \u00e0 partir des h\u00f4tels de Belek et des environs<br \/>\nTransfert vers le centre de rafting de K\u00f6pr\u00fcl\u00fc Canyon<br \/>\n\ud83d\udd39 Safari en jeep - explorer les ponts romains et les routes de montagne<br \/>\n\ud83d\udd39 Balade en buggy ou en quad - 50 minutes d'aventure hors des sentiers battus<br \/>\n\ud83d\udd39 Rafting - piste de 12 km avec rapides et arr\u00eats ludiques<br \/>\nZipline - 350 m\u00e8tres \u00e0 travers le canyon<br \/>\n\ud83d\udd39 D\u00e9jeuner barbecue au bord de la rivi\u00e8re<br \/>\n\ud83d\udd39 Transfert retour \u00e0 l'h\u00f4tel<\/p>\n<h3>\u2139\ufe0f Informations utiles<\/h3>\n<p>Dur\u00e9e : environ 8-9 heures<br \/>\n\ud83d\udd39 Aucune exp\u00e9rience pr\u00e9alable du rafting n'est requise<br \/>\n\ud83d\udd39 Tous les \u00e9quipements de s\u00e9curit\u00e9 (gilets de sauvetage, casques) sont fournis.<br \/>\n\ud83d\udd39 Guides parlant anglais, russe et allemand disponibles<br \/>\n\ud83d\udd39 Chaussures d'eau et \u00e9tuis de t\u00e9l\u00e9phone imperm\u00e9ables disponibles \u00e0 l'achat<br \/>\n\ud83d\udd39 Les enfants de moins de 6 ans voyageant gratuitement n'ont pas de si\u00e8ge s\u00e9par\u00e9 dans le bus. Si le bus est plein, ils s'assoient sur les genoux d'un adulte, ou un si\u00e8ge s\u00e9par\u00e9 peut \u00eatre r\u00e9serv\u00e9<\/p>\n<h2>\ud83c\udf92 Ce qu'il faut apporter<\/h2>\n<p>Maillot de bain et serviette de bain<br \/>\n\ud83d\udd39 V\u00eatements et chaussures de rechange<br \/>\n\ud83d\udd39 Cr\u00e8me solaire et lunettes de soleil<br \/>\n\ud83d\udd39 \u00c9tui \u00e9tanche pour appareil photo ou t\u00e9l\u00e9phone portable<br \/>\n\ud83d\udd39 Argent liquide pour les boissons, les photos ou les souvenirs<\/p>\n<h3>\ud83d\udeab Ne convient pas pour<\/h3>\n<p>\ud83d\udd39 Femmes enceintes<br \/>\n\ud83d\udd39 Les personnes souffrant de troubles cardiaques<br \/>\n\ud83d\udd39 Voyageurs \u00e0 mobilit\u00e9 r\u00e9duite<br \/>\n\ud83d\udd39 Enfants de moins de 4 ans<\/p>\n<h2>\ud83d\udcb8 Prix et r\u00e9servation<\/h2>\n<p><strong>\ud83d\udd39 R\u00e9server maintenant, payer le jour de la visite<\/strong><br \/>\n\ud83d\udd39 Contactez-nous via WhatsApp, Telegram, Viber, ou remplissez le formulaire de r\u00e9servation ci-dessous \ud83d\udc47\ud83c\udffc<\/p>\n<p>\u00c0 la recherche d'alternatives ? Parcourir <a href=\"https:\/\/excursionsworld.com\/fr\/excursions-a-belek\/\">plus de visites \u00e0 Belek<\/a>.<\/p>","protected":false},"excerpt":{"rendered":"<p data-start=\"227\" data-end=\"394\">Vivez une exp\u00e9rience inoubliable <strong data-start=\"255\" data-end=\"286\">Circuit d'aventure 4 en 1 \u00e0 Belek<\/strong> avec rafting, safari en jeep, buggy et tyrolienne. L'excursion combin\u00e9e ultime et l'excursion d'une journ\u00e9e pour les amateurs de sensations fortes !<\/p>","protected":false},"featured_media":15513,"comment_status":"open","ping_status":"closed","template":"","meta":[],"product_brand":[],"product_cat":[126],"product_tag":[120],"class_list":{"0":"post-15502","1":"product","2":"type-product","3":"status-publish","4":"has-post-thumbnail","6":"tour_phys-belek-tours","7":"product_cat-belek-tours","8":"product_tag-belek","9":"pa_destination-belek-tours","11":"first","12":"instock","13":"sale","14":"shipping-taxable","15":"purchasable","16":"product-type-tour_phys"},"aioseo_notices":[],"_links":{"self":[{"href":"https:\/\/excursionsworld.com\/fr\/wp-json\/wp\/v2\/product\/15502","targetHints":{"allow":["GET"]}}],"collection":[{"href":"https:\/\/excursionsworld.com\/fr\/wp-json\/wp\/v2\/product"}],"about":[{"href":"https:\/\/excursionsworld.com\/fr\/wp-json\/wp\/v2\/types\/product"}],"replies":[{"embeddable":true,"href":"https:\/\/excursionsworld.com\/fr\/wp-json\/wp\/v2\/comments?post=15502"}],"wp:featuredmedia":[{"embeddable":true,"href":"https:\/\/excursionsworld.com\/fr\/wp-json\/wp\/v2\/media\/15513"}],"wp:attachment":[{"href":"https:\/\/excursionsworld.com\/fr\/wp-json\/wp\/v2\/media?parent=15502"}],"wp:term":[{"taxonomy":"product_brand","embeddable":true,"href":"https:\/\/excursionsworld.com\/fr\/wp-json\/wp\/v2\/product_brand?post=15502"},{"taxonomy":"product_cat","embeddable":true,"href":"https:\/\/excursionsworld.com\/fr\/wp-json\/wp\/v2\/product_cat?post=15502"},{"taxonomy":"product_tag","embeddable":true,"href":"https:\/\/excursionsworld.com\/fr\/wp-json\/wp\/v2\/product_tag?post=15502"}],"curies":[{"name":"wp","href":"https:\/\/api.w.org\/{rel}","templated":true}]}}