{"id":15503,"date":"2025-10-30T19:36:40","date_gmt":"2025-10-30T16:36:40","guid":{"rendered":"https:\/\/excursionsworld.com\/?post_type=product&#038;p=15503"},"modified":"2026-04-24T00:21:07","modified_gmt":"2026-04-23T21:21:07","slug":"rafting-tazi-canyon-buggy-antalya","status":"publish","type":"product","link":"https:\/\/excursionsworld.com\/tours\/rafting-tazi-canyon-buggy-antalya\/","title":{"rendered":"Rafting &amp; Canyon de Taz\u0131 depuis Antalya \u2013 Buggy, Tyrolienne &amp; 4-en-1 Aventure"},"content":{"rendered":"<h2>\ud83c\udfdd\ufe0f <strong>Vue d'ensemble<\/strong><\/h2>\n<p>Vivez l'ultime aventure 4+1 \u00e0 partir de <strong><a href=\"https:\/\/en.wikipedia.org\/wiki\/Antalya\" target=\"_blank\" rel=\"noopener\">Antalya<\/a><\/strong>! D\u00e9couvrez l'\u00e9poustouflante <strong>Canyon de Taz\u0131<\/strong> et <strong>Canyon de K\u00f6pr\u00fcl\u00fc<\/strong> dans le cadre d'un <strong>Safari en jeep et rafting<\/strong> voyage, puis profiter d'un <strong>Promenade en buggy<\/strong> \u00e0 travers les sentiers forestiers et s'envoler \u00e0 travers le canyon sur un <strong>Zipline<\/strong>. Parfait pour les amateurs d'adr\u00e9naline et les amoureux de la nature !<\/p>\n<h3><strong>Inclus :<\/strong><\/h3>\n<p><span style=\"color: #00ff00;\"><strong>\u2713<\/strong> <\/span>Prise en charge et retour \u00e0 l'h\u00f4tel\u00a0<br \/><span style=\"color: #00ff00;\"><strong>\u2713<\/strong> <\/span>Guide professionnel<br \/><span style=\"color: #00ff00;\"><strong>\u2713<\/strong> <\/span>Safari en jeep au canyon de Taz\u0131<br \/><span style=\"color: #00ff00;\"><strong>\u2713<\/strong> <\/span>Rafting avec \u00e9quipement (gilet de sauvetage, casque, pagaies)<br \/><span style=\"color: #00ff00;\"><strong>\u2713<\/strong> <\/span>Promenade en buggy ou en quad<br \/><span style=\"color: #00ff00;\"><strong>\u2713<\/strong> <\/span>Exp\u00e9rience de zipline<br \/><span style=\"color: #00ff00;\"><strong>\u2713<\/strong> <\/span>D\u00e9jeuner au bord de la rivi\u00e8re<br \/><span style=\"color: #00ff00;\"><strong>\u2713<\/strong> <\/span>Assurance compl\u00e8te<\/p>\n<h3><strong>Non inclus :<\/strong><\/h3>\n<p><span style=\"color: #ff0000;\"><strong>\u2717<\/strong><\/span> Boissons<br \/><span style=\"color: #ff0000;\"><strong>\u2717 <\/strong><\/span>Photos et vid\u00e9os<\/p>\n<h2>\ud83c\udf1f <strong>Points forts de la visite<\/strong><\/h2>\n<p>Combinaison 4 en 1 : Jeep Safari, Rafting, Buggy\/Quad Ride, et Zipline<br \/>\ud83d\udd39 Excursion panoramique en jeep jusqu'au c\u00e9l\u00e8bre parc national de la ville. <strong>Point de vue du canyon de Taz\u0131<\/strong><br \/>\ud83d\udd39 Capturez des photos \u00e9poustouflantes du l\u00e9gendaire <strong>Falaises d'Eagle Canyon<\/strong><br \/>\ud83d\udd39 Rafting \u00e0 travers le rafra\u00eechissement <strong>Rivi\u00e8re K\u00f6pr\u00fc\u00e7ay<\/strong> rapides<br \/>\ud83d\udd39 Zipline au-dessus du canyon - palpitant et inoubliable<br \/>\ud83d\udd39 Promenade en buggy ou en quad \u00e0 travers les sentiers forestiers et les chemins de bord de rivi\u00e8re<br \/>\ud83d\udd39 D\u00e9licieux d\u00e9jeuner barbecue au bord de la rivi\u00e8re inclus<br \/>\ud83d\udd39 Parfait pour les familles, les d\u00e9butants et les amateurs d'aventure<\/p>\n<h2>\ud83d\udcd6 <strong>Description compl\u00e8te<\/strong><\/h2>\n<div>Votre aventure commence par une confortable <strong>prise en charge \u00e0 l'h\u00f4tel \u00e0 partir d'Antalya et des environs<\/strong> (Lara, Kundu, Belek, Kadriye, Konyaalt\u0131). Profitez d'un trajet pittoresque \u00e0 travers les montagnes du Taurus jusqu'\u00e0 <strong>Parc national du canyon de K\u00f6pr\u00fcl\u00fc<\/strong> - l'une des plus belles r\u00e9gions naturelles de Turquie. <strong>Safari en jeep au canyon de Taz\u0131 :<\/strong> Sautez dans des jeeps d\u00e9capotables et parcourez des routes de montagne accident\u00e9es en direction du c\u00e9l\u00e8bre <strong>Canyon de Taz\u0131<\/strong>, \u00e9galement connu sous le nom de <strong>Canyon de l'Aigle<\/strong>. Admirez les falaises \u00e0 couper le souffle et prenez des photos incroyables depuis les points de vue panoramiques. <strong>Balade en buggy \/ quad :<\/strong> Poursuivez votre voyage avec une exp\u00e9rience hors route de 50 minutes sur des chemins forestiers et des sentiers de bord de rivi\u00e8re - facile, s\u00fbr et plein d'\u00e9motions ! <strong>Aventure en rafting :<\/strong> Pr\u00e9parez votre \u00e9quipement et participez \u00e0 une session de rafting amusante sur le fleuve. <strong>12 km Rivi\u00e8re K\u00f6pr\u00fc\u00e7ay<\/strong>. Pagayez \u00e0 travers des rapides \u00e9claboussants et profitez de la fra\u00eecheur de l'eau de montagne. <strong>Zipline :<\/strong> \u00c0 mi-parcours du rafting, profitez d'une s\u00e9ance d'adr\u00e9naline. <strong>Tyrolienne de 350 m\u00e8tres<\/strong> La travers\u00e9e du canyon est un m\u00e9lange parfait d'aventure et de paysage.<\/div>\n<div>Apr\u00e8s la visite, d\u00e9tendez-vous et d\u00e9gustez un d\u00e9licieux <strong>d\u00e9jeuner barbecue au bord de l'eau<\/strong>, Vous pourrez ensuite vous rendre confortablement \u00e0 votre h\u00f4tel \u00e0 Antalya.<\/div>\n<h3>\ud83d\uddfa\ufe0f <strong>Itin\u00e9raire de la visite<\/strong><\/h3>\n<p>\ud83d\udd39 Prise en charge \u00e0 partir des h\u00f4tels \u00e0 Antalya, Lara, Kundu, Belek, Kadriye et Konyaalt\u0131<br \/>Transfert vers le centre de rafting de K\u00f6pr\u00fcl\u00fc Canyon<br \/>Safari en jeep au point de vue du canyon de Taz\u0131<br \/>\ud83d\udd39 Balade en buggy ou en quad - 50 minutes d'aventure hors des sentiers battus<br \/>\ud83d\udd39 Rafting - parcours de 12 km sur la rivi\u00e8re K\u00f6pr\u00fc\u00e7ay<br \/>Zipline - 350 m\u00e8tres \u00e0 travers le canyon<br \/>\ud83d\udd39 D\u00e9jeuner barbecue au bord de la rivi\u00e8re<br \/>\ud83d\udd39 Transfert retour \u00e0 l'h\u00f4tel<\/p>\n<h3>\u2139\ufe0f <strong>Informations utiles<\/strong><\/h3>\n<p>Dur\u00e9e : environ 10-11 heures<br \/>\ud83d\udd39 Aucune exp\u00e9rience pr\u00e9alable n'est requise<br \/>\ud83d\udd39 Tous les \u00e9quipements de s\u00e9curit\u00e9 sont fournis<br \/>Les guides parlent anglais, russe et allemand.<br \/>\ud83d\udd39 Chaussures d'eau et \u00e9tuis de t\u00e9l\u00e9phone disponibles \u00e0 l'achat<br \/>\ud83d\udd39 Les enfants de moins de 6 ans voyagent gratuitement (pas de si\u00e8ge s\u00e9par\u00e9 dans le bus)<\/p>\n<h2>\ud83c\udf92 <strong>Ce qu'il faut apporter<\/strong><\/h2>\n<p>Maillot de bain et serviette de bain<br \/>\ud83d\udd39 V\u00eatements et chaussures de rechange<br \/>\ud83d\udd39 Cr\u00e8me solaire et lunettes de soleil<br \/>\ud83d\udd39 \u00c9tui \u00e9tanche pour appareil photo ou t\u00e9l\u00e9phone portable<br \/>\ud83d\udd39 Argent liquide pour les boissons, les photos ou les souvenirs<\/p>\n<h3>\ud83d\udeab <strong>Ne convient pas<\/strong><\/h3>\n<p>\ud83d\udd39 Femmes enceintes<br \/>\ud83d\udd39 Les personnes souffrant de troubles cardiaques<br \/>\ud83d\udd39 Voyageurs \u00e0 mobilit\u00e9 r\u00e9duite<br \/>\ud83d\udd39 Enfants de moins de 4 ans<\/p>\n<h2>\ud83d\udcb8 <strong>Prix et r\u00e9servation<\/strong><\/h2>\n<p><strong>\ud83d\udd39 R\u00e9server maintenant, payer le jour de la visite<\/strong><br \/>\ud83d\udd39 Contactez-nous via WhatsApp, Telegram, Viber, ou remplissez le formulaire de r\u00e9servation ci-dessous \ud83d\udc47\ud83c\udffc<\/p>\n<p>\u00c0 la recherche d'alternatives ? Parcourir <a href=\"https:\/\/excursionsworld.com\/fr\/excursions-a-antalya\/\">plus de visites \u00e0 Antalya<\/a>.<\/p>","protected":false},"excerpt":{"rendered":"<p data-start=\"345\" data-end=\"532\">Vivez l'ultime aventure 4 en 1 depuis Antalya ! D\u00e9couvrez les canyons de Taz\u0131 et de K\u00f6pr\u00fcl\u00fc avec un safari en jeep, du rafting, du buggy et de la tyrolienne en une seule visite combin\u00e9e palpitante.<\/p>","protected":false},"featured_media":15513,"comment_status":"open","ping_status":"closed","template":"","meta":[],"product_brand":[],"product_cat":[125],"product_tag":[107],"class_list":{"0":"post-15503","1":"product","2":"type-product","3":"status-publish","4":"has-post-thumbnail","6":"tour_phys-antalya-tours","7":"product_cat-antalya-tours","8":"product_tag-antalya","9":"pa_destination-antalya-tours","11":"first","12":"instock","13":"sale","14":"shipping-taxable","15":"purchasable","16":"product-type-tour_phys"},"aioseo_notices":[],"_links":{"self":[{"href":"https:\/\/excursionsworld.com\/fr\/wp-json\/wp\/v2\/product\/15503","targetHints":{"allow":["GET"]}}],"collection":[{"href":"https:\/\/excursionsworld.com\/fr\/wp-json\/wp\/v2\/product"}],"about":[{"href":"https:\/\/excursionsworld.com\/fr\/wp-json\/wp\/v2\/types\/product"}],"replies":[{"embeddable":true,"href":"https:\/\/excursionsworld.com\/fr\/wp-json\/wp\/v2\/comments?post=15503"}],"wp:featuredmedia":[{"embeddable":true,"href":"https:\/\/excursionsworld.com\/fr\/wp-json\/wp\/v2\/media\/15513"}],"wp:attachment":[{"href":"https:\/\/excursionsworld.com\/fr\/wp-json\/wp\/v2\/media?parent=15503"}],"wp:term":[{"taxonomy":"product_brand","embeddable":true,"href":"https:\/\/excursionsworld.com\/fr\/wp-json\/wp\/v2\/product_brand?post=15503"},{"taxonomy":"product_cat","embeddable":true,"href":"https:\/\/excursionsworld.com\/fr\/wp-json\/wp\/v2\/product_cat?post=15503"},{"taxonomy":"product_tag","embeddable":true,"href":"https:\/\/excursionsworld.com\/fr\/wp-json\/wp\/v2\/product_tag?post=15503"}],"curies":[{"name":"wp","href":"https:\/\/api.w.org\/{rel}","templated":true}]}}