{"id":15508,"date":"2025-10-30T19:44:05","date_gmt":"2025-10-30T16:44:05","guid":{"rendered":"https:\/\/excursionsworld.com\/?post_type=product&#038;p=15508"},"modified":"2026-04-24T01:27:07","modified_gmt":"2026-04-23T22:27:07","slug":"rafting-tazi-canyon-buggy-kemer","status":"publish","type":"product","link":"https:\/\/excursionsworld.com\/tours\/rafting-tazi-canyon-buggy-kemer\/","title":{"rendered":"Rafting &amp; Canyon de Taz\u0131 depuis Kemer \u2013 Buggy, Tyrolienne &amp; Aventure 4-en-1"},"content":{"rendered":"<h2>\ud83c\udfdd\ufe0f Vue d'ensemble<\/h2>\n<p>Vivez l'ultime aventure 4+1 \u00e0 partir de <a href=\"https:\/\/en.wikipedia.org\/wiki\/Kemer,_Antalya\" target=\"_blank\" rel=\"noopener\">Kemer<\/a>! D\u00e9couvrez l'\u00e9poustouflante <strong>Canyon de Taz\u0131<\/strong> et <strong>Canyon de K\u00f6pr\u00fcl\u00fc<\/strong> dans le cadre d'un <strong>Safari en jeep et rafting<\/strong> voyage, puis profiter d'un <strong data-is-only-node=\"\">Promenade en buggy<\/strong> \u00e0 travers les sentiers forestiers et s'envoler \u00e0 travers le canyon sur un <strong>Zipline<\/strong>.<br \/>\nParfait pour les amateurs d'adr\u00e9naline et les amoureux de la nature !<\/p>\n<h3>Inclus :<\/h3>\n<div><span style=\"color: #00ff00;\"><strong>\u2713<\/strong> <\/span>Prise en charge et retour \u00e0 l'h\u00f4tel<br \/>\n<span style=\"color: #00ff00;\"><strong>\u2713<\/strong> <\/span>Guide professionnel<br \/>\n<span style=\"color: #00ff00;\"><strong>\u2713<\/strong> <\/span>Safari en jeep au canyon de Taz\u0131<br \/>\n<span style=\"color: #00ff00;\"><strong>\u2713<\/strong> <\/span>Promenade en buggy ou en quad<br \/>\n<span style=\"color: #00ff00;\"><strong>\u2713<\/strong> <\/span>Exp\u00e9rience de zipline<br \/>\n<span style=\"color: #00ff00;\"><strong>\u2713<\/strong> <\/span>D\u00e9jeuner au bord de la rivi\u00e8re<br \/>\n<span style=\"color: #00ff00;\"><strong>\u2713<\/strong> <\/span>Assurance compl\u00e8te<\/div>\n<div><span style=\"color: #00ff00;\"><strong>\u2713<\/strong> <\/span>Rafting avec \u00e9quipement (gilet de sauvetage, casque, pagaies)<\/div>\n<h3>Non inclus :<\/h3>\n<p><span style=\"color: #ff0000;\"><strong>\u2717<\/strong><\/span> Boissons<br \/>\n<span style=\"color: #ff0000;\"><strong>\u2717 <\/strong><\/span>Photos et vid\u00e9os<\/p>\n<h2>\ud83c\udf1f Points forts de la visite en rafting et au canyon de Taz\u0131<\/h2>\n<p>Combinaison 4 en 1 : Jeep Safari, Rafting, Buggy\/Quad Ride, et Zipline<br \/>\n\ud83d\udd39 Excursion panoramique en jeep ouverte jusqu'\u00e0 la c\u00e9l\u00e8bre ville de Kampala. <strong>Point de vue du canyon de Taz\u0131<\/strong><br \/>\n\ud83d\udd39 Prendre des photos \u00e9poustouflantes en surplomb des l\u00e9gendaires falaises d'Eagle Canyon<br \/>\n\ud83d\udd39 Rafting dans les rapides rafra\u00eechissants de la rivi\u00e8re K\u00f6pr\u00fc\u00e7ay<br \/>\n\ud83d\udd39 Zipline au-dessus du canyon - de l'adr\u00e9naline et du plaisir \u00e0 l'\u00e9tat pur<br \/>\n\ud83d\udd39 Promenade en buggy ou en quad \u00e0 travers les sentiers forestiers et les chemins de bord de rivi\u00e8re<br \/>\n\ud83d\udd39 D\u00e9licieux d\u00e9jeuner barbecue au bord de la rivi\u00e8re inclus<br \/>\n\ud83d\udd39 Convient aux familles, aux d\u00e9butants et aux amateurs de sensations fortes<\/p>\n<h2>Exp\u00e9rience de rafting et du canyon de Taz\u0131<\/h2>\n<p>L'aventure commence par une prise en charge confortable \u00e0 l'h\u00f4tel depuis Kemer ou les environs, suivie d'un trajet pittoresque jusqu'au parc national du canyon de K\u00f6pr\u00fcl\u00fc.<br \/>\n<strong>Safari en jeep au canyon de Taz\u0131 :<\/strong> Montez dans des jeeps d\u00e9capotables et traversez les montagnes accident\u00e9es du Taurus en direction des c\u00e9l\u00e8bres <strong>Canyon de Taz\u0131<\/strong>, \u00e9galement connu sous le nom de <strong>Canyon de l'Aigle<\/strong>. Profitez de vues panoramiques \u00e0 couper le souffle et prenez des photos incroyables depuis les falaises qui s'\u00e9l\u00e8vent au-dessus de la rivi\u00e8re K\u00f6pr\u00fc\u00e7ay.<br \/>\n<strong>Balade en buggy \/ quad :<\/strong> Poursuivez votre aventure avec une balade hors route de 50 minutes le long des pistes foresti\u00e8res poussi\u00e9reuses et des berges des rivi\u00e8res. Aucune exp\u00e9rience n'est n\u00e9cessaire, il suffit de suivre votre guide et de s'amuser !<br \/>\n<strong>Aventure en rafting :<\/strong> Pr\u00e9parez-vous \u00e0 pagayer sur un tron\u00e7on de 12 km de la rivi\u00e8re K\u00f6pr\u00fc\u00e7ay. Profitez des rapides, des \u00e9claboussures et des rires pendant que votre \u00e9quipe navigue sur les vagues.<br \/>\n<strong>Zipline :<\/strong> \u00c0 mi-chemin de la descente en rafting, faites une descente en tyrolienne pleine d'adr\u00e9naline - 350 m\u00e8tres \u00e0 travers le canyon avec une vue imprenable en contrebas.<br \/>\nApr\u00e8s une journ\u00e9e inoubliable, profitez d'un d\u00e9licieux d\u00e9jeuner barbecue au bord de la rivi\u00e8re avant de retourner \u00e0 votre h\u00f4tel \u00e0 Kemer.<\/p>\n<h3>\ud83d\uddfa\ufe0f Itin\u00e9raire de la visite<\/h3>\n<p>\ud83d\udd39 Prise en charge \u00e0 partir des h\u00f4tels de Kemer, \u00c7amyuva, Tekirova et des environs.<br \/>\nTransfert vers le centre de rafting de K\u00f6pr\u00fcl\u00fc Canyon<br \/>\n\ud83d\udd39 Safari en jeep \u00e0 toit ouvert jusqu'au point de vue du canyon de Taz\u0131.<br \/>\n\ud83d\udd39 Balade en buggy ou en quad - 50 minutes d'aventure hors des sentiers battus<br \/>\n\ud83d\udd39 Rafting - parcours de 12 km avec des rapides et des \u00e9claboussures amusantes<br \/>\nZipline - 350 m\u00e8tres \u00e0 travers le canyon<br \/>\n\ud83d\udd39 D\u00e9jeuner barbecue au bord de la rivi\u00e8re<br \/>\n\ud83d\udd39 Transfert retour \u00e0 l'h\u00f4tel<\/p>\n<h3>\u2139\ufe0f Informations utiles<\/h3>\n<p>Dur\u00e9e : environ 10 heures<br \/>\n\ud83d\udd39 Aucune exp\u00e9rience pr\u00e9alable n'est requise<br \/>\n\ud83d\udd39 Tous les \u00e9quipements de s\u00e9curit\u00e9 sont fournis<br \/>\n\ud83d\udd39 Guides parlant anglais, russe et allemand disponibles<br \/>\n\ud83d\udd39 Chaussures d'eau et \u00e9tuis de t\u00e9l\u00e9phone imperm\u00e9ables disponibles \u00e0 l'achat<br \/>\n\ud83d\udd39 Les enfants de moins de 6 ans voyagent gratuitement (pas de si\u00e8ge s\u00e9par\u00e9 dans le bus)<\/p>\n<h2>\ud83c\udf92 Ce qu'il faut apporter<\/h2>\n<p>Maillot de bain et serviette de bain<br \/>\n\ud83d\udd39 V\u00eatements et chaussures de rechange<br \/>\n\ud83d\udd39 Cr\u00e8me solaire et lunettes de soleil<br \/>\n\ud83d\udd39 \u00c9tui \u00e9tanche pour appareil photo ou t\u00e9l\u00e9phone portable<br \/>\n\ud83d\udd39 Argent liquide pour les boissons, les photos ou les souvenirs<\/p>\n<h3>\ud83d\udeab Ne convient pas pour<\/h3>\n<p>\ud83d\udd39 Femmes enceintes<br \/>\n\ud83d\udd39 Les personnes souffrant de troubles cardiaques<br \/>\n\ud83d\udd39 Voyageurs \u00e0 mobilit\u00e9 r\u00e9duite<br \/>\n\ud83d\udd39 Enfants de moins de 4 ans<\/p>\n<h2>\ud83d\udcb8 Prix et r\u00e9servation<\/h2>\n<p><strong>\ud83d\udd39 R\u00e9server maintenant, payer le jour de la visite<\/strong><br \/>\n\ud83d\udd39 Contactez-nous via WhatsApp, Telegram, Viber, ou remplissez le formulaire de r\u00e9servation ci-dessous \ud83d\udc47\ud83c\udffc<\/p>\n<p>\u00c0 la recherche d'alternatives ? Parcourir <a href=\"https:\/\/excursionsworld.com\/fr\/excursions-a-kemer\/\">Plus de visites \u00e0 Kemer<\/a>.<\/p>","protected":false},"excerpt":{"rendered":"<p data-start=\"519\" data-end=\"694\">Participez \u00e0 l'excursion d'aventure 4 en 1 \u00e0 Antalya ! D\u00e9couvrez les canyons de Taz\u0131 et de K\u00f6pr\u00fcl\u00fc avec un safari en jeep, du rafting, une balade en buggy et de la tyrolienne - la meilleure excursion combin\u00e9e pour les amoureux de la nature.<\/p>","protected":false},"featured_media":15519,"comment_status":"open","ping_status":"closed","template":"","meta":[],"product_brand":[],"product_cat":[124],"product_tag":[105],"class_list":{"0":"post-15508","1":"product","2":"type-product","3":"status-publish","4":"has-post-thumbnail","6":"tour_phys-kemer-tours","7":"product_cat-kemer-tours","8":"product_tag-kemer","9":"pa_destination-kemer-tours","11":"first","12":"instock","13":"sale","14":"featured","15":"shipping-taxable","16":"purchasable","17":"product-type-tour_phys"},"aioseo_notices":[],"_links":{"self":[{"href":"https:\/\/excursionsworld.com\/fr\/wp-json\/wp\/v2\/product\/15508","targetHints":{"allow":["GET"]}}],"collection":[{"href":"https:\/\/excursionsworld.com\/fr\/wp-json\/wp\/v2\/product"}],"about":[{"href":"https:\/\/excursionsworld.com\/fr\/wp-json\/wp\/v2\/types\/product"}],"replies":[{"embeddable":true,"href":"https:\/\/excursionsworld.com\/fr\/wp-json\/wp\/v2\/comments?post=15508"}],"wp:featuredmedia":[{"embeddable":true,"href":"https:\/\/excursionsworld.com\/fr\/wp-json\/wp\/v2\/media\/15519"}],"wp:attachment":[{"href":"https:\/\/excursionsworld.com\/fr\/wp-json\/wp\/v2\/media?parent=15508"}],"wp:term":[{"taxonomy":"product_brand","embeddable":true,"href":"https:\/\/excursionsworld.com\/fr\/wp-json\/wp\/v2\/product_brand?post=15508"},{"taxonomy":"product_cat","embeddable":true,"href":"https:\/\/excursionsworld.com\/fr\/wp-json\/wp\/v2\/product_cat?post=15508"},{"taxonomy":"product_tag","embeddable":true,"href":"https:\/\/excursionsworld.com\/fr\/wp-json\/wp\/v2\/product_tag?post=15508"}],"curies":[{"name":"wp","href":"https:\/\/api.w.org\/{rel}","templated":true}]}}