{"id":15533,"date":"2025-11-01T18:52:21","date_gmt":"2025-11-01T15:52:21","guid":{"rendered":"https:\/\/excursionsworld.com\/?post_type=product&#038;p=15533\/"},"modified":"2026-04-24T00:21:07","modified_gmt":"2026-04-23T21:21:07","slug":"demre-myra-kekova-kemer","status":"publish","type":"product","link":"https:\/\/excursionsworld.com\/tours\/demre-myra-kekova-kemer\/","title":{"rendered":"Excursion \u00e0 Demre, Myra &amp; Kekova depuis Kemer \u2013 \u00c9glise Saint-Nicolas"},"content":{"rendered":"<h2 dir=\"ltr\" data-pm-slice=\"1 1 []\"><span style=\"color: #000000;\"><strong>\ud83c\udfdd\ufe0f Vue d'ensemble<\/strong><\/span><\/h2>\n<p dir=\"ltr\">Embarquez pour un voyage captivant d'une journ\u00e9e au d\u00e9part de Kemer pour explorer les merveilles antiques de la Lycie. Nous proposons des transferts confortables depuis les h\u00f4tels de Beldibi, G\u00f6yn\u00fck, Kemer, Kiri\u015f, \u00c7amyuva et Tekirova, afin que vous puissiez commencer votre journ\u00e9e en toute s\u00e9r\u00e9nit\u00e9. Survolez la cit\u00e9 engloutie de Kekova \u00e0 bord d'un yacht \u00e0 fond de verre, visitez les tombes rupestres de Myra et d\u00e9couvrez l'histoire de l'\u00e9glise Saint-Nicolas, \u00e0 l'origine du P\u00e8re No\u00ebl. Cette excursion est id\u00e9ale pour les passionn\u00e9s d'histoire et les familles \u00e0 la recherche d'un m\u00e9lange de culture et de beaut\u00e9 des paysages.<\/p>\n<h3><span style=\"color: #000000;\"><strong>Inclus :<\/strong><\/span><\/h3>\n<p dir=\"ltr\"><strong><span style=\"color: #00ff00;\">\u2713<\/span><\/strong> Prise en charge et retour \u00e0 l'h\u00f4tel<br \/>\n<strong><span style=\"color: #00ff00;\">\u2713 <\/span><\/strong>Bus confortable et climatis\u00e9<br \/>\n<strong><span style=\"color: #00ff00;\">\u2713 <\/span><\/strong>Excursion en yacht \u00e0 fond de verre<br \/>\n<strong><span style=\"color: #00ff00;\">\u2713 <\/span><\/strong>Frais d'entr\u00e9e \u00e0 Myra<br \/>\n<strong><span style=\"color: #00ff00;\">\u2713 <\/span><\/strong>Guide professionnel<br \/>\n<strong><span style=\"color: #00ff00;\">\u2713 <\/span><\/strong>Assurance compl\u00e8te<br \/>\n<strong><span style=\"color: #00ff00;\">\u2713 <\/span><\/strong>D\u00e9jeuner local d\u00e9licieux<\/p>\n<h3><span style=\"color: #000000;\"><strong>Non inclus :<\/strong><\/span><\/h3>\n<div dir=\"ltr\"><strong><span style=\"color: #ff0000;\">\u2717 <\/span><\/strong>\u00a0Entr\u00e9e de l'\u00e9glise Saint-Nicolas (facultatif)<\/div>\n<div dir=\"ltr\"><strong><span style=\"color: #ff0000;\">\u2717<\/span><\/strong> D\u00e9penses personnelles<br \/>\n<strong><span style=\"color: #ff0000;\">\u2717 <\/span><\/strong>Boissons<\/div>\n<h2 dir=\"ltr\"><span style=\"color: #000000;\"><strong>\ud83c\udf1f Points forts de la visite<\/strong><\/span><\/h2>\n<p dir=\"ltr\">\ud83d\udd39 Croisi\u00e8re sur la cit\u00e9 engloutie de Kekova \u00e0 bord d'un yacht \u00e0 fond de verre<br \/>\n\ud83d\udd39 Explorer les tombes rupestres et le th\u00e9\u00e2tre romain de Myra<br \/>\n\ud83d\udd39 Visitez l'\u00e9glise Saint-Nicolas \u00e0 <a href=\"https:\/\/en.wikipedia.org\/wiki\/Demre\" target=\"_blank\" rel=\"noopener\">Demre<\/a>, li\u00e9 au p\u00e8re No\u00ebl<br \/>\n\ud83d\udd39 Nager dans les eaux cristallines de la M\u00e9diterran\u00e9e pr\u00e8s de Kekova<br \/>\n\ud83d\udd39 Vue imprenable sur le ch\u00e2teau de Simena depuis le yacht<br \/>\n\ud83d\udd39 Transferts pratiques vers l'h\u00f4tel pour une journ\u00e9e confortable<br \/>\n\ud83d\udd39 Croisi\u00e8re de 2,5 heures \u00e0 partir du port de \u00c7aya\u011fz\u0131<\/p>\n<h2 dir=\"ltr\"><span style=\"color: #000000;\"><strong>\ud83d\udcd6 Description compl\u00e8te<\/strong><\/span><\/h2>\n<div dir=\"ltr\">L'aventure commence par un transfert confortable depuis votre h\u00f4tel \u00e0 Kemer et un trajet pittoresque le long de la c\u00f4te m\u00e9diterran\u00e9enne jusqu'\u00e0 l'ancienne r\u00e9gion lycienne.<\/div>\n<div dir=\"ltr\">La premi\u00e8re \u00e9tape est Myra, o\u00f9 vous d\u00e9couvrirez des tombes rupestres sculpt\u00e9es dans les falaises et un th\u00e9\u00e2tre gr\u00e9co-romain bien pr\u00e9serv\u00e9, t\u00e9moins de la riche histoire de la Lycie.<\/div>\n<div dir=\"ltr\">Ensuite, visite de l'\u00e9glise Saint-Nicolas \u00e0 Demre, construite au 4e si\u00e8cle sur le lieu de s\u00e9pulture du saint, qui a inspir\u00e9 la l\u00e9gende du P\u00e8re No\u00ebl. Apr\u00e8s un d\u00e9licieux d\u00e9jeuner compos\u00e9 de plats locaux, rendez-vous au port de \u00c7aya\u011fz\u0131 pour embarquer sur un yacht \u00e0 fond de verre pour une croisi\u00e8re de deux heures et demie jusqu'\u00e0 l'\u00eele de Kekova.<\/div>\n<div dir=\"ltr\">\u00c0 travers le plancher transparent du yacht, admirez les ruines sous-marines d'une ville engloutie, d\u00e9truite par un ancien tremblement de terre. Admirez le ch\u00e2teau de Simena perch\u00e9 sur une colline et nagez dans les eaux turquoise de Kekova. La journ\u00e9e se termine par un retour relaxant \u00e0 votre h\u00f4tel, rempli de souvenirs inoubliables.<\/div>\n<h3 dir=\"ltr\"><span style=\"color: #000000;\"><strong>\ud83d\uddfa\ufe0f Itin\u00e9raire de la visite<\/strong><\/span><\/h3>\n<p dir=\"ltr\">\ud83d\udd39 Prise en charge \u00e0 l'h\u00f4tel \u00e0 Kemer<br \/>\n\ud83d\udd39 Visite des tombes rupestres et du th\u00e9\u00e2tre romain \u00e0 Myra<br \/>\nVisite de l'\u00e9glise Saint-Nicolas \u00e0 Demre (entr\u00e9e non comprise)<br \/>\n\ud83d\udd39 D\u00e9jeuner avec des plats locaux<br \/>\n\ud83d\udd39 Croisi\u00e8re en yacht \u00e0 fond de verre au d\u00e9part du port de \u00c7aya\u011fz\u0131<br \/>\nVue de la ville engloutie de Kekova et baignade<br \/>\n\ud83d\udd39 Retour au port de \u00c7aya\u011fz\u0131<br \/>\nTransfert de retour \u00e0 l'h\u00f4tel<\/p>\n<h3 dir=\"ltr\"><span style=\"color: #000000;\"><strong>\u2139\ufe0f Informations utiles<\/strong><\/span><\/h3>\n<p dir=\"ltr\">Dur\u00e9e de la visite : environ 8-9 heures<br \/>\n\ud83d\udd39 L'itin\u00e9raire peut \u00eatre modifi\u00e9 en fonction des conditions m\u00e9t\u00e9orologiques ou maritimes.<br \/>\n\ud83d\udd39 Activit\u00e9 physique mod\u00e9r\u00e9e (marche et natation)<br \/>\n\ud83d\udd39 Les enfants de moins de 6 ans voyageant gratuitement n'ont pas de si\u00e8ge s\u00e9par\u00e9 dans le bus. Si le bus est plein, ils s'assoient sur les genoux d'un adulte, ou un si\u00e8ge s\u00e9par\u00e9 peut \u00eatre r\u00e9serv\u00e9<\/p>\n<h2 dir=\"ltr\"><span style=\"color: #000000;\"><strong>\ud83c\udf92 Ce qu'il faut apporter<\/strong><\/span><\/h2>\n<p dir=\"ltr\">\ud83d\udd39 Chaussures de marche confortables<br \/>\nLunettes de soleil et cr\u00e8me solaire<br \/>\nMaillot de bain et serviette de bain<br \/>\n\ud83d\udd39 Argent liquide pour les d\u00e9penses personnelles<br \/>\n\ud83d\udd39 Appareil photo ou t\u00e9l\u00e9phone \u00e9tanche<\/p>\n<h3 dir=\"ltr\"><span style=\"color: #000000;\"><strong>\ud83d\udeab Ne convient pas pour<\/strong><\/span><\/h3>\n<p dir=\"ltr\">\ud83d\udd39 Personnes \u00e0 mobilit\u00e9 r\u00e9duite<br \/>\n\ud83d\udd39 Voyageurs souffrant de troubles m\u00e9dicaux graves<\/p>\n<h2 dir=\"ltr\"><span style=\"color: #000000;\"><strong>\ud83d\udcb8 Prix et r\u00e9servation<\/strong><\/span><\/h2>\n<p dir=\"ltr\"><strong>\ud83d\udd39 R\u00e9server maintenant, payer le jour de la visite<\/strong><br \/>\n\ud83d\udd39 Contactez-nous via WhatsApp, Telegram, Viber, ou remplissez le formulaire de r\u00e9servation ci-dessous. \ud83d\udc47\ud83c\udffc<\/p>\n<p>\u00c0 la recherche d'alternatives ? Parcourir <a href=\"https:\/\/excursionsworld.com\/fr\/excursions-a-kemer\/\">plus de circuits \u00e0 Kemer \u00e0 Demre<\/a>.<\/p>","protected":false},"excerpt":{"rendered":"<p>R\u00e9servez l'ultime <b>excursion historique<\/b>! Inoubliable <b>excursion d'une journ\u00e9e<\/b> de <b>Kemer<\/b> aux tombes de Myra, <b>\u00c9glise Saint-Nicolas<\/b>, et un bateau <b>voyage<\/b> sur le <b>Ville engloutie<\/b> de Kekova.<\/p>","protected":false},"featured_media":12563,"comment_status":"open","ping_status":"closed","template":"","meta":[],"product_brand":[],"product_cat":[124],"product_tag":[105],"class_list":{"0":"post-15533","1":"product","2":"type-product","3":"status-publish","4":"has-post-thumbnail","6":"tour_phys-kemer-tours","7":"product_cat-kemer-tours","8":"product_tag-kemer","9":"pa_destination-antalya-tours","10":"pa_destination-belek-tours","11":"pa_destination-side-tours","13":"first","14":"instock","15":"sale","16":"featured","17":"shipping-taxable","18":"purchasable","19":"product-type-tour_phys"},"aioseo_notices":[],"_links":{"self":[{"href":"https:\/\/excursionsworld.com\/fr\/wp-json\/wp\/v2\/product\/15533","targetHints":{"allow":["GET"]}}],"collection":[{"href":"https:\/\/excursionsworld.com\/fr\/wp-json\/wp\/v2\/product"}],"about":[{"href":"https:\/\/excursionsworld.com\/fr\/wp-json\/wp\/v2\/types\/product"}],"replies":[{"embeddable":true,"href":"https:\/\/excursionsworld.com\/fr\/wp-json\/wp\/v2\/comments?post=15533"}],"wp:featuredmedia":[{"embeddable":true,"href":"https:\/\/excursionsworld.com\/fr\/wp-json\/wp\/v2\/media\/12563"}],"wp:attachment":[{"href":"https:\/\/excursionsworld.com\/fr\/wp-json\/wp\/v2\/media?parent=15533"}],"wp:term":[{"taxonomy":"product_brand","embeddable":true,"href":"https:\/\/excursionsworld.com\/fr\/wp-json\/wp\/v2\/product_brand?post=15533"},{"taxonomy":"product_cat","embeddable":true,"href":"https:\/\/excursionsworld.com\/fr\/wp-json\/wp\/v2\/product_cat?post=15533"},{"taxonomy":"product_tag","embeddable":true,"href":"https:\/\/excursionsworld.com\/fr\/wp-json\/wp\/v2\/product_tag?post=15533"}],"curies":[{"name":"wp","href":"https:\/\/api.w.org\/{rel}","templated":true}]}}