{"id":15535,"date":"2025-11-01T18:54:28","date_gmt":"2025-11-01T15:54:28","guid":{"rendered":"https:\/\/excursionsworld.com\/?post_type=product&#038;p=15535\/"},"modified":"2026-04-24T01:27:07","modified_gmt":"2026-04-23T22:27:07","slug":"antalya-vieille-ville-cascades-kemer","status":"publish","type":"product","link":"https:\/\/excursionsworld.com\/tours\/antalya-city-tour-kemer\/","title":{"rendered":"Tour de ville d'Antalya depuis Kemer - Vieille ville, chutes d'eau et excursion en bateau"},"content":{"rendered":"<h2 dir=\"ltr\" data-pm-slice=\"1 1 []\"><span style=\"color: #000000;\"><strong>\u2600\ufe0f Vue d'ensemble<\/strong><\/span><\/h2>\n<p dir=\"ltr\">D\u00e9couvrez la beaut\u00e9 et le charme d'Antalya en une seule journ\u00e9e ! Cette excursion riche en activit\u00e9s comprend une excursion en bateau, une visite des magnifiques cascades de D\u00fcden, un d\u00e9jeuner turc et une promenade dans la vieille ville historique. Les transferts sont inclus depuis les h\u00f4tels \u00e0 <a href=\"https:\/\/en.wikipedia.org\/wiki\/Kemer,_Antalya\" target=\"_blank\" rel=\"noopener\">Kemer<\/a> et ses environs.<\/p>\n<h3 dir=\"ltr\"><span style=\"color: #000000;\"><strong>Inclus :<\/strong><\/span><\/h3>\n<p dir=\"ltr\"><span style=\"color: #00ff00;\"><strong>\u2713<\/strong><\/span> Prise en charge et retour \u00e0 l'h\u00f4tel<br \/>\n<span style=\"color: #00ff00;\"><strong>\u2713 <\/strong><\/span>Droits d'entr\u00e9e aux chutes d'eau de D\u00fcden (sup\u00e9rieures et inf\u00e9rieures)<br \/>\n<span style=\"color: #00ff00;\"><strong>\u2713 <\/strong><\/span>Bus confortable et climatis\u00e9<br \/>\n<span style=\"color: #00ff00;\"><strong>\u2713 <\/strong><\/span>Guide professionnel anglophone<br \/>\n<span style=\"color: #00ff00;\"><strong>\u2713 <\/strong><\/span>D\u00e9jeuner dans un restaurant local<br \/>\n<span style=\"color: #00ff00;\"><strong>\u2713 <\/strong><\/span>Assurance compl\u00e8te<\/p>\n<h3 dir=\"ltr\"><span style=\"color: #000000;\"><strong>Non inclus :<\/strong><\/span><\/h3>\n<div dir=\"ltr\"><span style=\"color: #ff0000;\"><strong>\u2717 <\/strong><\/span>Excursion en bateau (si choisie en option)<\/div>\n<div dir=\"ltr\"><span style=\"color: #ff0000;\"><strong>\u2717<\/strong><\/span> Boissons<br \/>\n<span style=\"color: #ff0000;\"><strong>\u2717 <\/strong><\/span>D\u00e9penses personnelles (photos, vid\u00e9os)<\/div>\n<h2 dir=\"ltr\"><span style=\"color: #000000;\"><strong>\ud83c\udf1f Points forts de la visite<\/strong><\/span><\/h2>\n<p dir=\"ltr\">\ud83d\udd39 Admirer la chute d'eau de Lower D\u00fcden, qui se jette en cascade de 40 m\u00e8tres dans la mer.<br \/>\n\ud83d\udd39 Promenade dans la vieille ville (Kalei\u00e7i) : Porte d'Hadrien, Minaret Yivli, Tour de l'Horloge<br \/>\n\ud83d\udd39 D\u00e9tendez-vous lors d'une excursion d'une heure en bateau depuis le vieux port d'Antalya.<br \/>\n\ud83d\udd39 Profitez de la verdure et de la fra\u00eecheur de la cascade du Haut-D\u00fcden<br \/>\n\ud83d\udd39 Visite d'un atelier local de fabrication de bijoux en argent<\/p>\n<h2 dir=\"ltr\"><span style=\"color: #000000;\"><strong>\ud83d\udcdd Description compl\u00e8te<\/strong><\/span><\/h2>\n<p dir=\"ltr\">Le matin, nous viendrons vous chercher \u00e0 votre h\u00f4tel et commencerons la journ\u00e9e par une promenade dans la vieille ville de Kalei\u00e7i, o\u00f9 vous verrez la porte d'Hadrien, des rues charmantes, des mosqu\u00e9es et des boutiques. Ensuite, vous ferez une promenade en bateau d'une heure le long de la magnifique c\u00f4te m\u00e9diterran\u00e9enne. Ensuite, vous savourez un d\u00e9jeuner dans un restaurant turc, puis vous visitez les chutes d'eau Upper et Lower D\u00fcden, nich\u00e9es dans une v\u00e9g\u00e9tation luxuriante. L'excursion se termine par un arr\u00eat dans un atelier de bijouterie, o\u00f9 vous pourrez voir et acheter des objets en argent fabriqu\u00e9s \u00e0 la main. Retournez \u00e0 votre h\u00f4tel avec des souvenirs m\u00e9morables.<\/p>\n<h3 dir=\"ltr\"><span style=\"color: #000000;\"><strong>\ud83d\udccd Itin\u00e9raire de la visite<\/strong><\/span><\/h3>\n<p dir=\"ltr\">\ud83d\udd39 Prise en charge \u00e0 l'h\u00f4tel<br \/>\n\ud83d\udd39 Promenade dans la vieille ville (Kalei\u00e7i)<br \/>\n\ud83d\udd39 Excursion en bateau depuis le vieux port (1 heure)<br \/>\nD\u00e9jeuner dans un restaurant local<br \/>\n\ud83d\udd39 Visite de la cascade de D\u00fcden inf\u00e9rieur<br \/>\n\ud83d\udd39 Visite de la cascade de D\u00fcden sup\u00e9rieur<br \/>\n\ud83d\udd39 S'arr\u00eater \u00e0 un atelier de bijouterie<br \/>\nRetour \u00e0 l'h\u00f4tel<\/p>\n<h3 dir=\"ltr\"><span style=\"color: #000000;\"><strong>\u2139\ufe0f Informations utiles<\/strong><\/span><\/h3>\n<p dir=\"ltr\">\ud83d\udd39 L'excursion en bateau peut \u00eatre annul\u00e9e ou modifi\u00e9e en raison des conditions m\u00e9t\u00e9orologiques.<br \/>\n\ud83d\udd39 Les enfants voyageant gratuitement n'ont pas de si\u00e8ge s\u00e9par\u00e9 dans le bus. Si le bus est plein, ils s'assoient sur les genoux d'un adulte, ou un si\u00e8ge s\u00e9par\u00e9 peut \u00eatre r\u00e9serv\u00e9<br \/>\n\ud83d\udd39 L'itin\u00e9raire peut \u00eatre modifi\u00e9 en fonction des circonstances afin d'am\u00e9liorer l'exp\u00e9rience du voyage.<br \/>\nIl s'agit d'une visite touristique qui n'inclut pas la baignade.<br \/>\n\ud83d\udd39 Les enfants de moins de 5 ans voyageant gratuitement n'ont pas de si\u00e8ge s\u00e9par\u00e9 dans le bus. Si le bus est plein, ils s'assoient sur les genoux d'un adulte, ou un si\u00e8ge s\u00e9par\u00e9 peut \u00eatre r\u00e9serv\u00e9<\/p>\n<h2 dir=\"ltr\"><span style=\"color: #000000;\"><strong>\ud83c\udf92 Ce qu'il faut apporter<\/strong><\/span><\/h2>\n<p dir=\"ltr\">\ud83d\udd39 Chaussures de marche confortables<br \/>\n\ud83d\udd39 Lunettes de soleil et couvre-chefs<br \/>\n\ud83d\udd39 Cr\u00e8me solaire<br \/>\n\ud83d\udd39 Appareil photo ou smartphone<br \/>\n\ud83d\udd39 Argent liquide pour les boissons et les d\u00e9penses personnelles<\/p>\n<h3 dir=\"ltr\"><span style=\"color: #000000;\"><strong>\ud83d\udeab Ne convient pas pour<\/strong><\/span><\/h3>\n<p dir=\"ltr\">\ud83d\udd39 Utilisateurs de fauteuils roulants<br \/>\n\ud83d\udd39 Personnes \u00e0 mobilit\u00e9 r\u00e9duite<\/p>\n<h2 dir=\"ltr\"><span style=\"color: #000000;\"><strong>\ud83d\udcb8 Prix et r\u00e9servation<\/strong><\/span><\/h2>\n<p dir=\"ltr\"><strong>\ud83d\udd39 R\u00e9server maintenant, payer le jour de la visite<\/strong><br \/>\n\ud83d\udd39 Contactez-nous via WhatsApp, Telegram, Viber, ou remplissez le formulaire de r\u00e9servation ci-dessous. \ud83d\udc47\ud83c\udffd<\/p>\n<p>\u00c0 la recherche d'alternatives ? Parcourir <a href=\"https:\/\/excursionsworld.com\/fr\/excursions-a-kemer\/\">Plus de visites \u00e0 Kemer<\/a>.<\/p>","protected":false},"excerpt":{"rendered":"<p>D\u00e9couvrez Antalya lors d'une visite guid\u00e9e de la ville depuis Kemer avec une promenade dans la vieille ville, une excursion en bateau et les chutes d'eau de D\u00fcden. D\u00e9jeuner, transfert et guide inclus.<\/p>","protected":false},"featured_media":15466,"comment_status":"open","ping_status":"closed","template":"","meta":[],"product_brand":[],"product_cat":[124],"product_tag":[105],"class_list":{"0":"post-15535","1":"product","2":"type-product","3":"status-publish","4":"has-post-thumbnail","6":"tour_phys-kemer-tours","7":"product_cat-kemer-tours","8":"product_tag-kemer","9":"pa_destination-kemer-tours","11":"first","12":"instock","13":"sale","14":"featured","15":"shipping-taxable","16":"purchasable","17":"product-type-tour_phys"},"aioseo_notices":[],"_links":{"self":[{"href":"https:\/\/excursionsworld.com\/fr\/wp-json\/wp\/v2\/product\/15535","targetHints":{"allow":["GET"]}}],"collection":[{"href":"https:\/\/excursionsworld.com\/fr\/wp-json\/wp\/v2\/product"}],"about":[{"href":"https:\/\/excursionsworld.com\/fr\/wp-json\/wp\/v2\/types\/product"}],"replies":[{"embeddable":true,"href":"https:\/\/excursionsworld.com\/fr\/wp-json\/wp\/v2\/comments?post=15535"}],"wp:featuredmedia":[{"embeddable":true,"href":"https:\/\/excursionsworld.com\/fr\/wp-json\/wp\/v2\/media\/15466"}],"wp:attachment":[{"href":"https:\/\/excursionsworld.com\/fr\/wp-json\/wp\/v2\/media?parent=15535"}],"wp:term":[{"taxonomy":"product_brand","embeddable":true,"href":"https:\/\/excursionsworld.com\/fr\/wp-json\/wp\/v2\/product_brand?post=15535"},{"taxonomy":"product_cat","embeddable":true,"href":"https:\/\/excursionsworld.com\/fr\/wp-json\/wp\/v2\/product_cat?post=15535"},{"taxonomy":"product_tag","embeddable":true,"href":"https:\/\/excursionsworld.com\/fr\/wp-json\/wp\/v2\/product_tag?post=15535"}],"curies":[{"name":"wp","href":"https:\/\/api.w.org\/{rel}","templated":true}]}}