{"id":15549,"date":"2025-11-02T12:26:10","date_gmt":"2025-11-02T09:26:10","guid":{"rendered":"https:\/\/excursionsworld.com\/?post_type=product&#038;p=15549\/"},"modified":"2026-04-24T00:21:08","modified_gmt":"2026-04-23T21:21:08","slug":"bateau-pirate-red-dragon-antalya","status":"publish","type":"product","link":"https:\/\/excursionsworld.com\/tours\/pirate-boat-red-dragon-antalya\/","title":{"rendered":"Croisi\u00e8re pirate depuis Antalya \u2013 Red Dragon"},"content":{"rendered":"<h2 dir=\"ltr\" data-pm-slice=\"1 1 []\">\ud83c\udff4\u200d\u2620\ufe0f <strong>Vue d'ensemble<\/strong><\/h2>\n<p dir=\"ltr\">Montez \u00e0 bord du bateau pirate - Red Dragon le long de la magnifique c\u00f4te de Kemer \u2014 un m\u00e9lange parfait de baignade, de bronzage et de contemplation de la nature. Nous viendrons vous chercher \u00e0 votre h\u00f4tel \u00e0 <a href=\"https:\/\/en.wikipedia.org\/wiki\/Antalya\" target=\"_blank\" rel=\"noopener\">Antalya<\/a> ou les environs et vous emm\u00e8nera au point de d\u00e9part \u00e0 la Marina de Kemer.<\/p>\n<h3 dir=\"ltr\"><span style=\"color: #000000;\"><strong>Inclus :<\/strong><\/span><\/h3>\n<p dir=\"ltr\"><span style=\"color: #00ff00;\"><strong>\u2713<\/strong><\/span> Prise en charge et retour \u00e0 l'h\u00f4tel<br \/>\n<span style=\"color: #00ff00;\"><strong>\u2713 <\/strong><\/span>Assurance<br \/>\n<span style=\"color: #00ff00;\"><strong>\u2713 <\/strong><\/span>Guide<br \/>\n<span style=\"color: #00ff00;\"><strong>\u2713 <\/strong><\/span>F\u00eate de la mousse<br \/>\n<span style=\"color: #00ff00;\"><strong>\u2713 <\/strong><\/span>D\u00e9jeuner<\/p>\n<h3 dir=\"ltr\"><span style=\"color: #000000;\"><strong>Non inclus :<\/strong><\/span><\/h3>\n<p dir=\"ltr\"><span style=\"color: #ff0000;\"><strong>\u2717<\/strong><\/span> D\u00e9penses personnelles<br \/>\n<span style=\"color: #ff0000;\"><strong>\u2717 <\/strong><\/span>Photos et vid\u00e9os<br \/>\n<span style=\"color: #ff0000;\"><strong>\u2717 <\/strong><\/span>Boissons<\/p>\n<h2 dir=\"ltr\"><span style=\"color: #000000;\"><strong>\ud83c\udf1f Points forts de la visite<\/strong><\/span><\/h2>\n<p dir=\"ltr\">\ud83d\udd39 Croisi\u00e8re sur un catamaran moderne et confortable<br \/>\n\ud83d\udd39 Baignade dans les baies cristallines de Kemer<br \/>\n\ud83d\udd39 Musique en direct et programme de divertissement \u00e0 bord<br \/>\n\ud83d\udd39 Bain de soleil et d\u00e9tente sur des terrasses spacieuses<br \/>\n\ud83d\udd39 Des vues \u00e0 couper le souffle et de belles opportunit\u00e9s de photos<br \/>\n\ud83d\udd39 Haute qualit\u00e9 \u00e0 un prix abordable<\/p>\n<h2 dir=\"ltr\"><span style=\"color: #000000;\"><strong>\ud83d\udcd6 Description compl\u00e8te<\/strong><\/span><\/h2>\n<div dir=\"ltr\">Passez une journ\u00e9e de d\u00e9tente et d'amusement sur notre catamaran au d\u00e9part de Kemer. Ce voyage allie le confort d'un navire moderne \u00e0 la beaut\u00e9 de la c\u00f4te m\u00e9diterran\u00e9enne.<br \/>\nL'excursion commence \u00e0 la marina de Kemer, o\u00f9 vous embarquerez \u00e0 bord d'un catamaran \u00e9quip\u00e9 d'aires de repos et de bronzage confortables.<\/div>\n<div dir=\"ltr\">La croisi\u00e8re comprend des arr\u00eats pour nager dans des baies pittoresques : <strong>Baie de Phaselis<\/strong>: Nager pr\u00e8s de ruines anciennes et de for\u00eats de pins. <strong>Baie des Paradis<\/strong>: Un endroit isol\u00e9 avec des eaux d'un bleu vibrant. <strong>Baie du clair de lune<\/strong>: Parfait pour les photos et la d\u00e9tente. <strong>Grotte des pirates<\/strong>: Naviguez pr\u00e8s de la l\u00e9gendaire grotte marine, un endroit id\u00e9al pour prendre des photos. A bord, musique, animation et soir\u00e9e mousse.<br \/>\nLe d\u00e9jeuner est inclus et des boissons sont disponibles \u00e0 la vente.<br \/>\nAdapt\u00e9 aux couples, aux familles et aux voyageurs solitaires, ce circuit est l'un des plus populaires de Kemer.<\/div>\n<h3 dir=\"ltr\"><span style=\"color: #000000;\"><strong>\ud83d\uddfa\ufe0f Itin\u00e9raire de la visite<\/strong><\/span><\/h3>\n<p dir=\"ltr\">\ud83d\udd39 Prise en charge \u00e0 l'h\u00f4tel<br \/>\n\ud83d\udd39 D\u00e9part de la marina de Kemer<br \/>\n\ud83d\udd39 Arr\u00eat baignade \u00e0 la baie de Phaselis : ruines et nature<br \/>\n\ud83d\udd39 Arr\u00eat baignade \u00e0 Paradise Bay : baie isol\u00e9e<br \/>\n\ud83d\udd39 Arr\u00eat baignade \u00e0 Moonlight Bay : photos et d\u00e9tente<br \/>\n\ud83d\udd39 Naviguer par la grotte des pirates : l\u00e9gendes et falaises<br \/>\n\ud83d\udd39 Soir\u00e9e mousse et musique \u00e0 bord<br \/>\nRetour \u00e0 la marina de Kemer<br \/>\nTransfert de retour \u00e0 l'h\u00f4tel<\/p>\n<h3 dir=\"ltr\">\u2139\ufe0f <strong>Informations utiles<\/strong><\/h3>\n<p dir=\"ltr\">Dur\u00e9e de la visite : environ 7-8 heures<br \/>\n\ud83d\udd39 Le catamaran dispose de zones ombrag\u00e9es et de bains de soleil.<br \/>\n\ud83d\udd39 Les enfants de moins de 6 ans voyageant gratuitement n'ont pas de si\u00e8ge s\u00e9par\u00e9 dans le bus. Si le bus est plein, ils s'assoient sur les genoux d'un adulte, ou un si\u00e8ge s\u00e9par\u00e9 peut \u00eatre r\u00e9serv\u00e9<\/p>\n<h2 dir=\"ltr\"><span style=\"color: #000000;\"><strong>\ud83c\udf92 Ce qu'il faut apporter<\/strong><\/span><\/h2>\n<p dir=\"ltr\">Maillot de bain et serviette de bain<br \/>\n\ud83d\udd39 Cr\u00e8me solaire et lunettes de soleil<br \/>\n\ud83d\udd39 Chapeau ou casquette<br \/>\n\ud83d\udd39 \u00c9tui pour t\u00e9l\u00e9phone ou appareil photo \u00e9tanche<br \/>\n\ud83d\udd39 Un peu d'argent liquide pour les d\u00e9penses personnelles<\/p>\n<h3 dir=\"ltr\"><span style=\"color: #000000;\"><strong>\ud83d\udeab Ne convient pas pour<\/strong><\/span><\/h3>\n<p dir=\"ltr\">\ud83d\udd39 Personnes sujettes \u00e0 un mal de mer s\u00e9v\u00e8re<br \/>\n\ud83d\udd39 Voyageurs \u00e0 mobilit\u00e9 r\u00e9duite<\/p>\n<h2><span style=\"color: #000000;\"><strong>\ud83d\udcb8 Prix et r\u00e9servation<\/strong><\/span><\/h2>\n<p dir=\"ltr\"><strong>\ud83d\udd39 R\u00e9server maintenant, payer le jour de la visite<\/strong><br \/>\n\ud83d\udd39 Contactez-nous via WhatsApp, Telegram, Viber, ou remplissez le formulaire de r\u00e9servation ci-dessous. \ud83d\udc47\ud83c\udffc<\/p>\n<p>\u00c0 la recherche d'alternatives ? Parcourir <a href=\"https:\/\/excursionsworld.com\/fr\/excursions-a-antalya\/\">plus de visites \u00e0 Antalya<\/a>.<\/p>","protected":false},"excerpt":{"rendered":"<p>R\u00e9server ce livre <b>visite quotidienne<\/b> de <b>Antalya<\/b>! Le bateau pirate Dragon Rouge <b>voyage<\/b> propose des soir\u00e9es mousse, de la musique et de la natation. Le nec plus ultra de la mer tout compris <b>excursion<\/b> avec le d\u00e9jeuner !<\/p>","protected":false},"featured_media":16711,"comment_status":"open","ping_status":"closed","template":"","meta":[],"product_brand":[],"product_cat":[125],"product_tag":[107],"class_list":{"0":"post-15549","1":"product","2":"type-product","3":"status-publish","4":"has-post-thumbnail","6":"tour_phys-antalya-tours","7":"tour_phys-pirate-boat-tours","8":"product_cat-antalya-tours","9":"product_tag-antalya","10":"pa_destination-antalya-tours","11":"pa_kategori-pirate-boat-tours","13":"first","14":"instock","15":"sale","16":"featured","17":"shipping-taxable","18":"purchasable","19":"product-type-tour_phys"},"aioseo_notices":[],"_links":{"self":[{"href":"https:\/\/excursionsworld.com\/fr\/wp-json\/wp\/v2\/product\/15549","targetHints":{"allow":["GET"]}}],"collection":[{"href":"https:\/\/excursionsworld.com\/fr\/wp-json\/wp\/v2\/product"}],"about":[{"href":"https:\/\/excursionsworld.com\/fr\/wp-json\/wp\/v2\/types\/product"}],"replies":[{"embeddable":true,"href":"https:\/\/excursionsworld.com\/fr\/wp-json\/wp\/v2\/comments?post=15549"}],"wp:featuredmedia":[{"embeddable":true,"href":"https:\/\/excursionsworld.com\/fr\/wp-json\/wp\/v2\/media\/16711"}],"wp:attachment":[{"href":"https:\/\/excursionsworld.com\/fr\/wp-json\/wp\/v2\/media?parent=15549"}],"wp:term":[{"taxonomy":"product_brand","embeddable":true,"href":"https:\/\/excursionsworld.com\/fr\/wp-json\/wp\/v2\/product_brand?post=15549"},{"taxonomy":"product_cat","embeddable":true,"href":"https:\/\/excursionsworld.com\/fr\/wp-json\/wp\/v2\/product_cat?post=15549"},{"taxonomy":"product_tag","embeddable":true,"href":"https:\/\/excursionsworld.com\/fr\/wp-json\/wp\/v2\/product_tag?post=15549"}],"curies":[{"name":"wp","href":"https:\/\/api.w.org\/{rel}","templated":true}]}}