{"id":15551,"date":"2025-11-02T12:29:15","date_gmt":"2025-11-02T09:29:15","guid":{"rendered":"https:\/\/excursionsworld.com\/?post_type=product&#038;p=15551\/"},"modified":"2025-11-21T12:22:14","modified_gmt":"2025-11-21T09:22:14","slug":"croisiere-green-canyon-antalya","status":"publish","type":"product","link":"https:\/\/excursionsworld.com\/tours\/green-canyon-boat-tour-antalya\/","title":{"rendered":"Croisi\u00e8re sur le Green Canyon depuis Antalya | Canyon Vert \u2013 Tout inclus"},"content":{"rendered":"<h3 dir=\"ltr\" data-pm-slice=\"1 1 []\">\ud83c\udf32 Vue d'ensemble<\/h3>\n<p dir=\"ltr\">Embarquez pour une excursion sereine dans le Canyon vert depuis Antalya et ses environs ! Profitez d'une promenade en bateau sur des eaux turquoise, nagez et impr\u00e9gnez-vous du paysage \u00e9poustouflant des montagnes du Taurus. Parfaite pour les familles et les amoureux de la nature, cette excursion dure environ 7-8 heures.<\/p>\n<h3 dir=\"ltr\">Inclus :<\/h3>\n<p dir=\"ltr\"><span style=\"color: #00ff00;\"><strong>\u2713<\/strong><\/span> Prise en charge et retour \u00e0 l'h\u00f4tel<br \/>\n<span style=\"color: #00ff00;\"><strong>\u2713 <\/strong><\/span>Promenade en bateau sur le Green Canyon<br \/>\n<span style=\"color: #00ff00;\"><strong>\u2713 <\/strong><\/span>Guide<br \/>\n<span style=\"color: #00ff00;\"><strong>\u2713 <\/strong><\/span>D\u00e9jeuner dans un restaurant au bord du lac<br \/>\n<span style=\"color: #00ff00;\"><strong>\u2713 <\/strong><\/span>Assurance compl\u00e8te<br \/>\n<span style=\"color: #00ff00;\"><strong>\u2713 <\/strong><\/span>Boissons non alcoolis\u00e9es<\/p>\n<h3 dir=\"ltr\">Non inclus<\/h3>\n<p dir=\"ltr\"><strong><span style=\"color: #ff0000;\">\u2717<\/span><\/strong> D\u00e9penses personnelles<br \/>\n<strong><span style=\"color: #ff0000;\">\u2717 <\/span><\/strong>Photos et vid\u00e9os (facultatif)<\/p>\n<h3 dir=\"ltr\">\ud83d\udea4 Points forts de la visite<\/h3>\n<p dir=\"ltr\">\ud83d\udd39 Croisi\u00e8re en bateau dans le Green Canyon<br \/>\n\ud83d\udd39 Vue imprenable sur les montagnes du Taurus<br \/>\n\ud83d\udd39 Nager dans les eaux rafra\u00eechissantes du canyon<br \/>\n\ud83d\udd39 D\u00e9jeuner d\u00e9licieux au bord du lac<br \/>\n\ud83d\udd39 \u00c9vasion paisible de la ville<\/p>\n<h3 dir=\"ltr\">\ud83d\udcd6 Description compl\u00e8te<\/h3>\n<p dir=\"ltr\">Commencez votre journ\u00e9e par un transfert confortable depuis Antalya ou les environs, en traversant les montagnes du Taurus jusqu'au Canyon vert. Montez \u00e0 bord d'un bateau confortable et partez pour une croisi\u00e8re relaxante dans des eaux \u00e9meraude, entour\u00e9es de falaises et de verdure luxuriante. Naviguez \u00e0 travers le Petit et le Grand Canyon, en vous arr\u00eatant pour nager dans les eaux cristallines de la Turquie. Profitez d'un d\u00e9jeuner copieux dans un restaurant au bord du lac, en vous immergeant dans la tranquillit\u00e9 de la nature. Cette excursion est un m\u00e9lange parfait de d\u00e9tente et de beaut\u00e9 naturelle, qui vous laissera frais et dispos \u00e0 votre retour \u00e0 l'h\u00f4tel.<\/p>\n<h3 dir=\"ltr\">\ud83d\uddfa\ufe0f Itin\u00e9raire de la visite<\/h3>\n<p dir=\"ltr\">\ud83d\udd39 Prise en charge \u00e0 partir d'Antalya et des environs<br \/>\n\ud83d\udd39 Transfert vers le Canyon vert via les monts Taurus<br \/>\n\ud83d\udd39 Croisi\u00e8re en bateau dans le canyon<br \/>\n\ud83d\udd39 Arr\u00eats de baignade<br \/>\nD\u00e9jeuner dans un restaurant au bord du lac<br \/>\n\ud83d\udd39 Croisi\u00e8re retour<br \/>\nTransfert de retour \u00e0 l'h\u00f4tel<\/p>\n<h3 dir=\"ltr\">\u2139\ufe0f Informations utiles<\/h3>\n<p dir=\"ltr\">Dur\u00e9e : ~7-8 heures (journ\u00e9e compl\u00e8te)<br \/>\n\ud83d\udd39 Faible activit\u00e9 physique (croisi\u00e8re et baignade facultative)<br \/>\n\ud83d\udd39 Circuit disponible tous les jours au d\u00e9part d'Antalya<br \/>\n\ud83d\udd39 D\u00e9jeuner inclus, boissons en suppl\u00e9ment<br \/>\n\ud83d\udd39 Le bateau dispose de zones ombrag\u00e9es et de toilettes<br \/>\n\ud83d\udd39 Gilets de sauvetage disponibles pour la baignade<\/p>\n<h3 data-start=\"2090\" data-end=\"2113\">\ud83c\udf92 Ce qu'il faut apporter<\/h3>\n<p data-start=\"2114\" data-end=\"2233\">Maillot de bain et serviette de bain<br data-start=\"2135\" data-end=\"2138\" \/>Lunettes de soleil et chapeau<br data-start=\"2159\" data-end=\"2162\" \/>\ud83d\udd39 Cr\u00e8me solaire<br data-start=\"2174\" data-end=\"2177\" \/>\ud83d\udd39 Appareil photo ou smartphone<br data-start=\"2200\" data-end=\"2203\" \/>\ud83d\udd39 Argent liquide pour les boissons ou les extras<\/p>\n<h3 data-start=\"1974\" data-end=\"2000\">\ud83d\udeab Ne convient pas pour<\/h3>\n<p data-start=\"2001\" data-end=\"2088\">\ud83d\udd39 Personnes \u00e0 mobilit\u00e9 r\u00e9duite<br data-start=\"2032\" data-end=\"2035\" \/>\ud83d\udd39 Utilisateurs de fauteuils roulants<br data-start=\"2054\" data-end=\"2057\" \/>\ud83d\udd39 Ceux qui sont sujets au mal de mer<\/p>\n<h3 data-start=\"2334\" data-end=\"2361\">\ud83d\udcb8 Prix et r\u00e9servation<\/h3>\n<p data-start=\"2362\" data-end=\"2477\">\ud83d\udd39 R\u00e9server maintenant, payer le jour de la visite<br data-start=\"2401\" data-end=\"2404\" \/>\ud83d\udd39 Contactez-nous via WhatsApp, Telegram ou Viber pour toute r\u00e9servation ou question. \ud83d\udc47\ud83c\udffc<\/p>","protected":false},"excerpt":{"rendered":"<p data-start=\"381\" data-end=\"590\">Profitez d'une excursion en bateau dans le Green Canyon depuis Antalya, avec baignade, p\u00eache, d\u00e9jeuner au bord du lac et transfert \u00e0 l'h\u00f4tel. Une excursion parfaite pour les amoureux de la nature dans les montagnes du Taurus.<\/p>","protected":false},"featured_media":12848,"comment_status":"open","ping_status":"closed","template":"","meta":[],"product_brand":[],"product_cat":[125],"product_tag":[107],"class_list":{"0":"post-15551","1":"product","2":"type-product","3":"status-publish","4":"has-post-thumbnail","6":"tour_phys-antalya-tours","7":"tour_phys-boat-tours","8":"product_cat-antalya-tours","9":"product_tag-antalya","10":"pa_destination-antalya-tours","11":"pa_kategori-boat-tours","13":"first","14":"instock","15":"sale","16":"featured","17":"shipping-taxable","18":"purchasable","19":"product-type-tour_phys"},"aioseo_notices":[],"_links":{"self":[{"href":"https:\/\/excursionsworld.com\/fr\/wp-json\/wp\/v2\/product\/15551","targetHints":{"allow":["GET"]}}],"collection":[{"href":"https:\/\/excursionsworld.com\/fr\/wp-json\/wp\/v2\/product"}],"about":[{"href":"https:\/\/excursionsworld.com\/fr\/wp-json\/wp\/v2\/types\/product"}],"replies":[{"embeddable":true,"href":"https:\/\/excursionsworld.com\/fr\/wp-json\/wp\/v2\/comments?post=15551"}],"wp:featuredmedia":[{"embeddable":true,"href":"https:\/\/excursionsworld.com\/fr\/wp-json\/wp\/v2\/media\/12848"}],"wp:attachment":[{"href":"https:\/\/excursionsworld.com\/fr\/wp-json\/wp\/v2\/media?parent=15551"}],"wp:term":[{"taxonomy":"product_brand","embeddable":true,"href":"https:\/\/excursionsworld.com\/fr\/wp-json\/wp\/v2\/product_brand?post=15551"},{"taxonomy":"product_cat","embeddable":true,"href":"https:\/\/excursionsworld.com\/fr\/wp-json\/wp\/v2\/product_cat?post=15551"},{"taxonomy":"product_tag","embeddable":true,"href":"https:\/\/excursionsworld.com\/fr\/wp-json\/wp\/v2\/product_tag?post=15551"}],"curies":[{"name":"wp","href":"https:\/\/api.w.org\/{rel}","templated":true}]}}