{"id":15553,"date":"2025-11-02T12:32:29","date_gmt":"2025-11-02T09:32:29","guid":{"rendered":"https:\/\/excursionsworld.com\/?post_type=product&#038;p=15553\/"},"modified":"2026-04-24T01:27:08","modified_gmt":"2026-04-23T22:27:08","slug":"demre-myra-kekova-antalya","status":"publish","type":"product","link":"https:\/\/excursionsworld.com\/tours\/demre-myra-kekova-antalya\/","title":{"rendered":"Demre, Myra &amp; Kekova Excursion depuis Antalya \u2013 \u00c9glise Saint-Nicolas"},"content":{"rendered":"<h2>\ud83c\udfdd\ufe0f Vue d'ensemble<\/h2>\n<p>D\u00e9couvrez les merveilles antiques de la Lycie lors d'une excursion d'une journ\u00e9e depuis Antalya ! Naviguez sur la ville engloutie de Kekova sur un yacht \u00e0 fond de verre, visitez les anciennes tombes rupestres de Myra et explorez l'\u00e9glise Saint-Nicolas \u00e0 <a href=\"https:\/\/en.wikipedia.org\/wiki\/Demre\" target=\"_blank\" rel=\"noopener\">Demre<\/a> \u2014 l'inspiration derri\u00e8re le P\u00e8re No\u00ebl. Un m\u00e9lange parfait d'histoire, de nature et d'aventure maritime.<\/p>\n<h3>\u00a0Inclus :<\/h3>\n<p><span style=\"color: #00ff00;\"><strong>\u2713<\/strong> <\/span>Prise en charge et retour \u00e0 l'h\u00f4tel<br \/>\n<span style=\"color: #00ff00;\"><strong>\u2713<\/strong> <\/span>Bus confortable et climatis\u00e9<br \/>\n<span style=\"color: #00ff00;\"><strong>\u2713<\/strong> <\/span>Excursion en yacht \u00e0 fond de verre<br \/>\n<span style=\"color: #00ff00;\"><strong>\u2713<\/strong> <\/span>Frais d'entr\u00e9e \u00e0 Myra<br \/>\n<span style=\"color: #00ff00;\"><strong>\u2713<\/strong> <\/span>Guide professionnel<br \/>\n<span style=\"color: #00ff00;\"><strong>\u2713<\/strong> <\/span>Assurance compl\u00e8te<br \/>\n<span style=\"color: #00ff00;\"><strong>\u2713<\/strong> <\/span>D\u00e9jeuner local d\u00e9licieux<\/p>\n<h3>\u00a0Non inclus :<\/h3>\n<p><span style=\"color: #ff0000;\"><strong>\u2717<\/strong> <\/span>Entr\u00e9e de l'\u00e9glise Saint-Nicolas (facultatif)<br \/>\n<span style=\"color: #ff0000;\"><strong>\u2717<\/strong> <\/span>Boissons<\/p>\n<h2>\ud83c\udf1f Points forts de la visite de Demre, Myra et Kekova<\/h2>\n<p>\ud83d\udd39 Croisi\u00e8re sur la cit\u00e9 engloutie de Kekova \u00e0 bord d'un yacht \u00e0 fond de verre<br \/>\n\ud83d\udd39 Explorer les tombes rupestres et le th\u00e9\u00e2tre romain de Myra<br \/>\n\ud83d\udd39 Visite de l'\u00e9glise Saint-Nicolas \u00e0 Demre, li\u00e9e au P\u00e8re No\u00ebl<br \/>\n\ud83d\udd39 Nager dans les eaux turquoises de la M\u00e9diterran\u00e9e pr\u00e8s de Kekova<br \/>\n\ud83d\udd39 Vue imprenable sur le ch\u00e2teau de Simena<br \/>\n\ud83d\udd39 Transferts confortables depuis les h\u00f4tels d'Antalya<\/p>\n<h2>\ud83d\udcd6 Description compl\u00e8te : Votre exp\u00e9rience de la visite de Demre, Myra et Kekova<\/h2>\n<div>L'aventure commence par une prise en charge \u00e0 l'h\u00f4tel le matin \u00e0 Antalya. Apr\u00e8s une route c\u00f4ti\u00e8re pittoresque, explorez <strong>Myra<\/strong>, La ville est connue pour ses tombes lyciennes et son th\u00e9\u00e2tre romain. Ensuite, visite de <strong>\u00c9glise Saint-Nicolas<\/strong> \u00e0 Demre, l'un des sites chr\u00e9tiens les plus importants de Turquie.<\/div>\n<div>Profitez d'un <strong>d\u00e9jeuner local<\/strong>, alors le conseil d'administration d'un <strong>yacht \u00e0 fond de verre<\/strong> au d\u00e9part du port de \u00c7aya\u011fz\u0131 pour une croisi\u00e8re de 2,5 heures jusqu'\u00e0 l'\u00eele de Kekova. Voir les <strong>ville engloutie<\/strong>, Nagez dans la mer cristalline et admirez la beaut\u00e9 de la nature. <strong>Ch\u00e2teau de Simena<\/strong>. Apr\u00e8s cette journ\u00e9e inoubliable, d\u00e9tendez-vous pendant votre voyage de retour vers Antalya.<\/div>\n<h3>\ud83d\uddfa\ufe0f Itin\u00e9raire de la visite<\/h3>\n<p>\ud83d\udd39 Prise en charge des h\u00f4tels dans la r\u00e9gion d'Antalya<br \/>\n\ud83d\udd39 Visite des tombes rupestres de Myra et du th\u00e9\u00e2tre romain<br \/>\n\ud83d\udd39 Arr\u00eat \u00e0 l'\u00e9glise Saint-Nicolas (entr\u00e9e facultative)<br \/>\nD\u00e9jeuner dans un restaurant local<br \/>\n\ud83d\udd39 Croisi\u00e8re en yacht \u00e0 fond de verre \u00e0 Kekova<br \/>\nArr\u00eat baignade et visites touristiques<br \/>\n\ud83d\udd39 Transfert retour \u00e0 l'h\u00f4tel<\/p>\n<h3>\u2139\ufe0f Informations utiles<\/h3>\n<p>Dur\u00e9e : environ 8-9 heures<br \/>\n\ud83d\udd39 L'itin\u00e9raire peut varier en fonction des conditions m\u00e9t\u00e9orologiques ou maritimes.<br \/>\n\ud83d\udd39 Les enfants de moins de 6 ans voyagent gratuitement mais partagent les si\u00e8ges si le bus est plein.<\/p>\n<h2>\ud83c\udf92 Ce qu'il faut apporter<\/h2>\n<p>\ud83d\udd39 Chaussures confortables<br \/>\nLunettes de soleil et cr\u00e8me solaire<br \/>\nMaillot de bain et serviette de bain<br \/>\n\ud83d\udd39 Argent liquide pour les d\u00e9penses personnelles<\/p>\n<h3>\ud83d\udeab Ne convient pas pour<\/h3>\n<p>\ud83d\udd39 Personnes \u00e0 mobilit\u00e9 r\u00e9duite<br \/>\n\ud83d\udd39 Voyageurs souffrant de troubles m\u00e9dicaux graves<\/p>\n<h2>\ud83d\udcb8\u00a0<strong>Prix et r\u00e9servation<\/strong><\/h2>\n<p><strong>\ud83d\udd39 R\u00e9server maintenant, payer le jour de la visite<\/strong><br \/>\n\ud83d\udd39 Contactez-nous via WhatsApp, Telegram, Viber, ou remplissez le formulaire de r\u00e9servation ci-dessous \ud83d\udc47\ud83c\udffc<\/p>\n<p>\u00c0 la recherche d'alternatives ? Parcourir <a href=\"https:\/\/excursionsworld.com\/fr\/excursions-a-antalya\/\">plus de circuits \u00e0 Antalya \u00e0 Demre<\/a>.<\/p>","protected":false},"excerpt":{"rendered":"<p>Livre l'histoire ultime <b>excursion<\/b> de <b>Antalya<\/b>! Inoubliable <b>excursion d'une journ\u00e9e<\/b> les tombes rupestres de Myra, l'\u00e9glise Saint-Nicolas et la ville engloutie de Kekova <b>excursion en bateau<\/b>.<\/p>","protected":false},"featured_media":12563,"comment_status":"open","ping_status":"closed","template":"","meta":[],"product_brand":[],"product_cat":[125],"product_tag":[107],"class_list":{"0":"post-15553","1":"product","2":"type-product","3":"status-publish","4":"has-post-thumbnail","6":"tour_phys-antalya-tours","7":"product_cat-antalya-tours","8":"product_tag-antalya","9":"pa_destination-antalya-tours","11":"first","12":"instock","13":"sale","14":"shipping-taxable","15":"purchasable","16":"product-type-tour_phys"},"aioseo_notices":[],"_links":{"self":[{"href":"https:\/\/excursionsworld.com\/fr\/wp-json\/wp\/v2\/product\/15553","targetHints":{"allow":["GET"]}}],"collection":[{"href":"https:\/\/excursionsworld.com\/fr\/wp-json\/wp\/v2\/product"}],"about":[{"href":"https:\/\/excursionsworld.com\/fr\/wp-json\/wp\/v2\/types\/product"}],"replies":[{"embeddable":true,"href":"https:\/\/excursionsworld.com\/fr\/wp-json\/wp\/v2\/comments?post=15553"}],"wp:featuredmedia":[{"embeddable":true,"href":"https:\/\/excursionsworld.com\/fr\/wp-json\/wp\/v2\/media\/12563"}],"wp:attachment":[{"href":"https:\/\/excursionsworld.com\/fr\/wp-json\/wp\/v2\/media?parent=15553"}],"wp:term":[{"taxonomy":"product_brand","embeddable":true,"href":"https:\/\/excursionsworld.com\/fr\/wp-json\/wp\/v2\/product_brand?post=15553"},{"taxonomy":"product_cat","embeddable":true,"href":"https:\/\/excursionsworld.com\/fr\/wp-json\/wp\/v2\/product_cat?post=15553"},{"taxonomy":"product_tag","embeddable":true,"href":"https:\/\/excursionsworld.com\/fr\/wp-json\/wp\/v2\/product_tag?post=15553"}],"curies":[{"name":"wp","href":"https:\/\/api.w.org\/{rel}","templated":true}]}}