{"id":15554,"date":"2025-11-02T12:33:31","date_gmt":"2025-11-02T09:33:31","guid":{"rendered":"https:\/\/excursionsworld.com\/?post_type=product&#038;p=15554\/"},"modified":"2026-04-24T01:27:09","modified_gmt":"2026-04-23T22:27:09","slug":"pamukkale-hierapolis-antalya","status":"publish","type":"product","link":"https:\/\/excursionsworld.com\/tours\/pamukkale-hierapolis-antalya\/","title":{"rendered":"Excursion Pamukkale depuis Antalya: Ch\u00e2teau de Coton &amp; Hi\u00e9rapolis"},"content":{"rendered":"<h2>\ud83c\udfdd\ufe0f Vue d'ensemble<\/h2>\n<p>D\u00e9couvrez les terrasses \u00e0 couper le souffle de <strong><a href=\"https:\/\/en.wikipedia.org\/wiki\/Pamukkale\" target=\"_blank\" rel=\"noopener\">Pamukkale<\/a><\/strong> et l'ancienne ville de <strong>Hi\u00e9rapolis<\/strong> pour une excursion d'une journ\u00e9e \u00e0 partir de <strong>Antalya<\/strong> et les r\u00e9gions environnantes. Profitez de transferts confortables depuis les h\u00f4tels de la r\u00e9gion d'Antalya, nagez dans des sources thermales, explorez des ruines historiques et savourez un d\u00e9licieux d\u00e9jeuner turc au cours de ce voyage inoubliable.<\/p>\n<h3>Inclus :<\/h3>\n<p><span style=\"color: #00ff00;\"><strong>\u2713<\/strong> <\/span>Prise en charge et retour \u00e0 l'h\u00f4tel<br \/>\n<span style=\"color: #00ff00;\"><strong>\u2713<\/strong> <\/span>Bus climatis\u00e9<br \/>\n<span style=\"color: #00ff00;\"><strong>\u2713<\/strong> <\/span>Frais d'entr\u00e9e \u00e0 Pamukkale et Hierapolis<br \/>\n<span style=\"color: #00ff00;\"><strong>\u2713<\/strong> <\/span>Assurance compl\u00e8te<br \/>\n<span style=\"color: #00ff00;\"><strong>\u2713<\/strong> <\/span>Guide historien anglophone<br \/>\n<span style=\"color: #00ff00;\"><strong>\u2713<\/strong> <\/span>D\u00e9jeuner (buffet)<\/p>\n<h3>Non inclus :<\/h3>\n<p><strong><span style=\"color: #ff0000;\">\u2717<\/span> <\/strong>Entr\u00e9e de la piscine de Cl\u00e9op\u00e2tre<br \/>\n<strong><span style=\"color: #ff0000;\">\u2717<\/span> <\/strong>D\u00e9penses personnelles<br \/>\n<strong><span style=\"color: #ff0000;\">\u2717<\/span> <\/strong>Boissons<\/p>\n<h2>\ud83c\udf1f Points forts de la visite de Pamukkale et Hi\u00e9rapolis<\/h2>\n<p>\ud83d\udd39 Admirer les travertins blancs de Pamukkale<br \/>\n\ud83d\udd39 Explorer le th\u00e9\u00e2tre romain et les ruines de Hi\u00e9rapolis<br \/>\n\ud83d\udd39 Se d\u00e9tendre dans des piscines thermales naturelles<br \/>\nBaignade facultative dans la piscine de Cl\u00e9op\u00e2tre (en suppl\u00e9ment)<br \/>\n\ud83d\udd39 D\u00e9jeuner traditionnel turc<br \/>\n\ud83d\udd39 Visite d'un site du patrimoine mondial de l'UNESCO<\/p>\n<h2>\ud83d\udcd6 Description compl\u00e8te : Votre exp\u00e9rience de visite de Pamukkale et Hi\u00e9rapolis<\/h2>\n<p>Votre journ\u00e9e commence par un transfert confortable depuis votre h\u00f4tel \u00e0 <strong>Antalya<\/strong> ou dans les environs. En traversant des paysages pittoresques, vous vous rendrez \u00e0 Pamukkale, le \u201cch\u00e2teau de coton\u201d, c\u00e9l\u00e8bre pour ses terrasses d'une blancheur \u00e9blouissante.<br \/>\n\u00c0 l'arriv\u00e9e, d\u00e9jeuner buffet avant d'explorer les travertins riches en min\u00e9raux de Pamukkale. Ensuite, visite guid\u00e9e de l'ancienne ville de Hi\u00e9rapolis, du th\u00e9\u00e2tre romain, du temple d'Apollon et d'autres monuments.<br \/>\nApr\u00e8s la visite, d\u00e9tendez-vous dans les piscines thermales ou optez pour la piscine de Cl\u00e9op\u00e2tre (frais suppl\u00e9mentaires). La journ\u00e9e se termine par un retour \u00e0 l'h\u00f4tel, rempli de souvenirs m\u00e9morables.<\/p>\n<h3>\ud83d\uddfa\ufe0f Itin\u00e9raire de la visite<\/h3>\n<p>\ud83d\udd39 Prise en charge \u00e0 l'h\u00f4tel<br \/>\n\ud83d\udd39 Voyage \u00e0 Pamukkale<br \/>\nD\u00e9jeuner buffet<br \/>\n\ud83d\udd39 Visite des travertins de Pamukkale<br \/>\nVisite des ruines de Hierapolis<br \/>\nTemps libre pour la piscine de Cl\u00e9op\u00e2tre (facultatif)<br \/>\n\ud83d\udd39 Voyage de retour \u00e0 Antalya<br \/>\nTransfert de retour \u00e0 l'h\u00f4tel<\/p>\n<h3>\u2139\ufe0f Informations utiles<\/h3>\n<p>Dur\u00e9e : environ 12 heures<br \/>\n\ud83d\udd39 L'itin\u00e9raire peut \u00eatre modifi\u00e9 en fonction des conditions m\u00e9t\u00e9orologiques.<br \/>\n\ud83d\udd39 Activit\u00e9 physique mod\u00e9r\u00e9e (marche, natation facultative)<br \/>\n\ud83d\udd39 Les enfants de moins de 5 ans voyageant gratuitement n'ont pas de si\u00e8ge s\u00e9par\u00e9 dans le bus. Si le bus est plein, ils s'assoient sur les genoux d'un adulte, ou un si\u00e8ge s\u00e9par\u00e9 peut \u00eatre r\u00e9serv\u00e9<\/p>\n<h2>\ud83c\udf92 Ce qu'il faut apporter<\/h2>\n<p>\ud83d\udd39 Passeport ou carte d'identit\u00e9<br \/>\n\ud83d\udd39 Chaussures confortables<br \/>\n\ud83d\udd39 Lunettes de soleil et couvre-chefs<br \/>\nMaillot de bain et serviette de bain<br \/>\n\ud83d\udd39 Cr\u00e8me solaire<br \/>\n\ud83d\udd39 Argent liquide pour les d\u00e9penses personnelles<\/p>\n<h3>\ud83d\udeab Ne convient pas pour<\/h3>\n<p>\ud83d\udd39 Personnes \u00e0 mobilit\u00e9 r\u00e9duite<br \/>\n\ud83d\udd39 Les personnes souffrant de troubles m\u00e9dicaux graves<\/p>\n<h2>\ud83d\udcb8 Prix et r\u00e9servation<\/h2>\n<p data-is-last-node=\"\" data-is-only-node=\"\"><strong>\ud83d\udd39 R\u00e9server maintenant, payer le jour de la visite<\/strong><br \/>\n\ud83d\udd39 Contactez-nous via WhatsApp, Telegram, Viber, ou remplissez le formulaire de r\u00e9servation ci-dessous. \ud83d\udc47\ud83c\udffc<\/p>\n<p>\u00c0 la recherche d'alternatives ? Parcourir <a href=\"https:\/\/excursionsworld.com\/fr\/excursions-a-antalya\/\">plus de visites d'Antalya \u00e0 Pamukkale<\/a>.<\/p>","protected":false},"excerpt":{"rendered":"<p>R\u00e9server le <b>Circuit Antalya Pamukkale<\/b>! Visite des ruines de Hierapolis et des travertins thermaux. Journ\u00e9e enti\u00e8re <b>excursion<\/b> avec d\u00e9jeuner et confort <b>excursion d'une journ\u00e9e<\/b>. <b>Transfert inclus<\/b>!<\/p>","protected":false},"featured_media":12575,"comment_status":"open","ping_status":"closed","template":"","meta":[],"product_brand":[],"product_cat":[125],"product_tag":[107],"class_list":{"0":"post-15554","1":"product","2":"type-product","3":"status-publish","4":"has-post-thumbnail","6":"tour_phys-antalya-tours","7":"product_cat-antalya-tours","8":"product_tag-antalya","9":"pa_destination-antalya-tours","11":"first","12":"instock","13":"sale","14":"shipping-taxable","15":"purchasable","16":"product-type-tour_phys"},"aioseo_notices":[],"_links":{"self":[{"href":"https:\/\/excursionsworld.com\/fr\/wp-json\/wp\/v2\/product\/15554","targetHints":{"allow":["GET"]}}],"collection":[{"href":"https:\/\/excursionsworld.com\/fr\/wp-json\/wp\/v2\/product"}],"about":[{"href":"https:\/\/excursionsworld.com\/fr\/wp-json\/wp\/v2\/types\/product"}],"replies":[{"embeddable":true,"href":"https:\/\/excursionsworld.com\/fr\/wp-json\/wp\/v2\/comments?post=15554"}],"wp:featuredmedia":[{"embeddable":true,"href":"https:\/\/excursionsworld.com\/fr\/wp-json\/wp\/v2\/media\/12575"}],"wp:attachment":[{"href":"https:\/\/excursionsworld.com\/fr\/wp-json\/wp\/v2\/media?parent=15554"}],"wp:term":[{"taxonomy":"product_brand","embeddable":true,"href":"https:\/\/excursionsworld.com\/fr\/wp-json\/wp\/v2\/product_brand?post=15554"},{"taxonomy":"product_cat","embeddable":true,"href":"https:\/\/excursionsworld.com\/fr\/wp-json\/wp\/v2\/product_cat?post=15554"},{"taxonomy":"product_tag","embeddable":true,"href":"https:\/\/excursionsworld.com\/fr\/wp-json\/wp\/v2\/product_tag?post=15554"}],"curies":[{"name":"wp","href":"https:\/\/api.w.org\/{rel}","templated":true}]}}