{"id":15555,"date":"2025-11-02T12:34:46","date_gmt":"2025-11-02T09:34:46","guid":{"rendered":"https:\/\/excursionsworld.com\/?post_type=product&#038;p=15555\/"},"modified":"2026-04-24T01:27:09","modified_gmt":"2026-04-23T22:27:09","slug":"antalya-vieille-ville-telepherique","status":"publish","type":"product","link":"https:\/\/excursionsworld.com\/tours\/antalya-tour-old-town-cable-car\/","title":{"rendered":"Excursion \u00e0 Antalya \u2013 Vieille Ville, Chutes D\u00fcden &amp; T\u00e9l\u00e9ph\u00e9rique Olympos \u00e0 Kemer"},"content":{"rendered":"<h2>\ud83c\udfd9\ufe0f Vue d'ensemble<\/h2>\n<p>D\u00e9couvrez le meilleur d'Antalya avec une visite guid\u00e9e de la ville d'une journ\u00e9e compl\u00e8te. Explorez la vieille ville d'Antalya (Kalei\u00e7i), traversez des portes antiques et admirez des vues imprenables sur la M\u00e9diterran\u00e9e. Visitez les cascades inf\u00e9rieure et sup\u00e9rieure de D\u00fcden, et choisissez des exp\u00e9riences optionnelles : une excursion en bateau depuis le port de Kalei\u00e7i ou <a href=\"https:\/\/en.wikipedia.org\/wiki\/Olympos,_Antalya\" target=\"_blank\" rel=\"noopener\">Olympos<\/a> T\u00e9l\u00e9ph\u00e9rique \u00e0 Kemer.<\/p>\n<h3><strong>Inclus :<\/strong><\/h3>\n<p><span style=\"color: #00ff00;\"><strong>\u2713<\/strong> <\/span>Prise en charge et retour \u00e0 l'h\u00f4tel<br \/>\n<span style=\"color: #00ff00;\"><strong>\u2713<\/strong> <\/span>Cascades de D\u00fcden<br \/>\n<span style=\"color: #00ff00;\"><strong>\u2713<\/strong> <\/span>T\u00e9l\u00e9ph\u00e9rique d'Olympos<br \/>\n<span style=\"color: #00ff00;\"><strong>\u2713<\/strong> <\/span>Guide professionnel agr\u00e9\u00e9<br \/>\n<span style=\"color: #00ff00;\"><strong>\u2713<\/strong> <\/span>Assurance compl\u00e8te<br \/>\n<span style=\"color: #00ff00;\"><strong>\u2713<\/strong> <\/span>D\u00e9jeuner<\/p>\n<h3><strong>Non inclus :<\/strong><\/h3>\n<p><span style=\"color: #ff0000;\"><strong>\u2717<\/strong> <\/span>Excursion en bateau (facultatif)<br \/>\n<span style=\"color: #ff0000;\"><strong>\u2717<\/strong> <\/span>D\u00e9penses personnelles<br \/>\n<span style=\"color: #ff0000;\"><strong>\u2717<\/strong> <\/span>Boissons<\/p>\n<h2>\ud83c\udf1f Points forts de ce circuit d'Antalya : Vieille ville,<\/h2>\n<p>\ud83d\udd39 Vieille ville d'Antalya - Porte d'Hadrien, Minaret cannel\u00e9, Tour de l'horloge<br \/>\n\ud83d\udd39 Cascade de D\u00fcden inf\u00e9rieur - cascade de 40 m\u00e8tres dans la M\u00e9diterran\u00e9e<br \/>\n\ud83d\udd39 Chutes d'eau de la Haute D\u00fcden - des photos pittoresques et un environnement luxuriant<br \/>\n\ud83d\udd39 T\u00e9l\u00e9ph\u00e9rique d'Olympos \u00e0 Kemer - vues panoramiques \u00e0 2 365 m\u00e8tres d'altitude<br \/>\n\ud83d\udd39 Visite du Dinopark \u00e0 Kemer - mod\u00e8les de dinosaures grandeur nature dans des for\u00eats de pins<br \/>\n\ud83d\udd39 Excursion facultative d'une heure en bateau \u00e0 partir de la marina de Kaleici<\/p>\n<h2>\ud83d\udcd6 Description compl\u00e8te : Votre circuit \u00e0 Antalya : Vieille ville, Exp\u00e9rience<\/h2>\n<div>La journ\u00e9e commence par un transfert confortable depuis votre h\u00f4tel dans la ville d'Antalya et ses environs. L'excursion se concentre sur les sites les plus embl\u00e9matiques d'Antalya : la vieille ville historique de Kaleici, les chutes d'eau Lower et Upper D\u00fcden, et le littoral m\u00e9diterran\u00e9en.<\/div>\n<div>Si vous s\u00e9lectionnez l'option <strong>Tour de ville + T\u00e9l\u00e9ph\u00e9rique d'Olympos<\/strong>, Vous vous rendrez au Mont Tahtal\u0131 \u00e0 Kemer pour une spectaculaire promenade en tramway a\u00e9rien avec des vues panoramiques sur la mer et les montagnes du Taurus. Vous visiterez \u00e9galement <strong>Dinopark<\/strong>, Le Mus\u00e9e de la Terre, une halte familiale amusante avec des figurines de dinosaures grandeur nature au milieu des for\u00eats de pins. Si vous choisissez la <strong>Visite de la ville + excursion en bateau<\/strong>, Apr\u00e8s le d\u00e9jeuner, vous ferez une croisi\u00e8re touristique d'une heure \u00e0 partir de la marina de Kaleici, un moyen id\u00e9al d'admirer le paysage c\u00f4tier d'Antalya depuis la mer. Apr\u00e8s un d\u00e9jeuner local, poursuivez votre exploration en vous arr\u00eatant \u00e0 <strong>Chutes d'eau de D\u00fcden inf\u00e9rieur<\/strong>, o\u00f9 les cascades plongent de 40 m\u00e8tres dans la mer, et <strong>Chutes d'eau du Haut-D\u00fcden<\/strong>, Les deux sont parfaits pour prendre des photos et se d\u00e9tendre avant de retourner \u00e0 l'h\u00f4tel.<\/div>\n<h3>\ud83d\uddfa\ufe0f Itin\u00e9raire de la visite<\/h3>\n<p>\ud83d\udd39 Prise en charge \u00e0 partir des h\u00f4tels \u00e0 Antalya et dans les environs<br \/>\n\ud83d\udd39 Conduite au centre ville d'Antalya dans un bus climatis\u00e9<br \/>\n\ud83d\udd39 Explorer la vieille ville d'Antalya - Porte d'Hadrien, Minaret cannel\u00e9, Tour de l'Horloge<br \/>\n\ud83d\udd39 Visite des chutes d'eau de D\u00fcden inf\u00e9rieur - 30 minutes<br \/>\n\ud83d\udd39 Visite des chutes d'eau de D\u00fcden sup\u00e9rieur - 45 minutes<br \/>\n\ud83d\udd39 T\u00e9l\u00e9ph\u00e9rique Olympos \u00e0 Kemer - 45 minutes<br \/>\n\ud83d\udd39 Visite du Dinopark \u00e0 Kemer - 1 heure<br \/>\n\ud83d\udd39 Excursion facultative d'une heure en bateau \u00e0 partir de la marina de Kaleici<br \/>\nTransfert aller-retour vers les h\u00f4tels d'Antalya<\/p>\n<h3>\u2139\ufe0f Informations utiles<\/h3>\n<p>Dur\u00e9e : environ 8-9 heures<br \/>\n\ud83d\udd39 Disponible tous les jours au d\u00e9part de la r\u00e9gion d'Antalya<br \/>\n\ud83d\udd39 Guides parlant anglais, allemand et russe<br \/>\n\ud83d\udd39 Annulation gratuite jusqu'\u00e0 24 heures avant la visite<br \/>\n\ud83d\udd39 Marche mod\u00e9r\u00e9e n\u00e9cessaire dans la vieille ville de Kaleici<br \/>\n\ud83d\udd39 Deux options d'emballage sont disponibles : <strong>T\u00e9l\u00e9ph\u00e9rique d'Olympos<\/strong> ou <strong>Excursion en bateau<\/strong><\/p>\n<h2>\ud83c\udf92 Ce qu'il faut apporter<\/h2>\n<p>\ud83d\udd39 Chaussures de marche confortables<br \/>\nChapeau, lunettes de soleil et cr\u00e8me solaire<br \/>\n\ud83d\udd39 Appareil photo ou smartphone<br \/>\n\ud83d\udd39 Un peu d'argent pour les souvenirs ou les extras<\/p>\n<h3>\ud83d\udeab Ne convient pas pour<\/h3>\n<p>\ud83d\udd39 H\u00f4tes \u00e0 mobilit\u00e9 r\u00e9duite<br \/>\n\ud83d\udd39 Personnes ayant le vertige (pour l'option t\u00e9l\u00e9ph\u00e9rique)<\/p>\n<h2>\ud83d\udcb8 Prix et r\u00e9servation<\/h2>\n<p><strong>\ud83d\udd39 R\u00e9server maintenant, payer le jour de la visite<\/strong><br \/>\n\ud83d\udd39 Contactez-nous via WhatsApp, Telegram, Viber, ou remplissez le formulaire de r\u00e9servation ci-dessous.\ud83d\udc47\ud83c\udffd<\/p>\n<p>\u00c0 la recherche d'alternatives ? Parcourir <a href=\"https:\/\/excursionsworld.com\/fr\/excursions-a-antalya\/\">plus de circuits \u00e0 Antalya \u00e0 Olympos<\/a>.<\/p>","protected":false},"excerpt":{"rendered":"<p>R\u00e9server le <b>Visite de la ville d'Antalya<\/b>! Excursion d'une journ\u00e9e : Olympos <b>T\u00e9l\u00e9ph\u00e9rique<\/b>, historique <b>Kaleici<\/b>, et <b>Cascades de D\u00fcden<\/b>. D\u00e9jeuner et guide inclus.<\/p>","protected":false},"featured_media":15467,"comment_status":"open","ping_status":"closed","template":"","meta":[],"product_brand":[],"product_cat":[125],"product_tag":[107],"class_list":{"0":"post-15555","1":"product","2":"type-product","3":"status-publish","4":"has-post-thumbnail","6":"tour_phys-antalya-tours","7":"product_cat-antalya-tours","8":"product_tag-antalya","9":"pa_destination-antalya-tours","11":"first","12":"instock","13":"sale","14":"featured","15":"shipping-taxable","16":"purchasable","17":"product-type-tour_phys"},"aioseo_notices":[],"_links":{"self":[{"href":"https:\/\/excursionsworld.com\/fr\/wp-json\/wp\/v2\/product\/15555","targetHints":{"allow":["GET"]}}],"collection":[{"href":"https:\/\/excursionsworld.com\/fr\/wp-json\/wp\/v2\/product"}],"about":[{"href":"https:\/\/excursionsworld.com\/fr\/wp-json\/wp\/v2\/types\/product"}],"replies":[{"embeddable":true,"href":"https:\/\/excursionsworld.com\/fr\/wp-json\/wp\/v2\/comments?post=15555"}],"wp:featuredmedia":[{"embeddable":true,"href":"https:\/\/excursionsworld.com\/fr\/wp-json\/wp\/v2\/media\/15467"}],"wp:attachment":[{"href":"https:\/\/excursionsworld.com\/fr\/wp-json\/wp\/v2\/media?parent=15555"}],"wp:term":[{"taxonomy":"product_brand","embeddable":true,"href":"https:\/\/excursionsworld.com\/fr\/wp-json\/wp\/v2\/product_brand?post=15555"},{"taxonomy":"product_cat","embeddable":true,"href":"https:\/\/excursionsworld.com\/fr\/wp-json\/wp\/v2\/product_cat?post=15555"},{"taxonomy":"product_tag","embeddable":true,"href":"https:\/\/excursionsworld.com\/fr\/wp-json\/wp\/v2\/product_tag?post=15555"}],"curies":[{"name":"wp","href":"https:\/\/api.w.org\/{rel}","templated":true}]}}