{"id":15556,"date":"2025-11-02T14:05:03","date_gmt":"2025-11-02T11:05:03","guid":{"rendered":"https:\/\/excursionsworld.com\/?post_type=product&#038;p=15556\/"},"modified":"2026-04-24T01:27:09","modified_gmt":"2026-04-23T22:27:09","slug":"bateau-pirate-belek-red-dragon","status":"publish","type":"product","link":"https:\/\/excursionsworld.com\/tours\/pirate-boat-trip-from-belek\/","title":{"rendered":"Excursion en bateau pirate depuis Belek \u2013 Red Dragon"},"content":{"rendered":"<h2><strong>\ud83c\udff4\u200d\u2620\ufe0f Vue d'ensemble<\/strong><\/h2>\n<p>Participez \u00e0 une exp\u00e9rience inoubliable <strong>Excursion en bateau pirate<\/strong> de <a href=\"https:\/\/en.wikipedia.org\/wiki\/Belek\" target=\"_blank\" rel=\"noopener\">Belek<\/a> \u00e0 Kemer \u00e0 bord du l\u00e9gendaire <strong>Dragon rouge<\/strong>! Avec la prise en charge et le retour \u00e0 l'h\u00f4tel inclus, profitez d'une journ\u00e9e enti\u00e8re de baignade, de bronzage, de musique et de divertissement. Cette croisi\u00e8re pleine d'aventures est id\u00e9ale pour les familles, les couples et les groupes qui souhaitent s'amuser en M\u00e9diterran\u00e9e.<\/p>\n<h3 dir=\"ltr\"><strong>Inclus :<\/strong><\/h3>\n<p dir=\"ltr\"><span style=\"color: #00ff00;\"><strong>\u2713<\/strong><\/span> Prise en charge et retour \u00e0 l'h\u00f4tel<br \/>\n<span style=\"color: #00ff00;\"><strong>\u2713 <\/strong><\/span>Assurance<br \/>\n<span style=\"color: #00ff00;\"><strong>\u2713 <\/strong><\/span>Guide<br \/>\n<span style=\"color: #00ff00;\"><strong>\u2713 <\/strong><\/span>F\u00eate de la mousse<br \/>\n<span style=\"color: #00ff00;\"><strong>\u2713 <\/strong><\/span>D\u00e9jeuner<\/p>\n<h3 dir=\"ltr\"><strong>Non inclus :<\/strong><\/h3>\n<p dir=\"ltr\"><span style=\"color: #ff0000;\"><strong>\u2717<\/strong><\/span> D\u00e9penses personnelles<br \/>\n<span style=\"color: #ff0000;\"><strong>\u2717 <\/strong><\/span>Boissons<\/p>\n<h2><strong>\ud83c\udf1f Points forts de la visite<\/strong><\/h2>\n<p>\ud83d\udd39 Sail on the famous <strong>Bateau pirate dragon rouge<\/strong><br \/>\n\ud83d\udd39 Nager dans les baies cristallines de Kemer<br \/>\n\ud83d\udd39 Musique live, danse et soir\u00e9e mousse \u00e0 bord<br \/>\n\ud83d\udd39 Visite de baies magnifiques comme Phaselis, Paradise et Moonlight<br \/>\n\ud83d\udd39 Visite familiale avec des animations pour tous les \u00e2ges<br \/>\n\ud83d\udd39 D\u00e9tendez-vous et profitez du soleil sur des terrasses spacieuses<\/p>\n<h2><strong>\ud83d\udcd6 Description compl\u00e8te<\/strong><\/h2>\n<div>Votre aventure commence par un transfert confortable depuis votre h\u00f4tel \u00e0 <strong>Belek, Kadriye ou Bo\u011fazkent<\/strong> \u00e0 <strong>Marina de Kemer<\/strong>, o\u00f9 le magnifique <strong>Bateau pirate Dragon Rouge<\/strong> vous attend. Montez \u00e0 bord de ce navire moderne \u00e0 th\u00e8me, au d\u00e9cor de pirates, aux ponts ouverts et \u00e0 l'ambiance festive. La croisi\u00e8re comprend plusieurs arr\u00eats pour la baignade et l'exploration :<br \/>\n<strong>Baie de Phaselis<\/strong> - nager pr\u00e8s de ruines anciennes et de rivages couverts de pins. <strong>Baie des Paradis<\/strong> - profiter des eaux turquoises tranquilles et de l'air frais de la mer.<br \/>\n<strong>Baie du clair de lune<\/strong> - se d\u00e9tendre et prendre des photos m\u00e9morables. <strong>Grotte des pirates<\/strong> - prendre des photos \u00e9poustouflantes de cette grotte l\u00e9gendaire situ\u00e9e \u00e0 flanc de falaise.<\/div>\n<div>Tout au long du voyage, profitez d'un programme anim\u00e9 \u00e0 bord avec <strong>de la musique, des spectacles de danse et une f\u00eate de la mousse<\/strong>. Un d\u00e9licieux <strong>d\u00e9jeuner<\/strong> est servi sur le bateau et des boissons sont disponibles \u00e0 la vente. Cette <strong>Excursion en bateau du dragon rouge et des pirates<\/strong> au d\u00e9part de Belek est l'une des excursions les plus populaires pour ceux qui aiment le soleil, la mer et les divertissements !<\/div>\n<h3><strong>\ud83d\uddfa\ufe0f Itin\u00e9raire de la visite<\/strong><\/h3>\n<p>Prise en charge \u00e0 partir des h\u00f4tels de Belek, Kadriye et Bo\u011fazkent<br \/>\n\ud83d\udd39 Transfert vers la marina de Kemer<br \/>\n\ud83d\udd39 D\u00e9part sur le bateau pirate Dragon Rouge<br \/>\n\ud83d\udd39 Arr\u00eat baignade \u00e0 la baie de Phaselis<br \/>\nArr\u00eat baignade \u00e0 Paradise Bay<br \/>\nArr\u00eat baignade \u00e0 Moonlight Bay<br \/>\n\ud83d\udd39 Sail by the Pirate Cave<br \/>\n\ud83d\udd39 Soir\u00e9e mousse, musique et animation \u00e0 bord<br \/>\nRetour \u00e0 la marina de Kemer<br \/>\nTransfert de retour \u00e0 l'h\u00f4tel<\/p>\n<h3><strong>\u2139\ufe0f Informations utiles<\/strong><\/h3>\n<p>Dur\u00e9e : environ 7-8 heures<br \/>\n\ud83d\udd39 Espaces ombrag\u00e9s et ensoleill\u00e9s confortables \u00e0 bord<br \/>\n\ud83d\udd39 Les enfants de moins de 6 ans voyageant gratuitement n'ont pas de si\u00e8ge s\u00e9par\u00e9 dans le bus. Si le bus est plein, ils s'assoient sur les genoux d'un adulte, ou un si\u00e8ge s\u00e9par\u00e9 peut \u00eatre r\u00e9serv\u00e9<\/p>\n<h2><strong>\ud83c\udf92 Ce qu'il faut apporter<\/strong><\/h2>\n<p>Maillot de bain et serviette de bain<br \/>\n\ud83d\udd39 Cr\u00e8me solaire et lunettes de soleil<br \/>\n\ud83d\udd39 Chapeau ou casquette<br \/>\n\ud83d\udd39 \u00c9tui pour t\u00e9l\u00e9phone ou appareil photo \u00e9tanche<br \/>\n\ud83d\udd39 Argent liquide pour les d\u00e9penses personnelles<\/p>\n<h3><strong>\ud83d\udeab Ne convient pas pour<\/strong><\/h3>\n<p>\ud83d\udd39 Personnes sujettes au mal de mer<br \/>\n\ud83d\udd39 Voyageurs \u00e0 mobilit\u00e9 r\u00e9duite<\/p>\n<h2 dir=\"ltr\">\ud83d\udcb8\u00a0<strong>Prix et r\u00e9servation<\/strong><\/h2>\n<p dir=\"ltr\"><strong>\ud83d\udd39 R\u00e9server maintenant, payer le jour de la visite<\/strong><br \/>\n\ud83d\udd39 Contactez-nous via WhatsApp, Telegram, Viber, ou remplissez le formulaire de r\u00e9servation ci-dessous. \ud83d\udc47\ud83c\udffc<\/p>\n<p>\u00c0 la recherche d'alternatives ? Parcourir <a href=\"https:\/\/excursionsworld.com\/fr\/excursions-a-belek\/\">plus de visites \u00e0 Belek<\/a>.<\/p>","protected":false},"excerpt":{"rendered":"<article class=\"text-token-text-primary w-full focus:outline-none [--shadow-height:45px] has-data-writing-block:pointer-events-none has-data-writing-block:-mt-(--shadow-height) has-data-writing-block:pt-(--shadow-height) [&amp;:has([data-writing-block])&gt;*]:pointer-events-auto [content-visibility:auto] supports-[content-visibility:auto]:[contain-intrinsic-size:auto_100lvh] scroll-mt-[calc(var(--header-height)+min(200px,max(70px,20svh)))]\" dir=\"auto\" tabindex=\"-1\" data-turn-id=\"request-68fc9928-d314-8331-9d99-fe0fab624f17-3\" data-testid=\"conversation-turn-90\" data-scroll-anchor=\"true\" data-turn=\"assistant\">\n<div class=\"text-base my-auto mx-auto pb-10 [--thread-content-margin:--spacing(4)] thread-sm:[--thread-content-margin:--spacing(6)] thread-lg:[--thread-content-margin:--spacing(16)] px-(--thread-content-margin)\">\n<div class=\"[--thread-content-max-width:40rem] thread-lg:[--thread-content-max-width:48rem] mx-auto max-w-(--thread-content-max-width) flex-1 group\/turn-messages focus-visible:outline-hidden relative flex w-full min-w-0 flex-col agent-turn\" tabindex=\"-1\">\n<div class=\"flex max-w-full flex-col grow\">\n<div class=\"min-h-8 text-message relative flex w-full flex-col items-end gap-2 text-start break-words whitespace-normal [.text-message+&amp;]:mt-1\" dir=\"auto\" data-message-author-role=\"assistant\" data-message-id=\"cd734cc4-a249-4c39-b9a3-655e0ffdd131\" data-message-model-slug=\"gpt-5\">\n<div class=\"flex w-full flex-col gap-1 empty:hidden first:pt-[1px]\">\n<div class=\"markdown prose dark:prose-invert w-full break-words light markdown-new-styling\">\n<p data-start=\"2983\" data-end=\"3240\" data-is-last-node=\"\" data-is-only-node=\"\">Join the exciting <strong data-start=\"3040\" data-end=\"3091\">Red Dragon Pirate Boat Trip from Belek to Kemer<\/strong>! Swim in crystal-clear bays, enjoy music, foam party, and fun onboard. One of the best <strong data-start=\"3179\" data-end=\"3214\">Belek boat tours and excursions<\/strong> for families and friends.<\/p>\n<\/div>\n<\/div>\n<\/div>\n<\/div>\n<div class=\"z-0 flex min-h-[46px] justify-start\"><\/div>\n<div class=\"mt-3 w-full empty:hidden\">\n<div class=\"text-center\"><\/div>\n<\/div>\n<\/div>\n<\/div>\n<\/article>\n<div class=\"pointer-events-none h-px w-px\" aria-hidden=\"true\" data-edge=\"true\"><\/div>\n","protected":false},"featured_media":16711,"comment_status":"open","ping_status":"closed","template":"","meta":[],"product_brand":[],"product_cat":[126,130],"product_tag":[120],"class_list":{"0":"post-15556","1":"product","2":"type-product","3":"status-publish","4":"has-post-thumbnail","6":"tour_phys-belek-tours","7":"tour_phys-pirate-boat-tours","8":"product_cat-belek-tours","9":"product_cat-pirate-boat-tours","10":"product_tag-belek","11":"pa_destination-belek-tours","12":"pa_kategori-pirate-boat-tours","14":"first","15":"instock","16":"sale","17":"shipping-taxable","18":"purchasable","19":"product-type-tour_phys"},"aioseo_notices":[],"_links":{"self":[{"href":"https:\/\/excursionsworld.com\/fr\/wp-json\/wp\/v2\/product\/15556","targetHints":{"allow":["GET"]}}],"collection":[{"href":"https:\/\/excursionsworld.com\/fr\/wp-json\/wp\/v2\/product"}],"about":[{"href":"https:\/\/excursionsworld.com\/fr\/wp-json\/wp\/v2\/types\/product"}],"replies":[{"embeddable":true,"href":"https:\/\/excursionsworld.com\/fr\/wp-json\/wp\/v2\/comments?post=15556"}],"wp:featuredmedia":[{"embeddable":true,"href":"https:\/\/excursionsworld.com\/fr\/wp-json\/wp\/v2\/media\/16711"}],"wp:attachment":[{"href":"https:\/\/excursionsworld.com\/fr\/wp-json\/wp\/v2\/media?parent=15556"}],"wp:term":[{"taxonomy":"product_brand","embeddable":true,"href":"https:\/\/excursionsworld.com\/fr\/wp-json\/wp\/v2\/product_brand?post=15556"},{"taxonomy":"product_cat","embeddable":true,"href":"https:\/\/excursionsworld.com\/fr\/wp-json\/wp\/v2\/product_cat?post=15556"},{"taxonomy":"product_tag","embeddable":true,"href":"https:\/\/excursionsworld.com\/fr\/wp-json\/wp\/v2\/product_tag?post=15556"}],"curies":[{"name":"wp","href":"https:\/\/api.w.org\/{rel}","templated":true}]}}