{"id":15557,"date":"2025-11-02T14:06:59","date_gmt":"2025-11-02T11:06:59","guid":{"rendered":"https:\/\/excursionsworld.com\/?post_type=product&#038;p=15557\/"},"modified":"2026-04-24T01:27:10","modified_gmt":"2026-04-23T22:27:10","slug":"bateau-pirate-excursion-gonster-belek","status":"publish","type":"product","link":"https:\/\/excursionsworld.com\/tours\/pirate-boat-tour-gonster-from-belek\/","title":{"rendered":"Excursion en bateau pirate Gonster depuis Belek \u2013 Tout compris"},"content":{"rendered":"<h2><span style=\"color: #000000;\"><strong>\ud83c\udff4\u200d\u2620\ufe0f Vue d'ensemble<\/strong><\/span><\/h2>\n<p>Rejoindre le <strong>Tour en bateau pirate depuis <a href=\"https:\/\/en.wikipedia.org\/wiki\/Belek\" target=\"_blank\" rel=\"noopener\">Belek<\/a><\/strong> \u00e0 bord du c\u00e9l\u00e8bre <strong>Navire \u00e0 b\u00e2tons rompus<\/strong> - Une journ\u00e9e enti\u00e8re d'amusement, de musique et de baignade le long de la c\u00f4te turquoise de Kemer ! Cette croisi\u00e8re sur le th\u00e8me des pirates propose des divertissements anim\u00e9s, des vues magnifiques sur la M\u00e9diterran\u00e9e et des boissons rafra\u00eechissantes incluses pour tout le monde.<\/p>\n<h3><span style=\"color: #000000;\"><strong>Inclus :<\/strong><\/span><\/h3>\n<p><span style=\"color: #00ff00;\"><strong>\u2713<\/strong><\/span> Prise en charge et retour \u00e0 l'h\u00f4tel<br \/>\n<span style=\"color: #00ff00;\"><strong>\u2713 <\/strong><\/span>Assurance<br \/>\n<span style=\"color: #00ff00;\"><strong>\u2713 <\/strong><\/span>Guide professionnel<br \/>\n<span style=\"color: #00ff00;\"><strong>\u2713 <\/strong><\/span>Soir\u00e9e mousse et divertissements \u00e0 bord<br \/>\n<span style=\"color: #00ff00;\"><strong>\u2713 <\/strong><\/span>D\u00e9jeuner<br \/>\n<span style=\"color: #00ff00;\"><strong>\u2713 <\/strong><\/span>Boissons non alcoolis\u00e9es<\/p>\n<h3><span style=\"color: #000000;\"><strong>Non inclus :<\/strong><\/span><\/h3>\n<p><span style=\"color: #ff0000;\"><strong>\u2717<\/strong> <\/span>D\u00e9penses personnelles<br \/>\n<span style=\"color: #ff0000;\"><strong>\u2717<\/strong> <\/span>Boissons alcoolis\u00e9es<\/p>\n<h2><span style=\"color: #000000;\"><strong>\ud83c\udf1f Points forts de la visite<\/strong><\/span><\/h2>\n<p>\ud83d\udd39 Naviguer sur le c\u00e9l\u00e8bre bateau pirate Gonster avec musique et spectacles<br \/>\n\ud83d\udd39 Nager dans les plus belles baies de Kemer : Phaselis, Paradise et Moonlight<br \/>\n\ud83d\udd39 Voir la l\u00e9gendaire grotte des pirates et faire des pauses photos<br \/>\n\ud83d\udd39 D\u00e9jeuner d\u00e9licieux \u00e0 bord avec boissons non alcoolis\u00e9es<br \/>\n\ud83d\udd39 Dansez lors de la soir\u00e9e mousse et d\u00e9tendez-vous sur les spacieux ponts ensoleill\u00e9s.<br \/>\n\ud83d\udd39 Parfait pour les familles, les couples et les groupes<\/p>\n<h2><span style=\"color: #000000;\"><strong>\ud83d\udcd6 Description compl\u00e8te<\/strong><\/span><\/h2>\n<div>Partir de <strong>Belek<\/strong> pour une journ\u00e9e inoubliable sur le <strong>Bateau pirate Gonster<\/strong>, L'un des circuits maritimes les plus divertissants de Kemer. Apr\u00e8s votre prise en charge \u00e0 l'h\u00f4tel, vous serez confortablement transf\u00e9r\u00e9 \u00e0 l'a\u00e9roport de Kemer. <strong>Port de Kemer<\/strong>, o\u00f9 le grand bateau pirate vous attend avec un \u00e9quipage amical et une atmosph\u00e8re festive. Le bateau navigue le long de la magnifique c\u00f4te de Kemer et s'arr\u00eate dans trois des plus belles baies pour se baigner et se d\u00e9tendre :<br \/>\n<strong>Baie de Phaselis<\/strong> - nager \u00e0 proximit\u00e9 de ruines anciennes et de beaut\u00e9s naturelles. <strong>Baie des Paradis<\/strong> - profiter des eaux turquoises cristallines.<br \/>\n<strong>Baie du clair de lune<\/strong> - id\u00e9al pour les bains de soleil et les photos. Vous passerez \u00e9galement devant le <strong>Grotte des pirates<\/strong>, L'embarcation est connue pour ses falaises spectaculaires et ses histoires l\u00e9gendaires. Pendant la croisi\u00e8re, vous d\u00e9gusterez un savoureux <strong>d\u00e9jeuner avec boissons non alcoolis\u00e9es<\/strong>, de la musique en direct, et une <strong>f\u00eate de la mousse<\/strong> sur le chemin du retour. Que vous pr\u00e9f\u00e9riez vous d\u00e9tendre au soleil ou danser sur le pont, cette excursion garantit un plaisir pour tous.<\/div>\n<h3><span style=\"color: #000000;\"><strong>\ud83d\uddfa\ufe0f Itin\u00e9raire de la visite<\/strong><\/span><\/h3>\n<p>\ud83d\udd39 Prise en charge \u00e0 partir des h\u00f4tels de Belek, Kadriye, Bo\u011fazkent et des r\u00e9gions voisines.<br \/>\n\ud83d\udd39 Transfert vers le port de Kemer<br \/>\n\ud83d\udd39 D\u00e9part du port de Kemer<br \/>\n\ud83d\udd39 Arr\u00eat baignade \u00e0 la baie de Phaselis<br \/>\nArr\u00eat baignade \u00e0 Moonlight Bay<br \/>\nArr\u00eat baignade \u00e0 Paradise Bay<br \/>\n\ud83d\udd39 Sail by the Pirate Cave<br \/>\n\ud83d\udd39 Soir\u00e9e mousse et animations \u00e0 bord<br \/>\nRetour au port de Kemer<br \/>\n\ud83d\udd39 Retour \u00e0 l'h\u00f4tel<\/p>\n<h3><span style=\"color: #000000;\"><strong>\u2139\ufe0f Informations utiles<\/strong><\/span><\/h3>\n<p>Dur\u00e9e : environ 7-8 heures (transfert compris)<br \/>\n\ud83d\udd39 \u00c9quipage et guides anglophones<br \/>\n\ud83d\udd39 Zones confortables, ombrag\u00e9es et ensoleill\u00e9es \u00e0 bord<br \/>\n\ud83d\udd39 Convient aux familles et \u00e0 tous les groupes d'\u00e2ge<br \/>\n\ud83d\udd39 Les enfants de moins de 5 ans voyagent gratuitement mais partagent un si\u00e8ge de bus avec leurs parents<\/p>\n<h2><span style=\"color: #000000;\"><strong>\ud83c\udf92 Ce qu'il faut apporter<\/strong><\/span><\/h2>\n<p>Maillot de bain et serviette de bain<br \/>\nCr\u00e8me solaire, lunettes de soleil et chapeau<br \/>\n\ud83d\udd39 \u00c9tui pour t\u00e9l\u00e9phone ou appareil photo \u00e9tanche<br \/>\n\ud83d\udd39 Argent liquide pour les souvenirs et les d\u00e9penses suppl\u00e9mentaires<\/p>\n<h3><span style=\"color: #000000;\"><strong>\ud83d\udeab Ne convient pas pour<\/strong><\/span><\/h3>\n<p>\ud83d\udd39 Guests prone to severe seasickness (invit\u00e9s sujets au mal de mer)<br \/>\n\ud83d\udd39 Personnes \u00e0 mobilit\u00e9 r\u00e9duite<\/p>\n<h2 dir=\"ltr\">\ud83d\udcb8\u00a0<strong>Prix et r\u00e9servation<\/strong><\/h2>\n<p dir=\"ltr\"><strong>\ud83d\udd39 R\u00e9server maintenant, payer le jour de la visite<\/strong><br \/>\n\ud83d\udd39 Contactez-nous via WhatsApp, Telegram, Viber, ou remplissez le formulaire de r\u00e9servation ci-dessous. \ud83d\udc47\ud83c\udffc<\/p>\n<p>\u00c0 la recherche d'alternatives ? Parcourir <a href=\"https:\/\/excursionsworld.com\/fr\/excursions-a-belek\/\">plus de visites \u00e0 Belek<\/a>.<\/p>","protected":false},"excerpt":{"rendered":"<p>R\u00e9server le <b>Excursion en bateau pirate \u00e0 Belek<\/b> \u00e0 Kemer ! S'amuser <b>Excursion \u00e0 bord du Gonster Ship<\/b> avec <b>f\u00eate de la mousse<\/b>, <b>d\u00e9jeuner<\/b>, et la natation <b>voyage<\/b> dans 3 belles baies. <b>Transfert inclus<\/b>!<\/p>","protected":false},"featured_media":12200,"comment_status":"open","ping_status":"closed","template":"","meta":[],"product_brand":[],"product_cat":[126,130],"product_tag":[120],"class_list":{"0":"post-15557","1":"product","2":"type-product","3":"status-publish","4":"has-post-thumbnail","6":"tour_phys-belek-tours","7":"tour_phys-pirate-boat-tours","8":"product_cat-belek-tours","9":"product_cat-pirate-boat-tours","10":"product_tag-belek","11":"pa_destination-belek-tours","12":"pa_kategori-pirate-boat-tours","14":"first","15":"instock","16":"sale","17":"shipping-taxable","18":"purchasable","19":"product-type-tour_phys"},"aioseo_notices":[],"_links":{"self":[{"href":"https:\/\/excursionsworld.com\/fr\/wp-json\/wp\/v2\/product\/15557","targetHints":{"allow":["GET"]}}],"collection":[{"href":"https:\/\/excursionsworld.com\/fr\/wp-json\/wp\/v2\/product"}],"about":[{"href":"https:\/\/excursionsworld.com\/fr\/wp-json\/wp\/v2\/types\/product"}],"replies":[{"embeddable":true,"href":"https:\/\/excursionsworld.com\/fr\/wp-json\/wp\/v2\/comments?post=15557"}],"wp:featuredmedia":[{"embeddable":true,"href":"https:\/\/excursionsworld.com\/fr\/wp-json\/wp\/v2\/media\/12200"}],"wp:attachment":[{"href":"https:\/\/excursionsworld.com\/fr\/wp-json\/wp\/v2\/media?parent=15557"}],"wp:term":[{"taxonomy":"product_brand","embeddable":true,"href":"https:\/\/excursionsworld.com\/fr\/wp-json\/wp\/v2\/product_brand?post=15557"},{"taxonomy":"product_cat","embeddable":true,"href":"https:\/\/excursionsworld.com\/fr\/wp-json\/wp\/v2\/product_cat?post=15557"},{"taxonomy":"product_tag","embeddable":true,"href":"https:\/\/excursionsworld.com\/fr\/wp-json\/wp\/v2\/product_tag?post=15557"}],"curies":[{"name":"wp","href":"https:\/\/api.w.org\/{rel}","templated":true}]}}