{"id":15558,"date":"2025-11-02T14:08:17","date_gmt":"2025-11-02T11:08:17","guid":{"rendered":"https:\/\/excursionsworld.com\/?post_type=product&#038;p=15558\/"},"modified":"2026-04-24T01:27:10","modified_gmt":"2026-04-23T22:27:10","slug":"porto-genovese-lagon-bleu-belek","status":"publish","type":"product","link":"https:\/\/excursionsworld.com\/tours\/porto-genoese-boat-tour-from-belek\/","title":{"rendered":"Bateau Porto Genovese &amp; Lagon Bleu depuis Belek"},"content":{"rendered":"<h2><span style=\"color: #000000;\"><strong>\u26f5 Vue d'ensemble<\/strong><\/span><\/h2>\n<p>Embarquez pour un voyage inoubliable \u00e0 bord d'un yacht au d\u00e9part de <strong><a href=\"https:\/\/en.wikipedia.org\/wiki\/Belek\" target=\"_blank\" rel=\"noopener\">Belek<\/a> et les zones avoisinantes (Bo\u011fazkent, Kadriye, Lara, Kundu, Antalya, Konyaalt\u0131)<\/strong> jusqu'aux magnifiques baies de <strong>Adrasan<\/strong> - Porto Genoese, Akseki Bay, Pirate Bay et l'incandescence <strong>Grotte phosphorescente<\/strong>.<br \/>\nProfitez des eaux turquoise, d'un bain d'argile rafra\u00eechissant et d'un d\u00e9licieux d\u00e9jeuner \u00e0 bord d'un \u00e9l\u00e9gant yacht de luxe - l'escapade parfaite pour les amoureux de la mer et de la nature.<\/p>\n<h3 dir=\"ltr\"><span style=\"color: #000000;\"><strong>Inclus :<\/strong><\/span><\/h3>\n<p dir=\"ltr\"><span style=\"color: #00ff00;\"><strong>\u2713<\/strong><\/span> Prise en charge et retour \u00e0 l'h\u00f4tel<br \/>\n<span style=\"color: #00ff00;\"><strong>\u2713 <\/strong><\/span>Bus confortable et climatis\u00e9<br \/>\n<span style=\"color: #00ff00;\"><strong>\u2713 <\/strong><\/span>Assurance<br \/>\n<span style=\"color: #00ff00;\"><strong>\u2713 <\/strong><\/span>Guide<br \/>\n<span style=\"color: #00ff00;\"><strong>\u2713 <\/strong><\/span>D\u00e9jeuner et fruits de saison<br \/>\n<span style=\"color: #00ff00;\"><strong>\u2713 <\/strong><\/span>Th\u00e9 \u00e0 bord<\/p>\n<h3 dir=\"ltr\"><strong>Non inclus :<\/strong><\/h3>\n<p dir=\"ltr\"><span style=\"color: #ff0000;\"><strong>\u2717<\/strong><\/span> Boissons<br \/>\n<span style=\"color: #ff0000;\"><strong>\u2717 <\/strong><\/span>D\u00e9penses personnelles<br \/>\n<span style=\"color: #ff0000;\"><strong>\u2717 <\/strong><\/span>Photos et vid\u00e9os<\/p>\n<h2>\ud83c\udfdd\ufe0f Points forts de cette excursion en bateau \u00e0 Porto Genoese<\/h2>\n<p>\ud83d\udd39 Nager dans les eaux turquoises de l'oc\u00e9an Indien <strong>Baie de Porto Genoese<\/strong><br \/>\n\ud83d\udd39 Enjoy stops at <strong>Baie d'Akseki<\/strong> et <strong>Pirate Bay<\/strong><br \/>\n\ud83d\udd39 Croisi\u00e8re \u00e0 bord d'un <strong>yacht de charme \u00e9l\u00e9gant<\/strong><br \/>\n\ud83d\udd39 Faire l'exp\u00e9rience d'une <strong>bain d'argile naturelle<\/strong> dans la mer<br \/>\n\ud83d\udd39 Visitez le site <strong>grotte magique phosphorescente<\/strong> (si les conditions m\u00e9t\u00e9orologiques le permettent)<br \/>\n\ud83d\udd39 Savourer un <strong>D\u00e9jeuner et th\u00e9 d\u00e9licieux<\/strong> servis \u00e0 bord<\/p>\n<h2>\ud83d\udcdc Description Compl\u00e8te : Votre Exp\u00e9rience de Promenade en Bateau G\u00e9nois \u00e0 Porto<\/h2>\n<div>Votre aventure commence par un transfert confortable depuis votre h\u00f4tel \u00e0 <strong>Belek, Bo\u011fazkent, Kadriye, Lara, Kundu, ou les r\u00e9gions avoisinantes<\/strong> jusqu'au port d'Adrasan. Une fois \u00e0 bord du yacht, pr\u00e9parez-vous \u00e0 une croisi\u00e8re inoubliable le long de la magnifique c\u00f4te m\u00e9diterran\u00e9enne.<\/div>\n<div><strong>Baie d'Akseki <\/strong>Le premier arr\u00eat est la baie d'Akseki, o\u00f9 vous aurez environ 30 minutes pour nager ou faire de la plong\u00e9e avec masque et tuba dans des eaux cristallines. Veuillez noter la pr\u00e9sence d'oursins - le port de chaussures d'eau est recommand\u00e9.<\/div>\n<div><strong>Baie de Porto Genoese <\/strong>Vous arriverez ensuite \u00e0 la baie de Porto Genoese, c\u00e9l\u00e8bre dans le monde entier. Ici, vous profiterez de 60 minutes de baignade, d'un bain d'argile relaxant et d'un d\u00e9licieux d\u00e9jeuner servi \u00e0 bord, tout en \u00e9tant entour\u00e9 d'un paysage \u00e0 couper le souffle.<\/div>\n<div><strong>Pirate Bay <\/strong>Apr\u00e8s une courte croisi\u00e8re de 25 minutes, vous rejoignez la baie des pirates pour 40 minutes de baignade, de d\u00e9tente ou de bronzage sur le pont.<\/div>\n<div><strong>Grotte phosphorescente <\/strong>Si le temps le permet, vous visiterez la fascinante grotte phosphorescente, connue pour ses eaux lumineuses qui cr\u00e9ent un effet de lumi\u00e8re magique. \u00c0 la fin de votre voyage, le yacht retourne au port d'Adrasan, o\u00f9 votre bus vous attend pour vous ramener confortablement \u00e0 votre h\u00f4tel \u00e0 Belek.<\/div>\n<h3>\u2139\ufe0f Informations utiles<\/h3>\n<p>\ud83d\udd39 L'itin\u00e9raire peut \u00eatre modifi\u00e9 en fonction des conditions m\u00e9t\u00e9orologiques et maritimes.<br \/>\n\ud83d\udd39 Certains arr\u00eats peuvent \u00eatre supprim\u00e9s pour des raisons de s\u00e9curit\u00e9<br \/>\nIl ne s'agit pas d'une excursion consacr\u00e9e \u00e0 la plong\u00e9e avec tuba, mais vous pouvez apporter votre propre mat\u00e9riel.<br \/>\n\ud83d\udd39 Des chaussures antid\u00e9rapantes sont fortement recommand\u00e9es<br \/>\n\ud83d\udd39 Les enfants de moins de 5 ans voyageant gratuitement n'ont pas de si\u00e8ge s\u00e9par\u00e9 dans le bus - ils s'assoient sur les genoux d'un adulte si le bus est plein (un si\u00e8ge s\u00e9par\u00e9 peut \u00eatre r\u00e9serv\u00e9 si vous le souhaitez).<\/p>\n<h2 dir=\"ltr\"><span style=\"color: #000000;\"><strong>\ud83c\udf92 Ce qu'il faut apporter<\/strong><\/span><\/h2>\n<p dir=\"ltr\">Maillot de bain et serviette de bain<br \/>\nLunettes de soleil et cr\u00e8me solaire<br \/>\n\ud83d\udd39 Chapeau et bouteille d'eau<br \/>\n\ud83d\udd39 Mat\u00e9riel de plong\u00e9e avec tuba (facultatif)<\/p>\n<h3 dir=\"ltr\"><span style=\"color: #000000;\"><strong>\ud83d\udeab Ne convient pas pour<\/strong><\/span><\/h3>\n<p dir=\"ltr\">\ud83d\udd39 Personnes \u00e0 mobilit\u00e9 r\u00e9duite<br \/>\n\ud83d\udd39 Ceux qui sont sujets au mal de mer<\/p>\n<h2 dir=\"ltr\"><span style=\"color: #000000;\"><strong>\ud83d\udcb8 Prix et r\u00e9servation<\/strong><\/span><\/h2>\n<p dir=\"ltr\"><strong>\ud83d\udd39 R\u00e9server maintenant, payer le jour de la visite<\/strong><br \/>\n\ud83d\udd39 Contactez-nous via WhatsApp, Telegram, Viber, ou remplissez le formulaire de r\u00e9servation ci-dessous. \ud83d\udc47\ud83c\udffc<\/p>\n<p>\u00c0 la recherche d'alternatives ? Parcourir <a href=\"https:\/\/excursionsworld.com\/fr\/excursions-a-belek\/\">plus de visites \u00e0 Belek<\/a>.<\/p>","protected":false},"excerpt":{"rendered":"<p>R\u00e9server le <b>Belek Adrasan Yacht Tour<\/b>! Excursion en yacht \u00e0 <b>Porto Genoese<\/b> &amp; Baie des pirates. Nagez, profitez d'une <b>bain d'argile<\/b>, Visite de la grotte phosphorescente. D\u00e9jeuner inclus.<\/p>","protected":false},"featured_media":12442,"comment_status":"open","ping_status":"closed","template":"","meta":[],"product_brand":[],"product_cat":[126],"product_tag":[120],"class_list":{"0":"post-15558","1":"product","2":"type-product","3":"status-publish","4":"has-post-thumbnail","6":"tour_phys-belek-tours","7":"tour_phys-boat-tours","8":"product_cat-belek-tours","9":"product_tag-belek","10":"pa_destination-belek-tours","11":"pa_kategori-boat-tours","13":"first","14":"instock","15":"sale","16":"shipping-taxable","17":"purchasable","18":"product-type-tour_phys"},"aioseo_notices":[],"_links":{"self":[{"href":"https:\/\/excursionsworld.com\/fr\/wp-json\/wp\/v2\/product\/15558","targetHints":{"allow":["GET"]}}],"collection":[{"href":"https:\/\/excursionsworld.com\/fr\/wp-json\/wp\/v2\/product"}],"about":[{"href":"https:\/\/excursionsworld.com\/fr\/wp-json\/wp\/v2\/types\/product"}],"replies":[{"embeddable":true,"href":"https:\/\/excursionsworld.com\/fr\/wp-json\/wp\/v2\/comments?post=15558"}],"wp:featuredmedia":[{"embeddable":true,"href":"https:\/\/excursionsworld.com\/fr\/wp-json\/wp\/v2\/media\/12442"}],"wp:attachment":[{"href":"https:\/\/excursionsworld.com\/fr\/wp-json\/wp\/v2\/media?parent=15558"}],"wp:term":[{"taxonomy":"product_brand","embeddable":true,"href":"https:\/\/excursionsworld.com\/fr\/wp-json\/wp\/v2\/product_brand?post=15558"},{"taxonomy":"product_cat","embeddable":true,"href":"https:\/\/excursionsworld.com\/fr\/wp-json\/wp\/v2\/product_cat?post=15558"},{"taxonomy":"product_tag","embeddable":true,"href":"https:\/\/excursionsworld.com\/fr\/wp-json\/wp\/v2\/product_tag?post=15558"}],"curies":[{"name":"wp","href":"https:\/\/api.w.org\/{rel}","templated":true}]}}