{"id":15559,"date":"2025-11-02T14:09:27","date_gmt":"2025-11-02T11:09:27","guid":{"rendered":"https:\/\/excursionsworld.com\/?post_type=product&#038;p=15559\/"},"modified":"2026-04-24T01:27:11","modified_gmt":"2026-04-23T22:27:11","slug":"suluada-ile-bateau-belek","status":"publish","type":"product","link":"https:\/\/excursionsworld.com\/tours\/suluada-island-boat-trip-from-belek\/","title":{"rendered":"Excursion en bateau \u00e0 Suluada depuis Belek \u2013 Les Maldives turques"},"content":{"rendered":"<h2><span style=\"color: #000000;\"><strong>\ud83c\udfdd\ufe0f Vue d'ensemble<\/strong><\/span><\/h2>\n<p>Embarquez pour un voyage inoubliable <strong>Excursion sur l'\u00eele de Suluada depuis <a href=\"https:\/\/en.wikipedia.org\/wiki\/Belek\" target=\"_blank\" rel=\"noopener\">Belek<\/a><\/strong>, connu sous le nom de <em>\u201cMaldives turques\u201d<\/em> pour ses plages de sable blanc et ses eaux turquoise cristallines. Profitez de trois arr\u00eats baignade, d'un d\u00e9licieux d\u00e9jeuner barbecue et de vues m\u00e9diterran\u00e9ennes \u00e0 couper le souffle. Une escapade parfaite pour les familles, les couples et les amoureux de la nature !<\/p>\n<h3>\u00a0<span style=\"color: #000000;\"><strong>Inclus :<\/strong><\/span><\/h3>\n<p><span style=\"color: #00ff00;\"><strong>\u2713<\/strong> <\/span>Prise en charge et retour \u00e0 l'h\u00f4tel<br \/>\n<span style=\"color: #00ff00;\"><strong>\u2713<\/strong> <\/span>Assurance<br \/>\n<span style=\"color: #00ff00;\"><strong>\u2713<\/strong> <\/span>Guide professionnel<br \/>\n<span style=\"color: #00ff00;\"><strong>\u2713<\/strong> <\/span>D\u00e9jeuner et fruits frais de saison<br \/>\n<span style=\"color: #00ff00;\"><strong>\u2713<\/strong> <\/span>Th\u00e9 \u00e0 bord<\/p>\n<h3><span style=\"color: #000000;\"><strong>\u00a0Non inclus :<\/strong><\/span><\/h3>\n<p><span style=\"color: #ff0000;\"><strong>\u2717<\/strong> <\/span>Boissons<br \/>\n<span style=\"color: #ff0000;\"><strong>\u2717<\/strong> <\/span>D\u00e9penses personnelles<br \/>\n<span style=\"color: #ff0000;\"><strong>\u2717<\/strong> <\/span>Photos et vid\u00e9os<\/p>\n<h2><span style=\"color: #000000;\"><strong>\ud83c\udf1f Points forts de la visite<\/strong><\/span><\/h2>\n<p>\ud83d\udd39 D\u00e9couvrez les baies cach\u00e9es et les plages immacul\u00e9es de la r\u00e9gion de la mer d'Aral. <strong>\u00cele de Suluada<\/strong><br \/>\n\ud83d\udd39 Nager dans <strong>Baie des Maldives<\/strong> - sables blancs et eaux turquoises<br \/>\n\ud83d\udd39 Prendre des photos m\u00e9morables \u00e0 la <strong>La grotte de l'amour<\/strong><br \/>\n\ud83d\udd39 Profitez d'un <strong>D\u00e9jeuner barbecue<\/strong> avec du poulet, du poisson et des meze turcs<br \/>\n\ud83d\udd39 D\u00e9tendez-vous et prenez un bain de soleil lors de trois pauses de baignade<br \/>\n\ud83d\udd39 Admirez le <strong>Monts Taurus<\/strong> et des vues panoramiques sur le littoral<br \/>\n\ud83d\udd39 Choisir entre <strong>petit groupe<\/strong> ou <strong>grand groupe<\/strong> options de voyage<\/p>\n<h2><span style=\"color: #000000;\"><strong>\ud83d\udcd6 Description compl\u00e8te<\/strong><\/span><\/h2>\n<div>Votre aventure commence par une confortable <strong>prise en charge \u00e0 l'h\u00f4tel \u00e0 partir de Belek et des environs<\/strong> (Bo\u011fazkent, Kadriye, Lara, Kundu, Antalya). Vous voyagerez dans un bus climatis\u00e9 jusqu'\u00e0 <strong>Port d'Adrasan<\/strong>, o\u00f9 votre bateau vous attend.<\/div>\n<div>Une fois \u00e0 bord du catamaran, le voyage commence le long de la magnifique c\u00f4te sud de la Turquie, avec des vues \u00e9poustouflantes sur les falaises, les for\u00eats de pins et les baies turquoises.<\/div>\n<div><strong>Baie des Maldives<\/strong><br \/>\nLa premi\u00e8re \u00e9tape est la baie des Maldives, c\u00e9l\u00e8bre pour son sable blanc et ses eaux cristallines, parfaites pour la baignade et la plong\u00e9e avec masque et tuba.<\/div>\n<div><strong>Plages cach\u00e9es de Suluada<\/strong><br \/>\nEnsuite, le bateau jette l'ancre pr\u00e8s des criques cach\u00e9es de Suluada, id\u00e9ales pour se d\u00e9tendre, nager ou prendre un bain de soleil sur le pont.<\/div>\n<div><strong>La grotte de l'amour<\/strong><br \/>\nLa derni\u00e8re \u00e9tape est la grotte enchant\u00e9e de l'Amour, o\u00f9 vous pouvez nager dans des eaux calmes et prendre de superbes photos dans cette merveille naturelle.<\/div>\n<div>Un produit fra\u00eechement pr\u00e9par\u00e9 <strong>D\u00e9jeuner barbecue<\/strong> Un d\u00e9jeuner de poisson, de poulet, de p\u00e2tes et de meze est servi \u00e0 bord. Apr\u00e8s le d\u00e9jeuner, d\u00e9tendez-vous avec une tasse de th\u00e9 pendant que vous naviguez vers le port d'Adrasan.<br \/>\nEn fin de journ\u00e9e, vous b\u00e9n\u00e9ficierez d'un transfert confortable vers votre h\u00f4tel \u00e0 Belek.<\/div>\n<h3><span style=\"color: #000000;\"><strong>\ud83d\uddfa\ufe0f Itin\u00e9raire de la visite<\/strong><\/span><\/h3>\n<p>\ud83d\udd39 Prise en charge \u00e0 partir des h\u00f4tels de Belek et des environs<br \/>\n\ud83d\udd39 Transfert vers le port d'Adrasan<br \/>\n\ud83d\udd39 D\u00e9part en yacht ou en catamaran<br \/>\n\ud83d\udd39 Arr\u00eat de la natation \u00e0 <strong>Baie des Maldives<\/strong><br \/>\n\ud83d\udd39 Nager \u00e0 <strong>Les plages cach\u00e9es de Suluada<\/strong><br \/>\n\ud83d\udd39 Stop at the <strong>La grotte de l'amour<\/strong> pour les photos et la natation<br \/>\n\ud83d\udd39 D\u00e9jeuner barbecue et th\u00e9 \u00e0 bord<br \/>\n\ud83d\udd39 Retour au port d'Adrasan<br \/>\n\ud83d\udd39 Transfert retour \u00e0 l'h\u00f4tel<\/p>\n<h3><span style=\"color: #000000;\"><strong>\u2139\ufe0f Informations utiles<\/strong><\/span><\/h3>\n<p>Dur\u00e9e : environ 8 heures (journ\u00e9e compl\u00e8te)<br \/>\n\ud83d\udd39 L'itin\u00e9raire peut \u00eatre modifi\u00e9 en fonction des conditions m\u00e9t\u00e9orologiques ou maritimes.<br \/>\n\ud83d\udd39 Nage et marche mod\u00e9r\u00e9es requises<br \/>\nIl ne s'agit pas d'une excursion consacr\u00e9e \u00e0 la plong\u00e9e avec tuba, mais vous pouvez apporter votre propre mat\u00e9riel.<br \/>\n\ud83d\udd39 Les enfants de moins de 6 ans voyageant gratuitement n'ont pas de si\u00e8ge s\u00e9par\u00e9 dans le bus (r\u00e9servation possible sur demande).<\/p>\n<h2><span style=\"color: #000000;\"><strong>\ud83c\udf92 Ce qu'il faut apporter<\/strong><\/span><\/h2>\n<p>Maillot de bain et serviette de bain<br \/>\nChapeau, lunettes de soleil et cr\u00e8me solaire<br \/>\n\ud83d\udd39 Appareil photo ou smartphone \u00e9tanche<br \/>\n\ud83d\udd39 Chaussures ou sandales antid\u00e9rapantes<br \/>\n\ud83d\udd39 Un peu d'argent liquide pour les d\u00e9penses personnelles<\/p>\n<h3><span style=\"color: #000000;\"><strong>\ud83d\udeab Ne convient pas pour<\/strong><\/span><\/h3>\n<p>\ud83d\udd39 Personnes \u00e0 mobilit\u00e9 r\u00e9duite<br \/>\n\ud83d\udd39 Les h\u00f4tes souffrant du mal des transports ou de probl\u00e8mes cardiaques<\/p>\n<h2><span style=\"color: #000000;\"><strong>\ud83d\udcb8 Prix et r\u00e9servation<\/strong><\/span><\/h2>\n<p>\ud83d\udd39 <strong>R\u00e9servez maintenant - payez le jour de la visite<\/strong><br \/>\n\ud83d\udd39 Contactez-nous via <strong>WhatsApp<\/strong>, ou Telegram, Viber, ou remplissez le formulaire de r\u00e9servation ci-dessous. \ud83d\udc47\ud83c\udffc<\/p>\n<p>\u00c0 la recherche d'alternatives ? Parcourir <a href=\"https:\/\/excursionsworld.com\/fr\/excursions-a-belek\/\">plus de visites \u00e0 Belek<\/a>.<\/p>","protected":false},"excerpt":{"rendered":"<p>R\u00e9server le <b>Excursion en bateau \u00e0 Suluada <\/b>de <b>Belek<\/b>! D\u00e9couvrez les <b>\u201cMaldives turques\u201d<\/b> avec une croisi\u00e8re d'une journ\u00e9e, pour nager dans des eaux cristallines. D\u00e9jeuner et transfert inclus.<\/p>","protected":false},"featured_media":12423,"comment_status":"open","ping_status":"closed","template":"","meta":[],"product_brand":[],"product_cat":[126],"product_tag":[120],"class_list":{"0":"post-15559","1":"product","2":"type-product","3":"status-publish","4":"has-post-thumbnail","6":"tour_phys-belek-tours","7":"tour_phys-boat-tours","8":"product_cat-belek-tours","9":"product_tag-belek","10":"pa_destination-belek-tours","11":"pa_kategori-boat-tours","13":"first","14":"instock","15":"sale","16":"shipping-taxable","17":"purchasable","18":"product-type-tour_phys"},"aioseo_notices":[],"_links":{"self":[{"href":"https:\/\/excursionsworld.com\/fr\/wp-json\/wp\/v2\/product\/15559","targetHints":{"allow":["GET"]}}],"collection":[{"href":"https:\/\/excursionsworld.com\/fr\/wp-json\/wp\/v2\/product"}],"about":[{"href":"https:\/\/excursionsworld.com\/fr\/wp-json\/wp\/v2\/types\/product"}],"replies":[{"embeddable":true,"href":"https:\/\/excursionsworld.com\/fr\/wp-json\/wp\/v2\/comments?post=15559"}],"wp:featuredmedia":[{"embeddable":true,"href":"https:\/\/excursionsworld.com\/fr\/wp-json\/wp\/v2\/media\/12423"}],"wp:attachment":[{"href":"https:\/\/excursionsworld.com\/fr\/wp-json\/wp\/v2\/media?parent=15559"}],"wp:term":[{"taxonomy":"product_brand","embeddable":true,"href":"https:\/\/excursionsworld.com\/fr\/wp-json\/wp\/v2\/product_brand?post=15559"},{"taxonomy":"product_cat","embeddable":true,"href":"https:\/\/excursionsworld.com\/fr\/wp-json\/wp\/v2\/product_cat?post=15559"},{"taxonomy":"product_tag","embeddable":true,"href":"https:\/\/excursionsworld.com\/fr\/wp-json\/wp\/v2\/product_tag?post=15559"}],"curies":[{"name":"wp","href":"https:\/\/api.w.org\/{rel}","templated":true}]}}