{"id":15560,"date":"2025-11-02T14:10:52","date_gmt":"2025-11-02T11:10:52","guid":{"rendered":"https:\/\/excursionsworld.com\/?post_type=product&#038;p=15560\/"},"modified":"2026-04-24T01:27:11","modified_gmt":"2026-04-23T22:27:11","slug":"antalya-vieille-ville-belek","status":"publish","type":"product","link":"https:\/\/excursionsworld.com\/tours\/antalya-city-tour-from-belek\/","title":{"rendered":"Excursion \u00e0 Antalya depuis Belek \u2013 Vieille Ville, Cascades &amp; Bateau"},"content":{"rendered":"<h2>\u2600\ufe0f Vue d'ensemble<\/h2>\n<p>D\u00e9couvrez la beaut\u00e9 et le charme de <strong>Antalya<\/strong> pour une excursion d'une journ\u00e9e \u00e0 partir de <strong><a href=\"https:\/\/en.wikipedia.org\/wiki\/Belek\" target=\"_blank\" rel=\"noopener\">Belek<\/a><\/strong> et ses environs. Ce circuit plein d'action comprend une excursion en bateau, des visites de l'\u00e9tonnante ville d'Oman et de ses environs, ainsi qu'une visite de l'\u00e9glise de la ville. <strong>Cascades de D\u00fcden<\/strong>, Un d\u00e9jeuner turc et une promenade dans le quartier historique de la ville. <strong>Vieille ville (Kalei\u00e7i)<\/strong>. Les transferts sont inclus depuis les h\u00f4tels des r\u00e9gions de Belek, Kadriye, Kundu, Lara et Bo\u011fazkent.<\/p>\n<h3>Inclus :<\/h3>\n<p><span style=\"color: #00ff00;\"><strong>\u2713<\/strong> <\/span>Prise en charge et retour \u00e0 l'h\u00f4tel<br \/>\n<span style=\"color: #00ff00;\"><strong>\u2713<\/strong> <\/span>Droits d'entr\u00e9e aux chutes d'eau de D\u00fcden (sup\u00e9rieures et inf\u00e9rieures)<br \/>\n<span style=\"color: #00ff00;\"><strong>\u2713<\/strong> <\/span>Bus confortable et climatis\u00e9<br \/>\n<span style=\"color: #00ff00;\"><strong>\u2713<\/strong> <\/span>Guide professionnel anglophone<br \/>\n<span style=\"color: #00ff00;\"><strong>\u2713<\/strong> <\/span>D\u00e9jeuner dans un restaurant local<br \/>\n<span style=\"color: #00ff00;\"><strong>\u2713<\/strong> <\/span>Assurance compl\u00e8te<\/p>\n<h3>Non inclus :<\/h3>\n<p><span style=\"color: #ff0000;\"><strong>\u2717<\/strong> <\/span>Excursion en bateau (facultatif)<br \/>\n<span style=\"color: #ff0000;\"><strong>\u2717<\/strong> <\/span>Boissons<\/p>\n<h2>\ud83c\udf1f Points forts de cette visite de la ville d'Antalya depuis Belek<\/h2>\n<p>\ud83d\udd39 Admirer la chute d'eau de Lower D\u00fcden, qui se jette en cascade de 40 m\u00e8tres dans la mer.<br \/>\n\ud83d\udd39 Promenade dans la vieille ville (Kalei\u00e7i) : Porte d'Hadrien, Minaret Yivli, Tour de l'Horloge<br \/>\n\ud83d\udd39 D\u00e9tendez-vous lors d'une excursion d'une heure en bateau depuis le vieux port d'Antalya.<br \/>\n\ud83d\udd39 Profitez de la verdure et de la fra\u00eecheur de la cascade du Haut-D\u00fcden<br \/>\n\ud83d\udd39 Visite d'un atelier local de fabrication de bijoux en argent<\/p>\n<h2>\ud83d\udcdd Description compl\u00e8te : Votre exp\u00e9rience de visite de la ville d'Antalya depuis Belek<\/h2>\n<div>Commencez votre journ\u00e9e par une prise en charge \u00e0 votre h\u00f4tel \u00e0 <strong>Belek ou r\u00e9gions avoisinantes<\/strong>. Commencez par une visite <strong>Kalei\u00e7i<\/strong>, La visite de la vieille ville d'Antalya, de la porte d'Hadrien, des rues, des mosqu\u00e9es et des boutiques locales, est l'occasion d'une promenade d'une heure dans la vieille ville. Profitez d'une heure de <strong>excursion en bateau<\/strong> le long de la c\u00f4te m\u00e9diterran\u00e9enne (en option), puis savourer un d\u00e9jeuner turc traditionnel dans un restaurant local. Poursuivez avec des visites \u00e0 <strong>Cascades de D\u00fcden inf\u00e9rieure et sup\u00e9rieure<\/strong>, et se termine par un <strong>atelier de bijoux en argent<\/strong>. Retour \u00e0 l'h\u00f4tel avec des souvenirs inoubliables.<\/div>\n<h3>\ud83d\udccd Itin\u00e9raire de la visite<\/h3>\n<p>\ud83d\udd39 Prise en charge \u00e0 l'h\u00f4tel<br \/>\n\ud83d\udd39 Promenade dans la vieille ville (Kalei\u00e7i)<br \/>\n\ud83d\udd39 Excursion en bateau depuis le vieux port (1 heure, en option)<br \/>\nD\u00e9jeuner dans un restaurant local<br \/>\n\ud83d\udd39 Visite de la cascade de D\u00fcden inf\u00e9rieur<br \/>\n\ud83d\udd39 Visite de la cascade de D\u00fcden sup\u00e9rieur<br \/>\n\ud83d\udd39 S'arr\u00eater \u00e0 un atelier de bijouterie<br \/>\nRetour \u00e0 l'h\u00f4tel<\/p>\n<h3>\u2139\ufe0f Informations utiles<\/h3>\n<p>\ud83d\udd39 L'excursion en bateau peut \u00eatre annul\u00e9e ou modifi\u00e9e en raison des conditions m\u00e9t\u00e9orologiques.<br \/>\n\ud83d\udd39 L'itin\u00e9raire peut \u00eatre modifi\u00e9 pour am\u00e9liorer l'exp\u00e9rience du voyage.<br \/>\nIl s'agit d'une visite touristique ; la baignade n'est pas incluse.<br \/>\n\ud83d\udd39 Les enfants de moins de 5 ans voyageant gratuitement n'ont pas de si\u00e8ge s\u00e9par\u00e9 dans le bus. Si le bus est plein, ils s'assoient sur les genoux d'un adulte ou un si\u00e8ge s\u00e9par\u00e9 peut \u00eatre r\u00e9serv\u00e9<\/p>\n<h2>\ud83c\udf92 Ce qu'il faut apporter<\/h2>\n<p>\ud83d\udd39 Chaussures de marche confortables<br \/>\n\ud83d\udd39 Lunettes de soleil et couvre-chefs<br \/>\n\ud83d\udd39 Cr\u00e8me solaire<br \/>\n\ud83d\udd39 Appareil photo ou smartphone<br \/>\n\ud83d\udd39 Argent liquide pour les boissons et les d\u00e9penses personnelles<\/p>\n<h3>\ud83d\udeab Ne convient pas pour<\/h3>\n<p>\ud83d\udd39 Utilisateurs de fauteuils roulants<br \/>\n\ud83d\udd39 Personnes \u00e0 mobilit\u00e9 r\u00e9duite<\/p>\n<h2>\ud83d\udcb8 Prix et r\u00e9servation<\/h2>\n<p><strong>\ud83d\udd39 R\u00e9server maintenant, payer le jour de la visite<\/strong><br \/>\n\ud83d\udd39 Contactez-nous via <strong>WhatsApp<\/strong>, <strong>T\u00e9l\u00e9gramme<\/strong>, <strong>Viber<\/strong>, ou remplissez le formulaire de r\u00e9servation ci-dessous. \ud83d\udc47\ud83c\udffc<\/p>\n<p>\u00c0 la recherche d'alternatives ? Parcourir <a href=\"https:\/\/excursionsworld.com\/fr\/excursions-a-belek\/\">plus de visites \u00e0 Belek<\/a>.<\/p>","protected":false},"excerpt":{"rendered":"<p>R\u00e9server le <b>Visite de la ville d'Antalya depuis Belek<\/b>! Voir les chutes d'eau de D\u00fcden et la ville historique de Kalei\u00e7i. Journ\u00e9e enti\u00e8re <b>excursion<\/b> avec <b>excursion en bateau<\/b>, Le d\u00e9jeuner et les repas sont confortables <b>excursion d'une journ\u00e9e<\/b>.<\/p>","protected":false},"featured_media":15466,"comment_status":"open","ping_status":"closed","template":"","meta":[],"product_brand":[],"product_cat":[126],"product_tag":[120],"class_list":{"0":"post-15560","1":"product","2":"type-product","3":"status-publish","4":"has-post-thumbnail","6":"tour_phys-belek-tours","7":"product_cat-belek-tours","8":"product_tag-belek","9":"pa_destination-belek-tours","11":"first","12":"instock","13":"sale","14":"shipping-taxable","15":"purchasable","16":"product-type-tour_phys"},"aioseo_notices":[],"_links":{"self":[{"href":"https:\/\/excursionsworld.com\/fr\/wp-json\/wp\/v2\/product\/15560","targetHints":{"allow":["GET"]}}],"collection":[{"href":"https:\/\/excursionsworld.com\/fr\/wp-json\/wp\/v2\/product"}],"about":[{"href":"https:\/\/excursionsworld.com\/fr\/wp-json\/wp\/v2\/types\/product"}],"replies":[{"embeddable":true,"href":"https:\/\/excursionsworld.com\/fr\/wp-json\/wp\/v2\/comments?post=15560"}],"wp:featuredmedia":[{"embeddable":true,"href":"https:\/\/excursionsworld.com\/fr\/wp-json\/wp\/v2\/media\/15466"}],"wp:attachment":[{"href":"https:\/\/excursionsworld.com\/fr\/wp-json\/wp\/v2\/media?parent=15560"}],"wp:term":[{"taxonomy":"product_brand","embeddable":true,"href":"https:\/\/excursionsworld.com\/fr\/wp-json\/wp\/v2\/product_brand?post=15560"},{"taxonomy":"product_cat","embeddable":true,"href":"https:\/\/excursionsworld.com\/fr\/wp-json\/wp\/v2\/product_cat?post=15560"},{"taxonomy":"product_tag","embeddable":true,"href":"https:\/\/excursionsworld.com\/fr\/wp-json\/wp\/v2\/product_tag?post=15560"}],"curies":[{"name":"wp","href":"https:\/\/api.w.org\/{rel}","templated":true}]}}