{"id":15562,"date":"2025-11-02T14:16:22","date_gmt":"2025-11-02T11:16:22","guid":{"rendered":"https:\/\/excursionsworld.com\/?post_type=product&#038;p=15562\/"},"modified":"2026-04-24T01:27:14","modified_gmt":"2026-04-23T22:27:14","slug":"visite-antalya-telepherique-olympos-belek","status":"publish","type":"product","link":"https:\/\/excursionsworld.com\/tours\/antalya-city-tour-olympos-cable-car-belek\/","title":{"rendered":"Excursion \u00e0 Antalya depuis Belek \u2013 Kemer &amp; T\u00e9l\u00e9ph\u00e9rique Olympos"},"content":{"rendered":"<h2><span style=\"color: #000000;\"><strong>\ud83c\udfd9\ufe0f Vue d'ensemble<\/strong><\/span><\/h2>\n<p>D\u00e9couvrez le meilleur d'Antalya avec une excursion guid\u00e9e d'une journ\u00e9e compl\u00e8te au d\u00e9part de Belek. Explorez la vieille ville d'Antalya, traversez d'anciennes portes et profitez de vues imprenables sur la M\u00e9diterran\u00e9e. Visitez les cascades de D\u00fcden, inf\u00e9rieure et sup\u00e9rieure, et choisissez parmi des exp\u00e9riences optionnelles : une excursion en bateau depuis le port de Kaleici ou <a href=\"https:\/\/en.wikipedia.org\/wiki\/Olympos,_Antalya\" target=\"_blank\" rel=\"noopener\">Olympos<\/a> T\u00e9l\u00e9ph\u00e9rique \u00e0 Kemer.<\/p>\n<h3><strong>Inclus :<\/strong><\/h3>\n<p><span style=\"color: #00ff00;\"><strong>\u2713<\/strong> <\/span>Prise en charge et retour \u00e0 l'h\u00f4tel<br \/>\n<span style=\"color: #00ff00;\"><strong>\u2713 <\/strong><\/span>Cascades de D\u00fcden<br \/>\n<span style=\"color: #00ff00;\"><strong>\u2713<\/strong> <\/span>T\u00e9l\u00e9ph\u00e9rique d'Olympos<br \/>\n<span style=\"color: #00ff00;\"><strong>\u2713<\/strong> <\/span>Guide professionnel agr\u00e9\u00e9<br \/>\n<span style=\"color: #00ff00;\"><strong>\u2713<\/strong> <\/span>Assurance compl\u00e8te<br \/>\n<span style=\"color: #00ff00;\"><strong>\u2713<\/strong> <\/span>D\u00e9jeuner<\/p>\n<h3><strong>Non inclus :<\/strong><\/h3>\n<p><span style=\"color: #ff0000;\"><strong>\u2717<\/strong> <\/span>Excursion en bateau (facultatif)<br \/>\n<span style=\"color: #ff0000;\"><strong>\u2717<\/strong> <\/span>D\u00e9penses personnelles<br \/>\n<span style=\"color: #ff0000;\"><strong>\u2717<\/strong> <\/span>Boissons<\/p>\n<h2>\ud83c\udf1f Points forts de la visite de la ville de Belek \u00e0 Antalya<\/h2>\n<p>\ud83d\udd39 Vieille ville d'Antalya - Porte d'Hadrien, Minaret cannel\u00e9, Tour de l'horloge<br \/>\n\ud83d\udd39 Cascade de D\u00fcden inf\u00e9rieur - cascade de 40 m\u00e8tres dans la M\u00e9diterran\u00e9e<br \/>\n\ud83d\udd39 Chutes d'eau de la Haute D\u00fcden - des photos pittoresques et un environnement luxuriant<br \/>\n\ud83d\udd39 T\u00e9l\u00e9ph\u00e9rique d'Olympos \u00e0 Kemer - vues panoramiques \u00e0 2 365 m\u00e8tres d'altitude<br \/>\n\ud83d\udd39 Visite du Dinopark \u00e0 Kemer - mod\u00e8les de dinosaures grandeur nature dans des for\u00eats de pins<br \/>\n\ud83d\udd39 Excursion facultative d'une heure en bateau \u00e0 partir de la marina de Kaleici<\/p>\n<h2>\ud83d\udcd6 Description compl\u00e8te : Votre exp\u00e9rience de visite de la ville de Belek \u00e0 Antalya<\/h2>\n<div>La journ\u00e9e commence par un transfert confortable depuis votre h\u00f4tel \u00e0 Belek et dans les environs. Le circuit se concentre sur la ville d'Antalya, avec la d\u00e9couverte de la vieille ville historique de Kaleici, des chutes d'eau de D\u00fcden et du littoral m\u00e9diterran\u00e9en.<\/div>\n<div>Si vous s\u00e9lectionnez l'option <strong>Tour de ville + T\u00e9l\u00e9ph\u00e9rique d'Olympos<\/strong>, Apr\u00e8s le d\u00e9jeuner, vous vous rendrez au Mont Tahtal\u0131 \u00e0 Kemer pour une spectaculaire promenade en tramway a\u00e9rien avec des vues panoramiques. \u00c0 proximit\u00e9, visitez le Dinopark, une halte familiale amusante qui pr\u00e9sente des mod\u00e8les de dinosaures grandeur nature.<\/div>\n<div>Si vous s\u00e9lectionnez l'option <strong>Visite de la ville + excursion en bateau<\/strong>, Apr\u00e8s le d\u00e9jeuner, profitez d'une croisi\u00e8re touristique d'une heure depuis la marina de Kaleici pour admirer le littoral d'Antalya depuis la mer. Apr\u00e8s le d\u00e9jeuner, continuez \u00e0 explorer les chutes d'eau Lower et Upper D\u00fcden pour une exp\u00e9rience pleine de nature et des opportunit\u00e9s de photos parfaites.<\/div>\n<h3><span style=\"color: #000000;\"><strong>\ud83d\uddfa\ufe0f Itin\u00e9raire de la visite<\/strong><\/span><\/h3>\n<p>\ud83d\udd39 Prise en charge \u00e0 partir des h\u00f4tels de Belek et des environs<br \/>\n\ud83d\udd39 Conduite au centre ville d'Antalya dans un bus climatis\u00e9<br \/>\n\ud83d\udd39 Explorer la vieille ville d'Antalya - Porte d'Hadrien, Minaret cannel\u00e9, Tour de l'Horloge<br \/>\n\ud83d\udd39 Visite des chutes d'eau de D\u00fcden inf\u00e9rieur - 30 minutes<br \/>\n\ud83d\udd39 Visite des chutes d'eau de D\u00fcden sup\u00e9rieur - 45 minutes<br \/>\n\ud83d\udd39 T\u00e9l\u00e9ph\u00e9rique Olympos \u00e0 Kemer - 45 minutes<br \/>\n\ud83d\udd39 Visite du Dinopark \u00e0 Kemer - 1 heure<br \/>\n\ud83d\udd39 Excursion facultative d'une heure en bateau \u00e0 partir de la marina de Kaleici<br \/>\n\ud83d\udd39 Transfert aller-retour vers les h\u00f4tels de Belek<\/p>\n<h3><span style=\"color: #000000;\"><strong>\u2139\ufe0f Informations utiles<\/strong><\/span><\/h3>\n<p>Dur\u00e9e : environ 8-9 heures<br \/>\n\ud83d\udd39 Disponible tous les jours \u00e0 partir de la r\u00e9gion de Belek<br \/>\n\ud83d\udd39 Guides parlant anglais, allemand et russe<br \/>\n\ud83d\udd39 Annulation gratuite jusqu'\u00e0 24 heures avant la visite<br \/>\n\ud83d\udd39 Marche mod\u00e9r\u00e9e n\u00e9cessaire dans la vieille ville de Kaleici<br \/>\n\ud83d\udd39 Deux options de forfaits disponibles (t\u00e9l\u00e9ph\u00e9rique d'Olympos ou excursion en bateau)<\/p>\n<h2><span style=\"color: #000000;\"><strong>\ud83c\udf92 Ce qu'il faut apporter<\/strong><\/span><\/h2>\n<p>\ud83d\udd39 Chaussures de marche confortables<br \/>\nChapeau, lunettes de soleil et cr\u00e8me solaire<br \/>\n\ud83d\udd39 Appareil photo ou smartphone<br \/>\n\ud83d\udd39 Un peu d'argent pour les souvenirs ou les extras<\/p>\n<h3><span style=\"color: #000000;\"><strong>\ud83d\udeab Ne convient pas pour<\/strong><\/span><\/h3>\n<p>\ud83d\udd39 H\u00f4tes \u00e0 mobilit\u00e9 r\u00e9duite<br \/>\n\ud83d\udd39 Personnes ayant le vertige (pour l'option t\u00e9l\u00e9ph\u00e9rique)<\/p>\n<h2><span style=\"color: #000000;\"><strong>\ud83d\udcb8 Prix et r\u00e9servation<\/strong><\/span><\/h2>\n<p><strong>\ud83d\udd39 R\u00e9server maintenant, payer le jour de la visite<\/strong><br \/>\n\ud83d\udd39 Contactez-nous via WhatsApp, Telegram, Viber, ou remplissez le formulaire de r\u00e9servation ci-dessous. \ud83d\udc47\ud83c\udffc<\/p>\n<p>\u00c0 la recherche d'alternatives ? Parcourir <a href=\"https:\/\/excursionsworld.com\/fr\/excursions-a-belek\/\">plus de visites \u00e0 Belek \u00e0 Olympos<\/a>.<\/p>","protected":false},"excerpt":{"rendered":"<p>R\u00e9server le <b>Antalya City Tour &amp; Kemer from Belek<\/b>! Explore <b>Kaleici<\/b>, <b>Cascades de D\u00fcden<\/b>, and ride the <b>T\u00e9l\u00e9ph\u00e9rique d'Olympos<\/b>. D\u00e9jeuner et guide inclus.<\/p>","protected":false},"featured_media":15467,"comment_status":"open","ping_status":"closed","template":"","meta":[],"product_brand":[],"product_cat":[126],"product_tag":[120],"class_list":{"0":"post-15562","1":"product","2":"type-product","3":"status-publish","4":"has-post-thumbnail","6":"tour_phys-belek-tours","7":"product_cat-belek-tours","8":"product_tag-belek","9":"pa_destination-belek-tours","11":"first","12":"instock","13":"sale","14":"shipping-taxable","15":"purchasable","16":"product-type-tour_phys"},"aioseo_notices":[],"_links":{"self":[{"href":"https:\/\/excursionsworld.com\/fr\/wp-json\/wp\/v2\/product\/15562","targetHints":{"allow":["GET"]}}],"collection":[{"href":"https:\/\/excursionsworld.com\/fr\/wp-json\/wp\/v2\/product"}],"about":[{"href":"https:\/\/excursionsworld.com\/fr\/wp-json\/wp\/v2\/types\/product"}],"replies":[{"embeddable":true,"href":"https:\/\/excursionsworld.com\/fr\/wp-json\/wp\/v2\/comments?post=15562"}],"wp:featuredmedia":[{"embeddable":true,"href":"https:\/\/excursionsworld.com\/fr\/wp-json\/wp\/v2\/media\/15467"}],"wp:attachment":[{"href":"https:\/\/excursionsworld.com\/fr\/wp-json\/wp\/v2\/media?parent=15562"}],"wp:term":[{"taxonomy":"product_brand","embeddable":true,"href":"https:\/\/excursionsworld.com\/fr\/wp-json\/wp\/v2\/product_brand?post=15562"},{"taxonomy":"product_cat","embeddable":true,"href":"https:\/\/excursionsworld.com\/fr\/wp-json\/wp\/v2\/product_cat?post=15562"},{"taxonomy":"product_tag","embeddable":true,"href":"https:\/\/excursionsworld.com\/fr\/wp-json\/wp\/v2\/product_tag?post=15562"}],"curies":[{"name":"wp","href":"https:\/\/api.w.org\/{rel}","templated":true}]}}