{"id":15563,"date":"2025-11-02T14:17:18","date_gmt":"2025-11-02T11:17:18","guid":{"rendered":"https:\/\/excursionsworld.com\/?post_type=product&#038;p=15563\/"},"modified":"2026-04-24T01:27:14","modified_gmt":"2026-04-23T22:27:14","slug":"croisiere-green-canyon-tour-belek","status":"publish","type":"product","link":"https:\/\/excursionsworld.com\/tours\/green-canyon-boat-tour-belek\/","title":{"rendered":"Croisi\u00e8re sur le Green Canyon depuis Belek | Canyon Vert \u2013 Tout inclus"},"content":{"rendered":"<h2><span style=\"color: #000000;\"><strong>\ud83c\udf32 Vue d'ensemble<\/strong><\/span><\/h2>\n<p>Embarquez pour un voyage paisible \u00e0 la <strong>Canyon Vert depuis <a href=\"https:\/\/en.wikipedia.org\/wiki\/Belek\" target=\"_blank\" rel=\"noopener\">Belek<\/a>, Kadriye et Bo\u011fazkent<\/strong>! Profitez d'une croisi\u00e8re pittoresque sur des eaux turquoise entour\u00e9es par les montagnes du Taurus, nagez dans le lac et d\u00e9tendez-vous dans la nature. Parfait pour les familles et les amoureux de la nature.<\/p>\n<h3><span style=\"color: #000000;\"><strong>Inclus :<\/strong><\/span><\/h3>\n<p><strong><span style=\"color: #00ff00;\">\u2713<\/span> <\/strong>Prise en charge et retour \u00e0 l'h\u00f4tel<br \/>\n<strong><span style=\"color: #00ff00;\">\u2713<\/span> <\/strong>Promenade en bateau sur le Green Canyon<br \/>\n<strong><span style=\"color: #00ff00;\">\u2713<\/span> <\/strong>Guide<br \/>\n<strong><span style=\"color: #00ff00;\">\u2713<\/span> <\/strong>D\u00e9jeuner dans un restaurant au bord du lac<br \/>\n<strong><span style=\"color: #00ff00;\">\u2713<\/span> <\/strong>Assurance compl\u00e8te<br \/>\n<strong><span style=\"color: #00ff00;\">\u2713<\/span> <\/strong>Boissons non alcoolis\u00e9es<\/p>\n<h3><span style=\"color: #000000;\"><strong>Non inclus :<\/strong><\/span><\/h3>\n<p><strong><span style=\"color: #ff0000;\">\u2717<\/span> <\/strong>D\u00e9penses personnelles<br \/>\n<strong><span style=\"color: #ff0000;\">\u2717<\/span> <\/strong>Photos et vid\u00e9os (facultatif)<\/p>\n<h2><span style=\"color: #000000;\"><strong>\ud83d\udea4 Points forts de la visite<\/strong><\/span><\/h2>\n<p>\ud83d\udd39 Croisi\u00e8re en bateau dans le Green Canyon<br \/>\n\ud83d\udd39 Vue imprenable sur les montagnes du Taurus<br \/>\n\ud83d\udd39 Nager dans des eaux cristallines<br \/>\n\ud83d\udd39 D\u00e9jeuner au bord d'un lac paisible<br \/>\n\ud83d\udd39 Escapade relaxante dans la nature<\/p>\n<h2>\ud83d\udcd6 Description compl\u00e8te : Votre exp\u00e9rience de sortie en bateau dans le Green Canyon<\/h2>\n<p>Commencez votre journ\u00e9e par une prise en charge confortable depuis votre h\u00f4tel \u00e0 Belek, Kadriye ou Bo\u011fazkent. Traversez les pittoresques montagnes du Taurus pour atteindre le Canyon vert, l'une des plus \u00e9tonnantes merveilles naturelles de la Turquie. Embarquez \u00e0 bord d'un bateau confortable et naviguez dans les eaux \u00e9meraude du Petit et du Grand Canyon, entour\u00e9s de falaises luxuriantes. Vous profiterez de pauses pour vous baigner et d'un d\u00e9licieux d\u00e9jeuner dans un restaurant au bord du lac. Cette journ\u00e9e tranquille dans la nature est la pause parfaite pour \u00e9chapper \u00e0 l'agitation de la vie de vill\u00e9giature.<\/p>\n<h3><span style=\"color: #000000;\"><strong>\ud83d\uddfa\ufe0f Itin\u00e9raire de la visite<\/strong><\/span><\/h3>\n<p>Prise en charge \u00e0 partir des h\u00f4tels de Belek, Kadriye, Bo\u011fazkent<br \/>\n\ud83d\udd39 Route panoramique \u00e0 travers les montagnes du Taurus<br \/>\n\ud83d\udd39 Croisi\u00e8re en bateau sur le Green Canyon<br \/>\n\ud83d\udd39 Arr\u00eats de baignade<br \/>\nD\u00e9jeuner dans un restaurant au bord du lac<br \/>\nCroisi\u00e8re aller-retour et transfert \u00e0 l'h\u00f4tel<\/p>\n<h3><span style=\"color: #000000;\"><strong>\u2139\ufe0f Informations utiles<\/strong><\/span><\/h3>\n<p>Dur\u00e9e : ~7-8 heures (journ\u00e9e compl\u00e8te)<br \/>\n\ud83d\udd39 Convient \u00e0 tous les \u00e2ges<br \/>\n\ud83d\udd39 Disponible tous les jours \u00e0 partir de la r\u00e9gion de Belek<br \/>\ngilets de sauvetage et zones ombrag\u00e9es disponibles sur le bateau<br \/>\n\ud83d\udd39 Les enfants de moins de 5 ans voyageant gratuitement n'ont pas de si\u00e8ge s\u00e9par\u00e9 dans le bus. Si le bus est plein, ils s'assoient sur les genoux d'un adulte, ou un si\u00e8ge s\u00e9par\u00e9 peut \u00eatre r\u00e9serv\u00e9.<\/p>\n<h2><span style=\"color: #000000;\"><strong>\ud83c\udf92 Ce qu'il faut apporter<\/strong><\/span><\/h2>\n<p>Maillot de bain et serviette de bain<br \/>\nLunettes de soleil et chapeau<br \/>\n\ud83d\udd39 Cr\u00e8me solaire<br \/>\n\ud83d\udd39 Appareil photo ou smartphone<br \/>\n\ud83d\udd39 Argent liquide pour les boissons ou les extras<\/p>\n<h3><span style=\"color: #000000;\"><strong>\ud83d\udeab Ne convient pas pour<\/strong><\/span><\/h3>\n<p>\ud83d\udd39 Personnes \u00e0 mobilit\u00e9 r\u00e9duite<br \/>\n\ud83d\udd39 Utilisateurs de fauteuils roulants<br \/>\n\ud83d\udd39 Ceux qui sont sujets au mal de mer<\/p>\n<h2 dir=\"ltr\"><span style=\"color: #000000;\"><strong>\ud83d\udcb8 Prix et r\u00e9servation<\/strong><\/span><\/h2>\n<p dir=\"ltr\"><strong>\ud83d\udd39 R\u00e9server maintenant, payer le jour de la visite<\/strong><br \/>\n\ud83d\udd39 Contactez-nous via WhatsApp, Telegram, Viber, ou remplissez le formulaire de r\u00e9servation ci-dessous. \ud83d\udc47\ud83c\udffc<\/p>\n<p>\u00c0 la recherche d'alternatives ? Parcourir <a href=\"https:\/\/excursionsworld.com\/fr\/excursions-a-belek\/\">plus de visites \u00e0 Belek<\/a>.<\/p>","protected":false},"excerpt":{"rendered":"<p data-start=\"381\" data-end=\"590\">R\u00e9server le <b>Visite du canyon vert de Belek<\/b>! Profitez d'une journ\u00e9e compl\u00e8te <b>excursion en bateau<\/b>\u00a0dans les montagnes du Taurus, baignade et d\u00e9jeuner au bord d'un lac. Parfait <b>escapade dans la nature<\/b>.<\/p>","protected":false},"featured_media":12848,"comment_status":"open","ping_status":"closed","template":"","meta":[],"product_brand":[],"product_cat":[126],"product_tag":[120],"class_list":{"0":"post-15563","1":"product","2":"type-product","3":"status-publish","4":"has-post-thumbnail","6":"tour_phys-belek-tours","7":"product_cat-belek-tours","8":"product_tag-belek","9":"pa_destination-belek-tours","10":"pa_kategori-boat-tours","12":"first","13":"instock","14":"sale","15":"shipping-taxable","16":"purchasable","17":"product-type-tour_phys"},"aioseo_notices":[],"_links":{"self":[{"href":"https:\/\/excursionsworld.com\/fr\/wp-json\/wp\/v2\/product\/15563","targetHints":{"allow":["GET"]}}],"collection":[{"href":"https:\/\/excursionsworld.com\/fr\/wp-json\/wp\/v2\/product"}],"about":[{"href":"https:\/\/excursionsworld.com\/fr\/wp-json\/wp\/v2\/types\/product"}],"replies":[{"embeddable":true,"href":"https:\/\/excursionsworld.com\/fr\/wp-json\/wp\/v2\/comments?post=15563"}],"wp:featuredmedia":[{"embeddable":true,"href":"https:\/\/excursionsworld.com\/fr\/wp-json\/wp\/v2\/media\/12848"}],"wp:attachment":[{"href":"https:\/\/excursionsworld.com\/fr\/wp-json\/wp\/v2\/media?parent=15563"}],"wp:term":[{"taxonomy":"product_brand","embeddable":true,"href":"https:\/\/excursionsworld.com\/fr\/wp-json\/wp\/v2\/product_brand?post=15563"},{"taxonomy":"product_cat","embeddable":true,"href":"https:\/\/excursionsworld.com\/fr\/wp-json\/wp\/v2\/product_cat?post=15563"},{"taxonomy":"product_tag","embeddable":true,"href":"https:\/\/excursionsworld.com\/fr\/wp-json\/wp\/v2\/product_tag?post=15563"}],"curies":[{"name":"wp","href":"https:\/\/api.w.org\/{rel}","templated":true}]}}