{"id":15564,"date":"2025-11-02T14:18:58","date_gmt":"2025-11-02T11:18:58","guid":{"rendered":"https:\/\/excursionsworld.com\/?post_type=product&#038;p=15564\/"},"modified":"2026-04-24T01:27:14","modified_gmt":"2026-04-23T22:27:14","slug":"bateau-pirate-side-big-kral","status":"publish","type":"product","link":"https:\/\/excursionsworld.com\/tours\/pirate-boat-side-big-kral\/","title":{"rendered":"Croisi\u00e8re Pirate depuis Side \u2013 Legend Big Kral Tout Inclus"},"content":{"rendered":"<h2><span style=\"color: #000000;\"><strong>\ud83c\udff4\u200d\u2620\ufe0f Vue d'ensemble<\/strong><\/span><\/h2>\n<p>Rejoindre le <strong>L\u00e9gende Big Kral Pirate Boat Tour depuis <a href=\"https:\/\/en.wikipedia.org\/wiki\/Side,_Turkey\" target=\"_blank\" rel=\"noopener\">Side<\/a><\/strong>, Une aventure maritime inoubliable sur la Riviera turque ! Naviguez le long de la magnifique c\u00f4te d'Alanya \u00e0 bord de l'un des plus grands bateaux de croisi\u00e8re du monde. <strong>les plus grands navires pirates de la M\u00e9diterran\u00e9e<\/strong>, Les enfants et les adolescents sont invit\u00e9s \u00e0 participer \u00e0 la f\u00eate de la musique, avec de la musique, des f\u00eates de la mousse, des pauses pour nager, et des activit\u00e9s pour tous les \u00e2ges.<\/p>\n<h3><span style=\"color: #000000;\"><strong>Inclus :<\/strong><\/span><\/h3>\n<p><span style=\"color: #00ff00;\"><strong>\u2713<\/strong> <\/span>Prise en charge et retour \u00e0 l'h\u00f4tel \u00e0 partir de la r\u00e9gion lat\u00e9rale<br \/>\n<span style=\"color: #00ff00;\"><strong>\u2713<\/strong> <\/span>Guide professionnel<br \/>\n<span style=\"color: #00ff00;\"><strong>\u2713<\/strong> <\/span>D\u00e9jeuner (poulet grill\u00e9, riz et salades)<br \/>\n<span style=\"color: #00ff00;\"><strong>\u2713<\/strong> <\/span>Boissons non alcoolis\u00e9es (eau, Coca, Fanta, etc.)<br \/>\n<span style=\"color: #00ff00;\"><strong>\u2713<\/strong> <\/span>Soir\u00e9e mousse et animations \u00e0 bord<br \/>\n<span style=\"color: #00ff00;\"><strong>\u2713<\/strong> <\/span>Gilets de sauvetage<br \/>\n<span style=\"color: #00ff00;\"><strong>\u2713<\/strong> <\/span>Assurance compl\u00e8te<\/p>\n<h3><span style=\"color: #000000;\"><strong>Non inclus :<\/strong><\/span><\/h3>\n<p><strong><span style=\"color: #ff0000;\">\u2717<\/span> <\/strong>Boissons alcoolis\u00e9es<br \/>\n<strong><span style=\"color: #ff0000;\">\u2717<\/span> <\/strong>Photos et vid\u00e9os<br \/>\n<strong><span style=\"color: #ff0000;\">\u2717<\/span> <\/strong>D\u00e9penses personnelles<\/p>\n<h2><span style=\"color: #000000;\"><strong>\ud83c\udf1f Points forts de la visite<\/strong><\/span><\/h2>\n<p>\ud83d\udd39 Naviguer sur le l\u00e9gendaire <strong>Bateau pirate Big Kral<\/strong> - le plus grand de la M\u00e9diterran\u00e9e<br \/>\n\ud83d\udd39 Voir <strong>Ch\u00e2teau d'Alanya<\/strong>, <strong>Tour rouge<\/strong>, et le <strong>Ancien chantier naval<\/strong><br \/>\n\ud83d\udd39 Explorer <strong>Pirates, amants, phosphore et grottes du diable<\/strong><br \/>\n\ud83d\udd39 Nager dans des eaux turquoises \u00e0 <strong>Plage d'Ula\u015f<\/strong><br \/>\n\ud83d\udd39 Enjoy <strong>F\u00eate de la mousse, musique et spectacles en direct<\/strong><br \/>\n\ud83d\udd39 Parfait pour les familles, les couples et les groupes \u00e0 la recherche d'une journ\u00e9e amusante en mer<\/p>\n<h2><strong><span style=\"color: #000000;\">\ud83d\udcd6 Description compl\u00e8te<\/span><\/strong><\/h2>\n<p>Commencez votre aventure par un transfert confortable depuis votre h\u00f4tel \u00e0 <strong>Zones lat\u00e9rales ou proches<\/strong> \u00e0 <strong>Port d'Alanya<\/strong>, o\u00f9 le majestueux <strong>Bateau pirate Legend Big Kral<\/strong> attend. Lorsque le navire part autour de <strong>10:00 AM<\/strong>, Vous naviguerez le long de la c\u00f4te d'Alanya, en passant par des sites tels que le <strong>Tour rouge<\/strong>, <strong>Ancien chantier naval<\/strong>, et <strong>Les murs du ch\u00e2teau d'Alanya<\/strong>. Le bateau pirate s'arr\u00eate ensuite dans plusieurs grottes marines c\u00e9l\u00e8bres - <strong>Pirates, amants, phosphore et grottes du diable<\/strong> - vous permettant de vous baigner et de prendre des photos dans des eaux cristallines. A <strong>d\u00e9licieux d\u00e9jeuner \u00e0 bord<\/strong> avec des boissons non alcoolis\u00e9es est servie pendant que vous profitez de spectacles et d'animations. Plus tard, d\u00e9tendez-vous sur le pont ou rejoignez le <strong>f\u00eate de la mousse<\/strong> pour un apr\u00e8s-midi de plaisir. Apr\u00e8s plusieurs pauses baignades, le navire retourne au port d'Alanya aux alentours de <strong>15:00<\/strong>, Vous pourrez ensuite vous rendre confortablement \u00e0 votre h\u00f4tel \u00e0 Side.<\/p>\n<h3><strong><span style=\"color: #000000;\">\ud83d\uddfa\ufe0f Itin\u00e9raire de la visite<\/span><\/strong><\/h3>\n<p>\ud83d\udd39 Prise en charge \u00e0 partir des h\u00f4tels de Side et des environs<br \/>\n\ud83d\udd39 Transfert vers le port d'Alanya<br \/>\nEmbarquement et d\u00e9part \u00e0 10h00<br \/>\n\ud83d\udd39 Croisi\u00e8re devant la Tour rouge et le vieux chantier naval<br \/>\n\ud83d\udd39 Arr\u00eat baignade pr\u00e8s du ch\u00e2teau d'Alanya<br \/>\n\ud83d\udd39 Visite des grottes des Pirates, des Amoureux, du Phosphore et du Diable<br \/>\nD\u00e9jeuner \u00e0 bord<br \/>\n\ud83d\udd39 Baignade \u00e0 la plage d'Ula\u015f<br \/>\n\ud83d\udd39 F\u00eate de la mousse et divertissement<br \/>\n\ud83d\udd39 Retour au port d'Alanya (~15:00)<br \/>\nD\u00e9barquement dans les h\u00f4tels \u00e0 Side<\/p>\n<h3><span style=\"color: #000000;\"><strong>\u2139\ufe0f Informations utiles<\/strong><\/span><\/h3>\n<p>Dur\u00e9e : environ 5-6 heures<br \/>\n\ud83d\udd39 \u00c9quipage et \u00e9quipe d'animation anglophones \u00e0 bord<br \/>\n\ud83d\udd39 Familiale et adapt\u00e9e \u00e0 tous les \u00e2ges<br \/>\n\ud83d\udd39 Vaisseau pirate spacieux \u00e0 trois ponts dot\u00e9 d'\u00e9quipements modernes<br \/>\n\ud83d\udd39 Les enfants de moins de 5 ans voyagent gratuitement (si\u00e8ge partag\u00e9 si le bus est plein)<\/p>\n<h2><span style=\"color: #000000;\"><strong>\ud83c\udf92 Ce qu'il faut apporter<\/strong><\/span><\/h2>\n<p>Maillot de bain et serviette de bain<br \/>\nCr\u00e8me solaire, lunettes de soleil et chapeau<br \/>\nAppareil photo ou t\u00e9l\u00e9phone<br \/>\n\ud83d\udd39 Petite somme d'argent pour les extras facultatifs<\/p>\n<h3><span style=\"color: #000000;\"><strong>\ud83d\udeab Ne convient pas pour<\/strong><\/span><\/h3>\n<p>\ud83d\udd39 Les h\u00f4tes souffrant d'un grave mal des transports<br \/>\n\ud83d\udd39 Femmes enceintes<\/p>\n<h2><span style=\"color: #000000;\"><strong>\ud83d\udcb8 Prix et r\u00e9servation<\/strong><\/span><\/h2>\n<p><strong>\ud83d\udd39 R\u00e9server maintenant, payer le jour de la visite<\/strong><br \/>\n\ud83d\udd39 Contactez-nous via <strong>WhatsApp<\/strong>, <strong>T\u00e9l\u00e9gramme<\/strong>, <strong>Viber<\/strong>, ou remplissez le formulaire de r\u00e9servation ci-dessous. \ud83d\udc47\ud83c\udffc<\/p>\n<p>\u00c0 la recherche d'alternatives ? Parcourir <a href=\"https:\/\/excursionsworld.com\/fr\/bateau-pirate-antalya-kemer-belek\/\">plus de tours en bateau pirate \u00e0 Side<\/a>.<\/p>","protected":false},"excerpt":{"rendered":"<p>R\u00e9server le <b>L\u00e9gende lat\u00e9rale Excursion en bateau \u00e0 Big Kral<\/b>! Croisi\u00e8re tout compris avec d\u00e9jeuner, <b>boissons \u00e0 volont\u00e9<\/b>, La plage de Cleopatra est le lieu id\u00e9al pour se baigner et faire la f\u00eate de la mousse. <b>Transfert inclus<\/b>!<\/p>","protected":false},"featured_media":15443,"comment_status":"open","ping_status":"closed","template":"","meta":[],"product_brand":[],"product_cat":[130,127],"product_tag":[122],"class_list":{"0":"post-15564","1":"product","2":"type-product","3":"status-publish","4":"has-post-thumbnail","6":"tour_phys-pirate-boat-tours","7":"tour_phys-side-tours","8":"product_cat-pirate-boat-tours","9":"product_cat-side-tours","10":"product_tag-side","11":"pa_destination-side-tours","12":"pa_kategori-pirate-boat-tours","14":"first","15":"instock","16":"sale","17":"shipping-taxable","18":"purchasable","19":"product-type-tour_phys"},"aioseo_notices":[],"_links":{"self":[{"href":"https:\/\/excursionsworld.com\/fr\/wp-json\/wp\/v2\/product\/15564","targetHints":{"allow":["GET"]}}],"collection":[{"href":"https:\/\/excursionsworld.com\/fr\/wp-json\/wp\/v2\/product"}],"about":[{"href":"https:\/\/excursionsworld.com\/fr\/wp-json\/wp\/v2\/types\/product"}],"replies":[{"embeddable":true,"href":"https:\/\/excursionsworld.com\/fr\/wp-json\/wp\/v2\/comments?post=15564"}],"wp:featuredmedia":[{"embeddable":true,"href":"https:\/\/excursionsworld.com\/fr\/wp-json\/wp\/v2\/media\/15443"}],"wp:attachment":[{"href":"https:\/\/excursionsworld.com\/fr\/wp-json\/wp\/v2\/media?parent=15564"}],"wp:term":[{"taxonomy":"product_brand","embeddable":true,"href":"https:\/\/excursionsworld.com\/fr\/wp-json\/wp\/v2\/product_brand?post=15564"},{"taxonomy":"product_cat","embeddable":true,"href":"https:\/\/excursionsworld.com\/fr\/wp-json\/wp\/v2\/product_cat?post=15564"},{"taxonomy":"product_tag","embeddable":true,"href":"https:\/\/excursionsworld.com\/fr\/wp-json\/wp\/v2\/product_tag?post=15564"}],"curies":[{"name":"wp","href":"https:\/\/api.w.org\/{rel}","templated":true}]}}