{"id":15566,"date":"2025-11-02T14:22:03","date_gmt":"2025-11-02T11:22:03","guid":{"rendered":"https:\/\/excursionsworld.com\/?post_type=product&#038;p=15566\/"},"modified":"2026-04-24T01:27:15","modified_gmt":"2026-04-23T22:27:15","slug":"croisiere-green-canyon-side","status":"publish","type":"product","link":"https:\/\/excursionsworld.com\/tours\/green-canyon-boat-tour-side\/","title":{"rendered":"Croisi\u00e8re sur le Green Canyon depuis Side | Canyon Vert \u2013 Tout inclus"},"content":{"rendered":"<h2><span style=\"color: #000000;\"><strong>\ud83c\udf32 Vue d'ensemble<\/strong><\/span><\/h2>\n<p>Embarquez pour un voyage paisible \u00e0 la <strong>Canyon vert<\/strong> de <strong><a href=\"https:\/\/en.wikipedia.org\/wiki\/Side,_Turkey\" target=\"_blank\" rel=\"noopener\">Side<\/a> et ses environs (Manavgat, Kumk\u00f6y, Evrenseki, \u00c7olakl\u0131, Titreyeng\u00f6l)<\/strong>! Profitez d'une croisi\u00e8re pittoresque sur des eaux turquoise entour\u00e9es par les montagnes du Taurus, nagez dans le lac et d\u00e9tendez-vous dans la nature. Parfait pour les familles et les amoureux de la nature.<\/p>\n<h3><span style=\"color: #000000;\"><strong>Inclus :<\/strong><\/span><\/h3>\n<p><strong><span style=\"color: #00ff00;\">\u2713<\/span> <\/strong>Prise en charge et retour \u00e0 l'h\u00f4tel<br \/>\n<strong><span style=\"color: #00ff00;\">\u2713<\/span> <\/strong>Promenade en bateau sur le Green Canyon<br \/>\n<strong><span style=\"color: #00ff00;\">\u2713<\/span> <\/strong>Guide professionnel<br \/>\n<strong><span style=\"color: #00ff00;\">\u2713<\/span> <\/strong>D\u00e9jeuner dans un restaurant au bord du lac<br \/>\n<strong><span style=\"color: #00ff00;\">\u2713<\/span> <\/strong>Assurance compl\u00e8te<br \/>\n<strong><span style=\"color: #00ff00;\">\u2713<\/span> <\/strong>Boissons non alcoolis\u00e9es<\/p>\n<h3><span style=\"color: #000000;\"><strong>Non inclus :<\/strong><\/span><\/h3>\n<p><span style=\"color: #ff0000;\"><strong>\u2717<\/strong> <\/span>D\u00e9penses personnelles<br \/>\n<span style=\"color: #ff0000;\"><strong>\u2717<\/strong> <\/span>Photos et vid\u00e9os (facultatif)<\/p>\n<h2><span style=\"color: #000000;\"><strong>\ud83d\udea4 Points forts de la visite<\/strong><\/span><\/h2>\n<p>\ud83d\udd39 Croisi\u00e8re en bateau dans le magnifique Green Canyon<br \/>\n\ud83d\udd39 Vues spectaculaires sur les montagnes du Taurus<br \/>\n\ud83d\udd39 Nager dans les eaux cristallines des canyons<br \/>\n\ud83d\udd39 D\u00e9jeuner d\u00e9licieux au bord d'un lac paisible<br \/>\n\ud83d\udd39 Une exp\u00e9rience de la nature relaxante et familiale<\/p>\n<h2><span style=\"color: #000000;\"><strong>\ud83d\udcd6 Description compl\u00e8te<\/strong><\/span><\/h2>\n<p>Commencez votre journ\u00e9e de d\u00e9tente par une prise en charge \u00e0 l'h\u00f4tel \u00e0 partir de <strong>Stations secondaires ou proches<\/strong>, Le voyage se poursuit \u00e0 travers les pittoresques montagnes du Taurus jusqu'\u00e0 la fameuse ville d'Ogilvy. <strong>Canyon vert<\/strong> - l'un des sites naturels les plus \u00e9poustouflants de Turquie. Embarquez \u00e0 bord d'un bateau confortable et faites une croisi\u00e8re sur les eaux calmes et \u00e9meraude de l'Oc\u00e9an Indien. <strong>Petits et grands canyons<\/strong>, Le lac est entour\u00e9 de falaises spectaculaires et de for\u00eats de pins luxuriantes. Profitez de plusieurs pauses pour vous baigner dans le lac rafra\u00eechissant et savourez un d\u00e9jeuner turc traditionnel dans un restaurant au bord du lac. Cette escapade tranquille loin des stations baln\u00e9aires anim\u00e9es est le moyen id\u00e9al de se d\u00e9tendre et de se rapprocher de la nature avant de retourner confortablement \u00e0 votre h\u00f4tel \u00e0 Side.<\/p>\n<h3><span style=\"color: #000000;\"><strong>\ud83d\uddfa\ufe0f Itin\u00e9raire de la visite<\/strong><\/span><\/h3>\n<p>\ud83d\udd39 Prise en charge \u00e0 partir des h\u00f4tels de Side, Manavgat, Kumk\u00f6y, Evrenseki, \u00c7olakl\u0131, Titreyeng\u00f6l<br \/>\n\ud83d\udd39 Route panoramique \u00e0 travers les montagnes du Taurus<br \/>\nCroisi\u00e8re en bateau dans le Green Canyon<br \/>\n\ud83d\udd39 Arr\u00eats de baignade en cours de route<br \/>\nD\u00e9jeuner dans un restaurant au bord du lac<br \/>\nCroisi\u00e8re retour et transfert vers les h\u00f4tels<\/p>\n<h3><span style=\"color: #000000;\"><strong>\u2139\ufe0f Informations utiles<\/strong><\/span><\/h3>\n<p>Dur\u00e9e : environ 7-8 heures (excursion d'une journ\u00e9e)<br \/>\n\ud83d\udd39 Convient \u00e0 tous les \u00e2ges<br \/>\n\ud83d\udd39 Disponible tous les jours \u00e0 partir de la r\u00e9gion Side<br \/>\ngilets de sauvetage et si\u00e8ges ombrag\u00e9s disponibles sur le bateau<br \/>\n\ud83d\udd39 Les enfants de moins de 5 ans voyagent gratuitement (si\u00e8ge partag\u00e9 si le bus est plein)<\/p>\n<h2><span style=\"color: #000000;\"><strong>\ud83c\udf92 Ce qu'il faut apporter<\/strong><\/span><\/h2>\n<p>Maillot de bain et serviette de bain<br \/>\nLunettes de soleil et chapeau<br \/>\n\ud83d\udd39 Cr\u00e8me solaire<br \/>\n\ud83d\udd39 Appareil photo ou smartphone<br \/>\n\ud83d\udd39 Argent liquide pour les boissons ou les extras facultatifs<\/p>\n<h3><span style=\"color: #000000;\"><strong>\ud83d\udeab Ne convient pas pour<\/strong><\/span><\/h3>\n<p>\ud83d\udd39 Personnes \u00e0 mobilit\u00e9 r\u00e9duite<br \/>\n\ud83d\udd39 Utilisateurs de fauteuils roulants<br \/>\n\ud83d\udd39 Ceux qui sont sujets au mal de mer<\/p>\n<h2 dir=\"ltr\">\ud83d\udcb8\u00a0<strong>Prix et r\u00e9servation<\/strong><\/h2>\n<p dir=\"ltr\"><strong>\ud83d\udd39 R\u00e9server maintenant, payer le jour de la visite<\/strong><br \/>\n\ud83d\udd39 Contactez-nous via WhatsApp, Telegram, Viber, ou remplissez le formulaire de r\u00e9servation ci-dessous. \ud83d\udc47\ud83c\udffc<\/p>\n<p>\u00c0 la recherche d'alternatives ? Parcourir <a href=\"https:\/\/excursionsworld.com\/fr\/excursions-a-side\/\">plus d'excursions<\/a>.<\/p>","protected":false},"excerpt":{"rendered":"<p>Profitez d'une excursion en bateau dans le Green Canyon depuis Side, avec baignade, p\u00eache, d\u00e9jeuner et transfert \u00e0 l'h\u00f4tel. Une excursion parfaite pour les amoureux de la nature dans les montagnes du Taurus.<\/p>","protected":false},"featured_media":12848,"comment_status":"open","ping_status":"closed","template":"","meta":[],"product_brand":[],"product_cat":[127],"product_tag":[122],"class_list":{"0":"post-15566","1":"product","2":"type-product","3":"status-publish","4":"has-post-thumbnail","6":"tour_phys-side-tours","7":"product_cat-side-tours","8":"product_tag-side","9":"pa_destination-side-tours","10":"pa_kategori-boat-tours","12":"first","13":"instock","14":"sale","15":"featured","16":"shipping-taxable","17":"purchasable","18":"product-type-tour_phys"},"aioseo_notices":[],"_links":{"self":[{"href":"https:\/\/excursionsworld.com\/fr\/wp-json\/wp\/v2\/product\/15566","targetHints":{"allow":["GET"]}}],"collection":[{"href":"https:\/\/excursionsworld.com\/fr\/wp-json\/wp\/v2\/product"}],"about":[{"href":"https:\/\/excursionsworld.com\/fr\/wp-json\/wp\/v2\/types\/product"}],"replies":[{"embeddable":true,"href":"https:\/\/excursionsworld.com\/fr\/wp-json\/wp\/v2\/comments?post=15566"}],"wp:featuredmedia":[{"embeddable":true,"href":"https:\/\/excursionsworld.com\/fr\/wp-json\/wp\/v2\/media\/12848"}],"wp:attachment":[{"href":"https:\/\/excursionsworld.com\/fr\/wp-json\/wp\/v2\/media?parent=15566"}],"wp:term":[{"taxonomy":"product_brand","embeddable":true,"href":"https:\/\/excursionsworld.com\/fr\/wp-json\/wp\/v2\/product_brand?post=15566"},{"taxonomy":"product_cat","embeddable":true,"href":"https:\/\/excursionsworld.com\/fr\/wp-json\/wp\/v2\/product_cat?post=15566"},{"taxonomy":"product_tag","embeddable":true,"href":"https:\/\/excursionsworld.com\/fr\/wp-json\/wp\/v2\/product_tag?post=15566"}],"curies":[{"name":"wp","href":"https:\/\/api.w.org\/{rel}","templated":true}]}}