{"id":15567,"date":"2025-11-02T14:25:41","date_gmt":"2025-11-02T11:25:41","guid":{"rendered":"https:\/\/excursionsworld.com\/?post_type=product&#038;p=15567\/"},"modified":"2026-04-24T01:27:15","modified_gmt":"2026-04-23T22:27:15","slug":"bateau-pirate-legend-big-kral-alanya","status":"publish","type":"product","link":"https:\/\/excursionsworld.com\/tours\/pirate-boat-legend-big-kral-alanya\/","title":{"rendered":"Alanya Pirate Boat Trip - Big Kral Legend | All Inclusive"},"content":{"rendered":"<h2>\ud83c\udff4\u200d\u2620\ufe0f Vue d'ensemble<\/h2>\n<p>Rejoindre le <strong>Legend Big Kral Pirate Boat Trip<\/strong> \u2014 <a href=\"https:\/\/en.wikipedia.org\/wiki\/Alanya\" target=\"_blank\" rel=\"noopener\">Alanya<\/a>\u2019l'aventure en mer la plus c\u00e9l\u00e8bre ! Naviguez le long de la c\u00f4te \u00e9poustouflante sur un gigantesque bateau de pirates avec musique, f\u00eate de la mousse et pauses baignade. Profitez du soleil, de l'amusement et des vues spectaculaires du ch\u00e2teau d'Alanya et de la M\u00e9diterran\u00e9e.<\/p>\n<h3>Inclus :<\/h3>\n<p><span style=\"color: #00ff00;\"><strong>\u2713<\/strong><\/span> Prise en charge et retour \u00e0 l'h\u00f4tel<br \/>\n<span style=\"color: #00ff00;\"><strong>\u2713 <\/strong><\/span>Guide professionnel<br \/>\n<span style=\"color: #00ff00;\"><strong>\u2713 <\/strong><\/span>D\u00e9jeuner (poulet grill\u00e9, riz et salades)<br \/>\n<span style=\"color: #00ff00;\"><strong>\u2713 <\/strong><\/span>Boissons non alcoolis\u00e9es (eau, Coca, Fanta, etc.)<br \/>\n<span style=\"color: #00ff00;\"><strong>\u2713 <\/strong><\/span>F\u00eate de la mousse et animations<br \/>\n<span style=\"color: #00ff00;\"><strong>\u2713 <\/strong><\/span>Gilets de sauvetage<br \/>\n<span style=\"color: #00ff00;\"><strong>\u2713 <\/strong><\/span>Assurance<\/p>\n<h3>Non inclus :<\/h3>\n<p><strong><span style=\"color: #ff0000;\">\u2717<\/span><\/strong> Boissons alcoolis\u00e9es<br \/>\n<strong><span style=\"color: #ff0000;\">\u2717 <\/span><\/strong>Photos et vid\u00e9os<br \/>\n<strong><span style=\"color: #ff0000;\">\u2717 <\/span><\/strong>D\u00e9penses personnelles<\/p>\n<h2>\ud83c\udf1f Points forts de cette excursion en bateau pirate \u00e0 Alanya<\/h2>\n<p>\ud83d\udd39 Croisi\u00e8re sur le l\u00e9gendaire <strong>Bateau pirate Big Kral<\/strong> - l'un des plus grands de la M\u00e9diterran\u00e9e<br \/>\n\ud83d\udd39 Voir la Tour rouge, l'ancien chantier naval et les murs du ch\u00e2teau d'Alanya<br \/>\n\ud83d\udd39 Visite des grottes des Pirates, des Amoureux, du Phosphore et du Diable<br \/>\n\ud83d\udd39 Nager dans les eaux cristallines de la plage d'Ula\u015f<br \/>\n\ud83d\udd39 Divertissement \u00e0 bord, musique et soir\u00e9e mousse<br \/>\n\ud83d\udd39 Parfait pour les familles, les couples et les groupes<\/p>\n<h2>\ud83d\udcd6 Description compl\u00e8te : Votre exp\u00e9rience de voyage en bateau pirate \u00e0 Alanya<\/h2>\n<div>Mettez les voiles sur le <strong>L\u00e9gende Big Kral<\/strong>, Le bateau pirate le plus impressionnant d'Alanya, construit pour le confort et le divertissement. L'excursion commence \u00e0 <strong>Port d'Alanya \u00e0 10h00<\/strong>, en passant devant le <strong>Tour rouge<\/strong>, <strong>Ancien chantier naval<\/strong>, et <strong>Ch\u00e2teau d'Alanya<\/strong>.<\/div>\n<div>Vous explorerez le l\u00e9gendaire <strong>Pirates, amants, phosphore et grottes du diable<\/strong>, avec des arr\u00eats pour se baigner dans des baies turquoises comme <strong>Plage d'Ula\u015f<\/strong>. A bord, vous profiterez d'animations, d'une soir\u00e9e mousse et d'un savoureux d\u00e9jeuner accompagn\u00e9 de boissons non alcoolis\u00e9es.<\/div>\n<div>D\u00e9tendez-vous sur les ponts spacieux, profitez du soleil ou dansez avec l'\u00e9quipe d'animation pendant que le Big Kral navigue \u00e0 travers la M\u00e9diterran\u00e9e. Le bateau revient au port d'Alanya vers <strong>15:00<\/strong>, Vous serez ensuite ramen\u00e9 \u00e0 votre h\u00f4tel par un transfert confortable.<\/div>\n<h3>\ud83d\uddfa\ufe0f Itin\u00e9raire de la visite<\/h3>\n<p>\ud83d\udd39 Prise en charge \u00e0 partir des h\u00f4tels\/appartements d'Alanya<br \/>\n\ud83d\udd39 Transfert vers le port d'Alanya<br \/>\n\ud83d\udd39 D\u00e9part \u00e0 10h00<br \/>\n\ud83d\udd39 Naviguer le long de la Tour rouge et de l'ancien chantier naval<br \/>\n\ud83d\udd39 Pause baignade pr\u00e8s du chantier naval<br \/>\n\ud83d\udd39 Visite des grottes des Pirates, des Amoureux, du Phosphore et du Diable<br \/>\n\ud83d\udd39 D\u00e9jeuner \u00e0 bord<br \/>\n\ud83d\udd39 Pause baignade \u00e0 la plage d'Ula\u015f<br \/>\n\ud83d\udd39 Arr\u00eats de baignade suppl\u00e9mentaires<br \/>\n\ud83d\udd39 Retour au port d'Alanya (~15:00)<br \/>\n\ud83d\udd39 D\u00e9pose \u00e0 l'h\u00f4tel<\/p>\n<h3>\u2139\ufe0f Informations utiles<\/h3>\n<p>Dur\u00e9e : environ 5-6 heures<br \/>\n\ud83d\udd39 \u00c9quipage et guides anglophones<br \/>\n\ud83d\udd39 Familiale et adapt\u00e9e \u00e0 tous les \u00e2ges<br \/>\n\ud83d\udd39 Les enfants de moins de 5 ans voyagent gratuitement (ils partagent le m\u00eame si\u00e8ge que leurs parents)<br \/>\n\ud83d\udd39 Bateau pirate spacieux \u00e0 trois ponts dot\u00e9 d'\u00e9quipements modernes<\/p>\n<h2>\ud83c\udf92 Ce qu'il faut apporter<\/h2>\n<p>Maillot de bain et serviette de bain<br \/>\nCr\u00e8me solaire, lunettes de soleil et chapeau<br \/>\nAppareil photo ou t\u00e9l\u00e9phone<br \/>\n\ud83d\udd39 Un peu d'argent pour les extras<\/p>\n<h3>\ud83d\udeab Ne convient pas pour<\/h3>\n<p>\ud83d\udd39 Les h\u00f4tes souffrant d'un grave mal des transports<br \/>\n\ud83d\udd39 Femmes enceintes<\/p>\n<h2>\ud83d\udcb8 Prix et r\u00e9servation<\/h2>\n<p><strong>\ud83d\udd39 R\u00e9server maintenant, payer le jour de la visite<\/strong><br \/>\n\ud83d\udd39 Contactez-nous via <strong>WhatsApp<\/strong>, <strong>T\u00e9l\u00e9gramme<\/strong>, <strong>Viber<\/strong>, ou remplissez le formulaire de r\u00e9servation ci-dessous. \ud83d\udc47\ud83c\udffc<\/p>\n<p>\u00c0 la recherche d'alternatives ? Parcourir <a href=\"https:\/\/excursionsworld.com\/fr\/excursions-a-alanya\/\">plus de visites \u00e0 Alanya<\/a>.<\/p>","protected":false},"excerpt":{"rendered":"<p>R\u00e9server le <b>L\u00e9gende Big Kral<\/b> Pirate <b>Excursion en bateau<\/b>! Le meilleur <b>Voyage tout compris<\/b> et de l'amusement <b>excursion<\/b>. Profitez de la f\u00eate de la mousse, de la baignade et des divertissements. <b>Transfert inclus<\/b>!<\/p>","protected":false},"featured_media":15443,"comment_status":"open","ping_status":"closed","template":"","meta":[],"product_brand":[],"product_cat":[128,130],"product_tag":[111],"class_list":{"0":"post-15567","1":"product","2":"type-product","3":"status-publish","4":"has-post-thumbnail","6":"tour_phys-alanya-tours","7":"tour_phys-pirate-boat-tours","8":"product_cat-alanya-tours","9":"product_cat-pirate-boat-tours","10":"product_tag-alanya","11":"pa_destination-alanya-tours","12":"pa_kategori-pirate-boat-tours","14":"first","15":"instock","16":"sale","17":"shipping-taxable","18":"purchasable","19":"product-type-tour_phys"},"aioseo_notices":[],"_links":{"self":[{"href":"https:\/\/excursionsworld.com\/fr\/wp-json\/wp\/v2\/product\/15567","targetHints":{"allow":["GET"]}}],"collection":[{"href":"https:\/\/excursionsworld.com\/fr\/wp-json\/wp\/v2\/product"}],"about":[{"href":"https:\/\/excursionsworld.com\/fr\/wp-json\/wp\/v2\/types\/product"}],"replies":[{"embeddable":true,"href":"https:\/\/excursionsworld.com\/fr\/wp-json\/wp\/v2\/comments?post=15567"}],"wp:featuredmedia":[{"embeddable":true,"href":"https:\/\/excursionsworld.com\/fr\/wp-json\/wp\/v2\/media\/15443"}],"wp:attachment":[{"href":"https:\/\/excursionsworld.com\/fr\/wp-json\/wp\/v2\/media?parent=15567"}],"wp:term":[{"taxonomy":"product_brand","embeddable":true,"href":"https:\/\/excursionsworld.com\/fr\/wp-json\/wp\/v2\/product_brand?post=15567"},{"taxonomy":"product_cat","embeddable":true,"href":"https:\/\/excursionsworld.com\/fr\/wp-json\/wp\/v2\/product_cat?post=15567"},{"taxonomy":"product_tag","embeddable":true,"href":"https:\/\/excursionsworld.com\/fr\/wp-json\/wp\/v2\/product_tag?post=15567"}],"curies":[{"name":"wp","href":"https:\/\/api.w.org\/{rel}","templated":true}]}}