{"id":15568,"date":"2025-11-02T14:27:08","date_gmt":"2025-11-02T11:27:08","guid":{"rendered":"https:\/\/excursionsworld.com\/?post_type=product&#038;p=15568\/"},"modified":"2026-04-24T01:27:16","modified_gmt":"2026-04-23T22:27:16","slug":"excursion-pirate-boat-alanya","status":"publish","type":"product","link":"https:\/\/excursionsworld.com\/tours\/alanya-pirate-boat-tour\/","title":{"rendered":"Excursion Bateau Pirate \u00e0 Alanya \u2013 Admiral Black | Tout Compris"},"content":{"rendered":"<h2><span style=\"color: #000000;\"><strong>\ud83c\udff4\u200d\u2620\ufe0f Vue d'ensemble<\/strong><\/span><\/h2>\n<p>Mettez les voiles sur le <strong><a href=\"https:\/\/en.wikipedia.org\/wiki\/Alanya\" target=\"_blank\" rel=\"noopener\">Alanya<\/a> Excursion en bateau pirate<\/strong> - le moyen le plus populaire d'explorer le magnifique littoral d'Alanya ! Faites une croisi\u00e8re sur un grand bateau pirate en bois, avec de la musique, de l'amusement et des vues imprenables sur la M\u00e9diterran\u00e9e. Profitez des pauses baignade, des divertissements et d'un d\u00e9licieux d\u00e9jeuner \u00e0 bord lors de cette inoubliable aventure en mer.<\/p>\n<h3><span style=\"color: #000000;\"><strong>Inclus :<\/strong><\/span><\/h3>\n<p><span style=\"color: #339966;\"><strong>\u2713<\/strong> <\/span>Prise en charge et retour \u00e0 l'h\u00f4tel f<br \/>\n<span style=\"color: #339966;\"><strong>\u2713<\/strong> <\/span>Guide professionnel<br \/>\n<span style=\"color: #339966;\"><strong>\u2713<\/strong> <\/span>D\u00e9jeuner (poulet grill\u00e9, riz et salades)<br \/>\n<span style=\"color: #339966;\"><strong>\u2713<\/strong> <\/span>Boissons non alcoolis\u00e9es (eau, Coca, Fanta, etc.)<br \/>\n<span style=\"color: #339966;\"><strong>\u2713<\/strong> <\/span>F\u00eate de la mousse et animations<br \/>\n<span style=\"color: #339966;\"><strong>\u2713<\/strong> <\/span>Gilets de sauvetage<br \/>\n<span style=\"color: #339966;\"><strong>\u2713<\/strong> <\/span>Assurance<\/p>\n<h3><span style=\"color: #000000;\"><strong>Non inclus :<\/strong><\/span><\/h3>\n<p><strong><span style=\"color: #ff0000;\">\u2717<\/span> <\/strong>Boissons alcoolis\u00e9es<br \/>\n<strong><span style=\"color: #ff0000;\">\u2717<\/span> <\/strong>Photos et vid\u00e9os<br \/>\n<strong><span style=\"color: #ff0000;\">\u2717<\/span> <\/strong>D\u00e9penses personnelles<\/p>\n<h2><span style=\"color: #000000;\"><strong>\ud83c\udf1f Points forts de la visite<\/strong><\/span><\/h2>\n<p>\ud83d\udd39 Naviguez le long de la c\u00f4te pirate d'Alanya et admirez la Tour rouge, l'ancien chantier naval et le ch\u00e2teau d'Alanya.<br \/>\n\ud83d\udd39 Explorer les c\u00e9l\u00e8bres grottes des Pirates, des Amoureux, du Phosphore et du Diable<br \/>\n\ud83d\udd39 Profitez de multiples pauses baignades, notamment \u00e0 la plage d'Ula\u015f.<br \/>\n\ud83d\udd39 Participez \u00e0 la f\u00eate de la mousse et aux divertissements \u00e0 bord<br \/>\n\ud83d\udd39 Rep\u00e9rer les dauphins ou les tortues de mer si vous avez de la chance<\/p>\n<h2><span style=\"color: #000000;\"><strong>\ud83d\udcd6 Description compl\u00e8te<\/strong><\/span><\/h2>\n<p>L'aventure commence par la prise en charge \u00e0 l'h\u00f4tel et le transfert vers le port d'Alanya. Embarquez \u00e0 bord d'un confortable bateau pirate \u00e0 trois ponts, tel que le Viking ou le Captain.<strong> Barbarossa<\/strong>, Il est \u00e9quip\u00e9 de douches, de cabines pour se changer et d'un syst\u00e8me de sonorisation.<br \/>\n\u00c0 10 heures, le bateau passe devant le port. <strong>Tour rouge<\/strong>, <strong>Ancien chantier naval<\/strong>, et <strong>Les murs du ch\u00e2teau d'Alanya<\/strong>, en continuant jusqu'au c\u00e9l\u00e8bre <strong>Pirates, amants, phosphore et grottes du diable<\/strong>.<br \/>\nTout au long de la journ\u00e9e, profitez <strong>trois \u00e0 quatre pauses natation<\/strong>, y compris \u00e0 <strong>Plage d'Ula\u015f<\/strong>, Les eaux de la mer Rouge sont r\u00e9put\u00e9es pour \u00eatre calmes et sablonneuses. Un go\u00fbt savoureux <strong>d\u00e9jeuner et boissons non alcoolis\u00e9es<\/strong> sont servis \u00e0 bord pendant que vous vous d\u00e9tendez ou que vous dansez au son d'une musique entra\u00eenante.<br \/>\nLe bateau retourne au port d'Alanya vers <strong>15:00<\/strong>, Vous serez ensuite transf\u00e9r\u00e9 \u00e0 votre h\u00f4tel.<\/p>\n<h3><span style=\"color: #000000;\"><strong>\ud83d\uddfa\ufe0f Itin\u00e9raire de la visite<\/strong><\/span><\/h3>\n<p>\ud83d\udd39 Prise en charge \u00e0 partir des h\u00f4tels\/appartements d'Alanya<br \/>\n\ud83d\udd39 Transfert vers le port d'Alanya<br \/>\n\ud83d\udd39 D\u00e9part \u00e0 10h00<br \/>\n\ud83d\udd39 Visite de la Tour rouge et du vieux chantier naval<br \/>\n\ud83d\udd39 Pause baignade pr\u00e8s du chantier naval<br \/>\n\ud83d\udd39 Visite des grottes des Pirates, des Amoureux, du Phosphore et du Diable<br \/>\n\ud83d\udd39 D\u00e9jeuner \u00e0 bord<br \/>\n\ud83d\udd39 Pause baignade \u00e0 la plage d'Ula\u015f<br \/>\n\ud83d\udd39 Arr\u00eats de baignade suppl\u00e9mentaires<br \/>\n\ud83d\udd39 Retour au port d'Alanya (~15:00)<br \/>\n\ud83d\udd39 D\u00e9pose \u00e0 l'h\u00f4tel<\/p>\n<h3><span style=\"color: #000000;\"><strong>\u2139\ufe0f Informations utiles<\/strong><\/span><\/h3>\n<p>Dur\u00e9e : environ 5-6 heures<br \/>\n\ud83d\udd39 \u00c9quipage et guides anglophones<br \/>\n\ud83d\udd39 Convient aux familles, aux couples et aux groupes<br \/>\n\ud83d\udd39 Les enfants de moins de 5 ans voyagent gratuitement (ils partagent le m\u00eame si\u00e8ge que leurs parents)<br \/>\n\ud83d\udd39 Bateaux pirates en bois confortables \u00e0 3 ponts<\/p>\n<h2><span style=\"color: #000000;\"><strong>\ud83c\udf92 Ce qu'il faut apporter<\/strong><\/span><\/h2>\n<p>Maillot de bain et serviette de bain<br \/>\nCr\u00e8me solaire, lunettes de soleil et chapeau<br \/>\nAppareil photo ou t\u00e9l\u00e9phone<br \/>\n\ud83d\udd39 Un peu d'argent pour les extras<\/p>\n<h3><span style=\"color: #000000;\"><strong>\ud83d\udeab Ne convient pas pour<\/strong><\/span><\/h3>\n<p>\ud83d\udd39 Les h\u00f4tes souffrant d'un grave mal des transports<br \/>\n\ud83d\udd39 Femmes enceintes<\/p>\n<h2 dir=\"ltr\">\ud83d\udcb8\u00a0<strong>Prix et r\u00e9servation<\/strong><\/h2>\n<p dir=\"ltr\"><strong>\ud83d\udd39 R\u00e9server maintenant, payer le jour de la visite<\/strong><br \/>\n\ud83d\udd39 Contactez-nous via WhatsApp, Telegram, Viber, ou remplissez le formulaire de r\u00e9servation ci-dessous. \ud83d\udc47\ud83c\udffc<\/p>\n<p>\u00c0 la recherche d'alternatives ? Parcourir <a href=\"https:\/\/excursionsworld.com\/fr\/excursions-a-alanya\/\">plus de visites \u00e0 Alanya<\/a>.<\/p>","protected":false},"excerpt":{"rendered":"<p>Rejoindre le <b>Alanya Pirate Boat Tour<\/b>! Le meilleur <b>sortie en mer<\/b> voir <b>Tour rouge<\/b>, des grottes, et <b>Plage de Cl\u00e9op\u00e2tre<\/b>. Comprend <b>d\u00e9jeuner<\/b>, la f\u00eate de la mousse, et <b>transfert<\/b>. R\u00e9servez votre plaisir <b>excursion<\/b>!<\/p>","protected":false},"featured_media":15272,"comment_status":"open","ping_status":"closed","template":"","meta":[],"product_brand":[],"product_cat":[128,130],"product_tag":[111],"class_list":{"0":"post-15568","1":"product","2":"type-product","3":"status-publish","4":"has-post-thumbnail","6":"tour_phys-alanya-tours","7":"tour_phys-pirate-boat-tours","8":"product_cat-alanya-tours","9":"product_cat-pirate-boat-tours","10":"product_tag-alanya","11":"pa_destination-alanya-tours","12":"pa_kategori-pirate-boat-tours","14":"first","15":"instock","16":"sale","17":"shipping-taxable","18":"purchasable","19":"product-type-tour_phys"},"aioseo_notices":[],"_links":{"self":[{"href":"https:\/\/excursionsworld.com\/fr\/wp-json\/wp\/v2\/product\/15568","targetHints":{"allow":["GET"]}}],"collection":[{"href":"https:\/\/excursionsworld.com\/fr\/wp-json\/wp\/v2\/product"}],"about":[{"href":"https:\/\/excursionsworld.com\/fr\/wp-json\/wp\/v2\/types\/product"}],"replies":[{"embeddable":true,"href":"https:\/\/excursionsworld.com\/fr\/wp-json\/wp\/v2\/comments?post=15568"}],"wp:featuredmedia":[{"embeddable":true,"href":"https:\/\/excursionsworld.com\/fr\/wp-json\/wp\/v2\/media\/15272"}],"wp:attachment":[{"href":"https:\/\/excursionsworld.com\/fr\/wp-json\/wp\/v2\/media?parent=15568"}],"wp:term":[{"taxonomy":"product_brand","embeddable":true,"href":"https:\/\/excursionsworld.com\/fr\/wp-json\/wp\/v2\/product_brand?post=15568"},{"taxonomy":"product_cat","embeddable":true,"href":"https:\/\/excursionsworld.com\/fr\/wp-json\/wp\/v2\/product_cat?post=15568"},{"taxonomy":"product_tag","embeddable":true,"href":"https:\/\/excursionsworld.com\/fr\/wp-json\/wp\/v2\/product_tag?post=15568"}],"curies":[{"name":"wp","href":"https:\/\/api.w.org\/{rel}","templated":true}]}}