{"id":15770,"date":"2025-11-12T10:42:42","date_gmt":"2025-11-12T07:42:42","guid":{"rendered":"https:\/\/excursionsworld.com\/?post_type=product&#038;p=15770\/"},"modified":"2026-04-23T22:02:36","modified_gmt":"2026-04-23T19:02:36","slug":"croisiere-pirate-kemer-gonster","status":"publish","type":"product","link":"https:\/\/excursionsworld.com\/tours\/kemer-pirate-boat-tour-gonster\/","title":{"rendered":"Croisi\u00e8re Pirate \u00e0 Kemer \u2013 Bateau Gonster | Tout Inclus"},"content":{"rendered":"<h2><strong>\ud83c\udff4\u200d\u2620\ufe0f Vue d'ensemble<\/strong><\/h2>\n<p dir=\"ltr\">Embarquez pour une aventure palpitante \u00e0 bord du navire pirate Gonster \u2014 une journ\u00e9e remplie de plaisir, de musique et de baignade le long de <a href=\"https:\/\/en.wikipedia.org\/wiki\/Kemer,_Antalya\" target=\"_blank\" rel=\"noopener\">Kemer<\/a>\u2019la c\u00f4te turquoise. Cette excursion sur le th\u00e8me des pirates combine divertissement anim\u00e9 et vues imprenables sur la M\u00e9diterran\u00e9e. Les boissons gazeuses sont incluses pour tout le monde !<\/p>\n<h3><strong>Inclus :<\/strong><\/h3>\n<p dir=\"ltr\"><span style=\"color: #00ff00;\"><strong>\u2713<\/strong><\/span> Prise en charge et retour \u00e0 l'h\u00f4tel<br \/>\n<span style=\"color: #00ff00;\"><strong>\u2713 <\/strong><\/span>Assurance<br \/>\n<span style=\"color: #00ff00;\"><strong>\u2713 <\/strong><\/span>Guide professionnel<br \/>\n<span style=\"color: #00ff00;\"><strong>\u2713 <\/strong><\/span>Soir\u00e9e mousse et divertissements \u00e0 bord<br \/>\n<span style=\"color: #00ff00;\"><strong>\u2713 <\/strong><\/span>D\u00e9jeuner<br \/>\n<span style=\"color: #00ff00;\"><strong>\u2713 <\/strong><\/span>Boissons non alcoolis\u00e9es<\/p>\n<h3 dir=\"ltr\"><span style=\"color: #000000;\"><strong>Non inclus :<\/strong><\/span><\/h3>\n<p dir=\"ltr\"><strong><span style=\"color: #ff0000;\">\u2717 <\/span><\/strong>Photos et vid\u00e9os<br \/>\n<strong><span style=\"color: #ff0000;\">\u2717 <\/span><\/strong>Boissons alcoolis\u00e9es<\/p>\n<h2 dir=\"ltr\"><span style=\"color: #000000;\">\ud83c\udf1f <strong>Points forts de la visite<\/strong><\/span><\/h2>\n<p dir=\"ltr\">\ud83d\udd39 Bateau pirate festif avec une atmosph\u00e8re anim\u00e9e<br \/>\n\ud83d\udd39 Baignade dans les baies cristallines de Kemer<br \/>\n\ud83d\udd39 Musique en direct et programme de divertissement \u00e0 bord<br \/>\n\ud83d\udd39 D\u00e9jeuner et boissons non alcoolis\u00e9es inclus<br \/>\n\ud83d\udd39 Bain de soleil sur des terrasses spacieuses<br \/>\n\ud83d\udd39 Arr\u00eats photos \u00e0 la grotte des pirates et \u00e0 la c\u00f4te pittoresque<br \/>\n\ud83d\udd39 Parfait pour les familles et les amateurs d'aventure<\/p>\n<h2 dir=\"ltr\"><span style=\"color: #000000;\">\ud83d\udcd6 <strong>Description compl\u00e8te<\/strong><\/span><\/h2>\n<div dir=\"ltr\">Embarquez pour un voyage en mer \u00e0 bord du bateau pirate Gonster le long de la c\u00f4te turquoise de Kemer. Cette excursion unique allie un divertissement vibrant \u00e0 la beaut\u00e9 naturelle de la M\u00e9diterran\u00e9e, cr\u00e9ant ainsi une escapade parfaite pour les familles, les couples et les groupes d'amis.<\/div>\n<div dir=\"ltr\">L'embarquement a lieu dans le port de Kemer, o\u00f9 le bateau sur le th\u00e8me des pirates et l'\u00e9quipage anim\u00e9 cr\u00e9ent une atmosph\u00e8re festive avec de la musique, de la danse et un spectacle \u00e0 th\u00e8me.<\/div>\n<div dir=\"ltr\">Au cours de l'excursion, vous visiterez trois baies pittoresques o\u00f9 vous pourrez vous baigner et vous d\u00e9tendre :<\/div>\n<div dir=\"ltr\"><strong>\ud83c\udfca\u200d\u2642\ufe0fPhaselis Bay<\/strong>\u00a0Nagez pr\u00e8s des anciennes ruines lyciennes, au milieu de l'histoire et de la nature.<\/div>\n<div dir=\"ltr\"><strong>\ud83c\udf3fParadise Bay<\/strong>\u00a0Une halte agr\u00e9able avec des eaux cristallines et des paysages verdoyants.<\/div>\n<div dir=\"ltr\"><strong>\ud83d\udcf8 Moonlight Bay<\/strong>\u00a0Parfait pour les photos, les bains de soleil et les baignades tranquilles.<\/div>\n<div dir=\"ltr\"><strong>\ud83c\udff4\u200d\u2620\ufe0fPirate Cave<\/strong>\u00a0Naviguez jusqu'\u00e0 la l\u00e9gendaire Pirate Cave, qui pr\u00e9sente des falaises spectaculaires et offre de superbes possibilit\u00e9s de photos.<\/div>\n<div dir=\"ltr\">\u00c0 bord, profitez d'un d\u00e9licieux d\u00e9jeuner avec boissons non alcoolis\u00e9es incluses, suivi d'une soir\u00e9e mousse anim\u00e9e lors du voyage de retour. Que vous souhaitiez prendre un bain de soleil ou danser avec l'\u00e9quipage, cette excursion vous promet un plaisir sans fin et des souvenirs inoubliables !<\/div>\n<h3 dir=\"ltr\"><span style=\"color: #000000;\">\ud83d\uddfa\ufe0f <strong>Itin\u00e9raire de la visite<\/strong><\/span><\/h3>\n<p dir=\"ltr\">\ud83d\udd39 Prise en charge \u00e0 partir des h\u00f4tels de la r\u00e9gion de Kemer<br \/>\n\ud83d\udd39 D\u00e9part du port de Kemer<br \/>\n\ud83d\udd39 Arr\u00eat baignade \u00e0 la baie de Phaselis<br \/>\nArr\u00eat baignade \u00e0 Moonlight Bay<br \/>\nArr\u00eat baignade \u00e0 Paradise Bay<br \/>\n\ud83d\udd39 Sail by the Pirate Cave<br \/>\n\ud83d\udd39 F\u00eate de l'\u00e9cume et divertissements \u00e0 bord<br \/>\nRetour au port de Kemer<br \/>\nTransfert de retour \u00e0 l'h\u00f4tel<\/p>\n<h3 dir=\"ltr\"><span style=\"color: #000000;\">\u2139\ufe0f <strong>Informations utiles<\/strong><\/span><\/h3>\n<p dir=\"ltr\">Dur\u00e9e de la visite : environ 5-6 heures<br \/>\n\ud83d\udd39 Des zones ombrag\u00e9es et des bains de soleil sont disponibles \u00e0 bord.<br \/>\n\ud83d\udd39 Convient aux invit\u00e9s de tous \u00e2ges<br \/>\n\ud83d\udd39 L'\u00e9quipage parle anglais<\/p>\n<h2 dir=\"ltr\">\ud83c\udf92 <strong>Ce qu'il faut apporter<\/strong><\/h2>\n<p dir=\"ltr\">Maillot de bain et serviette de bain<br \/>\n\ud83d\udd39 Cr\u00e8me solaire et lunettes de soleil<br \/>\n\ud83d\udd39 Chapeau ou casquette<br \/>\n\ud83d\udd39 \u00c9tui ou appareil photo \u00e9tanche<br \/>\n\ud83d\udd39 Argent liquide pour les souvenirs et les d\u00e9penses suppl\u00e9mentaires<\/p>\n<h3 dir=\"ltr\"><span style=\"color: #000000;\">\ud83d\udeab <strong>Ne convient pas<\/strong><\/span><\/h3>\n<p dir=\"ltr\">\ud83d\udd39 Guests prone to severe seasickness (invit\u00e9s sujets au mal de mer)<br \/>\n\ud83d\udd39 Personnes \u00e0 mobilit\u00e9 r\u00e9duite<\/p>\n<h2 dir=\"ltr\">\ud83d\udcb8 <strong>Prix et r\u00e9servation<\/strong><\/h2>\n<p dir=\"ltr\"><strong>\ud83d\udd39 R\u00e9server maintenant, payer le jour de la visite<\/strong><br \/>\n\ud83d\udd39 Contactez-nous via WhatsApp, Telegram, Viber, ou remplissez le formulaire de r\u00e9servation ci-dessous. \ud83d\udc47\ud83c\udffd<\/p>\n<p>\u00c0 la recherche d'alternatives ? Parcourir <a href=\"https:\/\/excursionsworld.com\/fr\/excursions-a-kemer\/\">Plus de visites \u00e0 Kemer<\/a>.<\/p>","protected":false},"excerpt":{"rendered":"<p>Participez \u00e0 l'excursion en bateau pirate de Kemer Gonster - une excursion tout compris avec baignade, soir\u00e9e mousse, d\u00e9jeuner et boissons pour une journ\u00e9e inoubliable !<\/p>","protected":false},"featured_media":12200,"comment_status":"open","ping_status":"closed","template":"","meta":[],"product_brand":[],"product_cat":[124,130],"product_tag":[105],"class_list":{"0":"post-15770","1":"product","2":"type-product","3":"status-publish","4":"has-post-thumbnail","6":"tour_phys-kemer-tours","7":"tour_phys-pirate-boat-tours","8":"product_cat-kemer-tours","9":"product_cat-pirate-boat-tours","10":"product_tag-kemer","11":"pa_destination-kemer-tours","12":"pa_kategori-pirate-boat-tours","14":"first","15":"instock","16":"sale","17":"featured","18":"shipping-taxable","19":"purchasable","20":"product-type-tour_phys"},"aioseo_notices":[],"_links":{"self":[{"href":"https:\/\/excursionsworld.com\/fr\/wp-json\/wp\/v2\/product\/15770","targetHints":{"allow":["GET"]}}],"collection":[{"href":"https:\/\/excursionsworld.com\/fr\/wp-json\/wp\/v2\/product"}],"about":[{"href":"https:\/\/excursionsworld.com\/fr\/wp-json\/wp\/v2\/types\/product"}],"replies":[{"embeddable":true,"href":"https:\/\/excursionsworld.com\/fr\/wp-json\/wp\/v2\/comments?post=15770"}],"wp:featuredmedia":[{"embeddable":true,"href":"https:\/\/excursionsworld.com\/fr\/wp-json\/wp\/v2\/media\/12200"}],"wp:attachment":[{"href":"https:\/\/excursionsworld.com\/fr\/wp-json\/wp\/v2\/media?parent=15770"}],"wp:term":[{"taxonomy":"product_brand","embeddable":true,"href":"https:\/\/excursionsworld.com\/fr\/wp-json\/wp\/v2\/product_brand?post=15770"},{"taxonomy":"product_cat","embeddable":true,"href":"https:\/\/excursionsworld.com\/fr\/wp-json\/wp\/v2\/product_cat?post=15770"},{"taxonomy":"product_tag","embeddable":true,"href":"https:\/\/excursionsworld.com\/fr\/wp-json\/wp\/v2\/product_tag?post=15770"}],"curies":[{"name":"wp","href":"https:\/\/api.w.org\/{rel}","templated":true}]}}