{"id":15774,"date":"2025-11-18T21:21:04","date_gmt":"2025-11-18T18:21:04","guid":{"rendered":"https:\/\/excursionsworld.com\/?post_type=product&#038;p=15774\/"},"modified":"2026-04-24T01:27:17","modified_gmt":"2026-04-23T22:27:17","slug":"bateau-pirate-antalya-cascade-duden","status":"publish","type":"product","link":"https:\/\/excursionsworld.com\/tours\/antalya-pirate-boat-trip-waterfall\/","title":{"rendered":"Croisi\u00e8re en bateau pirate \u00e0 Antalya \u2013 Plage de Lara &amp; Cascade de D\u00fcden"},"content":{"rendered":"<h2>\ud83c\udff4\u200d\u2620\ufe0f Vue d'ensemble<\/h2>\n<p>Partir de <a href=\"https:\/\/en.wikipedia.org\/wiki\/Antalya\" target=\"_blank\" rel=\"noopener\">Antalya<\/a> Une croisi\u00e8re amusante en bateau pirate depuis Lara Beach avec prise en charge \u00e0 l'h\u00f4tel \u00e0 Kundu, Lara, G\u00fcll\u00fck et Konyaalt\u0131. Profitez d'une journ\u00e9e enti\u00e8re en mer avec des arr\u00eats baignade \u00e0 Turtle Bay, des vues sur la c\u00e9l\u00e8bre cascade de Duden, de la musique, des animations et une f\u00eate de la mousse \u2013 une excellente journ\u00e9e pour les familles, les couples et les groupes d'amis.<\/p>\n<h3>Inclus :<\/h3>\n<div><span style=\"color: #00ff00;\"><strong>\u2713<\/strong> <\/span>Prise en charge et retour \u00e0 l'h\u00f4tel<br \/>\n<span style=\"color: #00ff00;\"><strong>\u2713<\/strong> <\/span>Croisi\u00e8re en bateau pirate depuis la plage de Lara<br \/>\n<span style=\"color: #00ff00;\"><strong>\u2713<\/strong> <\/span>D\u00e9jeuner savoureux \u00e0 bord<br \/>\n<span style=\"color: #00ff00;\"><strong>\u2713<\/strong> <\/span>Divertissement, animation et f\u00eate de la mousse<\/div>\n<div><span style=\"color: #00ff00;\"><strong>\u2713<\/strong> <\/span>Assurance<br \/>\n<span style=\"color: #00ff00;\"><strong>\u2713<\/strong> <\/span>Arr\u00eats de baignade (Turtle Bay et baies c\u00f4ti\u00e8res - si le temps le permet)<\/div>\n<h3>Non inclus :<\/h3>\n<p><span style=\"color: #ff0000;\"><strong>\u2717<\/strong> <\/span>Boissons<br \/>\n<span style=\"color: #ff0000;\"><strong>\u2717<\/strong> <\/span>D\u00e9penses personnelles (souvenirs, collations)<br \/>\n<span style=\"color: #ff0000;\"><strong>\u2717<\/strong> <\/span>Photos et vid\u00e9os<\/p>\n<h2>\ud83c\udf1f Points forts de cette excursion en bateau pirate \u00e0 Antalya<\/h2>\n<p>\ud83d\udd39 Croisi\u00e8re panoramique sur le th\u00e8me des pirates le long de la c\u00f4te d'Antalya<br \/>\n\ud83d\udd39 Vue panoramique sur la cascade de Lower Duden qui se jette dans la mer<br \/>\n\ud83d\udd39 Vue de la vieille ville de Kalei\u00e7i et de la plage de Konyaalt\u0131 depuis l'eau<br \/>\n\ud83d\udd39 Baignade dans les eaux claires de Turtle Bay<br \/>\n\ud83d\udd39 Divertissements \u00e0 bord, activit\u00e9s pour enfants et soir\u00e9e mousse<br \/>\n\ud83d\udd39 Bateau spacieux \u00e0 plusieurs ponts avec des zones ensoleill\u00e9es et des zones ombrag\u00e9es<\/p>\n<h2>\ud83d\udcd6 Description compl\u00e8te : Votre exp\u00e9rience de croisi\u00e8re pirate \u00e0 Antalya<\/h2>\n<p>La journ\u00e9e commence par une prise en charge confortable \u00e0 votre h\u00f4tel d'Antalya (Kundu, Lara, G\u00fcll\u00fck ou Konyaalt\u0131) et un transfert vers le port pr\u00e8s de la plage de Lara. Vous montez \u00e0 bord d'un grand bateau de style pirate dot\u00e9 de plusieurs ponts, de chaises longues et d'espaces ombrag\u00e9s pour s'asseoir.<\/p>\n<p>Une fois le bateau sorti du port, vous naviguerez le long de la magnifique c\u00f4te d'Antalya. L'itin\u00e9raire offre des vues fantastiques sur la cascade de Lower Duden, o\u00f9 la rivi\u00e8re tombe directement dans la mer M\u00e9diterran\u00e9e, ainsi que sur la vieille ville historique de Kalei\u00e7i et la plage de Konyaalt\u0131 au loin.<\/p>\n<p>Pendant la journ\u00e9e, le bateau fait des arr\u00eats pour nager dans des baies abrit\u00e9es, notamment Turtle Bay, o\u00f9 vous pouvez sauter dans l'eau turquoise, nager, ou simplement vous d\u00e9tendre sur le pont et profiter du soleil. \u00c0 bord, l'\u00e9quipage organise de la musique, des jeux, des activit\u00e9s pour les enfants, de la peinture sur visage et une amusante f\u00eate de la mousse que les enfants et les adultes adorent.<\/p>\n<p>Un savoureux d\u00e9jeuner est servi sur le bateau, et vous pouvez acheter des boissons fra\u00eeches au bar du bord. Apr\u00e8s plusieurs heures de baignade, de d\u00e9tente et de spectacle, le bateau retourne au port. Votre chauffeur vous attendra pour vous ramener \u00e0 votre h\u00f4tel \u00e0 Antalya.<\/p>\n<h3>\ud83d\uddfa\ufe0f Itin\u00e9raire de la visite<\/h3>\n<p>\ud83d\udd39 Prise en charge \u00e0 l'h\u00f4tel depuis Antalya (Kundu, Lara, G\u00fcll\u00fck, Konyaalt\u0131)<br \/>\n\ud83d\udd39 Transfert au port pr\u00e8s de la plage de Lara<br \/>\n\ud83d\udd39 Embarquement sur le bateau pirate et d\u00e9part<br \/>\n\ud83d\udd39 Croisi\u00e8re c\u00f4ti\u00e8re avec vue sur la cascade de Duden, Kalei\u00e7i et Konyaalt\u0131<br \/>\nArr\u00eat baignade \u00e0 Turtle Bay (et\/ou dans d'autres baies - si le temps le permet)<br \/>\nD\u00e9jeuner, musique, animation et soir\u00e9e mousse \u00e0 bord<br \/>\n\ud83d\udd39 Retour au port<br \/>\n\ud83d\udd39 Transfert retour vers les h\u00f4tels d'Antalya<\/p>\n<h3>\u2139\ufe0f Informations utiles<\/h3>\n<p>\ud83d\udd39 Dur\u00e9e : environ 6-7 heures (transferts compris)<br \/>\n\ud83d\udd39 Circuit adapt\u00e9 aux familles avec des zones ombrag\u00e9es calmes et des zones de divertissement anim\u00e9es<br \/>\n\ud83d\udd39 Des repas v\u00e9g\u00e9tariens sont g\u00e9n\u00e9ralement disponibles - veuillez le mentionner lors de la r\u00e9servation.<br \/>\n\ud83d\udd39 L'\u00e9quipage parle principalement l'anglais ; des explications de base peuvent \u00e9galement \u00eatre donn\u00e9es dans d'autres langues selon les jours.<br \/>\n\ud83d\udd39 Les enfants jusqu'\u00e0 5 ans voyageant gratuitement n'ont pas de si\u00e8ge propre dans le bus ; aux heures d'affluence, ils s'assoient sur les genoux d'un adulte, ou vous pouvez r\u00e9server un si\u00e8ge s\u00e9par\u00e9 \u00e0 l'avance moyennant un suppl\u00e9ment.<\/p>\n<h2>\ud83c\udf92 Ce qu'il faut apporter<\/h2>\n<p>Maillot de bain et serviette de bain<br \/>\n\ud83d\udd39 Cr\u00e8me solaire et lunettes de soleil<br \/>\n\ud83d\udd39 Chapeau ou casquette<br \/>\n\ud83d\udd39 T\u00e9l\u00e9phone ou appareil photo pour les photos<br \/>\n\ud83d\udd39 Un peu d'argent liquide pour les boissons, les souvenirs et les d\u00e9penses suppl\u00e9mentaires<\/p>\n<h3>\ud83d\udeab Ne convient pas pour<\/h3>\n<p>\ud83d\udd39 Les h\u00f4tes qui souffrent d'un fort mal de mer<br \/>\n\ud83d\udd39 Voyageurs \u00e0 la recherche d'un circuit totalement calme, sans musique ni animation<\/p>\n<p>\u00c0 la recherche d'alternatives ? Parcourir <a href=\"https:\/\/excursionsworld.com\/fr\/excursions-a-antalya\/\">plus de visites \u00e0 Antalya<\/a>.<\/p>\n<h2>\ud83d\udcb8 Prix et R\u00e9servation \u2013 R\u00e9servez Votre Excursion Pirate en bateau \u00e0 Antalya<\/h2>\n<p data-is-last-node=\"\" data-is-only-node=\"\"><strong>\ud83d\udd39 R\u00e9server maintenant - payer le jour de la visite<\/strong><br \/>\n\ud83d\udd39 Contactez-nous via WhatsApp, Telegram, Viber ou remplissez le formulaire de r\u00e9servation ci-dessous. \ud83d\udc47\ud83c\udffc<\/p>","protected":false},"excerpt":{"rendered":"<article class=\"text-token-text-primary w-full focus:outline-none [--shadow-height:45px] has-data-writing-block:pointer-events-none has-data-writing-block:-mt-(--shadow-height) has-data-writing-block:pt-(--shadow-height) [&amp;:has([data-writing-block])&gt;*]:pointer-events-auto [content-visibility:auto] supports-[content-visibility:auto]:[contain-intrinsic-size:auto_100lvh] scroll-mt-[calc(var(--header-height)+min(200px,max(70px,20svh)))]\" dir=\"auto\" tabindex=\"-1\" data-turn-id=\"request-691c3b5f-a94c-832a-aa69-967f2c392ec1-18\" data-testid=\"conversation-turn-60\" data-scroll-anchor=\"true\" data-turn=\"assistant\">\n<div class=\"text-base my-auto mx-auto pb-10 [--thread-content-margin:--spacing(4)] thread-sm:[--thread-content-margin:--spacing(6)] thread-lg:[--thread-content-margin:--spacing(16)] px-(--thread-content-margin)\">\n<div class=\"[--thread-content-max-width:40rem] thread-lg:[--thread-content-max-width:48rem] mx-auto max-w-(--thread-content-max-width) flex-1 group\/turn-messages focus-visible:outline-hidden relative flex w-full min-w-0 flex-col agent-turn\" tabindex=\"-1\">\n<div class=\"flex max-w-full flex-col grow\">\n<div class=\"min-h-8 text-message relative flex w-full flex-col items-end gap-2 text-start break-words whitespace-normal [.text-message+&amp;]:mt-1\" dir=\"auto\" data-message-author-role=\"assistant\" data-message-id=\"81b69705-5943-403a-a860-0ba81e49467d\" data-message-model-slug=\"gpt-5-1-thinking\">\n<div class=\"flex w-full flex-col gap-1 empty:hidden first:pt-[1px]\">\n<div class=\"markdown prose dark:prose-invert w-full break-words light markdown-new-styling\">\n<p data-start=\"0\" data-end=\"196\" data-is-last-node=\"\" data-is-only-node=\"\">Pirate boat trip in Antalya from Lara Beach with hotel pickup, lunch, swimming in Turtle Bay, views of Duden Waterfall, music, animation and a fun foam party.<\/p>\n<\/div>\n<\/div>\n<\/div>\n<\/div>\n<div class=\"z-0 flex min-h-[46px] justify-start\"><\/div>\n<div class=\"mt-3 w-full empty:hidden\">\n<div class=\"text-center\"><\/div>\n<\/div>\n<\/div>\n<\/div>\n<\/article>\n<div class=\"pointer-events-none h-px w-px\" aria-hidden=\"true\" data-edge=\"true\"><\/div>\n","protected":false},"featured_media":15244,"comment_status":"open","ping_status":"closed","template":"","meta":[],"product_brand":[],"product_cat":[125,130],"product_tag":[107],"class_list":{"0":"post-15774","1":"product","2":"type-product","3":"status-publish","4":"has-post-thumbnail","6":"tour_phys-antalya-tours","7":"tour_phys-pirate-boat-tours","8":"product_cat-antalya-tours","9":"product_cat-pirate-boat-tours","10":"product_tag-antalya","11":"pa_destination-antalya-tours","12":"pa_kategori-pirate-boat-tours","14":"first","15":"instock","16":"sale","17":"featured","18":"shipping-taxable","19":"purchasable","20":"product-type-tour_phys"},"aioseo_notices":[],"_links":{"self":[{"href":"https:\/\/excursionsworld.com\/fr\/wp-json\/wp\/v2\/product\/15774","targetHints":{"allow":["GET"]}}],"collection":[{"href":"https:\/\/excursionsworld.com\/fr\/wp-json\/wp\/v2\/product"}],"about":[{"href":"https:\/\/excursionsworld.com\/fr\/wp-json\/wp\/v2\/types\/product"}],"replies":[{"embeddable":true,"href":"https:\/\/excursionsworld.com\/fr\/wp-json\/wp\/v2\/comments?post=15774"}],"wp:featuredmedia":[{"embeddable":true,"href":"https:\/\/excursionsworld.com\/fr\/wp-json\/wp\/v2\/media\/15244"}],"wp:attachment":[{"href":"https:\/\/excursionsworld.com\/fr\/wp-json\/wp\/v2\/media?parent=15774"}],"wp:term":[{"taxonomy":"product_brand","embeddable":true,"href":"https:\/\/excursionsworld.com\/fr\/wp-json\/wp\/v2\/product_brand?post=15774"},{"taxonomy":"product_cat","embeddable":true,"href":"https:\/\/excursionsworld.com\/fr\/wp-json\/wp\/v2\/product_cat?post=15774"},{"taxonomy":"product_tag","embeddable":true,"href":"https:\/\/excursionsworld.com\/fr\/wp-json\/wp\/v2\/product_tag?post=15774"}],"curies":[{"name":"wp","href":"https:\/\/api.w.org\/{rel}","templated":true}]}}