{"id":15843,"date":"2025-12-08T16:12:36","date_gmt":"2025-12-08T13:12:36","guid":{"rendered":"https:\/\/excursionsworld.com\/?post_type=product&#038;p=15843\/"},"modified":"2026-04-24T01:27:17","modified_gmt":"2026-04-23T22:27:17","slug":"croisiere-green-canyon-alanya","status":"publish","type":"product","link":"https:\/\/excursionsworld.com\/tours\/green-canyon-boat-tour-alanya\/","title":{"rendered":"Croisi\u00e8re sur le Green Canyon depuis Alanya \u2013 Tout inclus (Canyon Vert)"},"content":{"rendered":"<h2><span style=\"color: #000000;\"><strong>\ud83c\udf32 Vue d'ensemble<\/strong><\/span><\/h2>\n<p>Faites l'exp\u00e9rience d'une excursion paisible d'une journ\u00e9e enti\u00e8re \u00e0 la <strong>Canyon vert<\/strong> de <strong><a href=\"https:\/\/en.wikipedia.org\/wiki\/Alanya\" target=\"_blank\" rel=\"noopener\">Alanya<\/a> et les environs (Oba, Tosmur, Kestel, Mahmutlar, Konakl\u0131, Avsallar, T\u00fcrkler, Okurcalar)<\/strong>! Naviguez dans les eaux turquoises entour\u00e9es des montagnes du Taurus, profitez des pauses baignades et prenez un d\u00e9jeuner relaxant au bord du lac. Parfait pour les familles et les amoureux de la nature \u00e0 la recherche d'une escapade calme loin de la ville.<\/p>\n<h3><span style=\"color: #000000;\"><strong>Inclus :<\/strong><\/span><\/h3>\n<p><span style=\"color: #00ff00;\"><strong>\u2713<\/strong> <\/span>Prise en charge et retour \u00e0 l'h\u00f4tel<br \/>\n<span style=\"color: #00ff00;\"><strong>\u2713<\/strong> <\/span>Promenade en bateau sur le Green Canyon<br \/>\n<span style=\"color: #00ff00;\"><strong>\u2713<\/strong> <\/span>Guide professionnel<br \/>\n<span style=\"color: #00ff00;\"><strong>\u2713<\/strong> <\/span>D\u00e9jeuner dans un restaurant au bord du lac<br \/>\n<span style=\"color: #00ff00;\"><strong>\u2713<\/strong> <\/span>Assurance compl\u00e8te<br \/>\n<span style=\"color: #00ff00;\"><strong>\u2713<\/strong> <\/span>Boissons non alcoolis\u00e9es<\/p>\n<h3><span style=\"color: #000000;\"><strong>Non inclus :<\/strong><\/span><\/h3>\n<p><span style=\"color: #ff0000;\"><strong>\u2717<\/strong> <\/span>D\u00e9penses personnelles<br \/>\n<span style=\"color: #ff0000;\"><strong>\u2717<\/strong> <\/span>Photos et vid\u00e9os (facultatif)<\/p>\n<h2><span style=\"color: #000000;\"><strong>\ud83d\udea4 Points forts de la visite<\/strong><\/span><\/h2>\n<p>\ud83d\udd39 Croisi\u00e8re panoramique en bateau dans le Green Canyon<br \/>\n\ud83d\udd39 Vue magnifique sur les montagnes du Taurus<br \/>\n\ud83d\udd39 Nager dans les eaux turquoises des canyons<br \/>\n\ud83d\udd39 D\u00e9jeuner traditionnel turc au bord du lac<br \/>\n\ud83d\udd39 \u00c9chapper \u00e0 l'agitation d'Alanya en se relaxant dans la nature<\/p>\n<h2><span style=\"color: #000000;\"><strong>\ud83d\udcd6 Description compl\u00e8te<\/strong><\/span><\/h2>\n<p>Commencez votre voyage par une prise en charge confortable depuis votre h\u00f4tel \u00e0 <strong>Alanya ou stations baln\u00e9aires voisines<\/strong>, et de profiter d'une route panoramique \u00e0 travers la <strong>Monts Taurus<\/strong>. A l'arriv\u00e9e au <strong>Canyon vert<\/strong>, Apr\u00e8s la visite de l'\u00eele, vous monterez \u00e0 bord d'un bateau spacieux et naviguerez le long des eaux \u00e9meraude entour\u00e9es de falaises et de for\u00eats de pins luxuriantes. Arr\u00eatez-vous pour des pauses rafra\u00eechissantes, impr\u00e9gnez-vous de la s\u00e9r\u00e9nit\u00e9 de la nature et prenez des photos inoubliables de ce joyau cach\u00e9. Un d\u00e9licieux d\u00e9jeuner sera servi dans un restaurant confortable au bord du lac avant la croisi\u00e8re de retour. Cette excursion tranquille offre un m\u00e9lange parfait de d\u00e9tente, de nature et de beaut\u00e9 des paysages, id\u00e9al pour les familles, les couples et les voyageurs solitaires.<\/p>\n<h3><span style=\"color: #000000;\"><strong>\ud83d\uddfa\ufe0f Itin\u00e9raire de la visite<\/strong><\/span><\/h3>\n<p>\ud83d\udd39 Prise en charge dans les h\u00f4tels de la r\u00e9gion d'Alanya<br \/>\n\ud83d\udd39 Route panoramique \u00e0 travers les montagnes du Taurus<br \/>\n\ud83d\udd39 Croisi\u00e8re en bateau sur le Green Canyon<br \/>\n\ud83d\udd39 Pauses de natation<br \/>\nD\u00e9jeuner dans un restaurant au bord du lac<br \/>\n\ud83d\udd39 Croisi\u00e8re retour<br \/>\nTransfert vers les h\u00f4tels d'Alanya<\/p>\n<h3><span style=\"color: #000000;\"><strong>\u2139\ufe0f Informations utiles<\/strong><\/span><\/h3>\n<p>Dur\u00e9e : environ 7-8 heures (excursion d'une journ\u00e9e)<br \/>\n\ud83d\udd39 Convient \u00e0 tous les \u00e2ges<br \/>\n\ud83d\udd39 Disponible tous les jours au d\u00e9part de la r\u00e9gion d'Alanya<br \/>\ngilets de sauvetage et zones ombrag\u00e9es disponibles sur le bateau<br \/>\n\ud83d\udd39 Les enfants de moins de 5 ans voyagent gratuitement (si\u00e8ge partag\u00e9 si le bus est plein)<\/p>\n<h2><span style=\"color: #000000;\"><strong>\ud83c\udf92 Ce qu'il faut apporter<\/strong><\/span><\/h2>\n<p>Maillot de bain et serviette de bain<br \/>\nLunettes de soleil et chapeau<br \/>\n\ud83d\udd39 Cr\u00e8me solaire<br \/>\n\ud83d\udd39 Appareil photo ou smartphone<br \/>\n\ud83d\udd39 Argent liquide pour les boissons ou les extras facultatifs<\/p>\n<h3><span style=\"color: #000000;\"><strong>\ud83d\udeab Ne convient pas pour<\/strong><\/span><\/h3>\n<p>\ud83d\udd39 Personnes \u00e0 mobilit\u00e9 r\u00e9duite<br \/>\n\ud83d\udd39 Utilisateurs de fauteuils roulants<br \/>\n\ud83d\udd39 Ceux qui sont sujets au mal de mer<\/p>\n<h2 dir=\"ltr\">\ud83d\udcb8\u00a0<strong>Prix et r\u00e9servation<\/strong><\/h2>\n<p dir=\"ltr\"><strong>\ud83d\udd39 R\u00e9server maintenant, payer le jour de la visite<\/strong><br \/>\n\ud83d\udd39 Contactez-nous via WhatsApp, Telegram, Viber, ou remplissez le formulaire de r\u00e9servation ci-dessous. \ud83d\udc47\ud83c\udffc<\/p>\n<p>\u00c0 la recherche d'alternatives ? Parcourir <a href=\"https:\/\/excursionsworld.com\/fr\/excursions-a-alanya\/\">plus de visites \u00e0 Alanya<\/a>.<\/p>","protected":false},"excerpt":{"rendered":"<p>R\u00e9server le <b>Alanya Green Canyon Tour<\/b>! Profitez d'une journ\u00e9e compl\u00e8te <b>croisi\u00e8re en bateau<\/b> sur le barrage d'Oymap\u0131nar, la baignade, et la tranquillit\u00e9 <b>voyage dans la nature<\/b>. <b>Transfert inclus<\/b>!<\/p>","protected":false},"featured_media":12848,"comment_status":"open","ping_status":"closed","template":"","meta":[],"product_brand":[],"product_cat":[128],"product_tag":[111],"class_list":{"0":"post-15843","1":"product","2":"type-product","3":"status-publish","4":"has-post-thumbnail","6":"tour_phys-alanya-tours","7":"product_cat-alanya-tours","8":"product_tag-alanya","9":"pa_destination-alanya-tours","10":"pa_kategori-boat-tours","12":"first","13":"instock","14":"sale","15":"shipping-taxable","16":"purchasable","17":"product-type-tour_phys"},"aioseo_notices":[],"_links":{"self":[{"href":"https:\/\/excursionsworld.com\/fr\/wp-json\/wp\/v2\/product\/15843","targetHints":{"allow":["GET"]}}],"collection":[{"href":"https:\/\/excursionsworld.com\/fr\/wp-json\/wp\/v2\/product"}],"about":[{"href":"https:\/\/excursionsworld.com\/fr\/wp-json\/wp\/v2\/types\/product"}],"replies":[{"embeddable":true,"href":"https:\/\/excursionsworld.com\/fr\/wp-json\/wp\/v2\/comments?post=15843"}],"wp:featuredmedia":[{"embeddable":true,"href":"https:\/\/excursionsworld.com\/fr\/wp-json\/wp\/v2\/media\/12848"}],"wp:attachment":[{"href":"https:\/\/excursionsworld.com\/fr\/wp-json\/wp\/v2\/media?parent=15843"}],"wp:term":[{"taxonomy":"product_brand","embeddable":true,"href":"https:\/\/excursionsworld.com\/fr\/wp-json\/wp\/v2\/product_brand?post=15843"},{"taxonomy":"product_cat","embeddable":true,"href":"https:\/\/excursionsworld.com\/fr\/wp-json\/wp\/v2\/product_cat?post=15843"},{"taxonomy":"product_tag","embeddable":true,"href":"https:\/\/excursionsworld.com\/fr\/wp-json\/wp\/v2\/product_tag?post=15843"}],"curies":[{"name":"wp","href":"https:\/\/api.w.org\/{rel}","templated":true}]}}