{"id":15862,"date":"2026-01-03T15:26:19","date_gmt":"2026-01-03T12:26:19","guid":{"rendered":"https:\/\/excursionsworld.com\/?post_type=product&#038;p=15862\/"},"modified":"2026-04-24T01:27:18","modified_gmt":"2026-04-23T22:27:18","slug":"kotor-grotte-bleue-bateau-notre-dame-du-rocher","status":"publish","type":"product","link":"https:\/\/excursionsworld.com\/tours\/kotor-blue-cave-boat-our-lady-of-the-rocks\/","title":{"rendered":"Grotte Bleue de Kotor en Bateau : Tunnels Sous-Marins &amp; Notre-Dame-du-Rocher"},"content":{"rendered":"<h2>\ud83c\udfd9\ufe0f <strong>Vue d'ensemble<\/strong><\/h2>\n<p>Mettez les voiles pour une aventure immersive en hors-bord qui m\u00eale adr\u00e9naline, histoire et beaut\u00e9 naturelle. Ce circuit soigneusement con\u00e7u vous emm\u00e8ne vers les sites les plus embl\u00e9matiques du Mont\u00e9n\u00e9gro, avec des eaux turquoise, des vues panoramiques et des histoires fascinantes le long de la c\u00f4te.<\/p>\n<h3><strong>Inclus :<\/strong><\/h3>\n<p><span style=\"color: #00ff00;\"><strong>\u2713<\/strong> <\/span>Skipper anglophone licenci\u00e9<br \/>\n<span style=\"color: #00ff00;\"><strong>\u2713<\/strong> <\/span>Bateau rapide haut de gamme flambant neuf<br \/>\n<span style=\"color: #00ff00;\"><strong>\u2713<\/strong> <\/span>Carburant, taxes et tous les frais de service<br \/>\n<span style=\"color: #00ff00;\"><strong>\u2713<\/strong> <\/span>Gilets de sauvetage pour tous les \u00e2ges<br \/>\n<span style=\"color: #00ff00;\"><strong>\u2713<\/strong> <\/span>\u00c9quipement de plong\u00e9e avec tuba<br \/>\n<span style=\"color: #00ff00;\"><strong>\u2713<\/strong> <\/span>Wi-Fi et syst\u00e8me musical embarqu\u00e9s<br \/>\n<span style=\"color: #00ff00;\"><strong>\u2713<\/strong> <\/span>Assurance compl\u00e8te<br \/>\n<span style=\"color: #00ff00;\"><strong>\u2713<\/strong> <\/span>Imperm\u00e9ables en cas de pluie fine<\/p>\n<h3><strong>Non inclus :<\/strong><\/h3>\n<p><strong><span style=\"color: #ff0000;\">\u2717<\/span> <\/strong>Entr\u00e9e au mus\u00e9e Our Lady of the Rocks (2 \u20ac en option)<br \/>\n<strong><span style=\"color: #ff0000;\">\u2717<\/span> <\/strong>Nourriture et boissons<br \/>\n<strong><span style=\"color: #ff0000;\">\u2717<\/span> <\/strong>D\u00e9penses personnelles<\/p>\n<h2>\ud83c\udf1f <strong>Points forts de la visite<\/strong><\/h2>\n<p>\ud83d\udd39 Croisi\u00e8re en hors-bord \u00e0 travers la baie de <a href=\"https:\/\/en.wikipedia.org\/wiki\/Kotor\" target=\"_blank\" rel=\"noopener\">Kotor<\/a><br \/>\n\ud83d\udd39 Our Lady of the Rocks - \u00eele artificielle embl\u00e9matique<br \/>\n\ud83d\udd39 Tunnels sous-marins de l'\u00e9poque yougoslave<br \/>\n\ud83d\udd39 \u00cele Mamula - Forteresse et l\u00e9gendes de la Seconde Guerre mondiale<br \/>\nBlue Cave - arr\u00eat pour la baignade et la plong\u00e9e en apn\u00e9e<br \/>\n\ud83d\udd39 Porto Novi vue sur le port de plaisance de luxe<br \/>\n\ud83d\udd39 Col panoramique de Perast, class\u00e9e par l'UNESCO<\/p>\n<h2>\ud83d\udcd6 <strong>Description compl\u00e8te<\/strong><\/h2>\n<div>Votre voyage commence \u00e0 <strong>Park Slobode \u00e0 Kotor<\/strong>, o\u00f9 vous rencontrerez votre skipper au panneau bleu de Hawaii Boat Tours. Apr\u00e8s un briefing sur la s\u00e9curit\u00e9, vous profiterez d'une croisi\u00e8re rapide \u00e0 travers la baie en direction de l'\u00eele d'Hawaii. <strong>Notre Dame des Rochers<\/strong>, Cette \u00eele artificielle l\u00e9gendaire est impr\u00e9gn\u00e9e de tradition maritime. Vous aurez du temps libre pour explorer l'\u00e9glise historique, admirer la vue sur les montagnes environnantes et prendre des photos. L'entr\u00e9e au mus\u00e9e est facultative.<\/div>\n<div>Ensuite, la visite plonge dans l'histoire de la guerre froide en p\u00e9n\u00e9trant dans l'enceinte cach\u00e9e de l'h\u00f4tel. <strong>tunnels sous-marins<\/strong>, L'atmosph\u00e8re est myst\u00e9rieuse, car votre skipper vous racontera des histoires militaires in\u00e9dites. L'atmosph\u00e8re myst\u00e9rieuse prend vie lorsque votre skipper vous raconte des histoires militaires in\u00e9dites.<\/div>\n<div>En vous dirigeant vers le large, vous passerez devant <strong>\u00cele Mamula<\/strong>, Il s'agit d'une ancienne forteresse p\u00e9nitentiaire tristement c\u00e9l\u00e8bre de la Seconde Guerre mondiale. Bien qu'il n'y ait pas d'accostage, la vue panoramique rapproch\u00e9e offre des possibilit\u00e9s de photos spectaculaires et un aper\u00e7u historique.<\/div>\n<div>Le point culminant de la visite est la <strong>Grotte bleue<\/strong>, Dans la grotte, la lumi\u00e8re du soleil cr\u00e9e une couleur turquoise \u00e9clatante. La baignade et la plong\u00e9e avec masque et tuba dans des eaux cristallines durent environ 30 minutes. Les amateurs de sensations fortes peuvent \u00e9galement faire du saut de falaise \u00e0 proximit\u00e9.<\/div>\n<div>Sur le chemin du retour, d\u00e9tendez-vous lors d'une croisi\u00e8re pittoresque le long de la c\u00f4te. <strong>Porto Novi Marina<\/strong>, L'exposition est suivie d'une vue \u00e0 couper le souffle sur le Mont\u00e9n\u00e9gro, o\u00f9 l'on peut admirer le luxe moderne. <strong>Perast<\/strong>, Cette ville baroque, prot\u00e9g\u00e9e par l'UNESCO, est connue pour ses palais de pierre et son atmosph\u00e8re paisible, avant de retourner \u00e0 Kotor.<\/div>\n<h3>\ud83d\uddfa\ufe0f <strong>Itin\u00e9raire de la visite<\/strong><\/h3>\n<p>\ud83d\udd39 Rendez-vous au Park Slobode, Kotor (30 minutes avant le d\u00e9part)<br \/>\n\ud83d\udd39 Croisi\u00e8re en bateau rapide dans la baie de Kotor<br \/>\n\ud83d\udd39 Our Lady of the Rocks - 20 minutes<br \/>\n\ud83d\udd39 Tunnels sous-marins - 10 minutes<br \/>\n\ud83d\udd39 \u00cele Mamula - arr\u00eat photo panoramique<br \/>\nBlue Cave - natation et plong\u00e9e avec masque et tuba (30 minutes)<br \/>\nRetour panoramique via Porto Novi et Perast<br \/>\nRetour \u00e0 Kotor<\/p>\n<h3>\u2139\ufe0f <strong>Informations utiles<\/strong><\/h3>\n<p>Dur\u00e9e : environ 3 heures<br \/>\n\ud83d\udd39 Possibilit\u00e9 de visites priv\u00e9es ou en petits groupes<br \/>\n\ud83d\udd39 Skipper professionnel anglophone<br \/>\n\ud83d\udd39 Annulation gratuite jusqu'\u00e0 24 heures avant le d\u00e9part<br \/>\n\ud83d\udd39 L'itin\u00e9raire peut \u00eatre modifi\u00e9 en fonction de l'\u00e9tat de la mer.<br \/>\nLes arriv\u00e9es tardives ne sont pas remboursables.<\/p>\n<h2>\ud83c\udf92 <strong>Ce qu'il faut apporter<\/strong><\/h2>\n<p>\ud83d\udd39 Passeport ou carte d'identit\u00e9 en cours de validit\u00e9<br \/>\nMaillot de bain et serviette de bain<br \/>\n\ud83d\udd39 Cr\u00e8me solaire et eau<br \/>\n\ud83d\udd39 Smartphone ou appareil photo recharg\u00e9<\/p>\n<h3>\ud83d\udeab <strong>Ne convient pas<\/strong><\/h3>\n<p>\ud83d\udd39 Invit\u00e9es enceintes<br \/>\n\ud83d\udd39 H\u00f4tes \u00e0 mobilit\u00e9 r\u00e9duite<br \/>\n\ud83d\udd39 Invit\u00e9s d\u00e9passant les limites de poids des vedettes (115-159 kg selon le bateau)<\/p>\n<h2>\ud83d\udcb8 <strong>Prix et r\u00e9servation<\/strong><\/h2>\n<p>\ud83d\udd39 R\u00e9servez maintenant, payez plus tard<br \/>\n\ud83d\udd39 Annulation gratuite jusqu'\u00e0 24 heures avant la visite<br \/>\n\ud83d\udd39 R\u00e9server facilement par WhatsApp ou par le formulaire de r\u00e9servation en ligne \ud83d\udc47\ud83c\udffd<\/p>\n<p>\u00c0 la recherche d'alternatives ? Parcourir <a href=\"https:\/\/excursionsworld.com\/fr\/excursions-kotor\/\">plus de visites de Kotor<\/a>.<\/p>","protected":false},"excerpt":{"rendered":"<p>Explorez la baie de Kotor lors d'une excursion de 3 heures en bateau rapide. Visitez la grotte bleue, Notre-Dame des Rochers, les tunnels sous-marins, l'\u00eele de Mamula et les vues panoramiques de Perast.<\/p>","protected":false},"featured_media":15999,"comment_status":"open","ping_status":"closed","template":"","meta":[],"product_brand":[],"product_cat":[133],"product_tag":[131],"class_list":{"0":"post-15862","1":"product","2":"type-product","3":"status-publish","4":"has-post-thumbnail","6":"tour_phys-kotor-tours","7":"product_cat-kotor-tours","8":"product_tag-kotor","9":"pa_montenegro-kotor-tours","11":"first","12":"instock","13":"sale","14":"shipping-taxable","15":"purchasable","16":"product-type-tour_phys"},"aioseo_notices":[],"_links":{"self":[{"href":"https:\/\/excursionsworld.com\/fr\/wp-json\/wp\/v2\/product\/15862","targetHints":{"allow":["GET"]}}],"collection":[{"href":"https:\/\/excursionsworld.com\/fr\/wp-json\/wp\/v2\/product"}],"about":[{"href":"https:\/\/excursionsworld.com\/fr\/wp-json\/wp\/v2\/types\/product"}],"replies":[{"embeddable":true,"href":"https:\/\/excursionsworld.com\/fr\/wp-json\/wp\/v2\/comments?post=15862"}],"wp:featuredmedia":[{"embeddable":true,"href":"https:\/\/excursionsworld.com\/fr\/wp-json\/wp\/v2\/media\/15999"}],"wp:attachment":[{"href":"https:\/\/excursionsworld.com\/fr\/wp-json\/wp\/v2\/media?parent=15862"}],"wp:term":[{"taxonomy":"product_brand","embeddable":true,"href":"https:\/\/excursionsworld.com\/fr\/wp-json\/wp\/v2\/product_brand?post=15862"},{"taxonomy":"product_cat","embeddable":true,"href":"https:\/\/excursionsworld.com\/fr\/wp-json\/wp\/v2\/product_cat?post=15862"},{"taxonomy":"product_tag","embeddable":true,"href":"https:\/\/excursionsworld.com\/fr\/wp-json\/wp\/v2\/product_tag?post=15862"}],"curies":[{"name":"wp","href":"https:\/\/api.w.org\/{rel}","templated":true}]}}