{"id":15970,"date":"2026-01-14T13:59:55","date_gmt":"2026-01-14T10:59:55","guid":{"rendered":"https:\/\/excursionsworld.com\/?post_type=product&#038;p=15970\/"},"modified":"2026-04-24T01:27:18","modified_gmt":"2026-04-23T22:27:18","slug":"herceg-novi-perast-kotor-bateau-rapide","status":"publish","type":"product","link":"https:\/\/excursionsworld.com\/tours\/perast-kotor-our-lady-of-the-rocks-speedboat-herceg-novi\/","title":{"rendered":"Excursion en Bateau Rapide Perast &amp; Kotor depuis Herceg Novi \u2013 Notre-Dame-du-Rocher"},"content":{"rendered":"<h2>\ud83c\udfd9\ufe0f <strong>Vue d'ensemble<\/strong><\/h2>\n<p>Embarquez pour un voyage exclusif en hors-bord de Herceg Novi au c\u0153ur de la baie de Kotor. Con\u00e7ue pour les voyageurs qui recherchent \u00e0 la fois l'excitation et l'histoire, cette excursion combine la navigation \u00e0 grande vitesse avec l'exploration culturelle. Visitez la magique Notre-Dame-du-Rocher, admirez <a href=\"https:\/\/en.wikipedia.org\/wiki\/Perast\" target=\"_blank\" rel=\"noopener\">Perast<\/a> depuis la mer, et profitez du temps libre dans la vieille ville m\u00e9di\u00e9vale de Kotor.<\/p>\n<h3><strong>Inclus :<\/strong><\/h3>\n<p><span style=\"color: #00ff00;\"><strong>\u2713<\/strong><\/span> Skipper et guide anglophones<br \/>\n<span style=\"color: #00ff00;\"><strong>\u2713 <\/strong><\/span>Bateau rapide professionnel avec vue panoramique<br \/>\n<span style=\"color: #00ff00;\"><strong>\u2713 <\/strong><\/span>Carburant et tous les services techniques<br \/>\n<span style=\"color: #00ff00;\"><strong>\u2713 <\/strong><\/span>Assurance passagers<br \/>\n<span style=\"color: #00ff00;\"><strong>\u2713 <\/strong><\/span>Syst\u00e8me de musique embarqu\u00e9<br \/>\n<span style=\"color: #00ff00;\"><strong>\u2713 <\/strong><\/span>Gilets de sauvetage et \u00e9quipement de s\u00e9curit\u00e9<\/p>\n<h3><strong>Non inclus :<\/strong><\/h3>\n<div><span style=\"color: #ff0000;\"><strong>\u2717<\/strong> <\/span>Nourriture et boissons<br \/>\n<span style=\"color: #ff0000;\"><strong>\u2717<\/strong> <\/span>D\u00e9penses personnelles (shopping ou d\u00e9jeuner \u00e0 Kotor)<\/div>\n<div><span style=\"color: #ff0000;\"><strong>\u2717<\/strong> <\/span>Entr\u00e9e au mus\u00e9e Our Lady of the Rocks (\u20ac2-\u20ac3 en option)<\/div>\n<h2>\ud83c\udf1f <strong>Points forts de la visite<\/strong><\/h2>\n<p>\ud83d\udd39 Croisi\u00e8re \u00e0 grande vitesse dans la magnifique baie de Kotor<br \/>\n\ud83d\udd39 Our Lady of the Rocks - \u00eele artificielle l\u00e9gendaire<br \/>\n\ud83d\udd39 Perast - vues panoramiques de la \u201cVenise de l'Adriatique\u201d<br \/>\n\ud83d\udd39 Vieille ville de Kotor - 90 minutes de temps libre dans un site class\u00e9 au patrimoine mondial de l'UNESCO<br \/>\n\ud83d\udd39 Vues panoramiques du littoral sur les marinas de luxe et les villages de pierre<\/p>\n<h2>\ud83d\udcd6 <strong>Description compl\u00e8te<\/strong><\/h2>\n<div>Votre voyage commence \u00e0 <strong>Port de \u0160kver \u00e0 Herceg Novi<\/strong>, o\u00f9 vous rencontrerez votre skipper et monterez \u00e0 bord d'une vedette moderne. Au moment du d\u00e9part, vous ressentirez le frisson de la croisi\u00e8re \u00e0 travers la baie tout en profitant de vues spectaculaires sur les montagnes et la mer.<\/div>\n<div>Le premier arr\u00eat est <strong>Notre Dame des Rochers<\/strong>, Cette \u00eele artificielle unique a \u00e9t\u00e9 construite par les marins au fil des si\u00e8cles. Vous aurez le temps d'explorer l'\u00e9glise baroque, de visiter le mus\u00e9e si vous le souhaitez et d'admirer les tablettes votives en argent laiss\u00e9es par les marins en qu\u00eate de protection.<\/div>\n<div>Ensuite, vous passerez devant la charmante ville de <strong>Perast<\/strong>, La ville est consid\u00e9r\u00e9e comme l'une des plus belles de la baie. Depuis l'eau, admirez ses \u00e9l\u00e9gants palais, ses clochers et l'atmosph\u00e8re intemporelle de l'Adriatique.<\/div>\n<div>La tourn\u00e9e se poursuit jusqu'\u00e0 <strong>Kotor<\/strong>, Vous aurez environ 90 minutes de temps libre. Promenez-vous dans les rues m\u00e9di\u00e9vales \u00e9troites, visitez la cath\u00e9drale Saint-Tryphon, d\u00e9tendez-vous sur les places anim\u00e9es ou escaladez les remparts de la ville pour profiter de vues panoramiques inoubliables. Apr\u00e8s l'exploration, le retour \u00e0 Herceg Novi se fait en douceur et dans un cadre pittoresque.<\/div>\n<h3>\ud83d\uddfa\ufe0f <strong>Itin\u00e9raire de la visite<\/strong><\/h3>\n<p>\ud83d\udd39 11:00 - Rendez-vous au port de \u0160kver, Herceg Novi<br \/>\n\ud83d\udd39 11:05 - D\u00e9part et croisi\u00e8re panoramique en hors-bord<br \/>\n\ud83d\udd39 Our Lady of the Rocks - 20 minutes<br \/>\n\ud83d\udd39 Col panoramique de Perast<br \/>\n\ud83d\udd39 Arriv\u00e9e \u00e0 la vieille ville de Kotor - environ 90 minutes de temps libre<br \/>\n\ud83d\udd39 D\u00e9part de Kotor<br \/>\nRetour \u00e0 Herceg Novi<\/p>\n<h3>\u2139\ufe0f <strong>Informations utiles<\/strong><\/h3>\n<p>Dur\u00e9e : environ 4 heures 30 minutes<br \/>\n\ud83d\udd39 Heure de d\u00e9but : 11:00 AM<br \/>\n\ud83d\udd39 Exp\u00e9rience en petit groupe<br \/>\n\ud83d\udd39 L'itin\u00e9raire peut \u00eatre modifi\u00e9 en fonction de l'\u00e9tat de la mer.<br \/>\n\ud83d\udd39 Annulation gratuite jusqu'\u00e0 24 heures avant le d\u00e9part<\/p>\n<h2>\ud83c\udf92 <strong>Ce qu'il faut apporter<\/strong><\/h2>\n<p>\ud83d\udd39 Appareil photo ou smartphone<br \/>\n\ud83d\udd39 Chaussures de marche confortables<br \/>\nCr\u00e8me solaire, chapeau et lunettes de soleil<br \/>\n\ud83d\udd39 Argent liquide pour l'entr\u00e9e au mus\u00e9e et les souvenirs<\/p>\n<h3>\ud83d\udeab <strong>Ne convient pas<\/strong><\/h3>\n<p>\ud83d\udd39 Les h\u00f4tes souffrant de graves probl\u00e8mes de dos<br \/>\n\ud83d\udd39 Tr\u00e8s jeunes enfants (nous contacter pour des options de visites priv\u00e9es)<\/p>\n<h2>\ud83d\udcb8 <strong>Prix et r\u00e9servation<\/strong><\/h2>\n<p>\ud83d\udd39 R\u00e9server maintenant, payer le jour de la visite<br \/>\n\ud83d\udd39 Ticket mobile accept\u00e9<br \/>\n\ud83d\udd39 Contactez-nous par WhatsApp ou r\u00e9servez par le biais du formulaire ci-dessous \ud83d\udc47\ud83c\udffc<\/p>\n<p>\u00c0 la recherche d'alternatives ? Parcourir <a href=\"https:\/\/excursionsworld.com\/fr\/excursions-herceg-novi\/\">plus de visites de Herceg Novi \u00e0 Perast<\/a>.<\/p>","protected":false},"excerpt":{"rendered":"<p>D\u00e9couvrez Perast, Kotor et Notre-Dame des Rochers lors d'une excursion en bateau rapide au d\u00e9part de Herceg Novi. Profitez des sites de l'UNESCO, des baies pittoresques et du temps libre \u00e0 Kotor.<\/p>","protected":false},"featured_media":15971,"comment_status":"open","ping_status":"closed","template":"","meta":[],"product_brand":[],"product_cat":[134],"product_tag":[135],"class_list":{"0":"post-15970","1":"product","2":"type-product","3":"status-publish","4":"has-post-thumbnail","6":"tour_phys-herceg-novi-tours","7":"product_cat-herceg-novi-tours","8":"product_tag-herceg-novi","9":"pa_montenegro-herceg-novi-tours","11":"first","12":"instock","13":"sale","14":"shipping-taxable","15":"purchasable","16":"product-type-tour_phys"},"aioseo_notices":[],"_links":{"self":[{"href":"https:\/\/excursionsworld.com\/fr\/wp-json\/wp\/v2\/product\/15970","targetHints":{"allow":["GET"]}}],"collection":[{"href":"https:\/\/excursionsworld.com\/fr\/wp-json\/wp\/v2\/product"}],"about":[{"href":"https:\/\/excursionsworld.com\/fr\/wp-json\/wp\/v2\/types\/product"}],"replies":[{"embeddable":true,"href":"https:\/\/excursionsworld.com\/fr\/wp-json\/wp\/v2\/comments?post=15970"}],"wp:featuredmedia":[{"embeddable":true,"href":"https:\/\/excursionsworld.com\/fr\/wp-json\/wp\/v2\/media\/15971"}],"wp:attachment":[{"href":"https:\/\/excursionsworld.com\/fr\/wp-json\/wp\/v2\/media?parent=15970"}],"wp:term":[{"taxonomy":"product_brand","embeddable":true,"href":"https:\/\/excursionsworld.com\/fr\/wp-json\/wp\/v2\/product_brand?post=15970"},{"taxonomy":"product_cat","embeddable":true,"href":"https:\/\/excursionsworld.com\/fr\/wp-json\/wp\/v2\/product_cat?post=15970"},{"taxonomy":"product_tag","embeddable":true,"href":"https:\/\/excursionsworld.com\/fr\/wp-json\/wp\/v2\/product_tag?post=15970"}],"curies":[{"name":"wp","href":"https:\/\/api.w.org\/{rel}","templated":true}]}}