{"id":15993,"date":"2026-01-19T14:20:06","date_gmt":"2026-01-19T11:20:06","guid":{"rendered":"https:\/\/excursionsworld.com\/?post_type=product&#038;p=15993\/"},"modified":"2026-04-24T01:27:18","modified_gmt":"2026-04-23T22:27:18","slug":"privee-bateau-rapide-kotor-grotte-bleue","status":"publish","type":"product","link":"https:\/\/excursionsworld.com\/tours\/kotor-private-speedboat-blue-cave\/","title":{"rendered":"Excursion Priv\u00e9e en Bateau Rapide \u00e0 Kotor : Grotte Bleue &amp; Notre-Dame-du-Rocher"},"content":{"rendered":"<h2>\ud83c\udfd9\ufe0f <strong>Vue d'ensemble<\/strong><\/h2>\n<p>D\u00e9couvrez l'un des plus beaux ports naturels du monde lors d'une excursion priv\u00e9e en hors-bord \u00e0 travers la baie de <a href=\"https:\/\/en.wikipedia.org\/wiki\/Kotor\" target=\"_blank\" rel=\"noopener\">Kotor<\/a>. Ce voyage exclusif allie histoire, l\u00e9gendes et eaux cristallines, offrant un m\u00e9lange parfait de d\u00e9tente et d'aventure men\u00e9 par un skipper expert.<\/p>\n<h3><strong>Inclus :<\/strong><\/h3>\n<p><strong><span style=\"color: #00ff00;\">\u2713<\/span><\/strong> Skipper anglophone<br \/>\n<strong><span style=\"color: #00ff00;\">\u2713 <\/span><\/strong>Carburant et tous les services techniques<br \/>\n<strong><span style=\"color: #00ff00;\">\u2713 <\/span><\/strong>Assurance passagers<br \/>\n<strong><span style=\"color: #00ff00;\">\u2713 <\/span><\/strong>Gilets de sauvetage et \u00e9quipement de s\u00e9curit\u00e9<br \/>\n<strong><span style=\"color: #00ff00;\">\u2713 <\/span><\/strong>\u00c9quipement de plong\u00e9e avec tuba<br \/>\n<strong><span style=\"color: #00ff00;\">\u2713 <\/span><\/strong>Bouteille d'eau gratuite<\/p>\n<h3><strong>Non inclus :<\/strong><\/h3>\n<p><span style=\"color: #ff0000;\"><strong>\u2717<\/strong> <\/span>Entr\u00e9e au mus\u00e9e Our Lady of the Rocks (3 \u20ac en option)<br \/>\n<span style=\"color: #ff0000;\"><strong>\u2717<\/strong> <\/span>Nourriture et boissons suppl\u00e9mentaires<br \/>\n<span style=\"color: #ff0000;\"><strong>\u2717<\/strong> <\/span>D\u00e9penses personnelles<\/p>\n<h2>\ud83c\udf1f <strong>Points forts de la visite<\/strong><\/h2>\n<p>\ud83d\udd39 Grotte bleue (Plava \u0160pilja) - arr\u00eat baignade et plong\u00e9e en apn\u00e9e<br \/>\n\ud83d\udd39 \u00cele Mamula - vue panoramique de la forteresse historique<br \/>\n\ud83d\udd39 Tunnels sous-marins de la Seconde Guerre mondiale - structures navales cach\u00e9es<br \/>\n\ud83d\udd39 Our Lady of the Rocks - \u00eele artificielle l\u00e9gendaire<br \/>\n\ud83d\udd39 Perast - croisi\u00e8re pittoresque le long de la vieille ville class\u00e9e par l'UNESCO<br \/>\n\ud83d\udd39 Visite priv\u00e9e \u00e0 un rythme flexible<\/p>\n<h2>\ud83d\udcd6 <strong>Description compl\u00e8te<\/strong><\/h2>\n<p>Votre visite priv\u00e9e commence \u00e0 <strong>Kotor<\/strong>, Vous y rencontrerez votre skipper et monterez \u00e0 bord d'un confortable bateau rapide. Vous naviguerez dans la magnifique baie de Kotor, entour\u00e9e de montagnes spectaculaires et de villages c\u00f4tiers historiques.<\/p>\n<p>Apr\u00e8s un trajet pittoresque, vous arriverez \u00e0 la c\u00e9l\u00e8bre <strong>Grotte bleue<\/strong>, Les eaux turquoises de l'\u00eele sont connues pour leur \u00e9clat d\u00fb aux reflets de la lumi\u00e8re du soleil. Vous pourrez vous baigner, faire de la plong\u00e9e avec masque et tuba et prendre des photos inoubliables dans une eau cristalline.<\/p>\n<p>En sortant de la grotte, naviguez devant <strong>\u00cele Mamula<\/strong>, L'h\u00f4tel est une ancienne forteresse strat\u00e9gique et une prison, aujourd'hui transform\u00e9e en h\u00f4tel de luxe. Votre skipper vous racontera des anecdotes sur son pass\u00e9 fascinant tout en vous faisant profiter des vues panoramiques depuis le bateau.<\/p>\n<p>Ensuite, explorez les <strong>Tunnels sous-marins de la Seconde Guerre mondiale<\/strong>, Le mus\u00e9e de l'histoire militaire du Mont\u00e9n\u00e9gro a \u00e9t\u00e9 construit \u00e0 m\u00eame la falaise et offre un aper\u00e7u de l'histoire militaire du Mont\u00e9n\u00e9gro.<\/p>\n<p>La visite se poursuit avec un arr\u00eat \u00e0 <strong>Notre Dame des Rochers<\/strong>, Vous disposerez d'environ 20 minutes pour visiter l'\u00e9glise historique ou, en option, pour explorer le mus\u00e9e et d\u00e9couvrir la l\u00e9gende qui se cache derri\u00e8re cette \u00eele embl\u00e9matique.<\/p>\n<p>Enfin, profitez d'une lente croisi\u00e8re pittoresque le long de la c\u00f4te. <strong>Perast<\/strong>, La ville de Kotor se trouve \u00e0 l'entr\u00e9e de la ville, o\u00f9 l'on peut admirer son architecture baroque parfaitement pr\u00e9serv\u00e9e et le charme intemporel de l'Adriatique, avant de retourner \u00e0 Kotor.<\/p>\n<h3>\ud83d\uddfa\ufe0f <strong>Itin\u00e9raire de la visite<\/strong><\/h3>\n<p>\ud83d\udd39 D\u00e9part de Kotor<br \/>\nCroisi\u00e8re panoramique dans la baie de Kotor<br \/>\nBlue Cave - arr\u00eat de baignade et de plong\u00e9e en apn\u00e9e<br \/>\n\ud83d\udd39 \u00cele Mamula - vue panoramique<br \/>\n\ud83d\udd39 Tunnels sous-marins - tourisme<br \/>\n\ud83d\udd39 Our Lady of the Rocks - arr\u00eat de 20 minutes<br \/>\n\ud83d\udd39 Passage panoramique par la vieille ville de Perast<br \/>\nRetour \u00e0 Kotor<\/p>\n<h3>\u2139\ufe0f <strong>Informations utiles<\/strong><\/h3>\n<p>Dur\u00e9e : environ 3 heures<br \/>\n\ud83d\udd39 Heure de d\u00e9but : 12h00 (tous les jours)<br \/>\nVisite priv\u00e9e uniquement<br \/>\n\ud83d\udd39 Point de d\u00e9part : Kotor (d\u00e9tails partag\u00e9s apr\u00e8s la r\u00e9servation)<br \/>\n\ud83d\udd39 Annulation gratuite jusqu'\u00e0 24 heures avant le d\u00e9part<\/p>\n<h2>\ud83c\udf92 <strong>Ce qu'il faut apporter<\/strong><\/h2>\n<p>Maillot de bain et serviette de bain<br \/>\n\ud83d\udd39 Cr\u00e8me solaire et lunettes de soleil<br \/>\n\ud83d\udd39 Appareil photo ou smartphone<br \/>\n\ud83d\udd39 Argent liquide pour l'entr\u00e9e facultative au mus\u00e9e<\/p>\n<h3>\ud83d\udeab <strong>Ne convient pas<\/strong><\/h3>\n<p>\ud83d\udd39 Invit\u00e9es enceintes<br \/>\n\ud83d\udd39 Les h\u00f4tes ayant de graves probl\u00e8mes de mobilit\u00e9<\/p>\n<h2>\ud83d\udcb8 <strong>Prix et r\u00e9servation<\/strong><\/h2>\n<p>\ud83d\udd39 R\u00e9servez maintenant, payez plus tard<br \/>\n\ud83d\udd39 Annulation gratuite jusqu'\u00e0 24 heures avant la visite<br \/>\n\ud83d\udd39 R\u00e9server facilement par WhatsApp ou par le formulaire de r\u00e9servation en ligne \ud83d\udc47\ud83c\udffd<\/p>\n<p>\u00c0 la recherche d'alternatives ? Parcourir <a href=\"https:\/\/excursionsworld.com\/fr\/excursions-kotor\/\">plus de visites de Kotor<\/a>.<\/p>","protected":false},"excerpt":{"rendered":"<p>Profitez d'une excursion priv\u00e9e en hors-bord depuis Kotor jusqu'\u00e0 la Grotte bleue et Notre-Dame des Rochers. Nagez, faites de la plong\u00e9e avec tuba, explorez l'histoire et passez devant Perast.<\/p>","protected":false},"featured_media":15996,"comment_status":"open","ping_status":"closed","template":"","meta":[],"product_brand":[],"product_cat":[133],"product_tag":[131],"class_list":{"0":"post-15993","1":"product","2":"type-product","3":"status-publish","4":"has-post-thumbnail","6":"tour_phys-kotor-tours","7":"product_cat-kotor-tours","8":"product_tag-kotor","9":"pa_montenegro-kotor-tours","11":"first","12":"instock","13":"sale","14":"shipping-taxable","15":"purchasable","16":"product-type-tour_phys"},"aioseo_notices":[],"_links":{"self":[{"href":"https:\/\/excursionsworld.com\/fr\/wp-json\/wp\/v2\/product\/15993","targetHints":{"allow":["GET"]}}],"collection":[{"href":"https:\/\/excursionsworld.com\/fr\/wp-json\/wp\/v2\/product"}],"about":[{"href":"https:\/\/excursionsworld.com\/fr\/wp-json\/wp\/v2\/types\/product"}],"replies":[{"embeddable":true,"href":"https:\/\/excursionsworld.com\/fr\/wp-json\/wp\/v2\/comments?post=15993"}],"wp:featuredmedia":[{"embeddable":true,"href":"https:\/\/excursionsworld.com\/fr\/wp-json\/wp\/v2\/media\/15996"}],"wp:attachment":[{"href":"https:\/\/excursionsworld.com\/fr\/wp-json\/wp\/v2\/media?parent=15993"}],"wp:term":[{"taxonomy":"product_brand","embeddable":true,"href":"https:\/\/excursionsworld.com\/fr\/wp-json\/wp\/v2\/product_brand?post=15993"},{"taxonomy":"product_cat","embeddable":true,"href":"https:\/\/excursionsworld.com\/fr\/wp-json\/wp\/v2\/product_cat?post=15993"},{"taxonomy":"product_tag","embeddable":true,"href":"https:\/\/excursionsworld.com\/fr\/wp-json\/wp\/v2\/product_tag?post=15993"}],"curies":[{"name":"wp","href":"https:\/\/api.w.org\/{rel}","templated":true}]}}