{"id":16022,"date":"2026-01-19T20:56:20","date_gmt":"2026-01-19T17:56:20","guid":{"rendered":"https:\/\/excursionsworld.com\/?post_type=product&#038;p=16022\/"},"modified":"2026-04-24T01:27:19","modified_gmt":"2026-04-23T22:27:19","slug":"herceg-novi-prive-bateau-grotte-bleue","status":"publish","type":"product","link":"https:\/\/excursionsworld.com\/tours\/herceg-novi-private-boat-tour-blue-cave\/","title":{"rendered":"Herceg Novi Tour Priv\u00e9 en Bateau vers la Grotte Bleue &amp; Perast (3 Heures)"},"content":{"rendered":"<h2>\ud83c\udfd9\ufe0f <strong>Vue d'ensemble<\/strong><\/h2>\n<p>Embarquez pour une excursion exclusive de 3 heures en bateau priv\u00e9 au d\u00e9part de Herceg Novi, con\u00e7ue pour les voyageurs en qu\u00eate de confort, de flexibilit\u00e9 et de paysages c\u00f4tiers \u00e9poustouflants. Naviguez \u00e0 votre rythme dans la baie de Kotor, plongez dans des eaux turquoise et explorez des villes class\u00e9es par l'UNESCO pendant que votre skipper priv\u00e9 s'occupe de tout.<\/p>\n<h3><strong>Inclus :<\/strong><\/h3>\n<p><strong><span style=\"color: #00ff00;\">\u2713<\/span> <\/strong>Skipper priv\u00e9 anglophone licenci\u00e9<br \/>\n<strong><span style=\"color: #00ff00;\">\u2713<\/span> <\/strong>Bateau rapide priv\u00e9 moderne<br \/>\n<strong><span style=\"color: #00ff00;\">\u2713<\/span> <\/strong>Carburant et tous les services techniques<br \/>\n<strong><span style=\"color: #00ff00;\">\u2713<\/span> <\/strong>Assurance passagers<br \/>\n<strong><span style=\"color: #00ff00;\">\u2713<\/span> <\/strong>Gilets de sauvetage (toutes tailles)<br \/>\n<strong><span style=\"color: #00ff00;\">\u2713<\/span> <\/strong> \u00c9quipement de plong\u00e9e avec tuba<br \/>\n<strong><span style=\"color: #00ff00;\">\u2713<\/span> <\/strong>Bouteille d'eau gratuite<br \/>\n<strong><span style=\"color: #00ff00;\">\u2713<\/span> <\/strong>Pare-soleil Bimini et si\u00e8ges rembourr\u00e9s<br \/>\n<strong><span style=\"color: #00ff00;\">\u2713<\/span> <\/strong>WiFi embarqu\u00e9 et syst\u00e8me audio Bluetooth<br \/>\n<strong><span style=\"color: #00ff00;\">\u2713<\/span> <\/strong>Douche d'eau douce et bornes de recharge<\/p>\n<h3><strong>Non inclus :<\/strong><\/h3>\n<p><span style=\"color: #ff0000;\"><strong>\u2717<\/strong> <\/span>Entr\u00e9e au mus\u00e9e Our Lady of the Rocks (en option)<br \/>\n<span style=\"color: #ff0000;\"><strong>\u2717<\/strong> <\/span>Nourriture et boissons alcoolis\u00e9es<br \/>\n<span style=\"color: #ff0000;\"><strong>\u2717<\/strong> <\/span>D\u00e9penses personnelles<\/p>\n<h2>\ud83c\udf1f <strong>Points forts de la visite<\/strong><\/h2>\n<p>\ud83d\udd39 Grotte bleue (Plava \u0160pilja) - baignade priv\u00e9e et plong\u00e9e avec masque et tuba<br \/>\n\ud83d\udd39 Our Lady of the Rocks - \u00eele historique artificielle<br \/>\n\ud83d\udd39 <a href=\"https:\/\/en.wikipedia.org\/wiki\/Perast\" target=\"_blank\" rel=\"noopener\">Perast<\/a> Vieille ville \u2013 temps libre dans une ville baroque class\u00e9e au patrimoine mondial de l'UNESCO<br \/>\n\ud83d\udd39 Forteresse de Mamula - vue panoramique \u00e0 l'entr\u00e9e de la baie<br \/>\n\ud83d\udd39 Circuit priv\u00e9 avec un rythme flexible et un confort haut de gamme<\/p>\n<h2>\ud83d\udcd6 <strong>Description compl\u00e8te<\/strong><\/h2>\n<div>Votre voyage priv\u00e9 commence \u00e0 <strong>Herceg Novi<\/strong>, o\u00f9 vous embarquerez \u00e0 bord d'un bateau rapide moderne et enti\u00e8rement \u00e9quip\u00e9. Cette excursion vous permet de d\u00e9couvrir le littoral du Mont\u00e9n\u00e9gro \u00e0 votre rythme, sans vous encombrer et avec un horaire flexible.<\/div>\n<div>Croisi\u00e8re vers <strong>Forteresse de Mamula<\/strong>, Vous pourrez ainsi profiter d'une vue panoramique sur cette \u00eele historique situ\u00e9e \u00e0 l'entr\u00e9e de la baie. Continuez jusqu'\u00e0 la c\u00e9l\u00e8bre <strong>Grotte bleue<\/strong>, La lumi\u00e8re du soleil cr\u00e9e un effet bleu brillant dans l'eau. Profitez de 20 \u00e0 30 minutes de natation et de plong\u00e9e avec masque et tuba dans des eaux turquoise cristallines.<\/div>\n<div>Ensuite, visitez <strong>Notre Dame des Rochers<\/strong>, Cette \u00eele l\u00e9gendaire, construite par l'homme, abrite une \u00e9glise du XVe si\u00e8cle riche en histoire maritime. Vous aurez le temps d'explorer l'\u00eele et, \u00e9ventuellement, de visiter le mus\u00e9e.<\/div>\n<div>La tourn\u00e9e s'ach\u00e8ve \u00e0 <strong>Perast<\/strong>, Herceg Novi, souvent appel\u00e9e la \u201cVenise de l'Adriatique\u201d. Vous aurez du temps libre pour vous promener dans ses charmantes rues en pierre, admirer l'architecture baroque, vous d\u00e9tendre au bord de l'eau ou prendre un caf\u00e9 avec une vue imprenable sur la baie avant de retourner \u00e0 Herceg Novi.<\/div>\n<h3>\ud83d\uddfa\ufe0f <strong>Itin\u00e9raire de la visite<\/strong><\/h3>\n<p>\ud83d\udd39 D\u00e9part de Herceg Novi<br \/>\n\ud83d\udd39 Forteresse de Mamula - visite panoramique<br \/>\nBlue Cave - natation et plong\u00e9e avec masque et tuba (20-30 minutes)<br \/>\n\ud83d\udd39 Notre-Dame des Rochers - visite de 20 minutes<br \/>\n\ud83d\udd39 Vieille ville de Perast - environ 40 minutes de temps libre<br \/>\nRetour \u00e0 Herceg Novi<\/p>\n<h3>\u2139\ufe0f <strong>Informations utiles<\/strong><\/h3>\n<p>Dur\u00e9e : environ 3 heures<br \/>\nVisite priv\u00e9e uniquement<br \/>\n\ud83d\udd39 Un rythme flexible et une exp\u00e9rience personnalis\u00e9e<br \/>\n\ud83d\udd39 Transferts aller-retour facultatifs depuis Kotor ou Budva<br \/>\n\ud83d\udd39 Annulation gratuite jusqu'\u00e0 24 heures avant le d\u00e9part<\/p>\n<h2>\ud83c\udf92 <strong>Ce qu'il faut apporter<\/strong><\/h2>\n<p>Maillot de bain et serviette de bain<br \/>\n\ud83d\udd39 Cr\u00e8me solaire et lunettes de soleil<br \/>\n\ud83d\udd39 Appareil photo ou smartphone<br \/>\n\ud83d\udd39 Argent liquide pour les entr\u00e9es facultatives dans les mus\u00e9es ou les d\u00e9penses personnelles<\/p>\n<h3>\ud83d\udeab <strong>Ne convient pas<\/strong><\/h3>\n<p>\ud83d\udd39 Invit\u00e9es enceintes<br \/>\n\ud83d\udd39 Les h\u00f4tes ayant de graves probl\u00e8mes de mobilit\u00e9<\/p>\n<h2>\ud83d\udcb8 <strong>Prix et r\u00e9servation<\/strong><\/h2>\n<p>\ud83d\udd39 Visite priv\u00e9e - prix par bateau<br \/>\n\ud83d\udd39 R\u00e9servez maintenant, payez plus tard<br \/>\n\ud83d\udd39 Annulation gratuite jusqu'\u00e0 24 heures avant la visite<br \/>\n\ud83d\udd39 R\u00e9server facilement par WhatsApp ou par le formulaire de r\u00e9servation en ligne \ud83d\udc47\ud83c\udffd<\/p>\n<p>\u00c0 la recherche d'alternatives ? Parcourir <a href=\"https:\/\/excursionsworld.com\/fr\/excursions-herceg-novi\/\">plus de visites de Herceg Novi \u00e0 Perast<\/a>.<\/p>","protected":false},"excerpt":{"rendered":"<p>Profitez d'une excursion priv\u00e9e de 3 heures en bateau depuis Herceg Novi jusqu'\u00e0 la Grotte bleue et Perast. Nagez, faites de la plong\u00e9e avec tuba, explorez les sites de l'UNESCO et naviguez dans le plus grand confort.<\/p>","protected":false},"featured_media":16014,"comment_status":"open","ping_status":"closed","template":"","meta":[],"product_brand":[],"product_cat":[134],"product_tag":[135],"class_list":{"0":"post-16022","1":"product","2":"type-product","3":"status-publish","4":"has-post-thumbnail","6":"tour_phys-herceg-novi-tours","7":"product_cat-herceg-novi-tours","8":"product_tag-herceg-novi","9":"pa_montenegro-herceg-novi-tours","11":"first","12":"instock","13":"sale","14":"shipping-taxable","15":"purchasable","16":"product-type-tour_phys"},"aioseo_notices":[],"_links":{"self":[{"href":"https:\/\/excursionsworld.com\/fr\/wp-json\/wp\/v2\/product\/16022","targetHints":{"allow":["GET"]}}],"collection":[{"href":"https:\/\/excursionsworld.com\/fr\/wp-json\/wp\/v2\/product"}],"about":[{"href":"https:\/\/excursionsworld.com\/fr\/wp-json\/wp\/v2\/types\/product"}],"replies":[{"embeddable":true,"href":"https:\/\/excursionsworld.com\/fr\/wp-json\/wp\/v2\/comments?post=16022"}],"wp:featuredmedia":[{"embeddable":true,"href":"https:\/\/excursionsworld.com\/fr\/wp-json\/wp\/v2\/media\/16014"}],"wp:attachment":[{"href":"https:\/\/excursionsworld.com\/fr\/wp-json\/wp\/v2\/media?parent=16022"}],"wp:term":[{"taxonomy":"product_brand","embeddable":true,"href":"https:\/\/excursionsworld.com\/fr\/wp-json\/wp\/v2\/product_brand?post=16022"},{"taxonomy":"product_cat","embeddable":true,"href":"https:\/\/excursionsworld.com\/fr\/wp-json\/wp\/v2\/product_cat?post=16022"},{"taxonomy":"product_tag","embeddable":true,"href":"https:\/\/excursionsworld.com\/fr\/wp-json\/wp\/v2\/product_tag?post=16022"}],"curies":[{"name":"wp","href":"https:\/\/api.w.org\/{rel}","templated":true}]}}