{"id":16104,"date":"2026-02-02T13:02:42","date_gmt":"2026-02-02T10:02:42","guid":{"rendered":"https:\/\/excursionsworld.com\/?post_type=product&#038;p=16104\/"},"modified":"2026-04-24T01:27:20","modified_gmt":"2026-04-23T22:27:20","slug":"location-yacht-prive-side","status":"publish","type":"product","link":"https:\/\/excursionsworld.com\/tours\/private-yacht-rental-side\/","title":{"rendered":"Location d'un yacht priv\u00e9 - S\u0131la Luxury Sea Experience"},"content":{"rendered":"<h2>\ud83c\udfd9\ufe0f <strong>Vue d'ensemble<\/strong><\/h2>\n<p>Mettez les voiles pour une exp\u00e9rience exclusive en yacht priv\u00e9 le long de la Riviera turque. Con\u00e7ue pour les couples, les familles et les petits groupes, cette location offre libert\u00e9, confort et des vues c\u00f4ti\u00e8res inoubliables. Des monuments anciens aux baies cach\u00e9es, profitez de la mer \u00e0 votre rythme avec un service porte-\u00e0-porte.<\/p>\n<h3 data-path-to-node=\"19\"><b data-path-to-node=\"19\" data-index-in-node=\"0\">Inclus :<\/b><\/h3>\n<div data-path-to-node=\"20\"><span style=\"color: #00ff00;\"><strong>\u2713<\/strong><\/span> Location d'un yacht priv\u00e9 (jusqu'\u00e0 12 personnes)<\/div>\n<div data-path-to-node=\"21\"><span style=\"color: #00ff00;\"><strong>\u2713 <\/strong><\/span>Transfert aller-retour \u00e0 l'h\u00f4tel<\/div>\n<div data-path-to-node=\"22\"><span style=\"color: #00ff00;\"><strong>\u2713 <\/strong><\/span>Capitaine et \u00e9quipage professionnels<\/div>\n<div data-path-to-node=\"23\"><span style=\"color: #00ff00;\"><strong>\u2713 <\/strong><\/span>D\u00e9jeuner barbecue : Poisson\/poulet\/boulettes grill\u00e9s, salade, p\u00e2tes, fruits<\/div>\n<div data-path-to-node=\"24\"><span style=\"color: #00ff00;\"><strong>\u2713 <\/strong><\/span>Boissons non alcoolis\u00e9es \u00e0 volont\u00e9 : Eau, Cola, Fanta, Th\u00e9, Caf\u00e9<\/div>\n<div data-path-to-node=\"25\"><span style=\"color: #00ff00;\"><strong>\u2713 <\/strong><\/span>Mat\u00e9riel de p\u00eache amateur et \u00e9quipement de plong\u00e9e en apn\u00e9e<\/div>\n<div data-path-to-node=\"26\"><span style=\"color: #00ff00;\"><strong>\u2713 <\/strong><\/span>Wi-Fi gratuit \u00e0 bord<\/div>\n<h3 data-path-to-node=\"27\"><b data-path-to-node=\"27\" data-index-in-node=\"0\">Exclus :<\/b><\/h3>\n<div data-path-to-node=\"28\"><span style=\"color: #ff0000;\"><strong>\u2717<\/strong> <\/span>Boissons alcoolis\u00e9es (disponibles ou \u00e0 apporter moyennant des frais de service de 20 \u20ac)<\/div>\n<div data-path-to-node=\"29\"><span style=\"color: #ff0000;\"><strong>\u2717<\/strong> <\/span>Glaces<\/div>\n<h2 data-path-to-node=\"30\">\ud83c\udf1f Points forts de ce circuit <a href=\"https:\/\/en.wikipedia.org\/wiki\/Side,_Turkey\" target=\"_blank\" rel=\"noopener\">Side<\/a> Location Yacht<\/h2>\n<div data-path-to-node=\"31\">\ud83d\udd39 Un yacht priv\u00e9 de luxe r\u00e9nov\u00e9 en 2023<\/div>\n<div data-path-to-node=\"32\">\ud83d\udd39 Ancienne ville de Side et temple d'Apollon : vue sur la mer<\/div>\n<div data-path-to-node=\"33\">\ud83d\udd39 Turtle Bay - rep\u00e9rer les tortues Caretta caretta<\/div>\n<div data-path-to-node=\"34\">\u00c9quipage multilingue : Service en anglais, russe et allemand<\/div>\n<div data-path-to-node=\"35\">\ud83d\udd39 Baies cristallines pour la baignade et la d\u00e9tente<\/div>\n<div data-path-to-node=\"36\">\ud83d\udd39 Id\u00e9al pour les c\u00e9l\u00e9brations : Les demandes en mariage, les anniversaires et les f\u00eates de fin d'ann\u00e9e.<\/div>\n<h2 data-path-to-node=\"37\">\ud83d\udcd6 Description compl\u00e8te : Votre exp\u00e9rience de location de yacht priv\u00e9 sur mesure<\/h2>\n<div data-path-to-node=\"38\">Votre exp\u00e9rience VIP commence \u00e0 Side Harbor. Montez \u00e0 bord de votre yacht exclusif, <b data-path-to-node=\"38\" data-index-in-node=\"77\">SILA-1<\/b>, et prendre le large depuis la jet\u00e9e historique.<\/div>\n<div data-path-to-node=\"39\">La croisi\u00e8re passe devant l'ancienne ville de Side et l'embl\u00e9matique temple d'Apollon, en profitant d'une vue \u00e0 couper le souffle sur le large.<\/div>\n<div data-path-to-node=\"40\">Continuez vers Turtle Bay pour observer les tortues et profiter de pauses baignades dans de belles baies.<\/div>\n<div data-path-to-node=\"41\">Un d\u00e9jeuner barbecue frais pr\u00e9par\u00e9 par notre \u00e9quipage familial sera servi \u00e0 bord. Apr\u00e8s une journ\u00e9e de d\u00e9tente et de c\u00e9l\u00e9bration, vous profiterez d'une croisi\u00e8re de retour en douceur vers le port.<\/div>\n<h3 data-path-to-node=\"42\">\ud83d\uddfa\ufe0f Itin\u00e9raire de la visite<\/h3>\n<div data-path-to-node=\"43\">\ud83d\udd39 D\u00e9part de Side Harbor<\/div>\n<div data-path-to-node=\"44\">\ud83d\udd39 Ancienne ville de Side et temple d'Apollon (vue sur la mer)<\/div>\n<div data-path-to-node=\"45\">\ud83d\udd39 Turtle Bay - arr\u00eat touristique<\/div>\n<div data-path-to-node=\"46\">\ud83d\udd39 Pauses baignades dans des baies turquoises<\/div>\n<div data-path-to-node=\"47\">\ud83d\udd39 D\u00e9jeuner barbecue \u00e0 bord<\/div>\n<div data-path-to-node=\"48\">\ud83d\udd39 Croisi\u00e8re facultative sur le fleuve Manavgat<\/div>\n<div data-path-to-node=\"49\">\ud83d\udd39 Retour \u00e0 Side Harbor<\/div>\n<h3 data-path-to-node=\"50\">\u2139\ufe0f Informations utiles<\/h3>\n<div data-path-to-node=\"52\">Capacit\u00e9 : Jusqu'\u00e0 12 personnes<\/div>\n<div data-path-to-node=\"53\">\ud83d\udd39Dur\u00e9e : flexible (possibilit\u00e9 de demi-journ\u00e9e ou de journ\u00e9e compl\u00e8te)<br \/>\nLes prix de juillet et d'ao\u00fbt peuvent varier.<br \/>\n\ud83d\udd39L'itin\u00e9raire peut \u00eatre modifi\u00e9 en fonction de l'\u00e9tat de la mer.<br \/>\n\ud83d\udd39Surcharge possible pour les h\u00f4tels \u00e9loign\u00e9s du centre de Side<\/div>\n<h2 data-path-to-node=\"56\">\ud83c\udf92 Ce qu'il faut apporter<\/h2>\n<div data-path-to-node=\"57\">Maillot de bain et serviette de bain<\/div>\n<div data-path-to-node=\"58\">\ud83d\udd39 Cr\u00e8me solaire et lunettes de soleil<\/div>\n<div data-path-to-node=\"59\">\ud83d\udd39 Chapeau<\/div>\n<h3 data-path-to-node=\"60\">\ud83d\udeab Ne convient pas pour<\/h3>\n<p data-path-to-node=\"61\">\ud83d\udd39 Les h\u00f4tes ayant de graves probl\u00e8mes de mobilit\u00e9<\/p>\n<div class=\"elementor-element elementor-element-884d539 e-con-full e-flex e-con e-child\" data-id=\"884d539\" data-element_type=\"container\">\n<div id=\"description\" class=\"elementor-element elementor-element-337037cc elementor-widget elementor-widget-thim-ekits-tours-content\" data-id=\"337037cc\" data-element_type=\"widget\" data-widget_type=\"thim-ekits-tours-content.default\">\n<div class=\"elementor-widget-container\">\n<div class=\"thim-ekit-single-tour__content\">\n<h2 dir=\"ltr\">\ud83d\udcb8\u00a0<strong>Prix et r\u00e9servation<\/strong><\/h2>\n<p dir=\"ltr\">\ud83d\udd39 R\u00e9server maintenant, payer le jour m\u00eame<br \/>\n\ud83d\udd39 D\u00e9corations personnalis\u00e9es disponibles pour les occasions sp\u00e9ciales<br \/>\n\ud83d\udd39 Contactez-nous via WhatsApp, Telegram, Viber, ou remplissez le formulaire de r\u00e9servation ci-dessous. \ud83d\udc47\ud83c\udffc<\/p>\n<\/div>\n<\/div>\n<\/div>\n<\/div>\n<div class=\"elementor-element elementor-element-57a2f74 elementor-widget-divider--view-line elementor-widget elementor-widget-divider\" data-id=\"57a2f74\" data-element_type=\"widget\" data-widget_type=\"divider.default\">\n<div class=\"elementor-widget-container\">\n<div class=\"elementor-divider\"><\/div>\n<\/div>\n<\/div>\n<p>\u00c0 la recherche d'alternatives ? Parcourir <a href=\"https:\/\/excursionsworld.com\/fr\/location-yacht-prive-antalya-kemer\/\">plus de locations de yachts \u00e0 Side<\/a>.<\/p>","protected":false},"excerpt":{"rendered":"<p>Profitez d'une location de bateau priv\u00e9 \u00e0 Side avec un d\u00e9jeuner barbecue, des pauses baignades, la baie des tortues et une vue imprenable sur le temple d'Apollon et la ville antique.<\/p>","protected":false},"featured_media":16105,"comment_status":"open","ping_status":"closed","template":"","meta":[],"product_brand":[],"product_cat":[129],"product_tag":[122],"class_list":{"0":"post-16104","1":"product","2":"type-product","3":"status-publish","4":"has-post-thumbnail","6":"tour_phys-yacht-rental","7":"product_cat-yacht-rental","8":"product_tag-side","9":"pa_kategori-private-yacht-rental-kemer-antalya","11":"first","12":"instock","13":"sale","14":"shipping-taxable","15":"purchasable","16":"product-type-tour_phys"},"aioseo_notices":[],"_links":{"self":[{"href":"https:\/\/excursionsworld.com\/fr\/wp-json\/wp\/v2\/product\/16104","targetHints":{"allow":["GET"]}}],"collection":[{"href":"https:\/\/excursionsworld.com\/fr\/wp-json\/wp\/v2\/product"}],"about":[{"href":"https:\/\/excursionsworld.com\/fr\/wp-json\/wp\/v2\/types\/product"}],"replies":[{"embeddable":true,"href":"https:\/\/excursionsworld.com\/fr\/wp-json\/wp\/v2\/comments?post=16104"}],"wp:featuredmedia":[{"embeddable":true,"href":"https:\/\/excursionsworld.com\/fr\/wp-json\/wp\/v2\/media\/16105"}],"wp:attachment":[{"href":"https:\/\/excursionsworld.com\/fr\/wp-json\/wp\/v2\/media?parent=16104"}],"wp:term":[{"taxonomy":"product_brand","embeddable":true,"href":"https:\/\/excursionsworld.com\/fr\/wp-json\/wp\/v2\/product_brand?post=16104"},{"taxonomy":"product_cat","embeddable":true,"href":"https:\/\/excursionsworld.com\/fr\/wp-json\/wp\/v2\/product_cat?post=16104"},{"taxonomy":"product_tag","embeddable":true,"href":"https:\/\/excursionsworld.com\/fr\/wp-json\/wp\/v2\/product_tag?post=16104"}],"curies":[{"name":"wp","href":"https:\/\/api.w.org\/{rel}","templated":true}]}}