{"id":16115,"date":"2026-02-04T13:01:22","date_gmt":"2026-02-04T10:01:22","guid":{"rendered":"https:\/\/excursionsworld.com\/?post_type=product&#038;p=16115\/"},"modified":"2026-04-24T01:27:21","modified_gmt":"2026-04-23T22:27:21","slug":"location-yacht-prive-side-la-perla","status":"publish","type":"product","link":"https:\/\/excursionsworld.com\/tours\/private-yacht-rental-side-la-perla\/","title":{"rendered":"Location de Yacht Priv\u00e9 \u00e0 Side : La Perla \u2013 Exp\u00e9rience de Luxe Azimut 42"},"content":{"rendered":"<h2><strong>\ud83c\udfd9\ufe0f Vue d'ensemble<\/strong><\/h2>\n<p>Mettez les voiles sur <strong>La Perla<\/strong>, une exclusivit\u00e9 <strong>Yacht \u00e0 moteur Azimut 42<\/strong> offrant une exp\u00e9rience raffin\u00e9e en yacht priv\u00e9 le long de la Riviera turque. Parfaite pour les couples, les familles et les petits groupes, cette location allie libert\u00e9, confort et vues c\u00f4ti\u00e8res \u00e0 couper le souffle \u00e0 un service haut de gamme et des transferts porte-\u00e0-porte.<\/p>\n<h3><strong>Inclus :<\/strong><\/h3>\n<p><strong><span style=\"color: #00ff00;\">\u2713<\/span> <\/strong>Location d'un yacht priv\u00e9 (jusqu'\u00e0 12 personnes)<br \/>\n<strong><span style=\"color: #00ff00;\">\u2713<\/span> <\/strong>Transfert aller-retour \u00e0 l'h\u00f4tel<br \/>\n<strong><span style=\"color: #00ff00;\">\u2713<\/span> <\/strong>Capitaine et \u00e9quipage f\u00e9minins professionnels<br \/>\n<strong><span style=\"color: #00ff00;\">\u2713<\/span> <\/strong>D\u00e9jeuner ou d\u00eener barbecue : Poisson grill\u00e9 \/ Poulet \/ Boulettes de viande<br \/>\n<strong><span style=\"color: #00ff00;\">\u2713<\/span> <\/strong>P\u00e2tes, riz et fruits de saison<br \/>\n<strong><span style=\"color: #00ff00;\">\u2713<\/span> <\/strong>4 types d'entr\u00e9es et 2 types de salades<br \/>\n<strong><span style=\"color: #00ff00;\">\u2713<\/span> <\/strong>Boissons non alcoolis\u00e9es \u00e0 volont\u00e9<br \/>\n<strong><span style=\"color: #00ff00;\">\u2713<\/span> <\/strong>Wi-Fi gratuit \u00e0 bord<br \/>\n<strong><span style=\"color: #00ff00;\">\u2713<\/span> <\/strong>SUP Board, Snorkeling et mat\u00e9riel de p\u00eache amateur<\/p>\n<h3><strong>Exclus :<\/strong><\/h3>\n<p><strong><span style=\"color: #ff0000;\">\u2717<\/span> <\/strong>Boissons alcoolis\u00e9es (disponibles \u00e0 bord ou \u00e0 apporter sans suppl\u00e9ment)<br \/>\n<strong><span style=\"color: #ff0000;\">\u2717<\/span> <\/strong>Glaces<br \/>\n<strong><span style=\"color: #ff0000;\">\u2717<\/span> <\/strong>D\u00e9corations personnalis\u00e9es et g\u00e2teau d'anniversaire<\/p>\n<h2><strong>\ud83c\udf1f Points forts de la visite<\/strong><\/h2>\n<p>\ud83d\udd39 Luxe priv\u00e9 <strong>Azimut 42 yacht (2025 build)<\/strong><br \/>\n\ud83d\udd39 <a href=\"https:\/\/en.wikipedia.org\/wiki\/Side,_Turkey\" target=\"_blank\" rel=\"noopener\">Side<\/a> Vues sur l'ancien port et le temple d'Apollon depuis la mer<br \/>\n\ud83d\udd39 Service exclusif par un professionnel <strong>\u00e9quipe dirig\u00e9e par des femmes<\/strong><br \/>\n\ud83d\udd39 Route des rochers de la tortue, de la baie de Cl\u00e9op\u00e2tre et de la rivi\u00e8re Manavgat<br \/>\n\ud83d\udd39 Pont solaire spacieux, \u00e9chelle de bain et matelas de mer<br \/>\n\ud83d\udd39 Id\u00e9al pour les c\u00e9l\u00e9brations \u00e9l\u00e9gantes et les visites priv\u00e9es haut de gamme<\/p>\n<h2><strong>\ud83d\udcd6 Description compl\u00e8te<\/strong><\/h2>\n<div>Votre exp\u00e9rience VIP commence par une prise en charge priv\u00e9e \u00e0 l'h\u00f4tel et l'arriv\u00e9e \u00e0 <strong>Side Ancient Harbor<\/strong>, o\u00f9 vous montez \u00e0 bord <strong>La Perla<\/strong>, Le bateau est accueilli par une femme capitaine exp\u00e9riment\u00e9e. La croisi\u00e8re passe par l'ancienne ville de Side et l'embl\u00e9matique ville de Kampala. <strong>Temple d'Apollon<\/strong>, et de profiter d'une vue inoubliable sur le large.<\/div>\n<div>Le voyage se poursuit vers <strong>Baie de Cl\u00e9op\u00e2tre<\/strong>, <strong>Roches de tortue<\/strong>, et le paysage <strong>D\u00e9troit de Manavgat<\/strong>, Le bateau est \u00e9quip\u00e9 d'un syst\u00e8me d'alarme, avec des pauses pour se baigner dans des eaux cristallines. Un repas BBQ fra\u00eechement pr\u00e9par\u00e9 est servi \u00e0 bord, accompagn\u00e9 d'un service attentif et d'une atmosph\u00e8re de luxe d\u00e9contract\u00e9e. Que vous choisissiez une escapade d'une journ\u00e9e ou une croisi\u00e8re romantique au coucher du soleil, chaque d\u00e9tail est pris en charge pour votre confort.<\/div>\n<h3><strong>\ud83d\uddfa\ufe0f Itin\u00e9raire de la visite<\/strong><\/h3>\n<p>Prise en charge priv\u00e9e \u00e0 l'h\u00f4tel<br \/>\n\ud83d\udd39 D\u00e9part de Side Harbor<br \/>\n\ud83d\udd39 Ancienne ville de Side et temple d'Apollon (vue sur la mer)<br \/>\nArr\u00eat touristique \u00e0 Turtle Rocks<br \/>\n\ud83d\udd39 Baie de Cl\u00e9op\u00e2tre et d\u00e9troit de Manavgat<br \/>\n\ud83d\udd39 Pauses natation en haute mer et dans les baies<br \/>\n\ud83d\udd39 Repas barbecue servi \u00e0 bord<br \/>\n\ud83d\udd39 Retour \u00e0 Side Harbor<br \/>\nTransfert priv\u00e9 vers l'h\u00f4tel<\/p>\n<h3><strong>\u2139\ufe0f Informations utiles<\/strong><\/h3>\n<p>Capacit\u00e9 : Jusqu'\u00e0 12 personnes<br \/>\n\ud83d\udd39 Dur\u00e9e : Flexible (options de 4 heures ou 10 heures disponibles)<br \/>\n\ud83d\udd39 L'itin\u00e9raire peut \u00eatre modifi\u00e9 en fonction de l'\u00e9tat de la mer.<br \/>\n\ud83d\udd39 Personnalisation du menu disponible sur demande<br \/>\n\ud83d\udd39 L'option de transfert diff\u00e9r\u00e9 est disponible pour prolonger la dur\u00e9e de la ville<\/p>\n<h2><strong>\ud83c\udf92 Ce qu'il faut apporter<\/strong><\/h2>\n<p>Maillot de bain et serviette de bain<br \/>\n\ud83d\udd39 Cr\u00e8me solaire et lunettes de soleil<br \/>\n\ud83d\udd39 Chapeau<br \/>\n\ud83d\udd39 Boissons alcoolis\u00e9es personnelles (facultatif)<\/p>\n<h3><strong>\ud83d\udeab Ne convient pas pour<\/strong><\/h3>\n<p>\ud83d\udd39 Les h\u00f4tes ayant de graves probl\u00e8mes de mobilit\u00e9<\/p>\n<h2><strong>\ud83d\udcb8 Prix et r\u00e9servation<\/strong><\/h2>\n<p>\ud83d\udd39 R\u00e9server maintenant, payer le jour m\u00eame<br \/>\n\ud83d\udd39 D\u00e9corations personnalis\u00e9es disponibles pour les occasions sp\u00e9ciales<br \/>\n\ud83d\udd39 Contactez-nous via <strong>WhatsApp, Telegram, Viber<\/strong>, ou remplir le formulaire de r\u00e9servation ci-dessous \ud83d\udc47\ud83c\udffc<\/p>\n<p>\u00c0 la recherche d'alternatives ? Parcourir <a href=\"https:\/\/excursionsworld.com\/fr\/location-yacht-prive-antalya-kemer\/\">plus de locations de yachts \u00e0 Side<\/a>.<\/p>","protected":false},"excerpt":{"rendered":"<p>Location priv\u00e9e d'un yacht Azimut 42 \u00e0 Side, avec options coucher de soleil ou journ\u00e9e compl\u00e8te. Transfert \u00e0 l'h\u00f4tel, repas barbecue, arr\u00eats baignade et service haut de gamme. R\u00e9servez d\u00e8s maintenant !<\/p>","protected":false},"featured_media":16116,"comment_status":"open","ping_status":"closed","template":"","meta":[],"product_brand":[],"product_cat":[129],"product_tag":[122],"class_list":{"0":"post-16115","1":"product","2":"type-product","3":"status-publish","4":"has-post-thumbnail","6":"tour_phys-yacht-rental","7":"product_cat-yacht-rental","8":"product_tag-side","9":"pa_kategori-private-yacht-rental-kemer-antalya","11":"first","12":"instock","13":"sale","14":"shipping-taxable","15":"purchasable","16":"product-type-tour_phys"},"aioseo_notices":[],"_links":{"self":[{"href":"https:\/\/excursionsworld.com\/fr\/wp-json\/wp\/v2\/product\/16115","targetHints":{"allow":["GET"]}}],"collection":[{"href":"https:\/\/excursionsworld.com\/fr\/wp-json\/wp\/v2\/product"}],"about":[{"href":"https:\/\/excursionsworld.com\/fr\/wp-json\/wp\/v2\/types\/product"}],"replies":[{"embeddable":true,"href":"https:\/\/excursionsworld.com\/fr\/wp-json\/wp\/v2\/comments?post=16115"}],"wp:featuredmedia":[{"embeddable":true,"href":"https:\/\/excursionsworld.com\/fr\/wp-json\/wp\/v2\/media\/16116"}],"wp:attachment":[{"href":"https:\/\/excursionsworld.com\/fr\/wp-json\/wp\/v2\/media?parent=16115"}],"wp:term":[{"taxonomy":"product_brand","embeddable":true,"href":"https:\/\/excursionsworld.com\/fr\/wp-json\/wp\/v2\/product_brand?post=16115"},{"taxonomy":"product_cat","embeddable":true,"href":"https:\/\/excursionsworld.com\/fr\/wp-json\/wp\/v2\/product_cat?post=16115"},{"taxonomy":"product_tag","embeddable":true,"href":"https:\/\/excursionsworld.com\/fr\/wp-json\/wp\/v2\/product_tag?post=16115"}],"curies":[{"name":"wp","href":"https:\/\/api.w.org\/{rel}","templated":true}]}}