{"id":16130,"date":"2026-02-06T11:51:32","date_gmt":"2026-02-06T08:51:32","guid":{"rendered":"https:\/\/excursionsworld.com\/?post_type=product&#038;p=16130\/"},"modified":"2026-04-24T01:27:21","modified_gmt":"2026-04-23T22:27:21","slug":"location-yacht-prive-belek-tuana-vip","status":"publish","type":"product","link":"https:\/\/excursionsworld.com\/tours\/belek-private-yacht-rental-tuana-vip\/","title":{"rendered":"Location de Yacht Priv\u00e9 \u00e0 Belek \u2013 Tuana VIP | Journ\u00e9e &amp; Sunset"},"content":{"rendered":"<h2>\ud83c\udfd9\ufe0f Vue d'ensemble<\/h2>\n<p>Mettez les voiles sur <strong>Tuana VIP<\/strong>, un yacht \u00e0 moteur priv\u00e9 moderne de 14 m\u00e8tres au d\u00e9part de <strong><a href=\"https:\/\/en.wikipedia.org\/wiki\/Belek\" target=\"_blank\" rel=\"noopener\">Belek<\/a><\/strong>. Con\u00e7ue pour les couples, les familles et les petits groupes priv\u00e9s, cette location de bateau exclusive offre <strong>trois exp\u00e9riences diff\u00e9rentes<\/strong>Le voyageur peut choisir entre une croisi\u00e8re culturelle le long de la c\u00f4te, une route pittoresque vers les chutes d'eau ou un voyage romantique au coucher du soleil. Profitez d'eaux cristallines, d'un repas gastronomique \u00e0 bord et d'un confort de porte \u00e0 porte.<\/p>\n<h3>\u00a0Inclus :<\/h3>\n<p><span style=\"color: #00ff00;\"><strong>\u2713<\/strong><\/span> Location de bateaux priv\u00e9s<br \/>\n<span style=\"color: #00ff00;\"><strong>\u2713 <\/strong><\/span>Transfert aller-retour \u00e0 l'h\u00f4tel<br \/>\n<span style=\"color: #00ff00;\"><strong>\u2713 <\/strong><\/span>Capitaine et \u00e9quipage professionnels<br \/>\n<strong><span style=\"color: #00ff00;\">\u2713 <\/span>D\u00e9jeuner gastronomique<\/strong> Matin et journ\u00e9e compl\u00e8te<br \/>\n<strong>\u2022<\/strong> Poisson grill\u00e9 (daurade \/ bar)<br \/>\n<strong>\u2022<\/strong> Poulet et hamburger<br \/>\n<strong>\u2022<\/strong> P\u00e2tes et riz<br \/>\n<span style=\"color: #00ff00;\"><strong>\u2713 <\/strong><\/span>Amuse-gueule : Fruits, noix, chips et salades fra\u00eeches<br \/>\n<span style=\"color: #00ff00;\"><strong>\u2713 <\/strong><\/span>Boissons non alcoolis\u00e9es \u00e0 volont\u00e9 (Eau, Cola, Fanta, Th\u00e9, Caf\u00e9)<br \/>\n<span style=\"color: #00ff00;\"><strong>\u2713 <\/strong><\/span>Wi-Fi \u00e0 bord<br \/>\n<span style=\"color: #00ff00;\"><strong>\u2713 <\/strong><\/span>Serviettes et \u00e9quipement de plong\u00e9e avec tuba<\/p>\n<h3>\u00a0Exclus :<\/h3>\n<p><span style=\"color: #ff0000;\"><strong>\u2717<\/strong> <\/span>Boissons alcoolis\u00e9es<br \/>\n<span style=\"color: #ff0000;\"><strong>\u2717<\/strong> <\/span>D\u00e9penses personnelles (photos et vid\u00e9os)<br \/>\n<span style=\"color: #ff0000;\"><strong>\u2717<\/strong> <\/span>D\u00e9corations personnalis\u00e9es et g\u00e2teau d'anniversaire<\/p>\n<h2>\ud83c\udf1f Points forts de la location de yacht priv\u00e9 \u00e0 Belek<\/h2>\n<p>\ud83d\udd39 Yacht \u00e0 moteur priv\u00e9 moderne de 14 m (construction 2022)<br \/>\nTrois options d'affr\u00e8tement : Matin, journ\u00e9e compl\u00e8te et coucher de soleil<br \/>\n\ud83d\udd39 Cascade de D\u00fcden se jetant directement dans la mer<br \/>\n\ud83d\udd39 Arr\u00eats baignade \u00e0 Lara Beach, Cleopatra Bay et dans les baies cach\u00e9es<br \/>\n\ud83d\udd39 Vues optionnelles sur la c\u00f4te en direction de l'ancienne ville de Side<br \/>\n\ud83d\udd39 Pont solaire, syst\u00e8me de musique et sports nautiques en option<br \/>\n\ud83d\udd39 Id\u00e9al pour les couples, les familles et les c\u00e9l\u00e9brations sp\u00e9ciales<\/p>\n<h2>\ud83d\udcd6 Description compl\u00e8te : Votre exp\u00e9rience de location de yacht priv\u00e9 \u00e0 Belek<\/h2>\n<p>Votre exp\u00e9rience en yacht VIP commence par une prise en charge priv\u00e9e \u00e0 l'h\u00f4tel et un transfert jusqu'\u00e0 <strong>Ac\u0131su Marina \u00e0 Belek<\/strong>. Apr\u00e8s avoir embarqu\u00e9 \u00e0 bord du Tuana VIP et rencontr\u00e9 votre \u00e9quipage professionnel, vous prendrez la mer en fonction de la session de charter que vous aurez choisie.<\/p>\n<p>Les croisi\u00e8res du matin et de la journ\u00e9e enti\u00e8re comprennent des pauses baignades dans des baies turquoise et un d\u00e9jeuner gastronomique fra\u00eechement pr\u00e9par\u00e9 et servi \u00e0 bord. Les croisi\u00e8res <strong>croisi\u00e8re au coucher du soleil<\/strong> offre une atmosph\u00e8re plus calme et plus romantique le long de la c\u00f4te, id\u00e9ale pour les couples et les moments privil\u00e9gi\u00e9s en mer. L'\u00e9quipage s'occupe de tous les d\u00e9tails pour que vous puissiez vous d\u00e9tendre et profiter du voyage.<\/p>\n<h3>\u2139\ufe0f Informations utiles<\/h3>\n<p>Capacit\u00e9 : Jusqu'\u00e0 10 personnes<br \/>\nDur\u00e9e : 4 ou 6 heures (en fonction de la session de charter choisie)<br \/>\n\ud83d\udd39 Les prix de juillet et ao\u00fbt peuvent varier<br \/>\n\ud83d\udd39 L'itin\u00e9raire peut \u00eatre modifi\u00e9 en fonction de l'\u00e9tat de la mer.<br \/>\n\ud83d\udd39 Un suppl\u00e9ment peut \u00eatre appliqu\u00e9 pour les h\u00f4tels \u00e9loign\u00e9s du centre de Belek.<\/p>\n<h2>\ud83c\udf92 Ce qu'il faut apporter<\/h2>\n<p>Maillot de bain et serviette de bain<br \/>\n\ud83d\udd39 Cr\u00e8me solaire et lunettes de soleil<br \/>\n\ud83d\udd39 Chapeau<br \/>\n\ud83d\udd39 Argent liquide pour les d\u00e9penses personnelles<\/p>\n<h3>\ud83d\udeab Ne convient pas pour<\/h3>\n<p>\ud83d\udd39 Les h\u00f4tes ayant de graves probl\u00e8mes de mobilit\u00e9<br \/>\n\ud83d\udd39 Les personnes sujettes \u00e0 un mal de mer extr\u00eame<\/p>\n<h2>\ud83d\udcb8 Prix et r\u00e9servation<\/h2>\n<p>\ud83d\udd39 R\u00e9server maintenant, payer le jour m\u00eame<br \/>\n\ud83d\udd39 D\u00e9corations personnalis\u00e9es disponibles pour les occasions sp\u00e9ciales<br \/>\n\ud83d\udd39 Contactez-nous via WhatsApp, Telegram, Viber, ou remplissez le formulaire de r\u00e9servation ci-dessous \ud83d\udc47\ud83c\udffc<\/p>\n<p>\u00c0 la recherche d'alternatives ? Parcourir <a href=\"https:\/\/excursionsworld.com\/fr\/location-yacht-prive-antalya-kemer\/\">plus de locations de yachts \u00e0 Belek<\/a>.<\/p>","protected":false},"excerpt":{"rendered":"<p>Profitez d'une location de yacht priv\u00e9 \u00e0 Belek avec Tuana VIP. Choisissez des croisi\u00e8res d'une journ\u00e9e ou au coucher du soleil, avec transfert \u00e0 l'h\u00f4tel, arr\u00eats baignade et service haut de gamme. R\u00e9servez d\u00e8s maintenant !<\/p>","protected":false},"featured_media":16142,"comment_status":"open","ping_status":"closed","template":"","meta":[],"product_brand":[],"product_cat":[129],"product_tag":[122],"class_list":{"0":"post-16130","1":"product","2":"type-product","3":"status-publish","4":"has-post-thumbnail","6":"tour_phys-yacht-rental","7":"product_cat-yacht-rental","8":"product_tag-side","9":"pa_kategori-private-yacht-rental-kemer-antalya","11":"first","12":"instock","13":"sale","14":"shipping-taxable","15":"purchasable","16":"product-type-tour_phys"},"aioseo_notices":[],"_links":{"self":[{"href":"https:\/\/excursionsworld.com\/fr\/wp-json\/wp\/v2\/product\/16130","targetHints":{"allow":["GET"]}}],"collection":[{"href":"https:\/\/excursionsworld.com\/fr\/wp-json\/wp\/v2\/product"}],"about":[{"href":"https:\/\/excursionsworld.com\/fr\/wp-json\/wp\/v2\/types\/product"}],"replies":[{"embeddable":true,"href":"https:\/\/excursionsworld.com\/fr\/wp-json\/wp\/v2\/comments?post=16130"}],"wp:featuredmedia":[{"embeddable":true,"href":"https:\/\/excursionsworld.com\/fr\/wp-json\/wp\/v2\/media\/16142"}],"wp:attachment":[{"href":"https:\/\/excursionsworld.com\/fr\/wp-json\/wp\/v2\/media?parent=16130"}],"wp:term":[{"taxonomy":"product_brand","embeddable":true,"href":"https:\/\/excursionsworld.com\/fr\/wp-json\/wp\/v2\/product_brand?post=16130"},{"taxonomy":"product_cat","embeddable":true,"href":"https:\/\/excursionsworld.com\/fr\/wp-json\/wp\/v2\/product_cat?post=16130"},{"taxonomy":"product_tag","embeddable":true,"href":"https:\/\/excursionsworld.com\/fr\/wp-json\/wp\/v2\/product_tag?post=16130"}],"curies":[{"name":"wp","href":"https:\/\/api.w.org\/{rel}","templated":true}]}}