{"id":16143,"date":"2026-02-07T18:28:41","date_gmt":"2026-02-07T15:28:41","guid":{"rendered":"https:\/\/excursionsworld.com\/?post_type=product&#038;p=16143\/"},"modified":"2026-04-24T01:27:21","modified_gmt":"2026-04-23T22:27:21","slug":"location-yacht-prive-alanya-efsane-deluxe","status":"publish","type":"product","link":"https:\/\/excursionsworld.com\/tours\/alanya-private-yacht-rental-efsane-deluxe\/","title":{"rendered":"Location de Yacht Priv\u00e9 \u00e0 Alanya \u2013 Efsane Deluxe | Journ\u00e9e &amp; Sunset"},"content":{"rendered":"<h2>\ud83c\udfd9\ufe0f Vue d'ensemble<\/h2>\n<p>D\u00e9couvrez le vrai luxe \u00e0 bord <strong>Efsane Deluxe<\/strong>, un yacht \u00e0 moteur de 17,50 m\u00e8tres construit sur mesure au d\u00e9part de <strong>Centre-ville <a href=\"https:\/\/en.wikipedia.org\/wiki\/Alanya\" target=\"_blank\" rel=\"noopener\">Alanya<\/a><\/strong>. Con\u00e7u pour les groupes priv\u00e9s \u00e0 la recherche de confort et de divertissement, ce yacht se distingue par des caract\u00e9ristiques haut de gamme telles qu'un syst\u00e8me d'alarme en option, un syst\u00e8me d'alarme en option et un syst\u00e8me d'alarme en option. <strong>scooter sous-marin (Seabob)<\/strong> et d'un <strong>\u00c9quipage professionnel de 3 personnes<\/strong>, Il s'agit d'une exp\u00e9rience VIP haut de gamme avec un service porte \u00e0 porte.<\/p>\n<h3>\u00a0Inclus :<\/h3>\n<p><span style=\"color: #00ff00;\"><strong>\u2713<\/strong><\/span> Location de bateaux priv\u00e9s (standard) <strong>Programme de 4 heures<\/strong>)<br \/>\n<span style=\"color: #00ff00;\"><strong>\u2713 <\/strong><\/span>Transfert aller-retour \u00e0 l'h\u00f4tel (Alanya et environs)<br \/>\n<span style=\"color: #00ff00;\"><strong>\u2713 <\/strong><\/span>Professionnel <strong>\u00c9quipage de 3 personnes et capitaine exp\u00e9riment\u00e9<\/strong><br \/>\n<span style=\"color: #00ff00;\"><strong>\u2713 <\/strong><\/span>BBQ D\u00e9jeuner \/ D\u00eener : Poisson, poulet ou boulettes de viande grill\u00e9s<br \/>\n<span style=\"color: #00ff00;\"><strong>\u2713 <\/strong><\/span>Salade m\u00e9diterran\u00e9enne, p\u00e2tes et plateau de fruits de saison<br \/>\n<span style=\"color: #00ff00;\"><strong>\u2713 <\/strong><\/span>Boissons non alcoolis\u00e9es \u00e0 volont\u00e9 (eau, cola, fanta, th\u00e9, caf\u00e9)<br \/>\n<span style=\"color: #00ff00;\"><strong>\u2713 <\/strong><\/span>Wi-Fi, planche de surf, \u00e9quipement de plong\u00e9e avec tuba et matelas de mer<\/p>\n<h3>\u00a0Exclus :<\/h3>\n<p><span style=\"color: #ff0000;\"><strong>\u2717<\/strong> <\/span>Boissons alcoolis\u00e9es (disponibles ou \u00e0 apporter)<br \/>\n<span style=\"color: #ff0000;\"><strong>\u2717<\/strong> <\/span>Scooter sous-marin <strong>(Seabob - optionnel)<\/strong><br \/>\n<span style=\"color: #ff0000;\"><strong>\u2717<\/strong> <\/span>D\u00e9corations personnalis\u00e9es et g\u00e2teau d'anniversaire<\/p>\n<h2>\ud83c\udf1f Points forts de cette location de yacht priv\u00e9e \u00e0 Alanya<\/h2>\n<p>\ud83d\udd39 Exp\u00e9rience d'un yacht de luxe moderne \u00e0 bord d'une <strong>Navire de 17,50 m (2019)<\/strong><br \/>\n\ud83d\udd39 Aventure sous-marine facultative avec <strong>Seabob<\/strong><br \/>\n\ud83d\udd39 Alanya Castle, Red Tower &amp; Shipyard views from sea (Vues du ch\u00e2teau d'Alanya, de la tour rouge et du chantier naval depuis la mer)<br \/>\n\ud83d\udd39 Un service professionnel avec une \u00e9quipe d\u00e9di\u00e9e <strong>\u00c9quipage de 3 personnes<\/strong><br \/>\n\ud83d\udd39 Arr\u00eats baignade dans des grottes embl\u00e9matiques et des baies turquoises<br \/>\nTerrasse spacieuse &amp; <strong>4 cabines priv\u00e9es<\/strong> pour un confort maximal<\/p>\n<h2>Exp\u00e9rience Priv\u00e9e de Location de Yacht \u00e0 Alanya<\/h2>\n<p>Votre voyage maritime de luxe commence par une prise en charge priv\u00e9e \u00e0 l'h\u00f4tel et un transfert jusqu'\u00e0 <strong>Port d'Alanya<\/strong>. \u00c9tape \u00e0 bord <strong>Efsane Deluxe<\/strong> et faites une croisi\u00e8re le long de la magnifique p\u00e9ninsule d'Alanya, en passant devant des sites historiques tels que le <strong>Tour rouge, vieux chantier naval et anciennes grottes marines<\/strong>.<\/p>\n<p>Au cours de ce programme de 4 heures, vous pourrez vous baigner dans des baies cristallines, vous d\u00e9tendre sur le spacieux pont solaire et savourer un repas BBQ fra\u00eechement pr\u00e9par\u00e9 et servi par l'\u00e9quipage. Des activit\u00e9s optionnelles amusantes telles que le <strong>Conseil sup\u00e9rieur<\/strong> et <strong>Seabob<\/strong> Ce yacht est id\u00e9al pour les anniversaires, les demandes en mariage, les f\u00eates ou une journ\u00e9e exclusive en mer en famille.<\/p>\n<h3>\ud83d\uddfa\ufe0f Itin\u00e9raire de la visite<\/h3>\n<p>\ud83d\udd39 Prise en charge priv\u00e9e \u00e0 l'h\u00f4tel et transfert au port d'Alanya<br \/>\n\ud83d\udd39 D\u00e9part du centre-ville d'Alanya<br \/>\n\ud83d\udd39 Ch\u00e2teau d'Alanya, tour rouge et vieux chantier naval (vue sur la mer)<br \/>\n\ud83d\udd39 Pirates, amants et grottes de phosphore<br \/>\n\ud83d\udd39 Pauses baignade dans les baies m\u00e9diterran\u00e9ennes<br \/>\n\ud83d\udd39 Repas barbecue servi \u00e0 bord<br \/>\n\ud83d\udd39 Croisi\u00e8re panoramique de retour le long de la c\u00f4te<br \/>\nRetour au port et transfert \u00e0 l'h\u00f4tel<\/p>\n<h2>\ud83c\udf92 Ce qu'il faut apporter<\/h2>\n<p>Maillot de bain et serviette de bain<br \/>\n\ud83d\udd39 Cr\u00e8me solaire et lunettes de soleil<br \/>\n\ud83d\udd39 Chapeau et v\u00eatements de rechange<br \/>\nAppareil photo ou GoPro<\/p>\n<h3>\ud83d\udeab Ne convient pas pour<\/h3>\n<p>\ud83d\udd39 Les h\u00f4tes ayant de graves probl\u00e8mes de mobilit\u00e9<\/p>\n<h2>\ud83d\udcb8 Prix et r\u00e9servation<\/h2>\n<p>\ud83d\udd39 R\u00e9server maintenant, payer le jour m\u00eame<br \/>\n\ud83d\udd39 D\u00e9corations personnalis\u00e9es et organisations surprises disponibles<br \/>\n\ud83d\udd39 Contactez-nous via WhatsApp, Telegram, Viber, ou remplissez le formulaire de r\u00e9servation ci-dessous \ud83d\udc47\ud83c\udffc<\/p>\n<p>\u00c0 la recherche d'alternatives ? Parcourir <a href=\"https:\/\/excursionsworld.com\/fr\/location-yacht-prive-antalya-kemer\/\">plus de locations de yachts \u00e0 Alanya<\/a>.<\/p>","protected":false},"excerpt":{"rendered":"<p>Location de yacht priv\u00e9 \u00e0 Alanya \u00e0 bord de l'Efsane Deluxe. Profitez des croisi\u00e8res de jour ou au coucher du soleil, du transfert depuis l'h\u00f4tel, des arr\u00eats baignade et du service \u00e0 bord haut de gamme.<\/p>","protected":false},"featured_media":16725,"comment_status":"open","ping_status":"closed","template":"","meta":[],"product_brand":[],"product_cat":[129],"product_tag":[111],"class_list":{"0":"post-16143","1":"product","2":"type-product","3":"status-publish","4":"has-post-thumbnail","6":"tour_phys-yacht-rental","7":"product_cat-yacht-rental","8":"product_tag-alanya","9":"pa_kategori-private-yacht-rental-kemer-antalya","11":"first","12":"instock","13":"sale","14":"shipping-taxable","15":"purchasable","16":"product-type-tour_phys"},"aioseo_notices":[],"_links":{"self":[{"href":"https:\/\/excursionsworld.com\/fr\/wp-json\/wp\/v2\/product\/16143","targetHints":{"allow":["GET"]}}],"collection":[{"href":"https:\/\/excursionsworld.com\/fr\/wp-json\/wp\/v2\/product"}],"about":[{"href":"https:\/\/excursionsworld.com\/fr\/wp-json\/wp\/v2\/types\/product"}],"replies":[{"embeddable":true,"href":"https:\/\/excursionsworld.com\/fr\/wp-json\/wp\/v2\/comments?post=16143"}],"wp:featuredmedia":[{"embeddable":true,"href":"https:\/\/excursionsworld.com\/fr\/wp-json\/wp\/v2\/media\/16725"}],"wp:attachment":[{"href":"https:\/\/excursionsworld.com\/fr\/wp-json\/wp\/v2\/media?parent=16143"}],"wp:term":[{"taxonomy":"product_brand","embeddable":true,"href":"https:\/\/excursionsworld.com\/fr\/wp-json\/wp\/v2\/product_brand?post=16143"},{"taxonomy":"product_cat","embeddable":true,"href":"https:\/\/excursionsworld.com\/fr\/wp-json\/wp\/v2\/product_cat?post=16143"},{"taxonomy":"product_tag","embeddable":true,"href":"https:\/\/excursionsworld.com\/fr\/wp-json\/wp\/v2\/product_tag?post=16143"}],"curies":[{"name":"wp","href":"https:\/\/api.w.org\/{rel}","templated":true}]}}