{"id":16173,"date":"2026-02-09T13:42:40","date_gmt":"2026-02-09T10:42:40","guid":{"rendered":"https:\/\/excursionsworld.com\/?post_type=product&#038;p=16173\/"},"modified":"2026-04-24T01:27:22","modified_gmt":"2026-04-23T22:27:22","slug":"alanya-syedra-grotte-dim-riviere","status":"publish","type":"product","link":"https:\/\/excursionsworld.com\/tours\/alanya-syedra-dim-cave-river\/","title":{"rendered":"Alanya \u2013 Cit\u00e9 Antique de Syedra, Grotte de Dim &amp; Rivi\u00e8re avec D\u00e9jeuner"},"content":{"rendered":"<h2>\ud83c\udfd9\ufe0f <strong>Vue d'ensemble<\/strong><\/h2>\n<p>Entrez dans <a href=\"https:\/\/en.wikipedia.org\/wiki\/Alanya\" target=\"_blank\" rel=\"noopener\">Alanya<\/a>\u2019D\u00e9couvrez son riche pass\u00e9 et sa beaut\u00e9 naturelle gr\u00e2ce \u00e0 cette excursion soigneusement con\u00e7ue. Des ruines panoramiques perch\u00e9es sur une colline surplombant la M\u00e9diterran\u00e9e aux impressionnantes formations souterraines et \u00e0 un cadre fluvial paisible, cette visite offre un m\u00e9lange \u00e9quilibr\u00e9 de culture, de d\u00e9couverte et de d\u00e9tente.<\/p>\n<h3><strong>Inclus :<\/strong><\/h3>\n<p><span style=\"color: #00ff00;\"><strong>\u2713<\/strong> <\/span>Transfert professionnel aller-retour \u00e0 l'h\u00f4tel<br \/>\n<span style=\"color: #00ff00;\"><strong>\u2713<\/strong> <\/span>Guide professionnel anglophone<br \/>\n<span style=\"color: #00ff00;\"><strong>\u2713<\/strong> <\/span>Visite guid\u00e9e de la ville ancienne de Syedra<br \/>\n<span style=\"color: #00ff00;\"><strong>\u2713<\/strong> <\/span>D\u00e9jeuner au bord de la rivi\u00e8re Dim<br \/>\n<span style=\"color: #00ff00;\"><strong>\u2713<\/strong> <\/span>Visite de la maison du fruit locale<br \/>\n<span style=\"color: #00ff00;\"><strong>\u2713<\/strong> <\/span>Couverture d'assurance compl\u00e8te<\/p>\n<h3><strong>Non inclus :<\/strong><\/h3>\n<p><span style=\"color: #ff0000;\"><strong>\u2717<\/strong> <\/span>Entr\u00e9e \u00e0 la grotte de Dim (10 \u20ac en esp\u00e8ces)<br \/>\n<span style=\"color: #ff0000;\"><strong>\u2717<\/strong> <\/span>Boissons pendant la visite<br \/>\n<span style=\"color: #ff0000;\"><strong>\u2717<\/strong> <\/span>D\u00e9penses personnelles (photos et souvenirs)<\/p>\n<h2>\ud83c\udf1f <strong>Points forts de la visite<\/strong><\/h2>\n<p>\ud83d\udd39 Syedra Ancient City - ruines romaines et byzantines<br \/>\n\ud83d\udd39 Vue panoramique sur la M\u00e9diterran\u00e9e depuis le sommet de la colline<br \/>\n\ud83d\udd39 Dim Cave - stalactites, stalagmites et lac souterrain<br \/>\n\ud83d\udd39 D\u00e9jeuner relaxant au bord de la rivi\u00e8re Dim<br \/>\n\ud83d\udd39 Visite d'une fruiterie locale avec des produits r\u00e9gionaux<br \/>\n\ud83d\udd39 Commentaires perspicaces de guides professionnels<\/p>\n<h2>\ud83d\udcd6 <strong>Description compl\u00e8te<\/strong><\/h2>\n<p>Votre journ\u00e9e commence par une prise en charge confortable \u00e0 votre h\u00f4tel et un trajet pittoresque jusqu'\u00e0 l'a\u00e9roport. <strong>Ville ancienne de Syedra<\/strong>, Syedra est l'un des joyaux arch\u00e9ologiques cach\u00e9s d'Alanya. Situ\u00e9e au sommet d'une colline, Syedra offre une vue imprenable sur la mer M\u00e9diterran\u00e9e. Promenez-vous dans les rues anciennes, les bains et les citernes pendant que votre guide vous fait revivre l'histoire romaine et byzantine de la ville.<\/p>\n<p>Poursuivre ensuite <strong>Dim Cave<\/strong>, Cette grotte est l'une des plus grandes et des plus impressionnantes de la r\u00e9gion. Form\u00e9e au cours de millions d'ann\u00e9es, la grotte pr\u00e9sente des stalactites et des stalagmites spectaculaires, ainsi qu'un myst\u00e9rieux lac souterrain, cr\u00e9ant ainsi une exp\u00e9rience naturelle vraiment m\u00e9morable.<\/p>\n<p>Apr\u00e8s avoir explor\u00e9 la grotte, dirigez-vous vers la paisible <strong>Rivi\u00e8re Dim<\/strong>, Vous y d\u00e9gusterez un d\u00e9licieux d\u00e9jeuner au milieu d'une v\u00e9g\u00e9tation luxuriante et de l'eau fra\u00eeche qui coule. Avant de retourner \u00e0 Alanya, vous vous arr\u00eaterez dans une auberge de jeunesse. <strong>Maison du fruit locale<\/strong> pour d\u00e9couvrir et acheter des fruits et des produits frais de la r\u00e9gion.<\/p>\n<h3>\ud83d\uddfa\ufe0f <strong>Itin\u00e9raire de la visite<\/strong><\/h3>\n<p>\ud83d\udd39 09:00 - Prise en charge \u00e0 l'h\u00f4tel et d\u00e9part<br \/>\n\ud83d\udd39 Visite de l'ancienne ville de Syedra (visite guid\u00e9e et arr\u00eat photo)<br \/>\n\ud83d\udd39 Explorer la grotte de Dim<br \/>\n\ud83d\udd39 D\u00e9jeuner au bord de la rivi\u00e8re Dim<br \/>\n\ud83d\udd39 Temps libre et d\u00e9tente au bord de l'eau<br \/>\n\ud83d\udd39 Visite de la maison du fruit locale<br \/>\n\ud83d\udd39 16:00 - Retour \u00e0 Alanya et d\u00e9p\u00f4t \u00e0 l'h\u00f4tel<\/p>\n<h3>\u2139\ufe0f <strong>Informations utiles<\/strong><\/h3>\n<p>\ud83d\udd39 Exp\u00e9rience en petit groupe<br \/>\n\ud83d\udd39 Marche mod\u00e9r\u00e9e sur terrain accident\u00e9<br \/>\n\ud83d\udd39 La grotte est fra\u00eeche \u00e0 l'int\u00e9rieur - une veste l\u00e9g\u00e8re est recommand\u00e9e.<br \/>\n\ud83d\udd39 L'excursion se d\u00e9roule dans toutes les conditions m\u00e9t\u00e9orologiques.<br \/>\n\ud83d\udd39 Les exigences di\u00e9t\u00e9tiques doivent \u00eatre communiqu\u00e9es lors de la r\u00e9servation.<\/p>\n<h2>\ud83c\udf92 <strong>Ce qu'il faut apporter<\/strong><\/h2>\n<p>\ud83d\udd39 Chaussures de marche confortables<br \/>\n\ud83d\udd39 Appareil photo ou smartphone<br \/>\n\ud83d\udd39 Chapeau et lunettes de soleil<br \/>\n\ud83d\udd39 Cr\u00e8me solaire<br \/>\n\ud83d\udd39 Bouteille d'eau r\u00e9utilisable<br \/>\n\ud83d\udd39 Argent liquide pour l'entr\u00e9e de la grotte et les boissons<\/p>\n<h3>\ud83d\udeab <strong>Ne convient pas<\/strong><\/h3>\n<p>\ud83d\udd39 Invit\u00e9s ayant de graves probl\u00e8mes de mobilit\u00e9<br \/>\n\ud83d\udd39 Utilisateurs de fauteuils roulants<br \/>\n\ud83d\udd39 Invit\u00e9es enceintes (terrain accident\u00e9)<\/p>\n<h2 dir=\"ltr\">\ud83d\udcb8\u00a0<strong>Prix et r\u00e9servation<\/strong><\/h2>\n<p dir=\"ltr\"><strong>\ud83d\udd39 R\u00e9server maintenant, payer le jour de la visite<\/strong><br \/>\n\ud83d\udd39 Contactez-nous via WhatsApp, Telegram, Viber, ou remplissez le formulaire de r\u00e9servation ci-dessous. \ud83d\udc47\ud83c\udffc<\/p>\n<p>\u00c0 la recherche d'alternatives ? Parcourir <a href=\"https:\/\/excursionsworld.com\/fr\/excursions-a-alanya\/\">plus de visites \u00e0 Alanya<\/a>.<\/p>","protected":false},"excerpt":{"rendered":"<p>Explorez la ville ancienne de Syedra, visitez la grotte de Dim et d\u00e9jeunez au bord de la rivi\u00e8re Dim lors d'une excursion d'une journ\u00e9e \u00e0 Alanya combinant l'histoire et la nature.<\/p>","protected":false},"featured_media":16181,"comment_status":"open","ping_status":"closed","template":"","meta":[],"product_brand":[],"product_cat":[128],"product_tag":[111],"class_list":{"0":"post-16173","1":"product","2":"type-product","3":"status-publish","4":"has-post-thumbnail","6":"tour_phys-alanya-tours","7":"product_cat-alanya-tours","8":"product_tag-alanya","9":"pa_destination-alanya-tours","11":"first","12":"instock","13":"sale","14":"shipping-taxable","15":"purchasable","16":"product-type-tour_phys"},"aioseo_notices":[],"_links":{"self":[{"href":"https:\/\/excursionsworld.com\/fr\/wp-json\/wp\/v2\/product\/16173","targetHints":{"allow":["GET"]}}],"collection":[{"href":"https:\/\/excursionsworld.com\/fr\/wp-json\/wp\/v2\/product"}],"about":[{"href":"https:\/\/excursionsworld.com\/fr\/wp-json\/wp\/v2\/types\/product"}],"replies":[{"embeddable":true,"href":"https:\/\/excursionsworld.com\/fr\/wp-json\/wp\/v2\/comments?post=16173"}],"wp:featuredmedia":[{"embeddable":true,"href":"https:\/\/excursionsworld.com\/fr\/wp-json\/wp\/v2\/media\/16181"}],"wp:attachment":[{"href":"https:\/\/excursionsworld.com\/fr\/wp-json\/wp\/v2\/media?parent=16173"}],"wp:term":[{"taxonomy":"product_brand","embeddable":true,"href":"https:\/\/excursionsworld.com\/fr\/wp-json\/wp\/v2\/product_brand?post=16173"},{"taxonomy":"product_cat","embeddable":true,"href":"https:\/\/excursionsworld.com\/fr\/wp-json\/wp\/v2\/product_cat?post=16173"},{"taxonomy":"product_tag","embeddable":true,"href":"https:\/\/excursionsworld.com\/fr\/wp-json\/wp\/v2\/product_tag?post=16173"}],"curies":[{"name":"wp","href":"https:\/\/api.w.org\/{rel}","templated":true}]}}