{"id":16182,"date":"2026-02-09T16:08:00","date_gmt":"2026-02-09T13:08:00","guid":{"rendered":"https:\/\/excursionsworld.com\/?post_type=product&#038;p=16182\/"},"modified":"2026-04-24T01:27:23","modified_gmt":"2026-04-23T22:27:23","slug":"gazipasa-bateau-alanya","status":"publish","type":"product","link":"https:\/\/excursionsworld.com\/tours\/gazipasa-boat-alanya\/","title":{"rendered":"Excursion en bateau \u00e0 Gazipa\u015fa depuis Alanya \u2013 Croisi\u00e8re Relax &amp; Criques Cach\u00e9es"},"content":{"rendered":"<h2>\ud83c\udfd9\ufe0f Vue d'ensemble<\/h2>\n<p>\u00c9chappez aux routes maritimes bond\u00e9es de <a href=\"https:\/\/en.wikipedia.org\/wiki\/Alanya\" target=\"_blank\" rel=\"noopener\">Alanya<\/a> et profitez d'un voyage paisible le long de la c\u00f4te pr\u00e9serv\u00e9e de Gazipa\u015fa. Cette excursion en bateau de style d\u00e9tente est con\u00e7ue pour les voyageurs qui appr\u00e9cient les eaux calmes, les criques cach\u00e9es et la beaut\u00e9 naturelle. Nagez dans des mers cristallines, explorez des formations rocheuses uniques et d\u00e9tendez-vous dans un cadre m\u00e9diterran\u00e9en serein, loin du tourisme de masse.<\/p>\n<h3>Inclus :<\/h3>\n<p><span style=\"color: #00ff00;\"><strong>\u2713<\/strong><\/span> Transfert aller-retour de l'h\u00f4tel \u00e0 Alanya<br \/>\n<span style=\"color: #00ff00;\"><strong>\u2713<\/strong><\/span> Excursion en bateau le long de la c\u00f4te de Gazipa\u015fa<br \/>\n<span style=\"color: #00ff00;\"><strong>\u2713<\/strong><\/span> D\u00e9jeuner servi \u00e0 bord<br \/>\n<span style=\"color: #00ff00;\"><strong>\u2713<\/strong><\/span> Guide professionnel<br \/>\n<span style=\"color: #00ff00;\"><strong>\u2713<\/strong><\/span> Couverture d'assurance compl\u00e8te<\/p>\n<h3>Exclus :<\/h3>\n<p><span style=\"color: #ff0000;\"><strong>\u2717<\/strong> <\/span>Boissons (disponibles \u00e0 l'achat \u00e0 bord)<br \/>\n<span style=\"color: #ff0000;\"><strong>\u2717<\/strong> <\/span>Photos et vid\u00e9os professionnelles<br \/>\n<span style=\"color: #ff0000;\"><strong>\u2717<\/strong> <\/span>D\u00e9penses personnelles<\/p>\n<h2>\ud83c\udf1f Points forts de cette excursion en bateau \u00e0 Gazipasa depuis Alanya<\/h2>\n<p>\ud83d\udd39 Excursion en bateau dans un style d\u00e9contract\u00e9, loin des bateaux de f\u00eate bruyants<br \/>\n\ud83d\udd39 Baies vierges entour\u00e9es de falaises et de bananeraies<br \/>\n\ud83d\udd39 Plage de Macar - lieu de baignade cach\u00e9 dans la nature<br \/>\n\ud83d\udd39 Pirate (Lovers) Cave - arr\u00eat photo pittoresque<br \/>\n\ud83d\udd39 Delik Deniz (King's Bay) - c\u00e9l\u00e8bre arche rocheuse naturelle<br \/>\n\ud83d\udd39 Longue pause d\u00e9jeuner et baignade \u00e0 la baie de Mavi Cennet<br \/>\n\ud83d\udd39 Lagon bleu - derni\u00e8re \u00e9tape de baignade dans des eaux turquoises<\/p>\n<h2>\ud83d\udcd6 Description compl\u00e8te : Votre exp\u00e9rience de la tourn\u00e9e en bateau \u00e0 Gazipasa depuis Alanya<\/h2>\n<div>Votre journ\u00e9e commence par une prise en charge confortable \u00e0 votre h\u00f4tel d'Alanya, suivie d'un trajet pittoresque jusqu'\u00e0 Gazipa\u015fa Gold Marina. \u00c0 l'arriv\u00e9e, vous montez \u00e0 bord du bateau et mettez le cap vers l'est, le long de l'une des c\u00f4tes les plus pr\u00e9serv\u00e9es de la M\u00e9diterran\u00e9e.<\/div>\n<div>Le premier arr\u00eat de baignade est la plage de Macar, une baie tranquille et cach\u00e9e situ\u00e9e entre des jardins de bananes et des falaises rocheuses. Apr\u00e8s avoir profit\u00e9 des eaux claires, le bateau continue jusqu'\u00e0 la grotte des pirates (amoureux), o\u00f9 vous aurez le temps d'admirer et de photographier ses impressionnantes formations naturelles.<\/div>\n<div>Ensuite, vous visiterez Delik Deniz et la baie du Roi, une merveille g\u00e9ologique unique connue pour son arche de pierre naturelle et sa mer turquoise. La l\u00e9gende dit que le roi Antiochos y a nag\u00e9 un jour. Apr\u00e8s un court arr\u00eat pour prendre des photos, l'excursion se poursuit vers la baie de Mavi Cennet (Paradis bleu).<\/div>\n<div>Ici, vous profiterez d'une longue pause paisible au milieu d'une nature intacte. Un d\u00e9jeuner fra\u00eechement pr\u00e9par\u00e9 est servi \u00e0 bord pendant que vous nagez, vous d\u00e9tendez et vous impr\u00e9gnez de l'atmosph\u00e8re calme. Avant le retour, l'excursion fait un dernier arr\u00eat de baignade au Lagon Bleu, connu pour ses couleurs vives et ses eaux tranquilles, avant de retourner \u00e0 la marina et de rentrer \u00e0 Alanya.<\/div>\n<h3>\ud83d\uddfa\ufe0f Itin\u00e9raire de la visite<\/h3>\n<p>\ud83d\udd39 08:30 - 09:30 : Prise en charge \u00e0 l'h\u00f4tel \u00e0 Alanya<br \/>\n\ud83d\udd39 Transfert panoramique vers Gazipa\u015fa Gold Marina<br \/>\n\ud83d\udd39 10:30 : D\u00e9part du bateau<br \/>\n\ud83d\udd39 Plage de Macar - pause baignade<br \/>\n\ud83d\udd39 Pirate (Lovers) Cave - arr\u00eat photo<br \/>\n\ud83d\udd39 Delik Deniz &amp; King's Bay - visite panoramique<br \/>\n\ud83d\udd39 Baie de Mavi Cennet - d\u00e9jeuner et pause baignade<br \/>\n\ud83d\udd39 Lagon bleu - derni\u00e8re \u00e9tape de baignade<br \/>\n\ud83d\udd39 15:30 - 16:30 : Retour \u00e0 Alanya et d\u00e9p\u00f4t \u00e0 l'h\u00f4tel<\/p>\n<h2>\ud83c\udf92 Ce qu'il faut apporter<\/h2>\n<p>Maillot de bain et serviette de bain<br \/>\nCr\u00e8me solaire, chapeau et lunettes de soleil<br \/>\n\ud83d\udd39 Appareil photo ou smartphone<br \/>\n\ud83d\udd39 Argent liquide pour les boissons ou les extras<\/p>\n<h3>\ud83d\udeab Ne convient pas pour<\/h3>\n<p>\ud83d\udd39 Invit\u00e9s avec <strong>les handicaps moteurs graves<\/strong><br \/>\n\ud83d\udd39 Les voyageurs qui recherchent sp\u00e9cifiquement une <strong>excursion en bateau de style festif<\/strong><\/p>\n<h2>\ud83d\udcb8 Prix et r\u00e9servation<\/h2>\n<p>\ud83d\udd39 R\u00e9server maintenant, payer le jour de la visite<br \/>\n\ud83d\udd39 Confirmation adapt\u00e9e aux mobiles accept\u00e9e<br \/>\n\ud83d\udd39 Contactez-nous via WhatsApp, Telegram, Viber, ou le formulaire de r\u00e9servation ci-dessous \ud83d\udc47\ud83c\udffc<\/p>\n<p>\u00c0 la recherche d'alternatives ? Parcourir <a href=\"https:\/\/excursionsworld.com\/fr\/excursions-a-alanya\/\">plus de visites \u00e0 Alanya<\/a>.<\/p>","protected":false},"excerpt":{"rendered":"<p>D\u00e9couvrez des baies cach\u00e9es lors d'une excursion en bateau \u00e0 Gazipasa au d\u00e9part d'Alanya. Nagez dans des eaux cristallines, profitez d'une croisi\u00e8re calme et \u00e9chappez aux circuits bond\u00e9s.<\/p>","protected":false},"featured_media":16183,"comment_status":"open","ping_status":"closed","template":"","meta":[],"product_brand":[],"product_cat":[128],"product_tag":[111],"class_list":{"0":"post-16182","1":"product","2":"type-product","3":"status-publish","4":"has-post-thumbnail","6":"tour_phys-alanya-tours","7":"tour_phys-boat-tours","8":"product_cat-alanya-tours","9":"product_tag-alanya","10":"pa_destination-alanya-tours","11":"pa_kategori-boat-tours","13":"first","14":"instock","15":"sale","16":"shipping-taxable","17":"purchasable","18":"product-type-tour_phys"},"aioseo_notices":[],"_links":{"self":[{"href":"https:\/\/excursionsworld.com\/fr\/wp-json\/wp\/v2\/product\/16182","targetHints":{"allow":["GET"]}}],"collection":[{"href":"https:\/\/excursionsworld.com\/fr\/wp-json\/wp\/v2\/product"}],"about":[{"href":"https:\/\/excursionsworld.com\/fr\/wp-json\/wp\/v2\/types\/product"}],"replies":[{"embeddable":true,"href":"https:\/\/excursionsworld.com\/fr\/wp-json\/wp\/v2\/comments?post=16182"}],"wp:featuredmedia":[{"embeddable":true,"href":"https:\/\/excursionsworld.com\/fr\/wp-json\/wp\/v2\/media\/16183"}],"wp:attachment":[{"href":"https:\/\/excursionsworld.com\/fr\/wp-json\/wp\/v2\/media?parent=16182"}],"wp:term":[{"taxonomy":"product_brand","embeddable":true,"href":"https:\/\/excursionsworld.com\/fr\/wp-json\/wp\/v2\/product_brand?post=16182"},{"taxonomy":"product_cat","embeddable":true,"href":"https:\/\/excursionsworld.com\/fr\/wp-json\/wp\/v2\/product_cat?post=16182"},{"taxonomy":"product_tag","embeddable":true,"href":"https:\/\/excursionsworld.com\/fr\/wp-json\/wp\/v2\/product_tag?post=16182"}],"curies":[{"name":"wp","href":"https:\/\/api.w.org\/{rel}","templated":true}]}}