{"id":16623,"date":"2026-03-07T17:07:14","date_gmt":"2026-03-07T14:07:14","guid":{"rendered":"https:\/\/excursionsworld.com\/?post_type=product&#038;p=16623\/"},"modified":"2026-04-24T01:27:23","modified_gmt":"2026-04-23T22:27:23","slug":"grotte-bleue-bateau-rapide-budva","status":"publish","type":"product","link":"https:\/\/excursionsworld.com\/tours\/blue-cave-speedboat-budva\/","title":{"rendered":"Grotte Bleue en Bateau Rapide depuis Budva | Mont\u00e9n\u00e9gro"},"content":{"rendered":"<h2 data-section-id=\"12p45uz\"><strong>\ud83c\udfdd\ufe0f Vue d'ensemble<\/strong><\/h2>\n<p>D\u00e9couvrez la beaut\u00e9 de la c\u00f4te adriatique gr\u00e2ce \u00e0 notre <strong>Tour en hors-bord de luxe dans la grotte bleue depuis <a href=\"https:\/\/en.wikipedia.org\/wiki\/Budva\" target=\"_blank\" rel=\"noopener\">Budva<\/a><\/strong>. Cette passionnante aventure maritime de 3 heures vous emm\u00e8ne vers des joyaux cach\u00e9s de la c\u00f4te, notamment la c\u00e9l\u00e8bre grotte bleue, des plages pittoresques et des points de vue spectaculaires le long de la riviera de Budva.<\/p>\n<p>Nagez dans des eaux turquoise cristallines, explorez des falaises spectaculaires et profitez de vues c\u00f4ti\u00e8res \u00e0 couper le souffle lors d'une croisi\u00e8re sur un bateau rapide moderne avec un \u00e9quipage local exp\u00e9riment\u00e9.<\/p>\n<h3 data-section-id=\"ydfjyc\"><strong>Inclus :<\/strong><\/h3>\n<div><span style=\"color: #00ff00;\"><strong>\u2713<\/strong><\/span> Prise en charge \u00e0 l'h\u00f4tel (si disponible)<\/div>\n<div><span style=\"color: #00ff00;\"><strong>\u2713 <\/strong><\/span>Guide skipper professionnel<br \/>\n<span style=\"color: #00ff00;\"><strong>\u2713 <\/strong><\/span>Boisson de bienvenue<br \/>\n<span style=\"color: #00ff00;\"><strong>\u2713 <\/strong><\/span>Masques de plong\u00e9e<br \/>\n<span style=\"color: #00ff00;\"><strong>\u2713 <\/strong><\/span>Croisi\u00e8re en hors-bord<br \/>\n<span style=\"color: #00ff00;\"><strong>\u2713\u00a0<\/strong><\/span>Assurance voyage<\/div>\n<h3 data-section-id=\"1f64jv5\"><strong>Non inclus :<\/strong><\/h3>\n<p><strong><span style=\"color: #ff0000;\">\u2717<\/span> <\/strong>D\u00e9penses personnelles<br \/>\n<strong><span style=\"color: #ff0000;\">\u2717<\/span> <\/strong>Nourriture et boissons suppl\u00e9mentaires<br \/>\n<strong><span style=\"color: #ff0000;\">\u2717<\/span> <\/strong>Conseils pour l'\u00e9quipage (facultatif)<\/p>\n<h2 data-section-id=\"gnzuxm\"><strong>\ud83c\udf1f Points forts de la visite<\/strong><\/h2>\n<p>\ud83d\udd39 Croisi\u00e8re panoramique le long de la c\u00f4te de la vieille ville historique de Budva<br \/>\n\ud83d\udd39 Baignade dans la c\u00e9l\u00e8bre grotte bleue (Plava \u0160pilja)<br \/>\n\ud83d\udd39 Arr\u00eat photo \u00e0 l'\u00e9glise Saint-Nicolas \u00e0 flanc de falaise<br \/>\n\ud83d\udd39 Pause baignade \u00e0 la plage de sable de Trsteno<br \/>\n\ud83d\udd39 Croisi\u00e8re panoramique sur la Riviera de Budva<br \/>\n\ud83d\udd39 Vues sur les plages de Plo\u010de et de Jaz<br \/>\n\ud83d\udd39 Bateau rapide de luxe confortable<\/p>\n<h2 data-section-id=\"1jizkbc\"><strong>\ud83d\udcd6 Description compl\u00e8te<\/strong><\/h2>\n<div>L'aventure commence \u00e0 Budva, o\u00f9 vous embarquez \u00e0 bord d'un bateau rapide moderne pour un voyage inoubliable le long de la c\u00f4te adriatique.<\/div>\n<div>L'excursion commence par une croisi\u00e8re pittoresque le long des murs historiques de la vieille ville de Budva. En chemin, vous verrez la c\u00e9l\u00e8bre statue de la Ballerine et les magnifiques falaises de la plage de Mogren.<\/div>\n<div>Le point fort de l'excursion est la grotte bleue magique, o\u00f9 la lumi\u00e8re du soleil cr\u00e9e une incroyable lueur bleue \u00e0 l'int\u00e9rieur de la grotte. Vous aurez le temps de nager et de faire de la plong\u00e9e avec masque et tuba dans des eaux cristallines.<\/div>\n<div>Ensuite, nous nous dirigeons vers l'\u00e9glise unique de Saint-Nicolas, situ\u00e9e de mani\u00e8re spectaculaire sur une falaise et accessible uniquement par la mer. Ce lieu cach\u00e9 offre des vues imprenables et d'excellentes possibilit\u00e9s de photos.<\/div>\n<div>L'excursion se poursuit jusqu'\u00e0 la plage de Trsteno, l'une des rares plages de sable de la r\u00e9gion de Budva. Entour\u00e9e de falaises et d'une eau turquoise calme, c'est un endroit id\u00e9al pour nager et se d\u00e9tendre.<\/div>\n<div>Au retour, profitez d'une croisi\u00e8re panoramique le long de la Riviera de Budva tout en passant par les plages populaires de Plo\u010de et de Jaz avant de revenir \u00e0 Budva.<\/div>\n<div><\/div>\n<h3 data-section-id=\"1e4kph\"><strong>\ud83d\uddfa\ufe0f Itin\u00e9raire de la visite<\/strong><\/h3>\n<p>\ud83d\udd39 D\u00e9part du port de plaisance de Budva<br \/>\nCroisi\u00e8re panoramique dans la vieille ville de Budva<br \/>\nArr\u00eat baignade \u00e0 la Grotte Bleue<br \/>\n\ud83d\udd39 Arr\u00eat photo \u00e0 l'\u00e9glise Saint-Nicolas<br \/>\n\ud83d\udd39 Pause baignade \u00e0 la plage de Trsteno<br \/>\n\ud83d\udd39 Croisi\u00e8re panoramique le long des plages de Plo\u010de et de Jaz<br \/>\nRetour \u00e0 Budva<\/p>\n<h3 data-section-id=\"x7plk0\"><strong>\u2139\ufe0f Informations utiles<\/strong><\/h3>\n<p>Dur\u00e9e : environ 3 heures<br \/>\n\ud83d\udd39 Langues : Anglais, Russe, Serbe<br \/>\n\ud83d\udd39 Excursion en bateau rapide en petit groupe<br \/>\n\ud83d\udd39 Les horaires peuvent \u00eatre modifi\u00e9s en fonction des conditions m\u00e9t\u00e9orologiques ou maritimes.<br \/>\nLe capitaine peut modifier l'itin\u00e9raire pour des raisons de s\u00e9curit\u00e9.<\/p>\n<h2 data-section-id=\"zapgrt\"><strong>\ud83c\udf92 Ce qu'il faut apporter<\/strong><\/h2>\n<p>Maillot de bain et serviette de bain<br \/>\nLunettes de soleil et cr\u00e8me solaire<br \/>\n\ud83d\udd39 V\u00eatements l\u00e9gers et confortables<br \/>\n\ud83d\udd39 Appareil photo ou t\u00e9l\u00e9phone pour les photos<\/p>\n<h3 data-section-id=\"1kfbjov\"><strong>\ud83d\udeab Ne convient pas pour<\/strong><\/h3>\n<p>\ud83d\udd39 Enfants de moins de 5 ans<br \/>\n\ud83d\udd39 Invit\u00e9s de plus de 70 ans<br \/>\n\ud83d\udd39 Voyageuses enceintes<br \/>\n\ud83d\udd39 Utilisateurs de fauteuils roulants<br \/>\n\ud83d\udd39 Les h\u00f4tes souffrant de graves probl\u00e8mes de dos<\/p>\n<h2 data-section-id=\"7egtho\"><strong>\ud83d\udcb8 Prix et r\u00e9servation<\/strong><\/h2>\n<p>\ud83d\udd39 R\u00e9servez maintenant, payez plus tard<br \/>\n\ud83d\udd39 Annulation gratuite jusqu'\u00e0 24 heures avant la visite<br \/>\n<img decoding=\"async\" class=\"emoji\" role=\"img\" draggable=\"false\" src=\"https:\/\/s.w.org\/images\/core\/emoji\/17.0.2\/svg\/1f539.svg\" alt=\"\ud83d\udd39\" \/>\u00a0Contactez-nous via WhatsApp, Telegram, Viber, ou remplissez le formulaire de r\u00e9servation ci-dessous.\u00a0<img decoding=\"async\" class=\"emoji\" role=\"img\" draggable=\"false\" src=\"https:\/\/s.w.org\/images\/core\/emoji\/17.0.2\/svg\/1f447-1f3fd.svg\" alt=\"\ud83d\udc47\ud83c\udffd\" \/><\/p>\n<p>\u00c0 la recherche d'alternatives ? Parcourir <a href=\"https:\/\/excursionsworld.com\/fr\/excursions-budva\/\">plus de visites \u00e0 Budva<\/a>.<\/p>","protected":false},"excerpt":{"rendered":"<p>D\u00e9couvrez la grotte bleue lors d'une excursion en bateau rapide au d\u00e9part de Budva. Nagez dans des eaux cristallines, visitez des plages cach\u00e9es et profitez d'une vue imprenable sur la Riviera de Budva.<\/p>","protected":false},"featured_media":16624,"comment_status":"open","ping_status":"closed","template":"","meta":[],"product_brand":[],"product_cat":[132],"product_tag":[123],"class_list":{"0":"post-16623","1":"product","2":"type-product","3":"status-publish","4":"has-post-thumbnail","6":"tour_phys-budva-tours","7":"product_cat-budva-tours","8":"product_tag-budva","9":"pa_montenegro-budva-tours","11":"first","12":"instock","13":"sale","14":"shipping-taxable","15":"purchasable","16":"product-type-tour_phys"},"aioseo_notices":[],"_links":{"self":[{"href":"https:\/\/excursionsworld.com\/fr\/wp-json\/wp\/v2\/product\/16623","targetHints":{"allow":["GET"]}}],"collection":[{"href":"https:\/\/excursionsworld.com\/fr\/wp-json\/wp\/v2\/product"}],"about":[{"href":"https:\/\/excursionsworld.com\/fr\/wp-json\/wp\/v2\/types\/product"}],"replies":[{"embeddable":true,"href":"https:\/\/excursionsworld.com\/fr\/wp-json\/wp\/v2\/comments?post=16623"}],"wp:featuredmedia":[{"embeddable":true,"href":"https:\/\/excursionsworld.com\/fr\/wp-json\/wp\/v2\/media\/16624"}],"wp:attachment":[{"href":"https:\/\/excursionsworld.com\/fr\/wp-json\/wp\/v2\/media?parent=16623"}],"wp:term":[{"taxonomy":"product_brand","embeddable":true,"href":"https:\/\/excursionsworld.com\/fr\/wp-json\/wp\/v2\/product_brand?post=16623"},{"taxonomy":"product_cat","embeddable":true,"href":"https:\/\/excursionsworld.com\/fr\/wp-json\/wp\/v2\/product_cat?post=16623"},{"taxonomy":"product_tag","embeddable":true,"href":"https:\/\/excursionsworld.com\/fr\/wp-json\/wp\/v2\/product_tag?post=16623"}],"curies":[{"name":"wp","href":"https:\/\/api.w.org\/{rel}","templated":true}]}}