{"id":16679,"date":"2026-03-20T22:11:47","date_gmt":"2026-03-20T19:11:47","guid":{"rendered":"https:\/\/excursionsworld.com\/?post_type=product&#038;p=16679\/"},"modified":"2026-03-21T20:01:24","modified_gmt":"2026-03-21T17:01:24","slug":"plongee-budva-montenegro","status":"publish","type":"product","link":"https:\/\/excursionsworld.com\/tours\/budva-scuba-diving-montenegro\/","title":{"rendered":"Plong\u00e9e Budva | Scuba Diving Mont\u00e9n\u00e9gro"},"content":{"rendered":"<h3 data-section-id=\"2p8n8v\" data-start=\"113\" data-end=\"133\"><span role=\"text\"><strong data-start=\"117\" data-end=\"133\">\ud83c\udfd9\ufe0f Vue d'ensemble<\/strong><\/span><\/h3>\n<p data-start=\"135\" data-end=\"521\">D\u00e9couvrez le monde sous-marin de l'Adriatique gr\u00e2ce \u00e0 cette exp\u00e9rience inoubliable de plong\u00e9e sous-marine autour de la mer. <span class=\"hover:entity-accent entity-underline inline cursor-pointer align-baseline\"><span class=\"whitespace-normal\">\u00cele de St. Nikola<\/span><\/span>. Que vous soyez un d\u00e9butant complet ou un plongeur certifi\u00e9, ce circuit offre une combinaison parfaite d'aventure, de s\u00e9curit\u00e9 et de conseils professionnels. Profitez d'eaux cristallines, d'une vie marine dynamique et de l'un des meilleurs sites de plong\u00e9e du Mont\u00e9n\u00e9gro.<\/p>\n<h3 data-section-id=\"ydfjyc\" data-start=\"523\" data-end=\"540\"><span role=\"text\"><strong data-start=\"527\" data-end=\"540\">Inclus :<\/strong><\/span><\/h3>\n<p data-start=\"542\" data-end=\"820\"><span style=\"color: #00ff00;\"><strong>\u2713<\/strong><\/span> Transfert aller-retour en bateau depuis Budva<br data-start=\"579\" data-end=\"582\" \/><span style=\"color: #00ff00;\"><strong>\u2713 <\/strong><\/span>Instructeurs professionnels certifi\u00e9s PADI<br data-start=\"623\" data-end=\"626\" \/><span style=\"color: #00ff00;\"><strong>\u2713 <\/strong><\/span>Equipement de plong\u00e9e complet (Cressi &amp; Scubapro)<br data-start=\"675\" data-end=\"678\" \/><span style=\"color: #00ff00;\"><strong>\u2713 <\/strong><\/span>Plong\u00e9e guid\u00e9e (d\u00e9butants et plongeurs certifi\u00e9s)<br data-start=\"733\" data-end=\"736\" \/><span style=\"color: #00ff00;\"><strong>\u2713 <\/strong><\/span>Boissons gratuites \u00e0 bord<br data-start=\"767\" data-end=\"770\" \/><span style=\"color: #00ff00;\"><strong>\u2713 <\/strong><\/span>Couverture d'assurance compl\u00e8te<br data-start=\"795\" data-end=\"798\" \/><span style=\"color: #00ff00;\"><strong>\u2713 <\/strong><\/span>Tous les imp\u00f4ts et taxes<\/p>\n<h3 data-section-id=\"1f64jv5\" data-start=\"822\" data-end=\"843\"><span role=\"text\"><strong data-start=\"826\" data-end=\"843\">Non inclus :<\/strong><\/span><\/h3>\n<p data-start=\"845\" data-end=\"946\"><span style=\"color: #ff0000;\"><strong>\u2717<\/strong> <\/span>D\u00e9penses personnelles<br data-start=\"864\" data-end=\"867\" \/><span style=\"color: #ff0000;\"><strong>\u2717<\/strong> \u00a0<\/span>Photos et vid\u00e9os (facultatif)<br data-start=\"897\" data-end=\"900\" \/><span style=\"color: #ff0000;\"><strong>\u2717<\/strong> <\/span>Collations (facultatives - vous pouvez apporter les v\u00f4tres)<\/p>\n<h3 data-section-id=\"gnzuxm\" data-start=\"948\" data-end=\"974\"><span role=\"text\"><strong data-start=\"952\" data-end=\"974\">\ud83c\udf1f Points forts de la visite<\/strong><\/span><\/h3>\n<p data-start=\"976\" data-end=\"1299\">\ud83d\udd39 Dive around the stunning <span class=\"hover:entity-accent entity-underline inline cursor-pointer align-baseline\"><span class=\"whitespace-normal\">\u00cele de St. Nikola<\/span><\/span><br data-start=\"1041\" data-end=\"1044\" \/>\ud83d\udd39 Parfait pour les d\u00e9butants et les plongeurs certifi\u00e9s<br data-start=\"1089\" data-end=\"1092\" \/>\ud83d\udd39 Explorer les grottes sous-marines, les r\u00e9cifs et la vie marine<br data-start=\"1143\" data-end=\"1146\" \/>\ud83d\udd39 Eaux cristallines de l'Adriatique avec une grande visibilit\u00e9<br data-start=\"1199\" data-end=\"1202\" \/>\ud83d\udd39 Exp\u00e9rience en petit groupe (max. 10 participants)<br data-start=\"1250\" data-end=\"1253\" \/>\ud83d\udd39 D\u00e9tente sur un bateau de plong\u00e9e de 15 m enti\u00e8rement \u00e9quip\u00e9<\/p>\n<h3 data-section-id=\"1jizkbc\" data-start=\"1301\" data-end=\"1328\"><span role=\"text\"><strong data-start=\"1305\" data-end=\"1328\">\ud83d\udcd6 Description compl\u00e8te<\/strong><\/span><\/h3>\n<p data-start=\"1330\" data-end=\"1588\">Votre aventure commence \u00e0 <span class=\"hover:entity-accent entity-underline inline cursor-pointer align-baseline\"><span class=\"whitespace-normal\">Plage de Slovenska<\/span><\/span>, o\u00f9 vous rencontrerez votre \u00e9quipe de plongeurs professionnels. Apr\u00e8s une br\u00e8ve pr\u00e9sentation, vous monterez \u00e0 bord d'un bateau de plong\u00e9e confortable et enti\u00e8rement \u00e9quip\u00e9 et mettrez le cap sur l'\u00e9poustouflante \u00eele de Saint-Nikola.<\/p>\n<p data-start=\"1590\" data-end=\"1739\">Avant d'entrer dans l'eau, vous recevrez un briefing d\u00e9taill\u00e9 sur la s\u00e9curit\u00e9 couvrant l'utilisation de l'\u00e9quipement, la communication sous-marine et les principales techniques de plong\u00e9e.<\/p>\n<p data-start=\"1741\" data-end=\"1979\">Pour les d\u00e9butants, des instructeurs exp\u00e9riment\u00e9s fournissent des conseils \u00e9tape par \u00e9tape et un soutien individuel, garantissant une premi\u00e8re plong\u00e9e s\u00fbre et agr\u00e9able. Les plongeurs certifi\u00e9s peuvent explorer des zones plus profondes, des grottes sous-marines et des r\u00e9cifs dynamiques adapt\u00e9s \u00e0 leur niveau.<\/p>\n<p data-start=\"1981\" data-end=\"2221\">Au cours de votre plong\u00e9e, vous d\u00e9couvrirez le riche \u00e9cosyst\u00e8me marin de l'Adriatique, y compris les poissons color\u00e9s et les formations sous-marines fascinantes. Apr\u00e8s la plong\u00e9e, d\u00e9tendez-vous sur le bateau avec des boissons gratuites et profitez du retour pittoresque vers Budva.<\/p>\n<h3 data-section-id=\"1e4kph\" data-start=\"2223\" data-end=\"2249\"><span role=\"text\"><strong data-start=\"2227\" data-end=\"2249\">\ud83d\uddfa\ufe0f Itin\u00e9raire de la visite<\/strong><\/span><\/h3>\n<p data-start=\"2251\" data-end=\"2490\">\ud83d\udd39 R\u00e9union \u00e0 la plage Slovenska, Budva<br data-start=\"2287\" data-end=\"2290\" \/>\ud83d\udd39 D\u00e9part en bateau et croisi\u00e8re panoramique<br data-start=\"2325\" data-end=\"2328\" \/>\ud83d\udd39 Briefing sur la s\u00e9curit\u00e9 et pr\u00e9paration de l'\u00e9quipement<br data-start=\"2372\" data-end=\"2375\" \/>\ud83d\udd39 S\u00e9ance de plong\u00e9e (d\u00e9butants ou plongeurs certifi\u00e9s)<br data-start=\"2424\" data-end=\"2427\" \/>\ud83d\udd39 D\u00e9tente et boissons \u00e0 bord<br data-start=\"2460\" data-end=\"2463\" \/>\ud83d\udd39 Retour au port de plaisance de Budva<\/p>\n<h3 data-section-id=\"1fgl4g2\" data-start=\"2492\" data-end=\"2534\"><span role=\"text\"><strong data-start=\"2496\" data-end=\"2534\">\u2139\ufe0f Ce qu'il faut savoir avant de partir<\/strong><\/span><\/h3>\n<p data-start=\"2536\" data-end=\"2811\">Dur\u00e9e : Environ 3,5 - 4 heures<br data-start=\"2576\" data-end=\"2579\" \/>\ud83d\udd39 Petits groupes (maximum 10 participants)<br data-start=\"2620\" data-end=\"2623\" \/>\ud83d\udd39 Convient aux d\u00e9butants et aux plongeurs exp\u00e9riment\u00e9s<br data-start=\"2671\" data-end=\"2674\" \/>\ud83d\udd39 \u00c2ge minimum : 10 ans<br data-start=\"2698\" data-end=\"2701\" \/>\ud83d\udd39 L'excursion peut \u00eatre report\u00e9e en fonction de l'\u00e9tat de la mer.<br data-start=\"2755\" data-end=\"2758\" \/>\ud83d\udd39 Annulation gratuite jusqu'\u00e0 24 heures avant la visite<\/p>\n<h3 data-section-id=\"zapgrt\" data-start=\"2813\" data-end=\"2837\"><span role=\"text\"><strong data-start=\"2817\" data-end=\"2837\">\ud83c\udf92 Ce qu'il faut apporter<\/strong><\/span><\/h3>\n<p data-start=\"2839\" data-end=\"2934\">Maillot de bain et serviette de bain<br data-start=\"2860\" data-end=\"2863\" \/>\ud83d\udd39 Changement de v\u00eatements<br data-start=\"2883\" data-end=\"2886\" \/>\ud83d\udd39 Appareil photo ou smartphone<br data-start=\"2909\" data-end=\"2912\" \/>\ud83d\udd39 En-cas (facultatif)<\/p>\n<h3 data-section-id=\"1kfbjov\" data-start=\"2936\" data-end=\"2963\"><span role=\"text\"><strong data-start=\"2940\" data-end=\"2963\">\ud83d\udeab Ne convient pas pour<\/strong><\/span><\/h3>\n<p data-start=\"2965\" data-end=\"3088\">\ud83d\udd39 Femmes enceintes<br data-start=\"2982\" data-end=\"2985\" \/>\ud83d\udd39 Invit\u00e9s sous l'influence de l'alcool<br data-start=\"3025\" data-end=\"3028\" \/>\ud83d\udd39 Les h\u00f4tes souffrant d'une pathologie grave affectant la plong\u00e9e<\/p>\n<h3 data-section-id=\"7egtho\" data-start=\"3260\" data-end=\"3288\"><strong data-start=\"3264\" data-end=\"3288\">\ud83d\udcb8 Prix et r\u00e9servation<\/strong><\/h3>\n<p data-start=\"3289\" data-end=\"3426\">\ud83d\udd39 R\u00e9server maintenant, payer le jour de la visite<br data-start=\"3314\" data-end=\"3317\" \/>\ud83d\udd39 Annulation gratuite jusqu'\u00e0 24 heures avant la visite<br data-start=\"3368\" data-end=\"3371\" \/><img decoding=\"async\" class=\"emoji\" role=\"img\" draggable=\"false\" src=\"https:\/\/s.w.org\/images\/core\/emoji\/17.0.2\/svg\/1f539.svg\" alt=\"\ud83d\udd39\" \/>\u00a0Contactez-nous via WhatsApp, Telegram, Viber, ou remplissez le formulaire de r\u00e9servation ci-dessous.\u00a0<img decoding=\"async\" class=\"emoji\" role=\"img\" draggable=\"false\" src=\"https:\/\/s.w.org\/images\/core\/emoji\/17.0.2\/svg\/1f447-1f3fd.svg\" alt=\"\ud83d\udc47\ud83c\udffd\" \/><\/p>","protected":false},"excerpt":{"rendered":"<div class=\"flex flex-col text-sm\">\n<section class=\"text-token-text-primary w-full focus:outline-none [--shadow-height:45px] has-data-writing-block:pointer-events-none has-data-writing-block:-mt-(--shadow-height) has-data-writing-block:pt-(--shadow-height) [&amp;:has([data-writing-block])&gt;*]:pointer-events-auto scroll-mt-[calc(var(--header-height)+min(200px,max(70px,20svh)))]\" dir=\"auto\" data-turn-id=\"request-69590739-b37c-832d-a564-b6a9176a13ab-8\" data-testid=\"conversation-turn-166\" data-scroll-anchor=\"true\" data-turn=\"assistant\">\n<div class=\"text-base my-auto mx-auto pb-10 [--thread-content-margin:var(--thread-content-margin-xs,calc(var(--spacing)*4))] @w-sm\/main:[--thread-content-margin:var(--thread-content-margin-sm,calc(var(--spacing)*6))] @w-lg\/main:[--thread-content-margin:var(--thread-content-margin-lg,calc(var(--spacing)*16))] px-(--thread-content-margin)\">\n<div class=\"[--thread-content-max-width:40rem] @w-lg\/main:[--thread-content-max-width:48rem] mx-auto max-w-(--thread-content-max-width) flex-1 group\/turn-messages focus-visible:outline-hidden relative flex w-full min-w-0 flex-col agent-turn\">\n<div class=\"flex max-w-full flex-col gap-4 grow\">\n<div class=\"min-h-8 text-message relative flex w-full flex-col items-end gap-2 text-start break-words whitespace-normal outline-none keyboard-focused:focus-ring [.text-message+&amp;]:mt-1\" dir=\"auto\" tabindex=\"0\" data-message-author-role=\"assistant\" data-message-id=\"55a843e8-7f2f-4623-ab1b-c46ea4766cc7\" data-message-model-slug=\"gpt-5-mini\" data-turn-start-message=\"true\">\n<div class=\"flex w-full flex-col gap-1 empty:hidden\">\n<div class=\"markdown prose dark:prose-invert w-full wrap-break-word light markdown-new-styling\">\n<p data-start=\"0\" data-end=\"164\" data-is-last-node=\"\" data-is-only-node=\"\">Budva scuba diving experience around St. Nikola Island. Join a safe, guided dive in crystal-clear Adriatic waters with expert PADI instructors, ideal for beginners.<\/p>\n<\/div>\n<\/div>\n<\/div>\n<\/div>\n<div class=\"z-0 flex min-h-[46px] justify-start\"><\/div>\n<div class=\"mt-3 w-full empty:hidden\">\n<div class=\"text-center\"><\/div>\n<\/div>\n<\/div>\n<\/div>\n<\/section>\n<\/div>\n<div class=\"pointer-events-none h-px w-px absolute bottom-0\" aria-hidden=\"true\" data-edge=\"true\"><\/div>\n","protected":false},"featured_media":16680,"comment_status":"open","ping_status":"closed","template":"","meta":[],"product_brand":[],"product_cat":[132],"product_tag":[123],"class_list":{"0":"post-16679","1":"product","2":"type-product","3":"status-publish","4":"has-post-thumbnail","6":"tour_phys-budva-tours","7":"product_cat-budva-tours","8":"product_tag-budva","9":"pa_montenegro-budva-tours","11":"first","12":"instock","13":"sale","14":"shipping-taxable","15":"purchasable","16":"product-type-tour_phys"},"aioseo_notices":[],"_links":{"self":[{"href":"https:\/\/excursionsworld.com\/fr\/wp-json\/wp\/v2\/product\/16679","targetHints":{"allow":["GET"]}}],"collection":[{"href":"https:\/\/excursionsworld.com\/fr\/wp-json\/wp\/v2\/product"}],"about":[{"href":"https:\/\/excursionsworld.com\/fr\/wp-json\/wp\/v2\/types\/product"}],"replies":[{"embeddable":true,"href":"https:\/\/excursionsworld.com\/fr\/wp-json\/wp\/v2\/comments?post=16679"}],"wp:featuredmedia":[{"embeddable":true,"href":"https:\/\/excursionsworld.com\/fr\/wp-json\/wp\/v2\/media\/16680"}],"wp:attachment":[{"href":"https:\/\/excursionsworld.com\/fr\/wp-json\/wp\/v2\/media?parent=16679"}],"wp:term":[{"taxonomy":"product_brand","embeddable":true,"href":"https:\/\/excursionsworld.com\/fr\/wp-json\/wp\/v2\/product_brand?post=16679"},{"taxonomy":"product_cat","embeddable":true,"href":"https:\/\/excursionsworld.com\/fr\/wp-json\/wp\/v2\/product_cat?post=16679"},{"taxonomy":"product_tag","embeddable":true,"href":"https:\/\/excursionsworld.com\/fr\/wp-json\/wp\/v2\/product_tag?post=16679"}],"curies":[{"name":"wp","href":"https:\/\/api.w.org\/{rel}","templated":true}]}}