{"id":16690,"date":"2026-03-22T18:07:29","date_gmt":"2026-03-22T15:07:29","guid":{"rendered":"https:\/\/excursionsworld.com\/?post_type=product&#038;p=16690\/"},"modified":"2026-03-22T19:16:39","modified_gmt":"2026-03-22T16:16:39","slug":"rafting-riviere-tara-kotor","status":"publish","type":"product","link":"https:\/\/excursionsworld.com\/tours\/tara-river-rafting-kotor\/","title":{"rendered":"Rafting sur la rivi\u00e8re Tara au d\u00e9part de Kotor"},"content":{"rendered":"<h3 data-section-id=\"2p8n8v\" data-start=\"189\" data-end=\"209\"><span role=\"text\"><strong data-start=\"193\" data-end=\"209\">\ud83c\udfd9\ufe0f Vue d'ensemble<\/strong><\/span><\/h3>\n<p data-start=\"211\" data-end=\"575\">Vivez une aventure inoubliable de rafting en eaux vives sur la l\u00e9gendaire <span class=\"hover:entity-accent entity-underline inline cursor-pointer align-baseline\"><span class=\"whitespace-normal\">Canyon de la rivi\u00e8re Tara<\/span><\/span>, Le canyon le plus profond d'Europe. Au d\u00e9part de <span class=\"hover:entity-accent entity-underline inline cursor-pointer align-baseline\"><span class=\"whitespace-normal\">Kotor<\/span><\/span>, Cette excursion d'une journ\u00e9e combine l'adr\u00e9naline, des paysages \u00e9poustouflants et l'authentique hospitalit\u00e9 mont\u00e9n\u00e9grine dans l'un des environnements naturels les plus \u00e9poustouflants des Balkans.<\/p>\n<h3 data-section-id=\"ydfjyc\" data-start=\"577\" data-end=\"594\"><span role=\"text\"><strong data-start=\"581\" data-end=\"594\">Inclus :<\/strong><\/span><\/h3>\n<p data-start=\"596\" data-end=\"864\"><span style=\"color: #00ff00;\"><strong>\u2713<\/strong><\/span> Transfert aller-retour depuis Kotor<br data-start=\"628\" data-end=\"631\" \/><span style=\"color: #00ff00;\"><strong>\u2713 <\/strong><\/span>Skippers professionnels agr\u00e9\u00e9s pour le rafting<br data-start=\"671\" data-end=\"674\" \/><span style=\"color: #00ff00;\"><strong>\u2713 <\/strong><\/span>Guide touristique anglophone<br data-start=\"703\" data-end=\"706\" \/><span style=\"color: #00ff00;\"><strong>\u2713 <\/strong><\/span>Equipement complet de rafting (casque, combinaison, chaussures, gilet de sauvetage)<br data-start=\"768\" data-end=\"771\" \/><span style=\"color: #00ff00;\"><strong>\u2713 <\/strong><\/span>Petit-d\u00e9jeuner et d\u00e9jeuner au bord de la rivi\u00e8re<br data-start=\"802\" data-end=\"805\" \/><span style=\"color: #00ff00;\"><strong>\u2713 <\/strong><\/span>Droits d'entr\u00e9e dans les parcs nationaux<br data-start=\"834\" data-end=\"837\" \/><span style=\"color: #00ff00;\"><strong>\u2713 <\/strong><\/span>Couverture d'assurance compl\u00e8te<\/p>\n<h3 data-section-id=\"1f64jv5\" data-start=\"866\" data-end=\"887\"><span role=\"text\"><strong data-start=\"870\" data-end=\"887\">Non inclus :<\/strong><\/span><\/h3>\n<p data-start=\"889\" data-end=\"934\"><span style=\"color: #ff0000;\"><strong>\u2717<\/strong> <\/span>D\u00e9penses personnelles<br data-start=\"908\" data-end=\"911\" \/><span style=\"color: #ff0000;\"><strong>\u2717<\/strong> <\/span>Boissons pendant les repas<\/p>\n<h3 data-section-id=\"gnzuxm\" data-start=\"936\" data-end=\"962\"><span role=\"text\"><strong data-start=\"940\" data-end=\"962\">\ud83c\udf1f Points forts de la visite<\/strong><\/span><\/h3>\n<p data-start=\"964\" data-end=\"1239\">\ud83d\udd39 Rafting \u00e0 travers le spectaculaire <span class=\"hover:entity-accent entity-underline inline cursor-pointer align-baseline\"><span class=\"whitespace-normal\">Canyon de la rivi\u00e8re Tara<\/span><\/span><br data-start=\"1033\" data-end=\"1036\" \/>\ud83d\udd39 Vivre l'exp\u00e9rience de rapides en eaux vives \u00e0 couper le souffle<br data-start=\"1077\" data-end=\"1080\" \/>\ud83d\udd39 D\u00e9couverte de la nature et de la faune prot\u00e9g\u00e9es par l'UNESCO<br data-start=\"1128\" data-end=\"1131\" \/>\ud83d\udd39 Petit-d\u00e9jeuner et d\u00e9jeuner traditionnels mont\u00e9n\u00e9grins<br data-start=\"1181\" data-end=\"1184\" \/>\ud83d\udd39 Arr\u00eats de baignade et s\u00e9ances de photos le long de la rivi\u00e8re<\/p>\n<h3 data-section-id=\"1jizkbc\" data-start=\"1241\" data-end=\"1268\"><span role=\"text\"><strong data-start=\"1245\" data-end=\"1268\">\ud83d\udcd6 Description compl\u00e8te<\/strong><\/span><\/h3>\n<p data-start=\"1270\" data-end=\"1526\">Votre journ\u00e9e commence par un d\u00e9part matinal de Kotor, suivi d'une route panoramique \u00e0 travers les paysages montagneux du Mont\u00e9n\u00e9gro. \u00c0 votre arriv\u00e9e \u00e0 \u0160\u0107epan Polje, vous prendrez un petit-d\u00e9jeuner traditionnel au bord de la rivi\u00e8re avant de vous pr\u00e9parer \u00e0 votre aventure en rafting.<\/p>\n<p data-start=\"1528\" data-end=\"1768\">Apr\u00e8s vous \u00eatre \u00e9quip\u00e9, vous serez transf\u00e9r\u00e9 \u00e0 Br\u0161tanovica, point de d\u00e9part de votre itin\u00e9raire de rafting. Sous la conduite de skippers exp\u00e9riment\u00e9s et agr\u00e9\u00e9s, vous traverserez des rapides passionnants, des sections calmes propices \u00e0 la baignade et des sites naturels cach\u00e9s.<\/p>\n<p data-start=\"1770\" data-end=\"1947\">Apr\u00e8s environ trois heures sur l'eau, vous retournerez \u00e0 la base o\u00f9 un d\u00e9licieux d\u00e9jeuner au bord de la rivi\u00e8re vous attend. Apr\u00e8s le repas, vous vous d\u00e9tendrez sur la route panoramique qui vous ram\u00e8nera \u00e0 Kotor.<\/p>\n<h3 data-section-id=\"1e4kph\" data-start=\"1949\" data-end=\"1975\"><span role=\"text\"><strong data-start=\"1953\" data-end=\"1975\">\ud83d\uddfa\ufe0f Itin\u00e9raire de la visite<\/strong><\/span><\/h3>\n<p data-start=\"1977\" data-end=\"2207\">\ud83d\udd39 07:00 - Prise en charge \u00e0 Kotor et d\u00e9part<br data-start=\"2017\" data-end=\"2020\" \/>\ud83d\udd39 Route panoramique \u00e0 travers le Mont\u00e9n\u00e9gro<br data-start=\"2054\" data-end=\"2057\" \/>\ud83d\udd39 Arriv\u00e9e \u00e0 \u0160\u0107epan Polje et petit-d\u00e9jeuner<br data-start=\"2095\" data-end=\"2098\" \/>\ud83d\udd39 Transfert vers le point de d\u00e9part du rafting<br data-start=\"2132\" data-end=\"2135\" \/>\ud83d\udd39 3 heures de rafting<br data-start=\"2163\" data-end=\"2166\" \/>\ud83d\udd39 D\u00e9jeuner au bord de l'eau<br data-start=\"2184\" data-end=\"2187\" \/>Retour \u00e0 Kotor<\/p>\n<h3 data-section-id=\"1fgl4g2\" data-start=\"2209\" data-end=\"2251\"><span role=\"text\"><strong data-start=\"2213\" data-end=\"2251\">\u2139\ufe0f Ce qu'il faut savoir avant de partir<\/strong><\/span><\/h3>\n<p data-start=\"2253\" data-end=\"2447\">Dur\u00e9e : Environ 12 heures<br data-start=\"2288\" data-end=\"2291\" \/>Passeport ou carte d'identit\u00e9 obligatoire<br data-start=\"2321\" data-end=\"2324\" \/>\ud83d\udd39 Convient aux amateurs d'aventure<br data-start=\"2356\" data-end=\"2359\" \/>\ud83d\udd39 L'excursion d\u00e9pend des conditions m\u00e9t\u00e9orologiques.<br data-start=\"2407\" data-end=\"2410\" \/>\ud83d\udd39 Annulation gratuite jusqu'\u00e0 24 heures<\/p>\n<h3 data-section-id=\"zapgrt\" data-start=\"2449\" data-end=\"2473\"><span role=\"text\"><strong data-start=\"2453\" data-end=\"2473\">\ud83c\udf92 Ce qu'il faut apporter<\/strong><\/span><\/h3>\n<p data-start=\"2475\" data-end=\"2571\">Maillot de bain et serviette de bain<br data-start=\"2496\" data-end=\"2499\" \/>\ud83d\udd39 Changement de v\u00eatements<br data-start=\"2519\" data-end=\"2522\" \/>\ud83d\udd39 Cr\u00e8me solaire et lunettes de soleil<br data-start=\"2549\" data-end=\"2552\" \/>\ud83d\udd39 Passeport ou carte d'identit\u00e9<\/p>\n<h3 data-section-id=\"1kfbjov\" data-start=\"2573\" data-end=\"2600\"><span role=\"text\"><strong data-start=\"2577\" data-end=\"2600\">\ud83d\udeab Ne convient pas pour<\/strong><\/span><\/h3>\n<p data-start=\"2602\" data-end=\"2683\">\ud83d\udd39 Les h\u00f4tes souffrant de troubles m\u00e9dicaux graves<br data-start=\"2643\" data-end=\"2646\" \/>\ud83d\udd39 Invit\u00e9s \u00e0 mobilit\u00e9 r\u00e9duite<\/p>\n<h3 data-start=\"3506\" data-end=\"3534\">\ud83d\udcb8 <strong data-start=\"3513\" data-end=\"3534\">Prix et r\u00e9servation<\/strong><\/h3>\n<p data-start=\"3535\" data-end=\"3674\">\ud83d\udd39 R\u00e9server maintenant, payer le jour m\u00eame\u00a0<br data-start=\"3560\" data-end=\"3563\" \/>\ud83d\udd39 Annulation gratuite jusqu'\u00e0 24 heures avant la visite<br data-start=\"3614\" data-end=\"3617\" \/>\ud83d\udd39 R\u00e9server facilement par WhatsApp ou par le formulaire de r\u00e9servation en ligne \ud83d\udc47\ud83c\udffd<\/p>","protected":false},"excerpt":{"rendered":"<p>Participez \u00e0 l'ultime aventure de rafting sur la rivi\u00e8re Tara depuis Kotor ! Partez \u00e0 la conqu\u00eate du canyon le plus profond d'Europe, profitez d'un d\u00e9jeuner au bord de la rivi\u00e8re et d\u00e9couvrez les meilleures eaux vives du Mont\u00e9n\u00e9gro.<\/p>","protected":false},"featured_media":16691,"comment_status":"open","ping_status":"closed","template":"","meta":[],"product_brand":[],"product_cat":[133],"product_tag":[131],"class_list":{"0":"post-16690","1":"product","2":"type-product","3":"status-publish","4":"has-post-thumbnail","6":"tour_phys-kotor-tours","7":"product_cat-kotor-tours","8":"product_tag-kotor","9":"pa_montenegro-kotor-tours","11":"first","12":"instock","13":"sale","14":"shipping-taxable","15":"purchasable","16":"product-type-tour_phys"},"aioseo_notices":[],"_links":{"self":[{"href":"https:\/\/excursionsworld.com\/fr\/wp-json\/wp\/v2\/product\/16690","targetHints":{"allow":["GET"]}}],"collection":[{"href":"https:\/\/excursionsworld.com\/fr\/wp-json\/wp\/v2\/product"}],"about":[{"href":"https:\/\/excursionsworld.com\/fr\/wp-json\/wp\/v2\/types\/product"}],"replies":[{"embeddable":true,"href":"https:\/\/excursionsworld.com\/fr\/wp-json\/wp\/v2\/comments?post=16690"}],"wp:featuredmedia":[{"embeddable":true,"href":"https:\/\/excursionsworld.com\/fr\/wp-json\/wp\/v2\/media\/16691"}],"wp:attachment":[{"href":"https:\/\/excursionsworld.com\/fr\/wp-json\/wp\/v2\/media?parent=16690"}],"wp:term":[{"taxonomy":"product_brand","embeddable":true,"href":"https:\/\/excursionsworld.com\/fr\/wp-json\/wp\/v2\/product_brand?post=16690"},{"taxonomy":"product_cat","embeddable":true,"href":"https:\/\/excursionsworld.com\/fr\/wp-json\/wp\/v2\/product_cat?post=16690"},{"taxonomy":"product_tag","embeddable":true,"href":"https:\/\/excursionsworld.com\/fr\/wp-json\/wp\/v2\/product_tag?post=16690"}],"curies":[{"name":"wp","href":"https:\/\/api.w.org\/{rel}","templated":true}]}}