{"id":16700,"date":"2026-03-22T19:16:56","date_gmt":"2026-03-22T16:16:56","guid":{"rendered":"https:\/\/excursionsworld.com\/?post_type=product&#038;p=16700\/"},"modified":"2026-03-22T20:06:31","modified_gmt":"2026-03-22T17:06:31","slug":"rafting-riviere-tara-budva","status":"publish","type":"product","link":"https:\/\/excursionsworld.com\/tours\/tara-river-rafting-budva\/","title":{"rendered":"Rafting sur la rivi\u00e8re Tara au d\u00e9part de Budva"},"content":{"rendered":"<h3 data-section-id=\"2p8n8v\" data-start=\"4879\" data-end=\"4899\"><span role=\"text\"><strong data-start=\"4883\" data-end=\"4899\">\ud83c\udfd9\ufe0f Vue d'ensemble<\/strong><\/span><\/h3>\n<p data-start=\"4901\" data-end=\"5132\">Participez \u00e0 une aventure \u00e9pique de rafting depuis <span class=\"hover:entity-accent entity-underline inline cursor-pointer align-baseline\"><span class=\"whitespace-normal\">Budva<\/span><\/span> ou <span class=\"hover:entity-accent entity-underline inline cursor-pointer align-baseline\"><span class=\"whitespace-normal\">Tivat<\/span><\/span> \u00e0 l'\u00e9poustouflante <span class=\"hover:entity-accent entity-underline inline cursor-pointer align-baseline\"><span class=\"whitespace-normal\">Canyon de la rivi\u00e8re Tara<\/span><\/span>. Cette exp\u00e9rience d'une journ\u00e9e compl\u00e8te associe des rapides palpitants \u00e0 une vue imprenable sur le canyon et \u00e0 une cuisine locale authentique.<\/p>\n<h3 data-section-id=\"ydfjyc\" data-start=\"577\" data-end=\"594\"><span role=\"text\"><strong data-start=\"581\" data-end=\"594\">Inclus :<\/strong><\/span><\/h3>\n<p data-start=\"596\" data-end=\"864\"><span style=\"color: #00ff00;\"><strong>\u2713<\/strong><\/span> Transfert aller-retour depuis Budva et Tivat<br data-start=\"628\" data-end=\"631\" \/><span style=\"color: #00ff00;\"><strong>\u2713 <\/strong><\/span>Skippers professionnels agr\u00e9\u00e9s pour le rafting<br data-start=\"671\" data-end=\"674\" \/><span style=\"color: #00ff00;\"><strong>\u2713 <\/strong><\/span>Guide touristique anglophone<br data-start=\"703\" data-end=\"706\" \/><span style=\"color: #00ff00;\"><strong>\u2713 <\/strong><\/span>Equipement complet de rafting (casque, combinaison, chaussures, gilet de sauvetage)<br data-start=\"768\" data-end=\"771\" \/><span style=\"color: #00ff00;\"><strong>\u2713 <\/strong><\/span>Petit-d\u00e9jeuner et d\u00e9jeuner au bord de la rivi\u00e8re<br data-start=\"802\" data-end=\"805\" \/><span style=\"color: #00ff00;\"><strong>\u2713 <\/strong><\/span>Droits d'entr\u00e9e dans les parcs nationaux<br data-start=\"834\" data-end=\"837\" \/><span style=\"color: #00ff00;\"><strong>\u2713 <\/strong><\/span>Couverture d'assurance compl\u00e8te<\/p>\n<h3 data-section-id=\"1f64jv5\" data-start=\"866\" data-end=\"887\"><span role=\"text\"><strong data-start=\"870\" data-end=\"887\">Non inclus :<\/strong><\/span><\/h3>\n<p data-start=\"889\" data-end=\"934\"><span style=\"color: #ff0000;\"><strong>\u2717<\/strong> <\/span>D\u00e9penses personnelles<br data-start=\"908\" data-end=\"911\" \/><span style=\"color: #ff0000;\"><strong>\u2717<\/strong> <\/span>Boissons pendant les repas<\/p>\n<h3 data-section-id=\"gnzuxm\" data-start=\"3464\" data-end=\"3490\"><span role=\"text\"><strong data-start=\"3468\" data-end=\"3490\">\ud83c\udf1f Points forts de la visite<\/strong><\/span><\/h3>\n<p data-start=\"3492\" data-end=\"3660\">\ud83d\udd39 Rafting dans le canyon le plus profond d'Europe<br data-start=\"3529\" data-end=\"3532\" \/>\ud83d\udd39 Rapides palpitants et paysages pittoresques<br data-start=\"3571\" data-end=\"3574\" \/>\ud83d\udd39 Repas mont\u00e9n\u00e9grins authentiques<br data-start=\"3604\" data-end=\"3607\" \/>\ud83d\udd39 Arr\u00eats baignade et photo<br data-start=\"3630\" data-end=\"3633\" \/>\ud83d\udd39 Exp\u00e9rience en petit groupe<\/p>\n<h3 data-section-id=\"1jizkbc\" data-start=\"3662\" data-end=\"3689\"><span role=\"text\"><strong data-start=\"3666\" data-end=\"3689\">\ud83d\udcd6 Description compl\u00e8te<\/strong><\/span><\/h3>\n<p data-start=\"3691\" data-end=\"3887\">Apr\u00e8s l'embarquement \u00e0 Budva ou Tivat, vous profiterez d'un voyage pittoresque \u00e0 travers les montagnes du Mont\u00e9n\u00e9gro en direction de la r\u00e9gion de la rivi\u00e8re Tara. \u00c0 l'arriv\u00e9e, un petit-d\u00e9jeuner traditionnel vous pr\u00e9parera \u00e0 l'aventure qui vous attend.<\/p>\n<p data-start=\"3889\" data-end=\"4074\">Votre voyage en rafting commence \u00e0 Br\u0161tanovica, o\u00f9 des skippers experts vous guident \u00e0 travers des rapides excitants et des sections de rivi\u00e8re paisibles. En cours de route, vous pourrez vous arr\u00eater pour nager et prendre des photos.<\/p>\n<p data-start=\"4076\" data-end=\"4181\">Apr\u00e8s la s\u00e9ance de rafting, retour \u00e0 la base pour un d\u00e9jeuner relaxant avant de repartir pour Budva ou Tivat.<\/p>\n<h3 data-section-id=\"1e4kph\" data-start=\"4183\" data-end=\"4209\"><span role=\"text\"><strong data-start=\"4187\" data-end=\"4209\">\ud83d\uddfa\ufe0f Itin\u00e9raire de la visite<\/strong><\/span><\/h3>\n<p data-start=\"4211\" data-end=\"4384\">\ud83d\udd39 Prise en charge t\u00f4t le matin (Budva \/ Tivat)<br data-start=\"4250\" data-end=\"4253\" \/>\ud83d\udd39 Route panoramique vers \u0160\u0107epan Polje<br data-start=\"4284\" data-end=\"4287\" \/>\ud83d\udd39 Petit d\u00e9jeuner<br data-start=\"4299\" data-end=\"4302\" \/>Transfert vers le lieu de d\u00e9part du rafting<br data-start=\"4330\" data-end=\"4333\" \/>3 heures de rafting<br data-start=\"4350\" data-end=\"4353\" \/>\ud83d\udd39 D\u00e9jeuner<br data-start=\"4361\" data-end=\"4364\" \/>\ud83d\udd39 Transfert de retour<\/p>\n<h3 data-section-id=\"1fgl4g2\" data-start=\"4386\" data-end=\"4428\"><span role=\"text\"><strong data-start=\"4390\" data-end=\"4428\">\u2139\ufe0f Ce qu'il faut savoir avant de partir<\/strong><\/span><\/h3>\n<p data-start=\"4430\" data-end=\"4538\">\ud83d\udd39 Excursion d'une journ\u00e9e (~12 heures)<br data-start=\"4458\" data-end=\"4461\" \/>\ud83d\udd39 Passeport obligatoire<br data-start=\"4481\" data-end=\"4484\" \/>\ud83d\udd39 Activit\u00e9 d\u00e9pendante des conditions m\u00e9t\u00e9orologiques<br data-start=\"4513\" data-end=\"4516\" \/>\ud83d\udd39 Annulation gratuite<\/p>\n<h3 data-section-id=\"zapgrt\" data-start=\"4540\" data-end=\"4564\"><span role=\"text\"><strong data-start=\"4544\" data-end=\"4564\">\ud83c\udf92 Ce qu'il faut apporter<\/strong><\/span><\/h3>\n<p data-start=\"4566\" data-end=\"4624\">\ud83d\udd39 Maillots de bain<br data-start=\"4577\" data-end=\"4580\" \/>\ud83d\udd39 Serviette<br data-start=\"4588\" data-end=\"4591\" \/>\ud83d\udd39 V\u00eatements de rechange<br data-start=\"4607\" data-end=\"4610\" \/>\ud83d\udd39 Cr\u00e8me solaire<\/p>\n<h3 data-section-id=\"1kfbjov\" data-start=\"4626\" data-end=\"4653\"><span role=\"text\"><strong data-start=\"4630\" data-end=\"4653\">\ud83d\udeab Ne convient pas pour<\/strong><\/span><\/h3>\n<p data-start=\"4655\" data-end=\"4723\">\ud83d\udd39 Les h\u00f4tes ayant des probl\u00e8mes de sant\u00e9<br data-start=\"4688\" data-end=\"4691\" \/>\ud83d\udd39 H\u00f4tes ayant des probl\u00e8mes de mobilit\u00e9<\/p>\n<h3 data-start=\"3506\" data-end=\"3534\">\ud83d\udcb8 <strong data-start=\"3513\" data-end=\"3534\">Prix et r\u00e9servation<\/strong><\/h3>\n<p data-start=\"3535\" data-end=\"3674\">\ud83d\udd39 R\u00e9server maintenant, payer le jour m\u00eame\u00a0<br data-start=\"3560\" data-end=\"3563\" \/>\ud83d\udd39 Annulation gratuite jusqu'\u00e0 24 heures avant la visite<br data-start=\"3614\" data-end=\"3617\" \/>\ud83d\udd39 R\u00e9server facilement par WhatsApp ou par le formulaire de r\u00e9servation en ligne \ud83d\udc47\ud83c\udffd<\/p>","protected":false},"excerpt":{"rendered":"<p>Participez \u00e0 l'aventure du rafting sur la rivi\u00e8re Tara depuis Budva et Tivat ! Partez \u00e0 la conqu\u00eate du canyon le plus profond d'Europe, profitez d'un d\u00e9jeuner au bord de la rivi\u00e8re et vivez l'exp\u00e9rience ultime au Mont\u00e9n\u00e9gro.<\/p>","protected":false},"featured_media":16691,"comment_status":"open","ping_status":"closed","template":"","meta":[],"product_brand":[],"product_cat":[132],"product_tag":[123],"class_list":{"0":"post-16700","1":"product","2":"type-product","3":"status-publish","4":"has-post-thumbnail","6":"tour_phys-budva-tours","7":"product_cat-budva-tours","8":"product_tag-budva","9":"pa_montenegro-budva-tours","11":"first","12":"instock","13":"sale","14":"shipping-taxable","15":"purchasable","16":"product-type-tour_phys"},"aioseo_notices":[],"_links":{"self":[{"href":"https:\/\/excursionsworld.com\/fr\/wp-json\/wp\/v2\/product\/16700","targetHints":{"allow":["GET"]}}],"collection":[{"href":"https:\/\/excursionsworld.com\/fr\/wp-json\/wp\/v2\/product"}],"about":[{"href":"https:\/\/excursionsworld.com\/fr\/wp-json\/wp\/v2\/types\/product"}],"replies":[{"embeddable":true,"href":"https:\/\/excursionsworld.com\/fr\/wp-json\/wp\/v2\/comments?post=16700"}],"wp:featuredmedia":[{"embeddable":true,"href":"https:\/\/excursionsworld.com\/fr\/wp-json\/wp\/v2\/media\/16691"}],"wp:attachment":[{"href":"https:\/\/excursionsworld.com\/fr\/wp-json\/wp\/v2\/media?parent=16700"}],"wp:term":[{"taxonomy":"product_brand","embeddable":true,"href":"https:\/\/excursionsworld.com\/fr\/wp-json\/wp\/v2\/product_brand?post=16700"},{"taxonomy":"product_cat","embeddable":true,"href":"https:\/\/excursionsworld.com\/fr\/wp-json\/wp\/v2\/product_cat?post=16700"},{"taxonomy":"product_tag","embeddable":true,"href":"https:\/\/excursionsworld.com\/fr\/wp-json\/wp\/v2\/product_tag?post=16700"}],"curies":[{"name":"wp","href":"https:\/\/api.w.org\/{rel}","templated":true}]}}