{"id":16701,"date":"2026-03-22T19:40:51","date_gmt":"2026-03-22T16:40:51","guid":{"rendered":"https:\/\/excursionsworld.com\/?post_type=product&#038;p=16701\/"},"modified":"2026-04-24T01:27:24","modified_gmt":"2026-04-23T22:27:24","slug":"rafting-riviere-tara-herceg-novi","status":"publish","type":"product","link":"https:\/\/excursionsworld.com\/tours\/tara-river-rafting-herceg-novi\/","title":{"rendered":"Rafting sur la rivi\u00e8re Tara au d\u00e9part de Herceg Novi"},"content":{"rendered":"<h2 data-section-id=\"2p8n8v\"><span role=\"text\"><strong>\ud83c\udfd9\ufe0f Vue d'ensemble<\/strong><\/span><\/h2>\n<p>Au d\u00e9part de <span class=\"hover:entity-accent entity-underline inline cursor-pointer align-baseline\"><span class=\"whitespace-normal\"><a href=\"https:\/\/en.wikipedia.org\/wiki\/Herceg_Novi\" target=\"_blank\" rel=\"noopener\">Herceg Novi<\/a><\/span><\/span>, Cette excursion d'une journ\u00e9e en rafting vous emm\u00e8ne sur les magnifiques rivi\u00e8res de la r\u00e9gion. <span class=\"hover:entity-accent entity-underline inline cursor-pointer align-baseline\"><span class=\"whitespace-normal\">Canyon de la rivi\u00e8re Tara<\/span><\/span>. D\u00e9couvrez l'adr\u00e9naline, la nature et l'un des paysages fluviaux les plus spectaculaires d'Europe.<\/p>\n<h3 data-section-id=\"ydfjyc\"><span role=\"text\"><strong>Inclus :<\/strong><\/span><\/h3>\n<p><span style=\"color: #00ff00;\"><strong>\u2713<\/strong><\/span> Transfert aller-retour depuis Herceg Novi<br \/>\n<span style=\"color: #00ff00;\"><strong>\u2713 <\/strong><\/span>Skippers professionnels agr\u00e9\u00e9s pour le rafting<br \/>\n<span style=\"color: #00ff00;\"><strong>\u2713 <\/strong><\/span>Guide touristique anglophone<br \/>\n<span style=\"color: #00ff00;\"><strong>\u2713 <\/strong><\/span>Equipement complet de rafting (casque, combinaison, chaussures, gilet de sauvetage)<br \/>\n<span style=\"color: #00ff00;\"><strong>\u2713 <\/strong><\/span>Petit-d\u00e9jeuner et d\u00e9jeuner au bord de la rivi\u00e8re<br \/>\n<span style=\"color: #00ff00;\"><strong>\u2713 <\/strong><\/span>Droits d'entr\u00e9e dans les parcs nationaux<br \/>\n<span style=\"color: #00ff00;\"><strong>\u2713 <\/strong><\/span>Couverture d'assurance compl\u00e8te<\/p>\n<h3 data-section-id=\"1f64jv5\"><span role=\"text\"><strong>Non inclus :<\/strong><\/span><\/h3>\n<p><span style=\"color: #ff0000;\"><strong>\u2717<\/strong> <\/span>D\u00e9penses personnelles<br \/>\n<span style=\"color: #ff0000;\"><strong>\u2717<\/strong> <\/span>Boissons pendant les repas<\/p>\n<h2 data-section-id=\"gnzuxm\"><span role=\"text\"><strong>\ud83c\udf1f Points forts de la visite<\/strong><\/span><\/h2>\n<p>\ud83d\udd39 Explorer le canyon de la rivi\u00e8re Tara<br \/>\n\ud83d\udd39 Exp\u00e9rience passionnante de rafting en eaux vives<br \/>\n\ud83d\udd39 Repas traditionnels locaux<br \/>\n\ud83d\udd39 Pauses baignade et photo<br \/>\n\ud83d\udd39 Vue imprenable sur les canyons<\/p>\n<h2 data-section-id=\"1jizkbc\"><span role=\"text\"><strong>\ud83d\udcd6 Description compl\u00e8te<\/strong><\/span><\/h2>\n<p>Votre voyage commence par une prise en charge matinale \u00e0 Herceg Novi et un trajet pittoresque \u00e0 l'int\u00e9rieur des terres. Une fois arriv\u00e9 \u00e0 la base de rafting, prenez votre petit-d\u00e9jeuner avant de vous pr\u00e9parer \u00e0 l'aventure.<\/p>\n<p>Avec l'aide de professionnels, vous traverserez l'un des canyons les plus impressionnants d'Europe, en naviguant \u00e0 la fois dans des rapides excitants et dans des sections calmes.<\/p>\n<p>Apr\u00e8s l'exp\u00e9rience du rafting, un d\u00e9jeuner est servi au bord de la rivi\u00e8re avant de retourner confortablement \u00e0 Herceg Novi.<\/p>\n<h3 data-section-id=\"1e4kph\"><span role=\"text\"><strong>\ud83d\uddfa\ufe0f Itin\u00e9raire de la visite<\/strong><\/span><\/h3>\n<p>\ud83d\udd39 Prise en charge matinale \u00e0 Herceg Novi<br \/>\n\ud83d\udd39 Transfert sc\u00e9nique<br \/>\n\ud83d\udd39 Petit d\u00e9jeuner<br \/>\n\ud83d\udd39 Exp\u00e9rience de rafting<br \/>\n\ud83d\udd39 D\u00e9jeuner<br \/>\n\ud83d\udd39 Voyage de retour<\/p>\n<h3 data-section-id=\"1fgl4g2\"><span role=\"text\"><strong>\u2139\ufe0f Ce qu'il faut savoir avant de partir<\/strong><\/span><\/h3>\n<p>Dur\u00e9e : 12 heures<br \/>\n\ud83d\udd39 Passeport obligatoire<br \/>\n\ud83d\udd39 En fonction des conditions m\u00e9t\u00e9orologiques<br \/>\n\ud83d\udd39 Annulation gratuite possible<\/p>\n<h2 data-section-id=\"zapgrt\"><span role=\"text\"><strong>\ud83c\udf92 Ce qu'il faut apporter<\/strong><\/span><\/h2>\n<p>\ud83d\udd39 Maillots de bain<br \/>\n\ud83d\udd39 Serviette<br \/>\n\ud83d\udd39 Changement de v\u00eatements<br \/>\n\ud83d\udd39 Cr\u00e8me solaire<\/p>\n<h3 data-section-id=\"1kfbjov\"><span role=\"text\"><strong>\ud83d\udeab Ne convient pas pour<\/strong><\/span><\/h3>\n<p>\ud83d\udd39 Les h\u00f4tes ayant de graves probl\u00e8mes de sant\u00e9<br \/>\n\ud83d\udd39 H\u00f4tes \u00e0 mobilit\u00e9 r\u00e9duite<\/p>\n<h2>\ud83d\udcb8 <strong>Prix et r\u00e9servation<\/strong><\/h2>\n<p>\ud83d\udd39 R\u00e9server maintenant, payer le jour m\u00eame<br \/>\n\ud83d\udd39 Annulation gratuite jusqu'\u00e0 24 heures avant la visite<br \/>\n\ud83d\udd39 R\u00e9server facilement par WhatsApp ou par le formulaire de r\u00e9servation en ligne \ud83d\udc47\ud83c\udffd<\/p>\n<p>\u00c0 la recherche d'alternatives ? Parcourir <a href=\"https:\/\/excursionsworld.com\/fr\/excursions-herceg-novi\/\">plus de visites \u00e0 Herceg Novi<\/a>.<\/p>","protected":false},"excerpt":{"rendered":"<p>Participez \u00e0 l'aventure du rafting sur la rivi\u00e8re Tara depuis Herceg Novi ! Partez \u00e0 la conqu\u00eate du canyon le plus profond d'Europe, profitez d'un d\u00e9jeuner au bord de la rivi\u00e8re et vivez l'exp\u00e9rience ultime au Mont\u00e9n\u00e9gro.<\/p>","protected":false},"featured_media":16691,"comment_status":"open","ping_status":"closed","template":"","meta":[],"product_brand":[],"product_cat":[134],"product_tag":[135],"class_list":{"0":"post-16701","1":"product","2":"type-product","3":"status-publish","4":"has-post-thumbnail","6":"tour_phys-herceg-novi-tours","7":"product_cat-herceg-novi-tours","8":"product_tag-herceg-novi","9":"pa_montenegro-kotor-tours","11":"first","12":"instock","13":"sale","14":"shipping-taxable","15":"purchasable","16":"product-type-tour_phys"},"aioseo_notices":[],"_links":{"self":[{"href":"https:\/\/excursionsworld.com\/fr\/wp-json\/wp\/v2\/product\/16701","targetHints":{"allow":["GET"]}}],"collection":[{"href":"https:\/\/excursionsworld.com\/fr\/wp-json\/wp\/v2\/product"}],"about":[{"href":"https:\/\/excursionsworld.com\/fr\/wp-json\/wp\/v2\/types\/product"}],"replies":[{"embeddable":true,"href":"https:\/\/excursionsworld.com\/fr\/wp-json\/wp\/v2\/comments?post=16701"}],"wp:featuredmedia":[{"embeddable":true,"href":"https:\/\/excursionsworld.com\/fr\/wp-json\/wp\/v2\/media\/16691"}],"wp:attachment":[{"href":"https:\/\/excursionsworld.com\/fr\/wp-json\/wp\/v2\/media?parent=16701"}],"wp:term":[{"taxonomy":"product_brand","embeddable":true,"href":"https:\/\/excursionsworld.com\/fr\/wp-json\/wp\/v2\/product_brand?post=16701"},{"taxonomy":"product_cat","embeddable":true,"href":"https:\/\/excursionsworld.com\/fr\/wp-json\/wp\/v2\/product_cat?post=16701"},{"taxonomy":"product_tag","embeddable":true,"href":"https:\/\/excursionsworld.com\/fr\/wp-json\/wp\/v2\/product_tag?post=16701"}],"curies":[{"name":"wp","href":"https:\/\/api.w.org\/{rel}","templated":true}]}}