{"id":16712,"date":"2026-04-04T15:31:23","date_gmt":"2026-04-04T12:31:23","guid":{"rendered":"https:\/\/excursionsworld.com\/?post_type=product&#038;p=16712\/"},"modified":"2026-04-24T01:27:25","modified_gmt":"2026-04-23T22:27:25","slug":"location-yacht-prive-side-luxe","status":"publish","type":"product","link":"https:\/\/excursionsworld.com\/tours\/side-private-yacht-charter\/","title":{"rendered":"Location de Yacht Priv\u00e9 \u00e0 Side: Motor Yacht de Luxe"},"content":{"rendered":"<h2 data-section-id=\"1elwh7z\">\ud83c\udfd9\ufe0f Vue d'ensemble<\/h2>\n<div>Mettez les voiles sur l'\u00e9l\u00e9gant <strong>Clair de lune \u2013 Fairline Squadron 55<\/strong>, un yacht \u00e0 moteur priv\u00e9 haut de gamme offrant une exp\u00e9rience de navigation raffin\u00e9e le long de la <a href=\"https:\/\/en.wikipedia.org\/wiki\/Side,_Turkey\" target=\"_blank\" rel=\"noopener\">Side<\/a> littoral et fleuve Manavgat.<\/div>\n<div>Parfait pour les couples, les familles et les petits groupes priv\u00e9s, ce yacht de luxe allie design spacieux, confort et service haut de gamme. Profitez d'eaux cristallines, de vues c\u00f4ti\u00e8res pittoresques et d'une intimit\u00e9 totale avec des transferts porte \u00e0 porte pratiques.<\/div>\n<h3><strong>Inclus :<\/strong><\/h3>\n<p><strong><span style=\"color: #00ff00;\">\u2713<\/span> <\/strong>Location d'un yacht priv\u00e9 (jusqu'\u00e0 12 personnes)<br \/>\n<strong><span style=\"color: #00ff00;\">\u2713<\/span> <\/strong>Transfert aller-retour \u00e0 l'h\u00f4tel<br \/>\n<strong><span style=\"color: #00ff00;\">\u2713<\/span> <\/strong>Capitaine et \u00e9quipage professionnels<br \/>\n<strong><span style=\"color: #00ff00;\">\u2713<\/span> <\/strong>D\u00e9jeuner ou d\u00eener barbecue : Poisson grill\u00e9 \/ Poulet \/ Boulettes de viande<br \/>\n<strong><span style=\"color: #00ff00;\">\u2713<\/span> <\/strong>P\u00e2tes, riz et fruits de saison<br \/>\n<strong><span style=\"color: #00ff00;\">\u2713<\/span> <\/strong>4 types d'entr\u00e9es et 2 types de salades<br \/>\n<strong><span style=\"color: #00ff00;\">\u2713<\/span> <\/strong>Boissons non alcoolis\u00e9es \u00e0 volont\u00e9<br \/>\n<strong><span style=\"color: #00ff00;\">\u2713<\/span> <\/strong>Wi-Fi gratuit \u00e0 bord<br \/>\n<strong><span style=\"color: #00ff00;\">\u2713<\/span> <\/strong>SUP Board, Snorkeling et mat\u00e9riel de p\u00eache amateur<\/p>\n<h3><strong>Exclus :<\/strong><\/h3>\n<p><strong><span style=\"color: #ff0000;\">\u2717<\/span> <\/strong>Boissons alcoolis\u00e9es<br \/>\n<strong><span style=\"color: #ff0000;\">\u2717<\/span> <\/strong>Glaces<br \/>\n<strong><span style=\"color: #ff0000;\">\u2717<\/span> <\/strong>D\u00e9corations personnalis\u00e9es et g\u00e2teau d'anniversaire<\/p>\n<h2 data-section-id=\"1ivzauh\">\u2b50 Points forts de la visite : Charter de yacht priv\u00e9 ce c\u00f4t\u00e9 : Luxe<\/h2>\n<p>\ud83d\udd39 Yacht de luxe Fairline Squadron 55 (refit 2025)<br \/>\n\ud83d\udd39 Croisi\u00e8re le long de la c\u00f4te de Side et de la rivi\u00e8re Manavgat<br \/>\n\ud83d\udd39 Grand solarium et espaces lounge relaxants<br \/>\n\ud83d\udd39 3 salles de bain pour un maximum de confort \u00e0 bord<br \/>\n\ud83d\udd39 \u00c9quipements haut de gamme : Wi-Fi, syst\u00e8me son, barbecue<br \/>\n\ud83d\udd39 Id\u00e9al pour les exp\u00e9riences VIP et les \u00e9v\u00e9nements priv\u00e9s<\/p>\n<h2>Description de Yacht<\/h2>\n<p><strong>Clair de lune<\/strong> offre un m\u00e9lange parfait de style et de confort. Le yacht dispose de 2 cabines master et 1 cabine suppl\u00e9mentaire, ainsi que de 3 salles de bains, garantissant une exp\u00e9rience confortable \u00e0 tous les invit\u00e9s.<\/p>\n<p>Profitez du spacieux pont ensoleill\u00e9, de l'\u00e9chelle de bain, du matelas de mer et d'un syst\u00e8me audio moderne pour une atmosph\u00e8re relaxante en mer. Les clients peuvent prendre le soleil, nager dans des eaux cristallines ou profiter des activit\u00e9s \u00e0 bord comme le snorkeling.<\/p>\n<h3 data-section-id=\"v1sx1x\">\ud83d\uddfa\ufe0f Itin\u00e9raire de la visite<\/h3>\n<p>Prise en charge priv\u00e9e \u00e0 l'h\u00f4tel<br \/>\n\ud83d\udd39 D\u00e9part du port de Side \/ Rivi\u00e8re Manavgat<br \/>\n\ud83d\udd39 Exp\u00e9rience de croisi\u00e8re c\u00f4ti\u00e8re<br \/>\n\ud83d\udd39 Baignades en pleine mer et dans les baies<br \/>\n\ud83d\udd39 Temps libre pour se d\u00e9tendre \u00e0 bord<br \/>\n\ud83d\udd39 Retour au port<br \/>\nTransfert de retour \u00e0 l'h\u00f4tel<\/p>\n<h3 data-section-id=\"7guyre\">\u2139\ufe0f Informations importantes<\/h3>\n<p>Capacit\u00e9 : Jusqu'\u00e0 12 personnes<br \/>\n\ud83d\udd39 Yacht : Fairline Squadron 55 (16,54 m de long)<br \/>\n\ud83d\udd39 Ann\u00e9e de r\u00e9\u00e9quipement : 2025<br \/>\n\ud83d\udd39 L'itin\u00e9raire peut varier en fonction des conditions en mer<br \/>\n\ud83d\udd39 Services et repas personnalis\u00e9s disponibles sur demande<\/p>\n<h2><strong>\ud83c\udf92 Ce qu'il faut apporter<\/strong><\/h2>\n<p>Maillot de bain et serviette de bain<br \/>\n\ud83d\udd39 Cr\u00e8me solaire et lunettes de soleil<br \/>\n\ud83d\udd39 Chapeau<br \/>\n\ud83d\udd39 Boissons alcoolis\u00e9es personnelles (facultatif)<\/p>\n<h3><strong>\ud83d\udeab Ne convient pas pour<\/strong><\/h3>\n<p>\ud83d\udd39 Les h\u00f4tes ayant de graves probl\u00e8mes de mobilit\u00e9<\/p>\n<h2><strong>\ud83d\udcb8 Prix et r\u00e9servation<\/strong><\/h2>\n<p>\ud83d\udd39 R\u00e9server maintenant, payer le jour m\u00eame<br \/>\n\ud83d\udd39 D\u00e9corations personnalis\u00e9es disponibles pour les occasions sp\u00e9ciales<br \/>\n\ud83d\udd39 Contactez-nous via <strong>WhatsApp, Telegram, Viber<\/strong>, ou remplir le formulaire de r\u00e9servation ci-dessous \ud83d\udc47\ud83c\udffc<\/p>\n<p>\u00c0 la recherche d'alternatives ? Parcourir <a href=\"https:\/\/excursionsworld.com\/fr\/location-yacht-prive-antalya-kemer\/\">plus de locations de yachts \u00e0 Side<\/a>.<\/p>","protected":false},"excerpt":{"rendered":"<p>Location de yacht priv\u00e9 de luxe \u00e0 Side \u00e0 bord du Moonlight Fairline 55. Profitez d'un barbecue, du WiFi, de la baignade et d'une intimit\u00e9 totale avec transfert depuis l'h\u00f4tel inclus.<\/p>","protected":false},"featured_media":16713,"comment_status":"open","ping_status":"closed","template":"","meta":[],"product_brand":[],"product_cat":[129],"product_tag":[122],"class_list":{"0":"post-16712","1":"product","2":"type-product","3":"status-publish","4":"has-post-thumbnail","6":"tour_phys-yacht-rental","7":"product_cat-yacht-rental","8":"product_tag-side","9":"pa_kategori-private-yacht-rental-kemer-antalya","11":"first","12":"instock","13":"sale","14":"shipping-taxable","15":"purchasable","16":"product-type-tour_phys"},"aioseo_notices":[],"_links":{"self":[{"href":"https:\/\/excursionsworld.com\/fr\/wp-json\/wp\/v2\/product\/16712","targetHints":{"allow":["GET"]}}],"collection":[{"href":"https:\/\/excursionsworld.com\/fr\/wp-json\/wp\/v2\/product"}],"about":[{"href":"https:\/\/excursionsworld.com\/fr\/wp-json\/wp\/v2\/types\/product"}],"replies":[{"embeddable":true,"href":"https:\/\/excursionsworld.com\/fr\/wp-json\/wp\/v2\/comments?post=16712"}],"wp:featuredmedia":[{"embeddable":true,"href":"https:\/\/excursionsworld.com\/fr\/wp-json\/wp\/v2\/media\/16713"}],"wp:attachment":[{"href":"https:\/\/excursionsworld.com\/fr\/wp-json\/wp\/v2\/media?parent=16712"}],"wp:term":[{"taxonomy":"product_brand","embeddable":true,"href":"https:\/\/excursionsworld.com\/fr\/wp-json\/wp\/v2\/product_brand?post=16712"},{"taxonomy":"product_cat","embeddable":true,"href":"https:\/\/excursionsworld.com\/fr\/wp-json\/wp\/v2\/product_cat?post=16712"},{"taxonomy":"product_tag","embeddable":true,"href":"https:\/\/excursionsworld.com\/fr\/wp-json\/wp\/v2\/product_tag?post=16712"}],"curies":[{"name":"wp","href":"https:\/\/api.w.org\/{rel}","templated":true}]}}